{"id":1967,"date":"2021-06-10T19:50:03","date_gmt":"2021-06-10T19:50:03","guid":{"rendered":"https:\/\/www.entrerios.gov.ar\/cultura\/?page_id=1967"},"modified":"2023-07-11T16:27:35","modified_gmt":"2023-07-11T16:27:35","slug":"mas-informacion-bellas","status":"publish","type":"page","link":"https:\/\/www.entrerios.gov.ar\/cultura\/mas-informacion-bellas\/","title":{"rendered":"mas informacion bellas"},"content":{"rendered":"<p>[et_pb_section fb_built=&#8221;1&#8243; _builder_version=&#8221;4.16&#8243; _module_preset=&#8221;default&#8221; custom_margin=&#8221;0px|0px|0px|0px|false|false&#8221; custom_padding=&#8221;0px|0px|0px|0px|false|false&#8221; global_colors_info=&#8221;{}&#8221;][et_pb_row column_structure=&#8221;1_2,1_2&#8243; _builder_version=&#8221;4.16&#8243; _module_preset=&#8221;default&#8221; width=&#8221;95%&#8221; max_width=&#8221;95%&#8221; global_colors_info=&#8221;{}&#8221;][et_pb_column type=&#8221;1_2&#8243; _builder_version=&#8221;4.16&#8243; _module_preset=&#8221;default&#8221; global_colors_info=&#8221;{}&#8221;][et_pb_text _builder_version=&#8221;4.16&#8243; _module_preset=&#8221;default&#8221; custom_padding=&#8221;||0px|||&#8221; global_colors_info=&#8221;{}&#8221;]<\/p>\n<h1><span style=\"color: #808080;\"><b>Museo Provincial de Bellas Artes <\/b><\/span><\/h1>\n<h1><span style=\"color: #808080;\"><b>Dr. Pedro E. Mart\u00ednez<\/b><\/span><\/h1>\n<p>[\/et_pb_text][et_pb_image src=&#8221;https:\/\/www.entrerios.gov.ar\/cultura\/wp-content\/uploads\/2022\/09\/Muestra-Aqui-y-ahora-2018.jpg&#8221; title_text=&#8221;Muestra Aqu\u00ed y ahora, 2018&#8243; _builder_version=&#8221;4.18.0&#8243; _module_preset=&#8221;default&#8221; global_colors_info=&#8221;{}&#8221;][\/et_pb_image][\/et_pb_column][et_pb_column type=&#8221;1_2&#8243; _builder_version=&#8221;4.16&#8243; _module_preset=&#8221;default&#8221; global_colors_info=&#8221;{}&#8221;][et_pb_text _builder_version=&#8221;4.21.0&#8243; _module_preset=&#8221;default&#8221; custom_padding=&#8221;||0px|||&#8221; hover_enabled=&#8221;0&#8243; global_colors_info=&#8221;{}&#8221; sticky_enabled=&#8221;0&#8243;]<\/p>\n<p><span style=\"font-weight: 400;\"><\/span><\/p>\n<p><span style=\"font-weight: 400;\"><\/span><\/p>\n<p><span style=\"font-weight: 400;\"><\/span><\/p>\n<p><span style=\"font-weight: 400;\"><\/span><\/p>\n<p><span style=\"font-weight: 400;\"><\/span><\/p>\n<p><span style=\"font-weight: 400;\"><\/span><\/p>\n<p><span style=\"font-weight: 400;\"><\/span><\/p>\n<p>&nbsp;<\/p>\n<p>El Museo Provincial de Bellas Artes fue inaugurado el 30 de agosto de 1926. En 1938 la<br \/>Provincia le otorga el nombre de \u201cDr. Pedro E. Mart\u00ednez\u201d en homenaje a su fundador,<br \/>destacado abogado, catedr\u00e1tico y fil\u00e1ntropo paranaense, quien fuera su primer director hasta<br \/>su fallecimiento. En 1980, luego de varias localizaciones transitorias, se instala definitivamente<br \/>en su actual sede de calle Buenos Aires 355 de Paran\u00e1. En 2012 esta antigua casona fue<br \/>identificada como Sitio de Memoria siendo que all\u00ed funcion\u00f3 un Centro Clandestino de<br \/>Detenci\u00f3n y Torturas durante la \u00faltima dictadura c\u00edvico-militar en Argentina.<br \/>El Museo cuenta con cuatro salas para exhibiciones temporarias, cinco salas permanentes<br \/>dedicadas a la colecci\u00f3n patrimonial y un auditorio, las que permiten programar muestras<br \/>individuales y colectivas simult\u00e1neas de nivel nacional e internacional, as\u00ed como la difusi\u00f3n<br \/>permanente de artistas entrerrianos. Adem\u00e1s posee la biblioteca especializada en arte \u201cGloria<br \/>Montoya\u201d con m\u00e1s de 2.000 t\u00edtulos. La realizaci\u00f3n continua de actividades para todo p\u00fablico,<br \/>muestras, seminarios, talleres, proyecci\u00f3n de cine, entre otras, conforman una programaci\u00f3n<br \/>orientada a la inclusi\u00f3n social y comunitaria a trav\u00e9s del arte y la cultura.<\/p>\n<p>La colecci\u00f3n<br \/>El patrimonio art\u00edstico cuenta con m\u00e1s de 1200 obras de arte. Entre sus piezas m\u00e1s<br \/>significativas se encuentra la renombrada Colecci\u00f3n Ces\u00e1reo Bernaldo de Quir\u00f3s de exhibici\u00f3n<br \/>permanente. A trav\u00e9s de m\u00e1s de 95 a\u00f1os de existencia el Museo fue incrementando su acervo<br \/>a partir de compras directas, donaciones particulares y aportes de la Asociaci\u00f3n de Amigos del<br \/>Museo. Actualmente, la modalidad m\u00e1s importante de ingreso son los doce Premios<br \/>Adquisici\u00f3n \u201cGobierno de Entre R\u00edos\u201d que otorga anualmente el Sal\u00f3n Provincial de Artes<br \/>Visuales de Entre R\u00edos organizado por el Museo.<\/p>\n<p>Educaci\u00f3n, investigaci\u00f3n y comunicaci\u00f3n<br \/>Las propuestas pedag\u00f3gicas como el Programa Anual de Visitas Guiadas, encuentros con<br \/>artistas, talleres l\u00fadico-creativos generan espacios de di\u00e1logo, aprendizaje y reflexi\u00f3n. El \u00e1rea<br \/>de Investigaci\u00f3n estudia la colecci\u00f3n patrimonial y realiza su catalogaci\u00f3n a fin de producir<br \/>nuevas propuestas expositivas para la programaci\u00f3n de cada a\u00f1o. La difusi\u00f3n permanente del<br \/>patrimonio y las actividades del Museo en medios masivos, redes sociales y plataformas<br \/>digitales representan un aspecto central de la gesti\u00f3n. A esta actividad, en 2020, se sum\u00f3<br \/>\u201cBellas Ediciones\u201d, un sello editorial propio para la publicaci\u00f3n de cat\u00e1logos digitales de acceso<br \/>p\u00fablico y un canal para las producciones audiovisuales originales en Youtube.<\/p>\n<p>[\/et_pb_text][\/et_pb_column][\/et_pb_row][et_pb_row column_structure=&#8221;1_4,1_4,1_4,1_4&#8243; use_custom_gutter=&#8221;on&#8221; gutter_width=&#8221;4&#8243; _builder_version=&#8221;4.19.4&#8243; _module_preset=&#8221;default&#8221; width=&#8221;100%&#8221; max_width=&#8221;100%&#8221; module_alignment=&#8221;center&#8221; min_height=&#8221;148.3px&#8221; custom_margin=&#8221;15px|0px|0px|8px|false|false&#8221; custom_padding=&#8221;15px|0px|15px|32px|false|false&#8221; border_color_all=&#8221;#0C71C3&#8243; border_width_top=&#8221;10px&#8221; border_color_top=&#8221;#0fafff&#8221; global_module=&#8221;4620&#8243; saved_tabs=&#8221;all&#8221; global_colors_info=&#8221;{}&#8221;][et_pb_column type=&#8221;1_4&#8243; _builder_version=&#8221;4.17.4&#8243; _module_preset=&#8221;default&#8221; global_colors_info=&#8221;{}&#8221;][et_pb_text _builder_version=&#8221;4.19.4&#8243; _module_preset=&#8221;default&#8221; width=&#8221;102%&#8221; module_alignment=&#8221;right&#8221; global_colors_info=&#8221;{}&#8221;]<\/p>\n<p>Secretar\u00eda de Cultura de Entre R\u00edos<br \/>Calle Gardel 42 (3100)<br \/>+54 (343) 4207828<br \/><span>secretariaculturaentrerios@gmail.com<\/span><br \/>Paran\u00e1 &#8211; Entre R\u00edos &#8211; Argentina<\/p>\n<p>[\/et_pb_text][\/et_pb_column][et_pb_column type=&#8221;1_4&#8243; _builder_version=&#8221;4.16&#8243; _module_preset=&#8221;default&#8221; global_colors_info=&#8221;{}&#8221;][et_pb_social_media_follow icon_color=&#8221;#FFFFFF&#8221; use_icon_font_size=&#8221;on&#8221; icon_font_size=&#8221;20px&#8221; _builder_version=&#8221;4.21.0&#8243; _module_preset=&#8221;default&#8221; background_color=&#8221;RGBA(0,0,0,0)&#8221; text_orientation=&#8221;left&#8221; width=&#8221;350%&#8221; max_width=&#8221;350%&#8221; custom_margin=&#8221;6px||0px|0px|false|false&#8221; custom_padding=&#8221;1px||||false|false&#8221; global_colors_info=&#8221;{}&#8221;][et_pb_social_media_follow_network social_network=&#8221;facebook&#8221; url=&#8221;https:\/\/www.facebook.com\/CulturaEntreRios&#8221; icon_color=&#8221;#000000&#8243; use_icon_font_size=&#8221;on&#8221; icon_font_size=&#8221;30px&#8221; _builder_version=&#8221;4.19.4&#8243; _module_preset=&#8221;default&#8221; background_color=&#8221;RGBA(0,0,0,0)&#8221; background_enable_color=&#8221;on&#8221; custom_button=&#8221;on&#8221; custom_margin=&#8221;0px|||0px|false|false&#8221; custom_padding=&#8221;0px|||0px|false|false&#8221; global_colors_info=&#8221;{}&#8221; follow_button=&#8221;off&#8221; url_new_window=&#8221;on&#8221;]facebook[\/et_pb_social_media_follow_network][et_pb_social_media_follow_network social_network=&#8221;twitter&#8221; url=&#8221;https:\/\/twitter.com\/cultentrerios&#8221; icon_color=&#8221;#000000&#8243; use_icon_font_size=&#8221;on&#8221; icon_font_size=&#8221;30px&#8221; _builder_version=&#8221;4.21.0&#8243; _module_preset=&#8221;default&#8221; background_color=&#8221;RGBA(0,0,0,0)&#8221; background_enable_color=&#8221;on&#8221; global_colors_info=&#8221;{}&#8221; follow_button=&#8221;off&#8221; url_new_window=&#8221;on&#8221;]twitter[\/et_pb_social_media_follow_network][et_pb_social_media_follow_network social_network=&#8221;instagram&#8221; url=&#8221;https:\/\/www.instagram.com\/culturaentrerios\/?hl=es&#8221; icon_color=&#8221;#000000&#8243; use_icon_font_size=&#8221;on&#8221; icon_font_size=&#8221;30px&#8221; _builder_version=&#8221;4.19.4&#8243; _module_preset=&#8221;default&#8221; background_color=&#8221;RGBA(0,0,0,0)&#8221; background_enable_color=&#8221;on&#8221; global_colors_info=&#8221;{}&#8221; follow_button=&#8221;off&#8221; url_new_window=&#8221;on&#8221;]instagram[\/et_pb_social_media_follow_network][et_pb_social_media_follow_network social_network=&#8221;youtube&#8221; url=&#8221;https:\/\/www.youtube.com\/user\/ComyCulturaER&#8221; icon_color=&#8221;#000000&#8243; use_icon_font_size=&#8221;on&#8221; icon_font_size=&#8221;30px&#8221; _builder_version=&#8221;4.19.4&#8243; _module_preset=&#8221;default&#8221; background_color=&#8221;RGBA(255,255,255,0)&#8221; background_enable_color=&#8221;on&#8221; global_colors_info=&#8221;{}&#8221; follow_button=&#8221;off&#8221; url_new_window=&#8221;on&#8221;]youtube[\/et_pb_social_media_follow_network][et_pb_social_media_follow_network social_network=&#8221;flikr&#8221; url=&#8221;https:\/\/www.flickr.com\/photos\/197734190@N03\/albums&#8221; icon_color=&#8221;#000000&#8243; use_icon_font_size=&#8221;on&#8221; icon_font_size=&#8221;30px&#8221; _builder_version=&#8221;4.19.4&#8243; _module_preset=&#8221;default&#8221; background_color=&#8221;RGBA(255,255,255,0)&#8221; background_enable_color=&#8221;on&#8221; global_colors_info=&#8221;{}&#8221; follow_button=&#8221;off&#8221; url_new_window=&#8221;on&#8221;]flikr[\/et_pb_social_media_follow_network][\/et_pb_social_media_follow][\/et_pb_column][et_pb_column type=&#8221;1_4&#8243; _builder_version=&#8221;4.16&#8243; _module_preset=&#8221;default&#8221; global_colors_info=&#8221;{}&#8221;][et_pb_image src=&#8221;https:\/\/www.entrerios.gov.ar\/cultura\/wp-content\/uploads\/2021\/10\/Sec.Cultura-en-negro.jpg&#8221; title_text=&#8221;Sec.Cultura en negro&#8221; _builder_version=&#8221;4.19.4&#8243; _module_preset=&#8221;default&#8221; custom_margin=&#8221;0px|||40px|false|false&#8221; global_colors_info=&#8221;{}&#8221;][\/et_pb_image][\/et_pb_column][et_pb_column type=&#8221;1_4&#8243; _builder_version=&#8221;4.16&#8243; _module_preset=&#8221;default&#8221; global_colors_info=&#8221;{}&#8221;][et_pb_image src=&#8221;https:\/\/www.entrerios.gov.ar\/cultura\/wp-content\/uploads\/2021\/01\/logo_er_negro_500-e1634427847360.png&#8221; title_text=&#8221;logo_er_negro_400&#8243; _builder_version=&#8221;4.19.4&#8243; _module_preset=&#8221;default&#8221; global_colors_info=&#8221;{}&#8221;][\/et_pb_image][\/et_pb_column][\/et_pb_row][\/et_pb_section]<\/p>\n","protected":false},"excerpt":{"rendered":"<p>Museo Provincial de Bellas Artes Dr. Pedro E. Mart\u00ednez &nbsp; El Museo Provincial de Bellas Artes fue inaugurado el 30 de agosto de 1926. En 1938 laProvincia le otorga el nombre de \u201cDr. Pedro E. Mart\u00ednez\u201d en homenaje a su fundador,destacado abogado, catedr\u00e1tico y fil\u00e1ntropo paranaense, quien fuera su primer director hastasu fallecimiento. En 1980, [&hellip;]<\/p>\n","protected":false},"author":2,"featured_media":0,"parent":0,"menu_order":0,"comment_status":"closed","ping_status":"closed","template":"","meta":{"_et_pb_use_builder":"on","_et_pb_old_content":"","_et_gb_content_width":"","footnotes":""},"class_list":["post-1967","page","type-page","status-publish","hentry"],"_links":{"self":[{"href":"https:\/\/www.entrerios.gov.ar\/cultura\/wp-json\/wp\/v2\/pages\/1967","targetHints":{"allow":["GET"]}}],"collection":[{"href":"https:\/\/www.entrerios.gov.ar\/cultura\/wp-json\/wp\/v2\/pages"}],"about":[{"href":"https:\/\/www.entrerios.gov.ar\/cultura\/wp-json\/wp\/v2\/types\/page"}],"author":[{"embeddable":true,"href":"https:\/\/www.entrerios.gov.ar\/cultura\/wp-json\/wp\/v2\/users\/2"}],"replies":[{"embeddable":true,"href":"https:\/\/www.entrerios.gov.ar\/cultura\/wp-json\/wp\/v2\/comments?post=1967"}],"version-history":[{"count":12,"href":"https:\/\/www.entrerios.gov.ar\/cultura\/wp-json\/wp\/v2\/pages\/1967\/revisions"}],"predecessor-version":[{"id":8871,"href":"https:\/\/www.entrerios.gov.ar\/cultura\/wp-json\/wp\/v2\/pages\/1967\/revisions\/8871"}],"wp:attachment":[{"href":"https:\/\/www.entrerios.gov.ar\/cultura\/wp-json\/wp\/v2\/media?parent=1967"}],"curies":[{"name":"wp","href":"https:\/\/api.w.org\/{rel}","templated":true}]}}