{"id":1999,"date":"2021-06-10T20:08:28","date_gmt":"2021-06-10T20:08:28","guid":{"rendered":"https:\/\/www.entrerios.gov.ar\/cultura\/?page_id=1999"},"modified":"2021-10-24T21:11:31","modified_gmt":"2021-10-24T21:11:31","slug":"mas-info-alisio","status":"publish","type":"page","link":"https:\/\/www.entrerios.gov.ar\/cultura\/mas-info-alisio\/","title":{"rendered":"mas info alisio"},"content":{"rendered":"<p>[et_pb_section fb_built=&#8221;1&#8243; _builder_version=&#8221;4.9.0&#8243; _module_preset=&#8221;default&#8221; hover_enabled=&#8221;0&#8243; custom_margin=&#8221;0px|0px|0px|0px|false|false&#8221; custom_padding=&#8221;0px|0px|0px|0px|false|false&#8221; sticky_enabled=&#8221;0&#8243;][et_pb_row column_structure=&#8221;1_2,1_2&#8243; _builder_version=&#8221;4.9.0&#8243; _module_preset=&#8221;default&#8221; width=&#8221;95%&#8221; max_width=&#8221;95%&#8221;][et_pb_column type=&#8221;1_2&#8243; _builder_version=&#8221;4.9.0&#8243; _module_preset=&#8221;default&#8221;][et_pb_text _builder_version=&#8221;4.9.0&#8243; _module_preset=&#8221;default&#8221;]<\/p>\n<h1><span style=\"color: #003366;\"><b>Museo Provincial de Dibujo y Grabado \u201cArtemio Alisio\u201d<\/b><\/span><\/h1>\n<p>[\/et_pb_text][et_pb_image src=&#8221;https:\/\/www.entrerios.gov.ar\/cultura\/wp-content\/uploads\/2021\/06\/DSC0381.jpg&#8221; title_text=&#8221;_DSC0381&#8243; _builder_version=&#8221;4.9.0&#8243; _module_preset=&#8221;default&#8221;][\/et_pb_image][\/et_pb_column][et_pb_column type=&#8221;1_2&#8243; _builder_version=&#8221;4.9.0&#8243; _module_preset=&#8221;default&#8221;][et_pb_text _builder_version=&#8221;4.9.0&#8243; _module_preset=&#8221;default&#8221; custom_padding=&#8221;||0px|||&#8221;]<\/p>\n<p><span style=\"font-weight: 400;\"><\/span><\/p>\n<p><span style=\"font-weight: 400;\"><\/span><\/p>\n<p><span style=\"font-weight: 400;\"><\/span><\/p>\n<p><span style=\"font-weight: 400;\"><\/span><\/p>\n<p><span style=\"font-weight: 400;\"><\/span><\/p>\n<p><span style=\"font-weight: 400;\"><\/span><\/p>\n<p><span style=\"font-weight: 400;\"><\/span><\/p>\n<p><span style=\"font-weight: 400;\"><\/span><\/p>\n<p><span style=\"font-weight: 400;\"><\/span><\/p>\n<p><span style=\"font-weight: 400;\">El Museo Provincial de Dibujo y Grabado \u201cArtemio Alisio\u201d cuenta en su patrimonio aproximadamente con 1.300 obras, entre dibujos, grabados y fotograf\u00edas de artistas nacionales y extranjeros transform\u00e1ndose en uno de los referentes m\u00e1s importantes del interior del pa\u00eds en su especialidad. Desde el a\u00f1o 2000 lleva a cabo el Sal\u00f3n Nacional de Dibujo y Grabado que re\u00fane a los mejores artistas de todo el pa\u00eds. Fue ideado se ide\u00f3 en 1983 y comenz\u00f3 a funcionar en abril de 1989.\u00a0<\/span><\/p>\n<p><span style=\"font-weight: 400;\">Las obras de su patrimonio transitan la provincia de Entre R\u00edos y otras vecinas como Santa Fe y Buenos Aires. Adem\u00e1s se desarrollan presentaciones de libros, conferencias, recitales de m\u00fasica y visitas guiadas. Esta din\u00e1mica ha logrado posicionar al museo como un lugar clave en la oferta cultural de la costa del Uruguay.<\/span><\/p>\n<p>\u00a0<span style=\"font-weight: 400;\">El Museo Provincial de Dibujo y Grabado \u201cArtemio Alisio\u201d lleva el nombre del artista que a partir de 1983 concibi\u00f3 este espacio con el sue\u00f1o de jerarquizar el dibujo y el grabado, las dos disciplinas tradicionales relacionadas al papel. El Museo fue creado formalmente el 10 de abril de 1989, y su primer director ad honorem fue Artemio Alisio. Por esos a\u00f1os la actividad de la instituci\u00f3n ten\u00eda que ver con la promoci\u00f3n de artistas pl\u00e1sticos entrerrianos. Primeramente la instituci\u00f3n se aboc\u00f3 al Dibujo y luego incorpor\u00f3 la disciplina del Grabado.<\/span><\/p>\n<p><span style=\"font-weight: 400;\">En 1996 se lo denomin\u00f3 \u201cMuseo Provincial de Dibujo y Grabado Guaman Poma\u201d en homenaje al primer dibujante de la Am\u00e9rica precolombina que se conoce.<\/span><\/p>\n<p><span style=\"font-weight: 400;\">Es en 2008 que el Museo se traslada a una antigua casona, donde contaba con salas de exposici\u00f3n, conservaci\u00f3n, dep\u00f3sito, dependencias y patio de actividades. Al a\u00f1o siguiente el Estado Provincial designa el nombre \u201cArtemio Alisio\u201d al Museo Provincial de Dibujo y Grabado. Asimismo, desde el a\u00f1o 2000 realiza el Sal\u00f3n Anual Nacional de Dibujo y Grabado de Entre R\u00edos que re\u00fane los mejores artistas de todo el pa\u00eds en las dos disciplinas.<\/span><\/p>\n<p>[\/et_pb_text][\/et_pb_column][\/et_pb_row][et_pb_row column_structure=&#8221;1_4,1_4,1_4,1_4&#8243; use_custom_gutter=&#8221;on&#8221; gutter_width=&#8221;4&#8243; make_equal=&#8221;on&#8221; _builder_version=&#8221;4.9.0&#8243; _module_preset=&#8221;default&#8221; width=&#8221;95%&#8221; max_width=&#8221;95%&#8221; module_alignment=&#8221;center&#8221; custom_margin=&#8221;0px|0px|0px|0px|false|false&#8221; custom_padding=&#8221;10px|0px|10px|0px|false|false&#8221; border_width_top=&#8221;1px&#8221; border_color_top=&#8221;#0d94e8&#8243; global_module=&#8221;4620&#8243; saved_tabs=&#8221;all&#8221;][et_pb_column type=&#8221;1_4&#8243; _builder_version=&#8221;4.9.0&#8243; _module_preset=&#8221;default&#8221;][et_pb_text _builder_version=&#8221;4.9.0&#8243; _module_preset=&#8221;default&#8221; module_alignment=&#8221;right&#8221;]<\/p>\n<p>Secretaria de Cultura de Entre R\u00edos<br \/> Calle Gardel 42 (3100)<br \/> +54 (343) 4207828<br \/>Paran\u00e1- Entre R\u00edos- Republica Argentina<\/p>\n<p>[\/et_pb_text][\/et_pb_column][et_pb_column type=&#8221;1_4&#8243; _builder_version=&#8221;4.9.0&#8243; _module_preset=&#8221;default&#8221;][et_pb_social_media_follow icon_color=&#8221;#FFFFFF&#8221; _builder_version=&#8221;4.9.0&#8243; _module_preset=&#8221;default&#8221; background_color=&#8221;RGBA(0,0,0,0)&#8221; custom_margin=&#8221;0px|||70px|false|false&#8221; custom_padding=&#8221;0px||||false|false&#8221;][et_pb_social_media_follow_network social_network=&#8221;facebook&#8221; url=&#8221;https:\/\/www.facebook.com\/CulturaEntreRios&#8221; icon_color=&#8221;#000000&#8243; use_icon_font_size=&#8221;on&#8221; icon_font_size=&#8221;30px&#8221; _builder_version=&#8221;4.9.0&#8243; _module_preset=&#8221;default&#8221; background_color=&#8221;RGBA(0,0,0,0)&#8221; background_enable_color=&#8221;on&#8221; custom_button=&#8221;on&#8221; follow_button=&#8221;off&#8221; url_new_window=&#8221;on&#8221;]facebook[\/et_pb_social_media_follow_network][et_pb_social_media_follow_network social_network=&#8221;twitter&#8221; url=&#8221;https:\/\/twitter.com\/EntreRiosCultur&#8221; icon_color=&#8221;#000000&#8243; use_icon_font_size=&#8221;on&#8221; icon_font_size=&#8221;30px&#8221; _builder_version=&#8221;4.9.0&#8243; _module_preset=&#8221;default&#8221; background_color=&#8221;RGBA(0,0,0,0)&#8221; background_enable_color=&#8221;on&#8221; follow_button=&#8221;off&#8221; url_new_window=&#8221;on&#8221;]twitter[\/et_pb_social_media_follow_network][et_pb_social_media_follow_network social_network=&#8221;instagram&#8221; url=&#8221;https:\/\/www.instagram.com\/culturaentrerios\/?hl=es&#8221; icon_color=&#8221;#000000&#8243; use_icon_font_size=&#8221;on&#8221; icon_font_size=&#8221;30px&#8221; _builder_version=&#8221;4.9.0&#8243; _module_preset=&#8221;default&#8221; background_color=&#8221;RGBA(0,0,0,0)&#8221; background_enable_color=&#8221;on&#8221; follow_button=&#8221;off&#8221; url_new_window=&#8221;on&#8221;]instagram[\/et_pb_social_media_follow_network][\/et_pb_social_media_follow][\/et_pb_column][et_pb_column type=&#8221;1_4&#8243; _builder_version=&#8221;4.9.0&#8243; _module_preset=&#8221;default&#8221;][et_pb_image src=&#8221;https:\/\/www.entrerios.gov.ar\/cultura\/wp-content\/uploads\/2021\/10\/Sec.Cultura-en-negro.jpg&#8221; title_text=&#8221;Sec.Cultura en negro&#8221; _builder_version=&#8221;4.9.0&#8243; _module_preset=&#8221;default&#8221;][\/et_pb_image][\/et_pb_column][et_pb_column type=&#8221;1_4&#8243; _builder_version=&#8221;4.9.0&#8243; _module_preset=&#8221;default&#8221;][et_pb_image src=&#8221;https:\/\/www.entrerios.gov.ar\/cultura\/wp-content\/uploads\/2021\/01\/logo_er_negro_500.png&#8221; title_text=&#8221;logo_er_negro_500&#8243; _builder_version=&#8221;4.9.0&#8243; _module_preset=&#8221;default&#8221;][\/et_pb_image][\/et_pb_column][\/et_pb_row][\/et_pb_section]<\/p>\n","protected":false},"excerpt":{"rendered":"<p>Museo Provincial de Dibujo y Grabado \u201cArtemio Alisio\u201d El Museo Provincial de Dibujo y Grabado \u201cArtemio Alisio\u201d cuenta en su patrimonio aproximadamente con 1.300 obras, entre dibujos, grabados y fotograf\u00edas de artistas nacionales y extranjeros transform\u00e1ndose en uno de los referentes m\u00e1s importantes del interior del pa\u00eds en su especialidad. Desde el a\u00f1o 2000 lleva [&hellip;]<\/p>\n","protected":false},"author":2,"featured_media":0,"parent":0,"menu_order":0,"comment_status":"closed","ping_status":"closed","template":"","meta":{"_et_pb_use_builder":"on","_et_pb_old_content":"","_et_gb_content_width":"","footnotes":""},"class_list":["post-1999","page","type-page","status-publish","hentry"],"_links":{"self":[{"href":"https:\/\/www.entrerios.gov.ar\/cultura\/wp-json\/wp\/v2\/pages\/1999","targetHints":{"allow":["GET"]}}],"collection":[{"href":"https:\/\/www.entrerios.gov.ar\/cultura\/wp-json\/wp\/v2\/pages"}],"about":[{"href":"https:\/\/www.entrerios.gov.ar\/cultura\/wp-json\/wp\/v2\/types\/page"}],"author":[{"embeddable":true,"href":"https:\/\/www.entrerios.gov.ar\/cultura\/wp-json\/wp\/v2\/users\/2"}],"replies":[{"embeddable":true,"href":"https:\/\/www.entrerios.gov.ar\/cultura\/wp-json\/wp\/v2\/comments?post=1999"}],"version-history":[{"count":6,"href":"https:\/\/www.entrerios.gov.ar\/cultura\/wp-json\/wp\/v2\/pages\/1999\/revisions"}],"predecessor-version":[{"id":4875,"href":"https:\/\/www.entrerios.gov.ar\/cultura\/wp-json\/wp\/v2\/pages\/1999\/revisions\/4875"}],"wp:attachment":[{"href":"https:\/\/www.entrerios.gov.ar\/cultura\/wp-json\/wp\/v2\/media?parent=1999"}],"curies":[{"name":"wp","href":"https:\/\/api.w.org\/{rel}","templated":true}]}}