{"id":2071,"date":"2021-06-10T21:53:29","date_gmt":"2021-06-10T21:53:29","guid":{"rendered":"https:\/\/www.entrerios.gov.ar\/cultura\/?page_id=2071"},"modified":"2022-11-28T12:32:09","modified_gmt":"2022-11-28T12:32:09","slug":"2071-2","status":"publish","type":"page","link":"https:\/\/www.entrerios.gov.ar\/cultura\/2071-2\/","title":{"rendered":"mas info serrano"},"content":{"rendered":"<p>[et_pb_section fb_built=&#8221;1&#8243; _builder_version=&#8221;4.16&#8243; _module_preset=&#8221;default&#8221; custom_margin=&#8221;0px|0px|0px|0px|false|false&#8221; custom_padding=&#8221;0px|0px|0px|0px|false|false&#8221; global_colors_info=&#8221;{}&#8221;][et_pb_row column_structure=&#8221;1_2,1_2&#8243; _builder_version=&#8221;4.16&#8243; _module_preset=&#8221;default&#8221; width=&#8221;95%&#8221; max_width=&#8221;95%&#8221; global_colors_info=&#8221;{}&#8221;][et_pb_column type=&#8221;1_2&#8243; _builder_version=&#8221;4.16&#8243; _module_preset=&#8221;default&#8221; global_colors_info=&#8221;{}&#8221;][et_pb_text _builder_version=&#8221;4.16&#8243; _module_preset=&#8221;default&#8221; global_colors_info=&#8221;{}&#8221;]<\/p>\n<h1><span style=\"color: #008000;\"><b>Museo de Ciencias Naturales y Antropol\u00f3gicas Prof. Antonio Serrano<\/b><\/span><\/h1>\n<p>[\/et_pb_text][et_pb_image src=&#8221;https:\/\/www.entrerios.gov.ar\/cultura\/wp-content\/uploads\/2022\/07\/DSC_6411-copia-min-2.jpg&#8221; title_text=&#8221;DSC_6411 copia-min (2)&#8221; _builder_version=&#8221;4.17.6&#8243; _module_preset=&#8221;default&#8221; custom_margin=&#8221;0px||0px||false|false&#8221; global_colors_info=&#8221;{}&#8221;][\/et_pb_image][et_pb_image src=&#8221;https:\/\/www.entrerios.gov.ar\/cultura\/wp-content\/uploads\/2021\/03\/Museo-Pcial-de-Cs-Naturales-y-Antropologicas-Antonio-Serrano.jpg&#8221; title_text=&#8221;Museo Pcial de Cs Naturales y Antropol\u00f3gicas Antonio Serrano&#8221; _builder_version=&#8221;4.16&#8243; _module_preset=&#8221;default&#8221; global_colors_info=&#8221;{}&#8221;][\/et_pb_image][\/et_pb_column][et_pb_column type=&#8221;1_2&#8243; _builder_version=&#8221;4.16&#8243; _module_preset=&#8221;default&#8221; global_colors_info=&#8221;{}&#8221;][et_pb_text _builder_version=&#8221;4.19.1&#8243; _module_preset=&#8221;default&#8221; custom_padding=&#8221;||0px|||&#8221; hover_enabled=&#8221;0&#8243; global_colors_info=&#8221;{}&#8221; sticky_enabled=&#8221;0&#8243;]<\/p>\n<p><span style=\"font-weight: 400;\"><\/span><\/p>\n<p><span style=\"font-weight: 400;\"><\/span><\/p>\n<p><span style=\"font-weight: 400;\"><\/span><\/p>\n<p><span style=\"font-weight: 400;\"><\/span><\/p>\n<p><span style=\"font-weight: 400;\"><\/span><\/p>\n<p><span style=\"font-weight: 400;\"><\/span><\/p>\n<p><span style=\"font-weight: 400;\"><\/span><\/p>\n<p><span style=\"font-weight: 400;\"><\/span><\/p>\n<p><span style=\"font-weight: 400;\">Reflejo de la diversidad natural y cultural de la provincia de Entre R\u00edos, Argentina.<\/span><span style=\"font-weight: 400;\"><\/span><\/p>\n<p>&nbsp;<\/p>\n<p><span style=\"font-weight: 400;\">Tenemos un compromiso irrenunciable con el desarrollo y la promoci\u00f3n de la cultura social a trav\u00e9s de la ciencia concebida de forma integral: producci\u00f3n, difusi\u00f3n y accesibilidad del conocimiento. <\/span><span style=\"font-weight: 400;\">El crecimiento constante se debe al compromiso y la convicci\u00f3n de todxs lxs actores involucrados con el objetivo de lograr una instituci\u00f3n que responde a una sociedad que cambia constantemente.<\/span><\/p>\n<p>&nbsp;<\/p>\n<p><span style=\"font-weight: 400;\">El Museo cuenta con distintas salas de exhibici\u00f3n: Historia, Geolog\u00eda, Bot\u00e1nica, Vertebrados, Paleontolog\u00eda, Acuario, Invertebrados y\u00a0 Antropolog\u00eda,\u00a0 donde se exhibe gran parte de las valiosas colecciones que conforman el patrimonio entrerriano.\u00a0<\/span><\/p>\n<p><span style=\"font-weight: 400;\">Adem\u00e1s cuenta con una amplia biblioteca especializada, sala de talleres y sal\u00f3n de actos.<\/span><\/p>\n<p><span style=\"font-weight: 400;\">En el Museo se desarrollan de manera integral las siguientes actividades:\u00a0<\/span><\/p>\n<p><span style=\"font-weight: 400;\">-Autoridad de aplicaci\u00f3n de la Ley N\u00ba 9686 de \u201cPreservaci\u00f3n del Patrimonio Arqueol\u00f3gico y Paleontol\u00f3gico de Entre R\u00edos.\u201d<\/span><\/p>\n<p><span style=\"font-weight: 400;\">-Investigaciones arqueol\u00f3gicas y paleontol\u00f3gicas en toda la provincia.<\/span><\/p>\n<p><span style=\"font-weight: 400;\">-Preservaci\u00f3n, restauraci\u00f3n y actualizaci\u00f3n de las colecciones del patrimonio del Museo.<\/span><\/p>\n<p><span style=\"font-weight: 400;\">-Planificaci\u00f3n y dise\u00f1o constante para lograr exposiciones din\u00e1micas.<\/span><\/p>\n<p><span style=\"font-weight: 400;\">-Proyectos institucionales de investigaciones en ciencias naturales y ciencias antropol\u00f3gicas.<\/span><\/p>\n<p><span style=\"font-weight: 400;\">-Talleres did\u00e1cticos para distintos niveles educativos y visitas guiadas especiales.<\/span><\/p>\n<p><span style=\"font-weight: 400;\">-Muestras itinerantes que se prestan de manera gratuita para ser exhibidas en distintos lugares de la provincia.<\/span><\/p>\n<p>&nbsp;<\/p>\n<h5><b>M\u00e1s de 100 a\u00f1os de historia\u2026<\/b><\/h5>\n<p><span style=\"font-weight: 400;\">El Museo fue creado por un grupo de j\u00f3venes de entre 15 y 18 a\u00f1os, estudiantes de la Escuela Normal y el Colegio Nacional de Paran\u00e1, nucleados en la \u201cAsociaci\u00f3n Estudiantil Pro Museo Popular\u201d. La comisi\u00f3n organizadora estuvo integrada por Antonio Serrano, Miguel Kessler, Mar\u00eda L. Rico y Arturo Scheer. Estos j\u00f3venes investigadores fueron construyendo el patrimonio del museo a trav\u00e9s de donaciones y de las apasionantes excursiones cient\u00edficas que realizaban. Con el impulso que los reun\u00eda llegaron a formar una Biblioteca Cient\u00edfica y a editar la Revista del Museo Popular.<\/span><\/p>\n<p><span style=\"font-weight: 400;\">Durante sus primeros pasos (1924-1934) se llam\u00f3 Museo Escolar Central, fue dirigido por Antonio Serrano y desarroll\u00f3 un gran potencial como promotor en la creaci\u00f3n de museos en las escuelas, como as\u00ed tambi\u00e9n en la ense\u00f1anza de historia prehisp\u00e1nica y ciencias naturales.<\/span><\/p>\n<p><span style=\"font-weight: 400;\">Finalizada esta etapa, el Ejecutivo transform\u00f3 la instituci\u00f3n en Museo Provincial (19 de diciembre de 1934) y defini\u00f3 tambi\u00e9n los principales objetivos de un museo moderno.<\/span><\/p>\n<p><span style=\"font-weight: 400;\">En 1982, luego del fallecimiento de su fundador y tras varios cambios de denominaci\u00f3n, se defini\u00f3 llamarlo Museo Provincial de Ciencias Naturales y Antropol\u00f3gicas \u201cProf. Antonio Serrano\u201d.<\/span><\/p>\n<p><span style=\"font-weight: 400;\">Directora: Prof. Gisela Bahler<\/span><\/p>\n<p>[\/et_pb_text][\/et_pb_column][\/et_pb_row][et_pb_row column_structure=&#8221;1_4,1_4,1_4,1_4&#8243; use_custom_gutter=&#8221;on&#8221; gutter_width=&#8221;4&#8243; _builder_version=&#8221;4.17.4&#8243; _module_preset=&#8221;default&#8221; width=&#8221;100%&#8221; max_width=&#8221;100%&#8221; module_alignment=&#8221;center&#8221; custom_margin=&#8221;15px|0px|0px|8px|false|false&#8221; custom_padding=&#8221;15px|0px|15px|32px|false|false&#8221; border_color_all=&#8221;#0C71C3&#8243; border_width_top=&#8221;10px&#8221; border_color_top=&#8221;#0fafff&#8221; global_module=&#8221;4620&#8243; saved_tabs=&#8221;all&#8221; global_colors_info=&#8221;{}&#8221;][et_pb_column type=&#8221;1_4&#8243; _builder_version=&#8221;4.17.4&#8243; _module_preset=&#8221;default&#8221; global_colors_info=&#8221;{}&#8221;][et_pb_text _builder_version=&#8221;4.17.6&#8243; _module_preset=&#8221;default&#8221; width=&#8221;100%&#8221; module_alignment=&#8221;right&#8221; global_colors_info=&#8221;{}&#8221;]<\/p>\n<p>Secretar\u00eda de Cultura de Entre R\u00edos<br \/>Calle Gardel 42 (3100)<br \/>+54 (343) 4207828<br \/><span>secretariaculturaentrerios@gmail.com<\/span><br \/>Paran\u00e1 &#8211; Entre R\u00edos &#8211; Argentina<\/p>\n<p>[\/et_pb_text][\/et_pb_column][et_pb_column type=&#8221;1_4&#8243; _builder_version=&#8221;4.16&#8243; _module_preset=&#8221;default&#8221; global_colors_info=&#8221;{}&#8221;][et_pb_social_media_follow icon_color=&#8221;#FFFFFF&#8221; _builder_version=&#8221;4.18.0&#8243; _module_preset=&#8221;default&#8221; background_color=&#8221;RGBA(0,0,0,0)&#8221; width=&#8221;300px&#8221; custom_margin=&#8221;4px||0px|25px|false|false&#8221; custom_padding=&#8221;3px||||false|false&#8221; global_colors_info=&#8221;{}&#8221;][et_pb_social_media_follow_network social_network=&#8221;facebook&#8221; url=&#8221;https:\/\/www.facebook.com\/CulturaEntreRios&#8221; icon_color=&#8221;#000000&#8243; use_icon_font_size=&#8221;on&#8221; icon_font_size=&#8221;30px&#8221; _builder_version=&#8221;4.16&#8243; _module_preset=&#8221;default&#8221; background_color=&#8221;RGBA(0,0,0,0)&#8221; background_enable_color=&#8221;on&#8221; custom_button=&#8221;on&#8221; global_colors_info=&#8221;{}&#8221; follow_button=&#8221;off&#8221; url_new_window=&#8221;on&#8221;]facebook[\/et_pb_social_media_follow_network][et_pb_social_media_follow_network social_network=&#8221;twitter&#8221; url=&#8221;https:\/\/twitter.com\/EntreRiosCultur&#8221; icon_color=&#8221;#000000&#8243; use_icon_font_size=&#8221;on&#8221; icon_font_size=&#8221;30px&#8221; _builder_version=&#8221;4.16&#8243; _module_preset=&#8221;default&#8221; background_color=&#8221;RGBA(0,0,0,0)&#8221; background_enable_color=&#8221;on&#8221; global_colors_info=&#8221;{}&#8221; follow_button=&#8221;off&#8221; url_new_window=&#8221;on&#8221;]twitter[\/et_pb_social_media_follow_network][et_pb_social_media_follow_network social_network=&#8221;instagram&#8221; url=&#8221;https:\/\/www.instagram.com\/culturaentrerios\/?hl=es&#8221; icon_color=&#8221;#000000&#8243; use_icon_font_size=&#8221;on&#8221; icon_font_size=&#8221;30px&#8221; _builder_version=&#8221;4.16&#8243; _module_preset=&#8221;default&#8221; background_color=&#8221;RGBA(0,0,0,0)&#8221; background_enable_color=&#8221;on&#8221; global_colors_info=&#8221;{}&#8221; follow_button=&#8221;off&#8221; url_new_window=&#8221;on&#8221;]instagram[\/et_pb_social_media_follow_network][et_pb_social_media_follow_network social_network=&#8221;youtube&#8221; url=&#8221;https:\/\/www.youtube.com\/user\/ComyCulturaER&#8221; _builder_version=&#8221;4.18.0&#8243; _module_preset=&#8221;default&#8221; background_color=&#8221;#0a0100&#8243; background_enable_color=&#8221;on&#8221; global_colors_info=&#8221;{}&#8221; follow_button=&#8221;off&#8221; url_new_window=&#8221;on&#8221;]youtube[\/et_pb_social_media_follow_network][\/et_pb_social_media_follow][\/et_pb_column][et_pb_column type=&#8221;1_4&#8243; _builder_version=&#8221;4.16&#8243; _module_preset=&#8221;default&#8221; global_colors_info=&#8221;{}&#8221;][et_pb_image src=&#8221;https:\/\/www.entrerios.gov.ar\/cultura\/wp-content\/uploads\/2021\/10\/Sec.Cultura-en-negro.jpg&#8221; title_text=&#8221;Sec.Cultura en negro&#8221; _builder_version=&#8221;4.16&#8243; _module_preset=&#8221;default&#8221; global_colors_info=&#8221;{}&#8221;][\/et_pb_image][\/et_pb_column][et_pb_column type=&#8221;1_4&#8243; _builder_version=&#8221;4.16&#8243; _module_preset=&#8221;default&#8221; global_colors_info=&#8221;{}&#8221;][et_pb_image src=&#8221;https:\/\/www.entrerios.gov.ar\/cultura\/wp-content\/uploads\/2021\/01\/logo_er_negro_500-e1634427847360.png&#8221; title_text=&#8221;logo_er_negro_400&#8243; _builder_version=&#8221;4.16&#8243; _module_preset=&#8221;default&#8221; global_colors_info=&#8221;{}&#8221;][\/et_pb_image][\/et_pb_column][\/et_pb_row][\/et_pb_section]<\/p>\n","protected":false},"excerpt":{"rendered":"<p>Museo de Ciencias Naturales y Antropol\u00f3gicas Prof. Antonio Serrano Reflejo de la diversidad natural y cultural de la provincia de Entre R\u00edos, Argentina. &nbsp; Tenemos un compromiso irrenunciable con el desarrollo y la promoci\u00f3n de la cultura social a trav\u00e9s de la ciencia concebida de forma integral: producci\u00f3n, difusi\u00f3n y accesibilidad del conocimiento. El crecimiento [&hellip;]<\/p>\n","protected":false},"author":2,"featured_media":0,"parent":0,"menu_order":0,"comment_status":"closed","ping_status":"closed","template":"","meta":{"_et_pb_use_builder":"on","_et_pb_old_content":"","_et_gb_content_width":"","footnotes":""},"class_list":["post-2071","page","type-page","status-publish","hentry"],"_links":{"self":[{"href":"https:\/\/www.entrerios.gov.ar\/cultura\/wp-json\/wp\/v2\/pages\/2071","targetHints":{"allow":["GET"]}}],"collection":[{"href":"https:\/\/www.entrerios.gov.ar\/cultura\/wp-json\/wp\/v2\/pages"}],"about":[{"href":"https:\/\/www.entrerios.gov.ar\/cultura\/wp-json\/wp\/v2\/types\/page"}],"author":[{"embeddable":true,"href":"https:\/\/www.entrerios.gov.ar\/cultura\/wp-json\/wp\/v2\/users\/2"}],"replies":[{"embeddable":true,"href":"https:\/\/www.entrerios.gov.ar\/cultura\/wp-json\/wp\/v2\/comments?post=2071"}],"version-history":[{"count":9,"href":"https:\/\/www.entrerios.gov.ar\/cultura\/wp-json\/wp\/v2\/pages\/2071\/revisions"}],"predecessor-version":[{"id":7423,"href":"https:\/\/www.entrerios.gov.ar\/cultura\/wp-json\/wp\/v2\/pages\/2071\/revisions\/7423"}],"wp:attachment":[{"href":"https:\/\/www.entrerios.gov.ar\/cultura\/wp-json\/wp\/v2\/media?parent=2071"}],"curies":[{"name":"wp","href":"https:\/\/api.w.org\/{rel}","templated":true}]}}