{"id":2194,"date":"2021-06-11T00:12:40","date_gmt":"2021-06-11T00:12:40","guid":{"rendered":"https:\/\/www.entrerios.gov.ar\/cultura\/?page_id=2194"},"modified":"2022-07-27T21:17:02","modified_gmt":"2022-07-27T21:17:02","slug":"mas-info-biblioteca","status":"publish","type":"page","link":"https:\/\/www.entrerios.gov.ar\/cultura\/mas-info-biblioteca\/","title":{"rendered":"mas info biblioteca"},"content":{"rendered":"<p>[et_pb_section fb_built=&#8221;1&#8243; _builder_version=&#8221;4.16&#8243; _module_preset=&#8221;default&#8221; custom_margin=&#8221;0px|0px|0px|0px|false|false&#8221; custom_padding=&#8221;0px|0px|0px|0px|false|false&#8221; global_colors_info=&#8221;{}&#8221;][et_pb_row column_structure=&#8221;1_2,1_2&#8243; _builder_version=&#8221;4.16&#8243; _module_preset=&#8221;default&#8221; width=&#8221;95%&#8221; max_width=&#8221;95%&#8221; global_colors_info=&#8221;{}&#8221;][et_pb_column type=&#8221;1_2&#8243; _builder_version=&#8221;4.16&#8243; _module_preset=&#8221;default&#8221; global_colors_info=&#8221;{}&#8221;][et_pb_text _builder_version=&#8221;4.16&#8243; _module_preset=&#8221;default&#8221; global_colors_info=&#8221;{}&#8221;]<\/p>\n<h1><span style=\"color: #333399;\"><b>Biblioteca Provincial de Entre R\u00edos<\/b><\/span><\/h1>\n<p>[\/et_pb_text][et_pb_image src=&#8221;https:\/\/www.entrerios.gov.ar\/cultura\/wp-content\/uploads\/2022\/07\/biblioteca-1.jpg&#8221; title_text=&#8221;biblioteca-1&#8243; _builder_version=&#8221;4.17.6&#8243; _module_preset=&#8221;default&#8221; hover_enabled=&#8221;0&#8243; global_colors_info=&#8221;{}&#8221; custom_margin=&#8221;0px||0px||false|false&#8221; sticky_enabled=&#8221;0&#8243;][\/et_pb_image][et_pb_image src=&#8221;https:\/\/www.entrerios.gov.ar\/cultura\/wp-content\/uploads\/2021\/06\/Biblioteca-.jpg&#8221; title_text=&#8221;Biblioteca&#8221; _builder_version=&#8221;4.16&#8243; _module_preset=&#8221;default&#8221; global_colors_info=&#8221;{}&#8221;][\/et_pb_image][\/et_pb_column][et_pb_column type=&#8221;1_2&#8243; _builder_version=&#8221;4.16&#8243; _module_preset=&#8221;default&#8221; global_colors_info=&#8221;{}&#8221;][et_pb_text _builder_version=&#8221;4.16&#8243; _module_preset=&#8221;default&#8221; custom_padding=&#8221;||0px|||&#8221; global_colors_info=&#8221;{}&#8221;]<\/p>\n<p><span style=\"font-weight: 400;\"><\/span><\/p>\n<p><span style=\"font-weight: 400;\"><\/span><\/p>\n<p><span style=\"font-weight: 400;\"><\/span><\/p>\n<p><span style=\"font-weight: 400;\"><\/span><\/p>\n<p><span style=\"font-weight: 400;\"><\/span><\/p>\n<p><span style=\"font-weight: 400;\"><\/span><\/p>\n<p><span style=\"font-weight: 400;\"><\/span><\/p>\n<p><span style=\"font-weight: 400;\">El origen de la Biblioteca Provincial est\u00e1 unido a la colecci\u00f3n de libros reunida por el Profesor Antonio Serrano, quien entre 1973 y 1974 don\u00f3 su biblioteca particular en su totalidad, bajo los principios de conservaci\u00f3n registro de la Provincia:<\/span><\/p>\n<p><span style=\"font-weight: 400;\">\u201cQue son mis deseos que est\u00e1 biblioteca sea la base para la formaci\u00f3n de la Biblioteca P\u00fablica de la Provincia de Entre R\u00edos que deber\u00e1 quedar constituida a partir de esta donaci\u00f3n\u2026 Se deber\u00e1 seguir igualmente el mismo temperamento con mis anaqueles que contienen los libros y que forman parte asimismo de la biblioteca\u201d (Prof. Antonio Serrano)\u00a0<\/span><\/p>\n<p>\u00a0<span style=\"font-weight: 400;\">La Biblioteca est\u00e1 especializada en literatura, sociolog\u00eda y lingu\u00edstica, entre otras disciplinas. Su importante patrimonio bibliogr\u00e1fico y documental es producto de significativas donaciones de grandes figuras entrerrianas como Marcelino Rom\u00e1n, Elio C. Leyes y Antonio R. Turi, que conforman los fondos m\u00e1s importantes.<\/span><\/p>\n<p><span style=\"font-weight: 400;\">Con los a\u00f1os, la Biblioteca se ha ido nutriendo de sucesivas y diversas donaciones y en la actualidad dispone de un Fondo General y un Fondo de Autores Entrerrianos con m\u00e1s de 6 mil t\u00edtulos.<\/span><\/p>\n<h3>\u00a0<strong><span style=\"color: #333399;\">Historia<\/span><\/strong><\/h3>\n<p><span style=\"font-weight: 400;\">El Solar donde funciona la Biblioteca Provincial es la uni\u00f3n de dos viviendas construidas hacia 1870. Ambas ten\u00edan originalmente un planteo de la t\u00edpica casa vest\u00edbulo con sagu\u00e1n y una sucesi\u00f3n de patios. Sus fachadas responden al gusto italianizante de la \u00e9poca y su arquitectura se encuentra caracterizada por muros con un basamento de m\u00e1rmol gris, amplias ventanas rectangulares con rejas de herrer\u00eda elaborada y puerta de madera tallada.\u00a0<\/span><\/p>\n<p><span style=\"font-weight: 400;\">La Biblioteca ofrece una galer\u00eda virtual, con material para consultar on line, a los que se puede acceder ingresando a <\/span><a href=\"http:\/\/www.entrerios.com.ar\/biper\"><span style=\"font-weight: 400;\">www.entrerios.com.ar\/biper<\/span><\/a><span style=\"font-weight: 400;\"> y encontrar obras de Juan L. Ort\u00edz, Marcelino Rom\u00e1n, Alberto Gerchunoff, Manual Galvez, Juan J. Manauta, Marta Zamarripa y Ema Barrandeguy.<\/span><\/p>\n<p>[\/et_pb_text][\/et_pb_column][\/et_pb_row][et_pb_row column_structure=&#8221;1_4,1_4,1_4,1_4&#8243; use_custom_gutter=&#8221;on&#8221; gutter_width=&#8221;4&#8243; make_equal=&#8221;on&#8221; _builder_version=&#8221;4.17.4&#8243; _module_preset=&#8221;default&#8221; width=&#8221;100%&#8221; max_width=&#8221;100%&#8221; module_alignment=&#8221;center&#8221; custom_margin=&#8221;15px|0px|0px|8px|false|false&#8221; custom_padding=&#8221;15px|0px|15px|32px|false|false&#8221; border_color_all=&#8221;#0C71C3&#8243; border_width_top=&#8221;10px&#8221; border_color_top=&#8221;#0fafff&#8221; global_module=&#8221;4620&#8243; saved_tabs=&#8221;all&#8221; global_colors_info=&#8221;{}&#8221;][et_pb_column type=&#8221;1_4&#8243; _builder_version=&#8221;4.17.4&#8243; _module_preset=&#8221;default&#8221; global_colors_info=&#8221;{}&#8221;][et_pb_text _builder_version=&#8221;4.17.6&#8243; _module_preset=&#8221;default&#8221; width=&#8221;100%&#8221; module_alignment=&#8221;right&#8221; global_colors_info=&#8221;{}&#8221;]<\/p>\n<p>Secretar\u00eda de Cultura de Entre R\u00edos<br \/>Calle Gardel 42 (3100)<br \/>+54 (343) 4207828<br \/><span>secretariaculturaentrerios@gmail.com<\/span><br \/>Paran\u00e1 &#8211; Entre R\u00edos &#8211; Argentina<\/p>\n<p>[\/et_pb_text][\/et_pb_column][et_pb_column type=&#8221;1_4&#8243; _builder_version=&#8221;4.16&#8243; _module_preset=&#8221;default&#8221; global_colors_info=&#8221;{}&#8221;][et_pb_social_media_follow icon_color=&#8221;#FFFFFF&#8221; _builder_version=&#8221;4.16&#8243; _module_preset=&#8221;default&#8221; background_color=&#8221;RGBA(0,0,0,0)&#8221; width=&#8221;200px&#8221; custom_margin=&#8221;0px|||71px|false|false&#8221; custom_padding=&#8221;0px||||false|false&#8221; global_colors_info=&#8221;{}&#8221;][et_pb_social_media_follow_network social_network=&#8221;facebook&#8221; url=&#8221;https:\/\/www.facebook.com\/CulturaEntreRios&#8221; icon_color=&#8221;#000000&#8243; use_icon_font_size=&#8221;on&#8221; icon_font_size=&#8221;30px&#8221; _builder_version=&#8221;4.16&#8243; _module_preset=&#8221;default&#8221; background_color=&#8221;RGBA(0,0,0,0)&#8221; background_enable_color=&#8221;on&#8221; custom_button=&#8221;on&#8221; global_colors_info=&#8221;{}&#8221; follow_button=&#8221;off&#8221; url_new_window=&#8221;on&#8221;]facebook[\/et_pb_social_media_follow_network][et_pb_social_media_follow_network social_network=&#8221;twitter&#8221; url=&#8221;https:\/\/twitter.com\/EntreRiosCultur&#8221; icon_color=&#8221;#000000&#8243; use_icon_font_size=&#8221;on&#8221; icon_font_size=&#8221;30px&#8221; _builder_version=&#8221;4.16&#8243; _module_preset=&#8221;default&#8221; background_color=&#8221;RGBA(0,0,0,0)&#8221; background_enable_color=&#8221;on&#8221; global_colors_info=&#8221;{}&#8221; follow_button=&#8221;off&#8221; url_new_window=&#8221;on&#8221;]twitter[\/et_pb_social_media_follow_network][et_pb_social_media_follow_network social_network=&#8221;instagram&#8221; url=&#8221;https:\/\/www.instagram.com\/culturaentrerios\/?hl=es&#8221; icon_color=&#8221;#000000&#8243; use_icon_font_size=&#8221;on&#8221; icon_font_size=&#8221;30px&#8221; _builder_version=&#8221;4.16&#8243; _module_preset=&#8221;default&#8221; background_color=&#8221;RGBA(0,0,0,0)&#8221; background_enable_color=&#8221;on&#8221; global_colors_info=&#8221;{}&#8221; follow_button=&#8221;off&#8221; url_new_window=&#8221;on&#8221;]instagram[\/et_pb_social_media_follow_network][\/et_pb_social_media_follow][\/et_pb_column][et_pb_column type=&#8221;1_4&#8243; _builder_version=&#8221;4.16&#8243; _module_preset=&#8221;default&#8221; global_colors_info=&#8221;{}&#8221;][et_pb_image src=&#8221;https:\/\/www.entrerios.gov.ar\/cultura\/wp-content\/uploads\/2021\/10\/Sec.Cultura-en-negro.jpg&#8221; title_text=&#8221;Sec.Cultura en negro&#8221; _builder_version=&#8221;4.16&#8243; _module_preset=&#8221;default&#8221; global_colors_info=&#8221;{}&#8221;][\/et_pb_image][\/et_pb_column][et_pb_column type=&#8221;1_4&#8243; _builder_version=&#8221;4.16&#8243; _module_preset=&#8221;default&#8221; global_colors_info=&#8221;{}&#8221;][et_pb_image src=&#8221;https:\/\/www.entrerios.gov.ar\/cultura\/wp-content\/uploads\/2021\/01\/logo_er_negro_500-e1634427847360.png&#8221; title_text=&#8221;logo_er_negro_400&#8243; _builder_version=&#8221;4.16&#8243; _module_preset=&#8221;default&#8221; global_colors_info=&#8221;{}&#8221;][\/et_pb_image][\/et_pb_column][\/et_pb_row][\/et_pb_section]<\/p>\n","protected":false},"excerpt":{"rendered":"<p>Biblioteca Provincial de Entre R\u00edos El origen de la Biblioteca Provincial est\u00e1 unido a la colecci\u00f3n de libros reunida por el Profesor Antonio Serrano, quien entre 1973 y 1974 don\u00f3 su biblioteca particular en su totalidad, bajo los principios de conservaci\u00f3n registro de la Provincia: \u201cQue son mis deseos que est\u00e1 biblioteca sea la base [&hellip;]<\/p>\n","protected":false},"author":2,"featured_media":0,"parent":0,"menu_order":0,"comment_status":"closed","ping_status":"closed","template":"","meta":{"_et_pb_use_builder":"on","_et_pb_old_content":"","_et_gb_content_width":"","footnotes":""},"class_list":["post-2194","page","type-page","status-publish","hentry"],"_links":{"self":[{"href":"https:\/\/www.entrerios.gov.ar\/cultura\/wp-json\/wp\/v2\/pages\/2194","targetHints":{"allow":["GET"]}}],"collection":[{"href":"https:\/\/www.entrerios.gov.ar\/cultura\/wp-json\/wp\/v2\/pages"}],"about":[{"href":"https:\/\/www.entrerios.gov.ar\/cultura\/wp-json\/wp\/v2\/types\/page"}],"author":[{"embeddable":true,"href":"https:\/\/www.entrerios.gov.ar\/cultura\/wp-json\/wp\/v2\/users\/2"}],"replies":[{"embeddable":true,"href":"https:\/\/www.entrerios.gov.ar\/cultura\/wp-json\/wp\/v2\/comments?post=2194"}],"version-history":[{"count":6,"href":"https:\/\/www.entrerios.gov.ar\/cultura\/wp-json\/wp\/v2\/pages\/2194\/revisions"}],"predecessor-version":[{"id":6189,"href":"https:\/\/www.entrerios.gov.ar\/cultura\/wp-json\/wp\/v2\/pages\/2194\/revisions\/6189"}],"wp:attachment":[{"href":"https:\/\/www.entrerios.gov.ar\/cultura\/wp-json\/wp\/v2\/media?parent=2194"}],"curies":[{"name":"wp","href":"https:\/\/api.w.org\/{rel}","templated":true}]}}