{"id":2203,"date":"2021-06-11T00:19:09","date_gmt":"2021-06-11T00:19:09","guid":{"rendered":"https:\/\/www.entrerios.gov.ar\/cultura\/?page_id=2203"},"modified":"2025-05-09T20:30:27","modified_gmt":"2025-05-09T20:30:27","slug":"mas-info-archivo","status":"publish","type":"page","link":"https:\/\/www.entrerios.gov.ar\/cultura\/mas-info-archivo\/","title":{"rendered":"mas info archivo"},"content":{"rendered":"<p>[et_pb_section fb_built=&#8221;1&#8243; _builder_version=&#8221;4.16&#8243; _module_preset=&#8221;default&#8221; custom_margin=&#8221;0px|0px|0px|0px|false|false&#8221; custom_padding=&#8221;0px|0px|0px|0px|false|false&#8221; global_colors_info=&#8221;{}&#8221;][et_pb_row column_structure=&#8221;1_2,1_2&#8243; _builder_version=&#8221;4.17.6&#8243; _module_preset=&#8221;default&#8221; width=&#8221;95%&#8221; max_width=&#8221;95%&#8221; global_colors_info=&#8221;{}&#8221;][et_pb_column type=&#8221;1_2&#8243; _builder_version=&#8221;4.16&#8243; _module_preset=&#8221;default&#8221; global_colors_info=&#8221;{}&#8221;][et_pb_text _builder_version=&#8221;4.21.2&#8243; _module_preset=&#8221;default&#8221; global_colors_info=&#8221;{}&#8221;]<\/p>\n<h1><span style=\"color: #993300;\"><b>Archivo General de Entre Rios<\/b><\/span><\/h1>\n<p>[\/et_pb_text][et_pb_image src=&#8221;https:\/\/www.entrerios.gov.ar\/cultura\/wp-content\/uploads\/2022\/07\/IMG_7158-1-scaled.jpg&#8221; alt=&#8221;archivo general &#8221; title_text=&#8221;IMG_7158 1&#8243; _builder_version=&#8221;4.21.2&#8243; _module_preset=&#8221;default&#8221; custom_margin=&#8221;0px||0px||false|false&#8221; global_colors_info=&#8221;{}&#8221;][\/et_pb_image][et_pb_image src=&#8221;https:\/\/www.entrerios.gov.ar\/cultura\/wp-content\/uploads\/2022\/07\/DSC_7820-copia-scaled.jpg&#8221; title_text=&#8221;DSC_7820 copia&#8221; _builder_version=&#8221;4.17.6&#8243; _module_preset=&#8221;default&#8221; global_colors_info=&#8221;{}&#8221;][\/et_pb_image][\/et_pb_column][et_pb_column type=&#8221;1_2&#8243; _builder_version=&#8221;4.16&#8243; _module_preset=&#8221;default&#8221; global_colors_info=&#8221;{}&#8221;][et_pb_text _builder_version=&#8221;4.21.2&#8243; _module_preset=&#8221;default&#8221; custom_padding=&#8221;||0px|||&#8221; hover_enabled=&#8221;0&#8243; global_colors_info=&#8221;{}&#8221; sticky_enabled=&#8221;0&#8243;]<\/p>\n<p><span style=\"font-weight: 400;\"><\/span><\/p>\n<p><span style=\"font-weight: 400;\"><\/span><\/p>\n<p><span style=\"font-weight: 400;\"><\/span><\/p>\n<p><span style=\"font-weight: 400;\"><\/span><\/p>\n<p><span style=\"font-weight: 400;\">El Archivo de Entre R\u00edos conserva, guarda, concentra y difunde documentos administrativos e hist\u00f3ricos. Entre sus actividades m\u00e1s importantes se destacan las exposiciones de car\u00e1cter hist\u00f3rico y ciclos de conferencias, visitas guiadas, entre otras actividades culturales, para acercar a la comunidad y promover el acceso al conocimiento en relaci\u00f3n al patrimonio del Archivo. Esta instituci\u00f3n cuenta con dos sedes: Archivo Administrativo e Hist\u00f3rico y Archivo Hist\u00f3rico \u201cGuillermo Sarav\u00ed\u201d.<\/span><\/p>\n<p><span style=\"font-weight: 400;\"><\/span><\/p>\n<p><span style=\"font-weight: 400;\"><\/span><\/p>\n<h4><strong><span style=\"color: #993300;\">Historia<\/span><\/strong><\/h4>\n<p><span style=\"font-weight: 400;\">Los or\u00edgenes del Archivo de la Provincia se remontan a mediados del siglo XIX cuando, con la denominaci\u00f3n de Archivo del Ministerio de Gobierno, fue creado por el Gobernador Justo Jos\u00e9 de Urquiza por Decreto del 4 de mayo de 1860. <\/span><span style=\"font-weight: 400;\"><br \/><\/span><span style=\"font-weight: 400;\">Los sucesivos gobiernos provinciales fueron adoptando diversas medidas para resguardar el patrimonio documental de Entre R\u00edos, disponiendo. \u201c\u2026el ingreso al archivo de todos aquellos documentos y antecedentes que pertenecen a la Provincia y de que se tenga conocimiento estuviesen indebidamente archivados dentro y fuera de ella\u2026\u201d <\/span><span style=\"font-weight: 400;\"><br \/><\/span><span style=\"font-weight: 400;\">El 10 de junio de 1880, se promulg\u00f3 la Ley de creaci\u00f3n definitiva del Archivo General de la Provincia, durante la gobernaci\u00f3n de Jos\u00e9 F. Antelo. <\/span><span style=\"font-weight: 400;\"><br \/><\/span><span style=\"font-weight: 400;\">En 1934 alcanz\u00f3 un perfil definitivo y distintivo durante la gesti\u00f3n en la direcci\u00f3n del poeta Guillermo Sarav\u00ed, debido a las pautas introducidas y a las normas implementadas respecto a su clasificaci\u00f3n y ordenaci\u00f3n, teniendo en cuenta el principio de procedencia y la cronolog\u00eda, que en la actualidad se respetan y lo han prestigiado ubic\u00e1ndolo en los primeros lugares de los archivos del pa\u00eds. <\/span><span style=\"font-weight: 400;\"><br \/><\/span><span style=\"font-weight: 400;\">Con el transcurrir del tiempo y las innovaciones devenidas en la ciencia archiv\u00edstica, se hizo necesario introducir modificaciones que permiten trabajar m\u00e1s acorde a los nuevos aportes documentales que se cumplimentaron en las \u00faltimas d\u00e9cadas, para lo cual se inici\u00f3 un proceso de microfilmaci\u00f3n que incluy\u00f3 varias series del fondo Gobierno y la incorporaci\u00f3n de la lectora de microfilmes y la digitalizaci\u00f3n.\u00a0<\/span><\/p>\n<h4><span style=\"font-weight: 400; color: #993300;\"><strong>Funci\u00f3n<\/strong>\u00a0<\/span><\/h4>\n<p><span style=\"font-weight: 400;\">Dentro de sus funciones se contempla la organizaci\u00f3n de exposiciones de car\u00e1cter hist\u00f3rico y ciclos de conferencias, proyecciones de pel\u00edculas sobre temas hist\u00f3ricos, visitas guiadas, entre otras actividades culturales, planificadas con el prop\u00f3sito de convocar a la mayor cantidad de p\u00fablico para as\u00ed permitir el acceso, el conocimiento y el uso de las instalaciones. <\/span><span style=\"font-weight: 400;\"><br \/><\/span><span style=\"font-weight: 400;\">Actualmente la instituci\u00f3n cuenta con dos sedes: Archivo Administrativo e Hist\u00f3rico (Fondo Hacienda, Educaci\u00f3n, Decretos, Expedientes judiciales) en Buenos Aires 282 y Archivo Hist\u00f3rico \u201cGuillermo Sarav\u00ed\u201d en Av. Alameda de la Federaci\u00f3n 222 (Fondo Gobierno, Biblioteca, Legislatura y Hemeroteca)<\/span><\/p>\n<h4><span style=\"color: #993300;\"><strong>Misi\u00f3n<\/strong><\/span><\/h4>\n<p><span style=\"font-weight: 400;\">Con la denominaci\u00f3n actual de Archivo General de la Provincia de Entre R\u00edos tiene como misi\u00f3n:\u00a0 conservar, guardar, concentrar y difundir documentos administrativos e hist\u00f3ricos. <\/span><\/p>\n<p>Cap\u00edtulo 4 &#8211; Archivo<\/p>\n<p><iframe loading=\"lazy\" title=\"CAPITULO 4 - Archivo by Cultura Entre R\u00edos\" width=\"1080\" height=\"400\" scrolling=\"no\" frameborder=\"no\" src=\"https:\/\/w.soundcloud.com\/player\/?visual=true&#038;url=https%3A%2F%2Fapi.soundcloud.com%2Ftracks%2F1878585438&#038;show_artwork=true&#038;maxheight=1000&#038;maxwidth=1080\"><\/iframe><\/p>\n<p><a href=\"https:\/\/soundcloud.com\/cultura-entre-rios\/podcast-archivo\"><\/a><\/p>\n<p>[\/et_pb_text][\/et_pb_column][\/et_pb_row][et_pb_row column_structure=&#8221;1_4,1_4,1_4,1_4&#8243; use_custom_gutter=&#8221;on&#8221; gutter_width=&#8221;4&#8243; _builder_version=&#8221;4.19.4&#8243; _module_preset=&#8221;default&#8221; width=&#8221;100%&#8221; max_width=&#8221;100%&#8221; module_alignment=&#8221;center&#8221; min_height=&#8221;148.3px&#8221; custom_margin=&#8221;15px|0px|0px|8px|false|false&#8221; custom_padding=&#8221;15px|0px|15px|32px|false|false&#8221; border_color_all=&#8221;#0C71C3&#8243; border_width_top=&#8221;10px&#8221; border_color_top=&#8221;#0fafff&#8221; global_module=&#8221;4620&#8243; saved_tabs=&#8221;all&#8221; global_colors_info=&#8221;{}&#8221;][et_pb_column type=&#8221;1_4&#8243; _builder_version=&#8221;4.17.4&#8243; _module_preset=&#8221;default&#8221; global_colors_info=&#8221;{}&#8221;][et_pb_text _builder_version=&#8221;4.21.2&#8243; _module_preset=&#8221;default&#8221; width=&#8221;113%&#8221; module_alignment=&#8221;right&#8221; global_colors_info=&#8221;{}&#8221;]<\/p>\n<p>Secretar\u00eda de Cultura de Entre R\u00edos<br \/>Calle Gardel 42 (3100)<br \/>+54 (343) 4207828<br \/>secretariadeculturaentrerios@gmail.com<br \/>Paran\u00e1 &#8211; Entre R\u00edos &#8211; Argentina<\/p>\n<p>[\/et_pb_text][\/et_pb_column][et_pb_column type=&#8221;1_4&#8243; _builder_version=&#8221;4.16&#8243; _module_preset=&#8221;default&#8221; global_colors_info=&#8221;{}&#8221;][et_pb_social_media_follow icon_color=&#8221;#FFFFFF&#8221; use_icon_font_size=&#8221;on&#8221; icon_font_size=&#8221;20px&#8221; _builder_version=&#8221;4.21.2&#8243; _module_preset=&#8221;default&#8221; background_color=&#8221;RGBA(0,0,0,0)&#8221; text_orientation=&#8221;left&#8221; width=&#8221;350%&#8221; max_width=&#8221;350%&#8221; custom_margin=&#8221;6px||0px|0px|false|false&#8221; custom_padding=&#8221;1px||0px||false|false&#8221; global_colors_info=&#8221;{}&#8221;][et_pb_social_media_follow_network social_network=&#8221;facebook&#8221; url=&#8221;https:\/\/www.facebook.com\/profile.php?id=100091571490160&#8243; icon_color=&#8221;#000000&#8243; use_icon_font_size=&#8221;on&#8221; icon_font_size=&#8221;30px&#8221; _builder_version=&#8221;4.21.2&#8243; _module_preset=&#8221;default&#8221; background_color=&#8221;RGBA(0,0,0,0)&#8221; background_enable_color=&#8221;on&#8221; custom_button=&#8221;on&#8221; custom_margin=&#8221;0px|||0px|false|false&#8221; custom_padding=&#8221;0px|||0px|false|false&#8221; global_colors_info=&#8221;{}&#8221; follow_button=&#8221;off&#8221; url_new_window=&#8221;on&#8221;]facebook[\/et_pb_social_media_follow_network][et_pb_social_media_follow_network social_network=&#8221;instagram&#8221; url=&#8221;https:\/\/www.instagram.com\/con_tier\/?igshid=MmU2YjMzNjRlOQ%3D%3D&#8221; icon_color=&#8221;#000000&#8243; use_icon_font_size=&#8221;on&#8221; icon_font_size=&#8221;30px&#8221; _builder_version=&#8221;4.21.2&#8243; _module_preset=&#8221;default&#8221; background_color=&#8221;RGBA(0,0,0,0)&#8221; background_enable_color=&#8221;on&#8221; global_colors_info=&#8221;{}&#8221; follow_button=&#8221;off&#8221; url_new_window=&#8221;on&#8221;]instagram[\/et_pb_social_media_follow_network][et_pb_social_media_follow_network social_network=&#8221;youtube&#8221; url=&#8221;https:\/\/www.youtube.com\/user\/ComyCulturaER&#8221; icon_color=&#8221;#000000&#8243; use_icon_font_size=&#8221;on&#8221; icon_font_size=&#8221;30px&#8221; _builder_version=&#8221;4.19.4&#8243; _module_preset=&#8221;default&#8221; background_color=&#8221;RGBA(255,255,255,0)&#8221; background_enable_color=&#8221;on&#8221; global_colors_info=&#8221;{}&#8221; follow_button=&#8221;off&#8221; url_new_window=&#8221;on&#8221;]youtube[\/et_pb_social_media_follow_network][\/et_pb_social_media_follow][\/et_pb_column][et_pb_column type=&#8221;1_4&#8243; _builder_version=&#8221;4.16&#8243; _module_preset=&#8221;default&#8221; global_colors_info=&#8221;{}&#8221;][et_pb_image src=&#8221;https:\/\/www.entrerios.gov.ar\/cultura\/wp-content\/uploads\/2024\/12\/05.png&#8221; title_text=&#8221;05&#8243; _builder_version=&#8221;4.21.2&#8243; _module_preset=&#8221;default&#8221; custom_margin=&#8221;0px|-10px||20px|false|false&#8221; global_colors_info=&#8221;{}&#8221;][\/et_pb_image][\/et_pb_column][et_pb_column type=&#8221;1_4&#8243; _builder_version=&#8221;4.16&#8243; _module_preset=&#8221;default&#8221; global_colors_info=&#8221;{}&#8221;][et_pb_image src=&#8221;https:\/\/www.entrerios.gov.ar\/cultura\/wp-content\/uploads\/2024\/12\/web_cultura_banner_CultER_y_GobER-1.png&#8221; alt=&#8221;logoCultura nuevo&#8221; title_text=&#8221;web_cultura_banner_CultER_y_GobER (1)&#8221; _builder_version=&#8221;4.21.2&#8243; _module_preset=&#8221;default&#8221; custom_margin=&#8221;15px|32px||5px|false|false&#8221; custom_css_main_element=&#8221;margin-right: 22px;&#8221; global_colors_info=&#8221;{}&#8221;][\/et_pb_image][\/et_pb_column][\/et_pb_row][\/et_pb_section]<\/p>\n","protected":false},"excerpt":{"rendered":"<p>Archivo General de Entre Rios El Archivo de Entre R\u00edos conserva, guarda, concentra y difunde documentos administrativos e hist\u00f3ricos. Entre sus actividades m\u00e1s importantes se destacan las exposiciones de car\u00e1cter hist\u00f3rico y ciclos de conferencias, visitas guiadas, entre otras actividades culturales, para acercar a la comunidad y promover el acceso al conocimiento en relaci\u00f3n al [&hellip;]<\/p>\n","protected":false},"author":2,"featured_media":0,"parent":0,"menu_order":0,"comment_status":"closed","ping_status":"closed","template":"","meta":{"_et_pb_use_builder":"on","_et_pb_old_content":"","_et_gb_content_width":"","footnotes":""},"class_list":["post-2203","page","type-page","status-publish","hentry"],"_links":{"self":[{"href":"https:\/\/www.entrerios.gov.ar\/cultura\/wp-json\/wp\/v2\/pages\/2203","targetHints":{"allow":["GET"]}}],"collection":[{"href":"https:\/\/www.entrerios.gov.ar\/cultura\/wp-json\/wp\/v2\/pages"}],"about":[{"href":"https:\/\/www.entrerios.gov.ar\/cultura\/wp-json\/wp\/v2\/types\/page"}],"author":[{"embeddable":true,"href":"https:\/\/www.entrerios.gov.ar\/cultura\/wp-json\/wp\/v2\/users\/2"}],"replies":[{"embeddable":true,"href":"https:\/\/www.entrerios.gov.ar\/cultura\/wp-json\/wp\/v2\/comments?post=2203"}],"version-history":[{"count":13,"href":"https:\/\/www.entrerios.gov.ar\/cultura\/wp-json\/wp\/v2\/pages\/2203\/revisions"}],"predecessor-version":[{"id":13489,"href":"https:\/\/www.entrerios.gov.ar\/cultura\/wp-json\/wp\/v2\/pages\/2203\/revisions\/13489"}],"wp:attachment":[{"href":"https:\/\/www.entrerios.gov.ar\/cultura\/wp-json\/wp\/v2\/media?parent=2203"}],"curies":[{"name":"wp","href":"https:\/\/api.w.org\/{rel}","templated":true}]}}