{"id":2241,"date":"2021-06-11T00:59:31","date_gmt":"2021-06-11T00:59:31","guid":{"rendered":"https:\/\/www.entrerios.gov.ar\/cultura\/?page_id=2241"},"modified":"2025-07-04T14:32:43","modified_gmt":"2025-07-04T14:32:43","slug":"mas-info-antequeda","status":"publish","type":"page","link":"https:\/\/www.entrerios.gov.ar\/cultura\/mas-info-antequeda\/","title":{"rendered":"mas info antequeda"},"content":{"rendered":"<p>[et_pb_section fb_built=&#8221;1&#8243; _builder_version=&#8221;4.16&#8243; _module_preset=&#8221;default&#8221; custom_margin=&#8221;0px|0px|0px|0px|false|false&#8221; custom_padding=&#8221;0px|0px|0px|0px|false|false&#8221; global_colors_info=&#8221;{}&#8221;][et_pb_row column_structure=&#8221;1_2,1_2&#8243; _builder_version=&#8221;4.16&#8243; _module_preset=&#8221;default&#8221; width=&#8221;95%&#8221; max_width=&#8221;95%&#8221; global_colors_info=&#8221;{}&#8221;][et_pb_column type=&#8221;1_2&#8243; _builder_version=&#8221;4.16&#8243; _module_preset=&#8221;default&#8221; global_colors_info=&#8221;{}&#8221;][et_pb_text _builder_version=&#8221;4.21.2&#8243; _module_preset=&#8221;default&#8221; hover_enabled=&#8221;0&#8243; global_colors_info=&#8221;{}&#8221; sticky_enabled=&#8221;0&#8243;]<\/p>\n<h1><span style=\"color: #808080;\"><b>AURA (Sala Antequeda)<\/b><\/span><\/h1>\n<p>[\/et_pb_text][et_pb_image src=&#8221;https:\/\/www.entrerios.gov.ar\/cultura\/wp-content\/uploads\/2025\/04\/AD_4nXc0kg4ACE4Am0iZZb6FKoOZvMK6UmJ-hgBLMGz9550qaSh9gWwng-6GjlpBBchRwlemVN3ipvM922YC6C0mOlA_eLf564RTqO8XTY9GWLFKauxlEhongEF_I2C6Pt6eVw0_ZQd-.jpg&#8221; title_text=&#8221;AD_4nXc0kg4ACE4Am0iZZb6FKoOZvMK6UmJ-hgBLMGz9550qaSh9gWwng-6GjlpBBchRwlemVN3ipvM922YC6C0mOlA_eLf564RTqO8XTY9GWLFKauxlEhongEF_I2C6Pt6eVw0_ZQd-&#8221; _builder_version=&#8221;4.21.2&#8243; _module_preset=&#8221;default&#8221; global_colors_info=&#8221;{}&#8221;][\/et_pb_image][\/et_pb_column][et_pb_column type=&#8221;1_2&#8243; _builder_version=&#8221;4.16&#8243; _module_preset=&#8221;default&#8221; global_colors_info=&#8221;{}&#8221;][et_pb_text _builder_version=&#8221;4.21.2&#8243; _module_preset=&#8221;default&#8221; custom_padding=&#8221;||0px|||&#8221; global_colors_info=&#8221;{}&#8221;]<\/p>\n<p><span style=\"font-weight: 400;\"><\/span><\/p>\n<p><span style=\"font-weight: 400;\"><\/span><\/p>\n<p><span style=\"font-weight: 400;\"><\/span><\/p>\n<p><span style=\"font-weight: 400;\"><\/span><\/p>\n<p><span style=\"font-weight: 400;\"><\/span><\/p>\n<p><span style=\"font-weight: 400;\"><\/span><\/p>\n<p dir=\"ltr\"><span>El desaf\u00edo de AURA es promover el trabajo art\u00edstico, en este caso a trav\u00e9s de un laboratorio creativo donde comience a desarrollarse un modo de hacer y compartir con la comunidad.\u00a0<\/span><\/p>\n<p><span style=\"font-weight: 400;\">\u00a0<\/span><\/p>\n<p dir=\"ltr\"><span>En 2024 se llev\u00f3 adelante una convocatoria con reconocimiento econ\u00f3mico para artistas visuales que fueran seleccionados con sus proyectos. En ese proceso, un jurado eligi\u00f3 tres propuestas para 2025: Aparece un movimiento inevitable de la artista Lucila Sol\u00e9 (Paran\u00e1), Per\u00fa al final del Colectivo Per\u00fa al final (Paran\u00e1) y Alma Litoral (Gualeguaych\u00fa) de Ignacio Garc\u00eda.<\/span><\/p>\n<p><span style=\"font-weight: 400;\">\u00a0<\/span><\/p>\n<p dir=\"ltr\"><span>En 2025 Aura abrir\u00e1 tanto las exposiciones programadas, como talleres y actividades de mediaci\u00f3n con la comunidad.<\/span><\/p>\n<p><span style=\"font-weight: 400;\">\u00a0<\/span><\/p>\n<p dir=\"ltr\"><span>Sala Antequeda<\/span><\/p>\n<p dir=\"ltr\"><span>Espacio cultural emplazado en Alameda de la Federaci\u00f3n 557 de la ciudad de Paran\u00e1, que contiene a Aura, Centro Experimental de Arte Contempor\u00e1neo. Esta sala se emplaza en el mismo solar donde manos artesanas dieron vida, con asombrosa creatividad y generosidad al Taller Industrial Antequeda, donde se fabricaron miles de bancos y muebles para las escuelas entrerrianas.\u00a0<\/span><\/p>\n<p dir=\"ltr\">\n<p dir=\"ltr\"><span>El taller funcion\u00f3 hasta 2013 y lleva el nombre Manuel Antequeda, uno de los educadores m\u00e1s importantes que tuvo la Rep\u00fablica Argentina que fue director General de Escuelas de la provincia de Entre R\u00edos entre 1903 y 1914, y que durante tres gobernaciones diferentes llev\u00f3 adelante su proyecto de educaci\u00f3n, de dignificaci\u00f3n del magisterio, de capacitaci\u00f3n de los maestros y que construy\u00f3 las primeras escuelas flotantes que tiene la provincia.<\/span><\/p>\n<p dir=\"ltr\"><span>Uno de sus primeros proyectos fue habilitar lo que se llam\u00f3 en 1904 el taller de trabajo manual, el primer antecedente del taller Antequeda. Seis a\u00f1os m\u00e1s tarde, el 22 de mayo de 1910, en el \u00e1mbito de la escuela Luis Beltr\u00e1n, se inaugur\u00f3 el taller industrial que hasta hoy lleva su nombre en homenaje a ese gran docente.<\/span><\/p>\n<p><span style=\"font-weight: 400;\"><\/span><\/p>\n<p>&nbsp;<\/p>\n<p>[\/et_pb_text][\/et_pb_column][\/et_pb_row][et_pb_row column_structure=&#8221;1_4,1_4,1_4,1_4&#8243; use_custom_gutter=&#8221;on&#8221; gutter_width=&#8221;4&#8243; _builder_version=&#8221;4.21.2&#8243; _module_preset=&#8221;default&#8221; background_color=&#8221;RGBA(255,255,255,0)&#8221; width=&#8221;100%&#8221; max_width=&#8221;100%&#8221; module_alignment=&#8221;center&#8221; min_height=&#8221;134.3px&#8221; custom_margin=&#8221;15px|0px|0px|8px|false|false&#8221; custom_padding=&#8221;15px|69px|15px|32px|false|false&#8221; border_color_all=&#8221;#7CDA24&#8243; border_width_top=&#8221;10px&#8221; border_color_top=&#8221;#64b44b&#8221; global_module=&#8221;4620&#8243; saved_tabs=&#8221;all&#8221; global_colors_info=&#8221;{}&#8221;][et_pb_column type=&#8221;1_4&#8243; _builder_version=&#8221;4.17.4&#8243; _module_preset=&#8221;default&#8221; global_colors_info=&#8221;{}&#8221;][et_pb_text _builder_version=&#8221;4.21.2&#8243; _module_preset=&#8221;default&#8221; width=&#8221;113%&#8221; module_alignment=&#8221;right&#8221; global_colors_info=&#8221;{}&#8221;]<\/p>\n<p>Secretar\u00eda de Cultura de Entre R\u00edos<br \/>Calle Gardel 42 (3100)<br \/>+54 (343) 4207828<br \/>secretariadeculturaentrerios@gmail.com<br \/>Paran\u00e1 &#8211; Entre R\u00edos &#8211; Argentina<\/p>\n<p>[\/et_pb_text][\/et_pb_column][et_pb_column type=&#8221;1_4&#8243; _builder_version=&#8221;4.16&#8243; _module_preset=&#8221;default&#8221; global_colors_info=&#8221;{}&#8221;][et_pb_image src=&#8221;https:\/\/www.entrerios.gov.ar\/cultura\/wp-content\/uploads\/2021\/08\/LOGOS_P_WEB-02.png&#8221; title_text=&#8221;LOGOS_P_WEB-02&#8243; _builder_version=&#8221;4.21.2&#8243; _module_preset=&#8221;default&#8221; width=&#8221;91.8%&#8221; custom_margin=&#8221;0px|-10px||20px|false|false&#8221; custom_padding=&#8221;|76px||||&#8221; global_colors_info=&#8221;{}&#8221;][\/et_pb_image][\/et_pb_column][et_pb_column type=&#8221;1_4&#8243; _builder_version=&#8221;4.16&#8243; _module_preset=&#8221;default&#8221; global_colors_info=&#8221;{}&#8221;][et_pb_image src=&#8221;https:\/\/www.entrerios.gov.ar\/cultura\/wp-content\/uploads\/2021\/08\/LOGOS_P_WEB-03.png&#8221; title_text=&#8221;LOGOS_P_WEB-03&#8243; url=&#8221;https:\/\/portal.entrerios.gov.ar\/gobiernoytrabajo\/inicio&#8221; url_new_window=&#8221;on&#8221; _builder_version=&#8221;4.21.2&#8243; _module_preset=&#8221;default&#8221; width=&#8221;91.8%&#8221; custom_margin=&#8221;0px|-10px||20px|false|false&#8221; custom_padding=&#8221;|76px||||&#8221; global_colors_info=&#8221;{}&#8221;][\/et_pb_image][\/et_pb_column][et_pb_column type=&#8221;1_4&#8243; _builder_version=&#8221;4.16&#8243; _module_preset=&#8221;default&#8221; global_colors_info=&#8221;{}&#8221;][et_pb_image src=&#8221;https:\/\/www.entrerios.gov.ar\/cultura\/wp-content\/uploads\/2021\/08\/LOGOS_P_WEB-01.png&#8221; title_text=&#8221;LOGOS_P_WEB-01&#8243; url=&#8221;https:\/\/portal.entrerios.gov.ar\/inicio&#8221; url_new_window=&#8221;on&#8221; _builder_version=&#8221;4.21.2&#8243; _module_preset=&#8221;default&#8221; width=&#8221;91.8%&#8221; custom_margin=&#8221;0px|-10px||20px|false|false&#8221; custom_padding=&#8221;|76px||||&#8221; global_colors_info=&#8221;{}&#8221;][\/et_pb_image][\/et_pb_column][\/et_pb_row][\/et_pb_section]<\/p>\n","protected":false},"excerpt":{"rendered":"<p>AURA (Sala Antequeda) El desaf\u00edo de AURA es promover el trabajo art\u00edstico, en este caso a trav\u00e9s de un laboratorio creativo donde comience a desarrollarse un modo de hacer y compartir con la comunidad.\u00a0 \u00a0 En 2024 se llev\u00f3 adelante una convocatoria con reconocimiento econ\u00f3mico para artistas visuales que fueran seleccionados con sus proyectos. En [&hellip;]<\/p>\n","protected":false},"author":2,"featured_media":0,"parent":0,"menu_order":0,"comment_status":"closed","ping_status":"closed","template":"","meta":{"_et_pb_use_builder":"on","_et_pb_old_content":"","_et_gb_content_width":"","footnotes":""},"class_list":["post-2241","page","type-page","status-publish","hentry"],"_links":{"self":[{"href":"https:\/\/www.entrerios.gov.ar\/cultura\/wp-json\/wp\/v2\/pages\/2241","targetHints":{"allow":["GET"]}}],"collection":[{"href":"https:\/\/www.entrerios.gov.ar\/cultura\/wp-json\/wp\/v2\/pages"}],"about":[{"href":"https:\/\/www.entrerios.gov.ar\/cultura\/wp-json\/wp\/v2\/types\/page"}],"author":[{"embeddable":true,"href":"https:\/\/www.entrerios.gov.ar\/cultura\/wp-json\/wp\/v2\/users\/2"}],"replies":[{"embeddable":true,"href":"https:\/\/www.entrerios.gov.ar\/cultura\/wp-json\/wp\/v2\/comments?post=2241"}],"version-history":[{"count":7,"href":"https:\/\/www.entrerios.gov.ar\/cultura\/wp-json\/wp\/v2\/pages\/2241\/revisions"}],"predecessor-version":[{"id":14228,"href":"https:\/\/www.entrerios.gov.ar\/cultura\/wp-json\/wp\/v2\/pages\/2241\/revisions\/14228"}],"wp:attachment":[{"href":"https:\/\/www.entrerios.gov.ar\/cultura\/wp-json\/wp\/v2\/media?parent=2241"}],"curies":[{"name":"wp","href":"https:\/\/api.w.org\/{rel}","templated":true}]}}