{"id":3436,"date":"2021-07-04T22:10:50","date_gmt":"2021-07-04T22:10:50","guid":{"rendered":"https:\/\/www.entrerios.gov.ar\/cultura\/?page_id=3436"},"modified":"2025-08-20T15:06:25","modified_gmt":"2025-08-20T15:06:25","slug":"mas-info-historico","status":"publish","type":"page","link":"https:\/\/www.entrerios.gov.ar\/cultura\/mas-info-historico\/","title":{"rendered":"Mas info Historico"},"content":{"rendered":"<p>[et_pb_section fb_built=&#8221;1&#8243; _builder_version=&#8221;4.16&#8243; _module_preset=&#8221;default&#8221; custom_margin=&#8221;0px|0px|0px|0px|false|false&#8221; custom_padding=&#8221;0px|0px|0px|0px|false|false&#8221; global_colors_info=&#8221;{}&#8221;][et_pb_row column_structure=&#8221;1_2,1_2&#8243; _builder_version=&#8221;4.16&#8243; _module_preset=&#8221;default&#8221; width=&#8221;95%&#8221; max_width=&#8221;95%&#8221; global_colors_info=&#8221;{}&#8221;][et_pb_column type=&#8221;1_2&#8243; _builder_version=&#8221;4.16&#8243; _module_preset=&#8221;default&#8221; global_colors_info=&#8221;{}&#8221;][et_pb_text _builder_version=&#8221;4.16&#8243; _module_preset=&#8221;default&#8221; custom_padding=&#8221;||0px|||&#8221; global_colors_info=&#8221;{}&#8221;]<\/p>\n<p>&nbsp;<\/p>\n<h1><span style=\"color: #000080;\"><b>Museo Hist\u00f3rico de Entre R\u00edos Martiniano Leguizam\u00f3n<\/b><\/span><\/h1>\n<p>[\/et_pb_text][et_pb_image src=&#8221;https:\/\/www.entrerios.gov.ar\/cultura\/wp-content\/uploads\/2021\/06\/historico-3.png&#8221; title_text=&#8221;historico (3)&#8221; _builder_version=&#8221;4.17.6&#8243; _module_preset=&#8221;default&#8221; custom_margin=&#8221;0px||0px||false|false&#8221; global_colors_info=&#8221;{}&#8221;][\/et_pb_image][et_pb_image src=&#8221;https:\/\/www.entrerios.gov.ar\/cultura\/wp-content\/uploads\/2022\/07\/utilRequest.jpg&#8221; title_text=&#8221;utilRequest&#8221; _builder_version=&#8221;4.17.6&#8243; _module_preset=&#8221;default&#8221; global_colors_info=&#8221;{}&#8221;][\/et_pb_image][\/et_pb_column][et_pb_column type=&#8221;1_2&#8243; _builder_version=&#8221;4.16&#8243; _module_preset=&#8221;default&#8221; global_colors_info=&#8221;{}&#8221;][et_pb_text _builder_version=&#8221;4.21.2&#8243; _module_preset=&#8221;default&#8221; custom_padding=&#8221;||0px|||&#8221; hover_enabled=&#8221;0&#8243; global_colors_info=&#8221;{}&#8221; sticky_enabled=&#8221;0&#8243;]<\/p>\n<p><span style=\"font-weight: 400;\"><\/span><\/p>\n<p><span style=\"font-weight: 400;\"><\/span><\/p>\n<p><span style=\"font-weight: 400;\"><\/span><\/p>\n<p><span style=\"font-weight: 400;\"><\/span><\/p>\n<p><span style=\"font-weight: 400;\"><\/span><\/p>\n<p><span style=\"font-weight: 400;\"><\/span><\/p>\n<p><span style=\"font-weight: 400;\"><\/span><\/p>\n<p><span style=\"font-weight: 400;\"><\/span><\/p>\n<p><span style=\"font-size: 14px;\"><\/span><\/p>\n<p><span style=\"font-size: 14px;\">El Museo Hist\u00f3rico de Entre R\u00edos lleva el nombre \u201cMartiniano Leguizam\u00f3n\u201d, en honor al Dr. Martiniano Leguizam\u00f3n, hijo del Coronel Martiniano Leguizam\u00f3n quien fue part\u00edcipe del ej\u00e9rcito del General Urquiza. Naci\u00f3 en Rosario del Tala; desde ni\u00f1o admirador de todo aquello relacionado a lo gauchezco. Abogado de profesi\u00f3n, escritor y coleccionista cuya tem\u00e1tica fundamental se relacionaba a lo campestre. Entre sus actividades fue Subsecretario del Ministerio de Hacienda de la Provincia de Buenos Aires; Vicepresidente del Consejo Nacional de Educaci\u00f3n y de la Sociedad Argentina de Autores; Presidente de la Junta de Historia y Numism\u00e1tica Americana; fue periodista; docente; Presidente de la Junta de Historia.<\/span><\/p>\n<p><span style=\"font-size: 14px;\"><br \/>Al fallecer, un 28 de abril de 1935, sus hijos donaron a la Provincia de Entre R\u00edos todas las colecciones que conformaban su acervo cultural. Para entonces, en la Provincia exist\u00eda el Museo de la Provincia cuya tem\u00e1tica fundamental eran las Ciencias Naturales conservando s\u00f3lo un departamento de Historia y otro sobre numism\u00e1tica; esto conlleva a la creaci\u00f3n del \u201cInstituto Martiniano Leguizam\u00f3n\u201d inaugurado un 5 de julio de 1936 dependiendo del Museo de la Provincia. Ya para 1948, a raz\u00f3n de las actividades propias del Instituto se solicita, mediante Decreto n\u00ba 1093 con fecha 19 de enero de 1948, que se diera la categor\u00eda de Museo a dicho Instituto, lo que sucede un 8 de abril de 1948 bajo Decreto n\u00ba 63 bajo Gobierno del Dr. H\u00e9ctor Maya.<\/span><\/p>\n<p><span style=\"font-size: 14px;\"><br \/>Las salas de exposici\u00f3n permanente del Museo Hist\u00f3rico se encuentran dispuestas en una l\u00ednea de tiempo desde los Pueblos Originarios hasta la primera mitad del Siglo XX, as\u00ed se pueden observar piezas sobre: Per\u00edodo Independista; General Ram\u00edrez; Beatriz Bosch; General Urquiza; Rosas; La Confederaci\u00f3n; Inmigrantes; Mates; Per\u00edodo Jordanista; Gobernadores; Escritores; M\u00fasica.<br \/>Cabe destacar que el Museo posee una biblioteca conformada por m\u00e1s de 30.000 vol\u00famenes; una Hemeroteca; Mapoteca; Oploteca; 4 salas de Reserva T\u00e9cnica; Sala de consulta y un Sal\u00f3n de Usos M\u00faltiples en donde se realizan actividades propias de la Instituci\u00f3n como tambi\u00e9n presentaciones particulares dentro del marco institucional.<br \/><\/span><span style=\"font-weight: 400;\"><\/span><\/p>\n<p>&nbsp;<\/p>\n<p><span style=\"font-weight: 400;\"><\/span><\/p>\n<p><span style=\"font-weight: 400;\"><\/span><\/p>\n<p><span style=\"font-weight: 400;\"><\/span><\/p>\n<p><span style=\"font-weight: 400;\"><\/span><\/p>\n<p><span style=\"font-weight: 400;\"><\/span><\/p>\n<p>[\/et_pb_text][\/et_pb_column][\/et_pb_row][et_pb_row column_structure=&#8221;1_4,1_4,1_4,1_4&#8243; use_custom_gutter=&#8221;on&#8221; gutter_width=&#8221;4&#8243; _builder_version=&#8221;4.21.2&#8243; _module_preset=&#8221;default&#8221; background_color=&#8221;RGBA(255,255,255,0)&#8221; width=&#8221;100%&#8221; max_width=&#8221;100%&#8221; module_alignment=&#8221;center&#8221; min_height=&#8221;134.3px&#8221; custom_margin=&#8221;15px|0px|0px|8px|false|false&#8221; custom_padding=&#8221;15px|69px|15px|32px|false|false&#8221; border_color_all=&#8221;#7CDA24&#8243; border_width_top=&#8221;10px&#8221; border_color_top=&#8221;#64b44b&#8221; global_module=&#8221;4620&#8243; saved_tabs=&#8221;all&#8221; global_colors_info=&#8221;{}&#8221;][et_pb_column type=&#8221;1_4&#8243; _builder_version=&#8221;4.17.4&#8243; _module_preset=&#8221;default&#8221; global_colors_info=&#8221;{}&#8221;][et_pb_text _builder_version=&#8221;4.21.2&#8243; _module_preset=&#8221;default&#8221; width=&#8221;113%&#8221; module_alignment=&#8221;right&#8221; global_colors_info=&#8221;{}&#8221;]<\/p>\n<p>Secretar\u00eda de Cultura de Entre R\u00edos<br \/>Calle Gardel 42 (3100)<br \/>+54 (343) 4207828<br \/>secretariadeculturaentrerios@gmail.com<br \/>Paran\u00e1 &#8211; Entre R\u00edos &#8211; Argentina<\/p>\n<p>[\/et_pb_text][\/et_pb_column][et_pb_column type=&#8221;1_4&#8243; _builder_version=&#8221;4.16&#8243; _module_preset=&#8221;default&#8221; global_colors_info=&#8221;{}&#8221;][et_pb_image src=&#8221;https:\/\/www.entrerios.gov.ar\/cultura\/wp-content\/uploads\/2021\/08\/LOGOS_P_WEB-02.png&#8221; title_text=&#8221;LOGOS_P_WEB-02&#8243; url=&#8221;https:\/\/www.entrerios.gov.ar\/cultura\/&#8221; _builder_version=&#8221;4.21.2&#8243; _module_preset=&#8221;default&#8221; width=&#8221;91.8%&#8221; custom_margin=&#8221;0px|-10px||20px|false|false&#8221; custom_padding=&#8221;|76px||||&#8221; global_colors_info=&#8221;{}&#8221;][\/et_pb_image][\/et_pb_column][et_pb_column type=&#8221;1_4&#8243; _builder_version=&#8221;4.16&#8243; _module_preset=&#8221;default&#8221; global_colors_info=&#8221;{}&#8221;][et_pb_image src=&#8221;https:\/\/www.entrerios.gov.ar\/cultura\/wp-content\/uploads\/2021\/08\/LOGOS_P_WEB-03.png&#8221; title_text=&#8221;LOGOS_P_WEB-03&#8243; url=&#8221;https:\/\/portal.entrerios.gov.ar\/gobiernoytrabajo\/inicio&#8221; url_new_window=&#8221;on&#8221; _builder_version=&#8221;4.21.2&#8243; _module_preset=&#8221;default&#8221; width=&#8221;91.8%&#8221; custom_margin=&#8221;0px|-10px||20px|false|false&#8221; custom_padding=&#8221;|76px||||&#8221; global_colors_info=&#8221;{}&#8221;][\/et_pb_image][\/et_pb_column][et_pb_column type=&#8221;1_4&#8243; _builder_version=&#8221;4.16&#8243; _module_preset=&#8221;default&#8221; global_colors_info=&#8221;{}&#8221;][et_pb_image src=&#8221;https:\/\/www.entrerios.gov.ar\/cultura\/wp-content\/uploads\/2021\/08\/LOGOS_P_WEB-01.png&#8221; title_text=&#8221;LOGOS_P_WEB-01&#8243; url=&#8221;https:\/\/portal.entrerios.gov.ar\/inicio&#8221; url_new_window=&#8221;on&#8221; _builder_version=&#8221;4.21.2&#8243; _module_preset=&#8221;default&#8221; width=&#8221;91.8%&#8221; custom_margin=&#8221;0px|-10px||20px|false|false&#8221; custom_padding=&#8221;|76px||||&#8221; global_colors_info=&#8221;{}&#8221;][\/et_pb_image][\/et_pb_column][\/et_pb_row][\/et_pb_section]<\/p>\n","protected":false},"excerpt":{"rendered":"<p>&nbsp; Museo Hist\u00f3rico de Entre R\u00edos Martiniano Leguizam\u00f3n El Museo Hist\u00f3rico de Entre R\u00edos lleva el nombre \u201cMartiniano Leguizam\u00f3n\u201d, en honor al Dr. Martiniano Leguizam\u00f3n, hijo del Coronel Martiniano Leguizam\u00f3n quien fue part\u00edcipe del ej\u00e9rcito del General Urquiza. Naci\u00f3 en Rosario del Tala; desde ni\u00f1o admirador de todo aquello relacionado a lo gauchezco. Abogado de [&hellip;]<\/p>\n","protected":false},"author":2,"featured_media":0,"parent":0,"menu_order":0,"comment_status":"closed","ping_status":"closed","template":"","meta":{"_et_pb_use_builder":"on","_et_pb_old_content":"","_et_gb_content_width":"","footnotes":""},"class_list":["post-3436","page","type-page","status-publish","hentry"],"_links":{"self":[{"href":"https:\/\/www.entrerios.gov.ar\/cultura\/wp-json\/wp\/v2\/pages\/3436","targetHints":{"allow":["GET"]}}],"collection":[{"href":"https:\/\/www.entrerios.gov.ar\/cultura\/wp-json\/wp\/v2\/pages"}],"about":[{"href":"https:\/\/www.entrerios.gov.ar\/cultura\/wp-json\/wp\/v2\/types\/page"}],"author":[{"embeddable":true,"href":"https:\/\/www.entrerios.gov.ar\/cultura\/wp-json\/wp\/v2\/users\/2"}],"replies":[{"embeddable":true,"href":"https:\/\/www.entrerios.gov.ar\/cultura\/wp-json\/wp\/v2\/comments?post=3436"}],"version-history":[{"count":9,"href":"https:\/\/www.entrerios.gov.ar\/cultura\/wp-json\/wp\/v2\/pages\/3436\/revisions"}],"predecessor-version":[{"id":14804,"href":"https:\/\/www.entrerios.gov.ar\/cultura\/wp-json\/wp\/v2\/pages\/3436\/revisions\/14804"}],"wp:attachment":[{"href":"https:\/\/www.entrerios.gov.ar\/cultura\/wp-json\/wp\/v2\/media?parent=3436"}],"curies":[{"name":"wp","href":"https:\/\/api.w.org\/{rel}","templated":true}]}}