{"id":3450,"date":"2021-07-04T22:30:35","date_gmt":"2021-07-04T22:30:35","guid":{"rendered":"https:\/\/www.entrerios.gov.ar\/cultura\/?page_id=3450"},"modified":"2025-09-12T13:00:04","modified_gmt":"2025-09-12T13:00:04","slug":"salas-historico","status":"publish","type":"page","link":"https:\/\/www.entrerios.gov.ar\/cultura\/salas-historico\/","title":{"rendered":"Salas Historico"},"content":{"rendered":"<p>[et_pb_section fb_built=&#8221;1&#8243; _builder_version=&#8221;4.16&#8243; _module_preset=&#8221;default&#8221; custom_margin=&#8221;0px|0px|0px|0px|false|false&#8221; custom_padding=&#8221;0px|0px|0px|0px|false|false&#8221; global_colors_info=&#8221;{}&#8221;][et_pb_row column_structure=&#8221;1_2,1_2&#8243; _builder_version=&#8221;4.16&#8243; _module_preset=&#8221;default&#8221; width=&#8221;95%&#8221; max_width=&#8221;95%&#8221; global_colors_info=&#8221;{}&#8221;][et_pb_column type=&#8221;1_2&#8243; _builder_version=&#8221;4.16&#8243; _module_preset=&#8221;default&#8221; global_colors_info=&#8221;{}&#8221;][et_pb_text _builder_version=&#8221;4.16&#8243; _module_preset=&#8221;default&#8221; custom_padding=&#8221;||0px|||&#8221; global_colors_info=&#8221;{}&#8221;]<\/p>\n<p>&nbsp;<\/p>\n<h1><span style=\"color: #000080;\"><b>Salas del Museo Hist\u00f3rico de Entre R\u00edos Martiniano Leguizam\u00f3n<\/b><\/span><\/h1>\n<p>[\/et_pb_text][et_pb_image src=&#8221;https:\/\/www.entrerios.gov.ar\/cultura\/wp-content\/uploads\/2021\/08\/WhatsApp-Image-2025-09-03-at-08.36.16-8.jpeg&#8221; title_text=&#8221;WhatsApp Image 2025-09-03 at 08.36.16 (8)&#8221; _builder_version=&#8221;4.21.2&#8243; _module_preset=&#8221;default&#8221; custom_margin=&#8221;0px||0px||false|false&#8221; global_colors_info=&#8221;{}&#8221;][\/et_pb_image][et_pb_image src=&#8221;https:\/\/www.entrerios.gov.ar\/cultura\/wp-content\/uploads\/2021\/08\/WhatsApp-Image-2025-09-03-at-08.36.16-5.jpeg&#8221; title_text=&#8221;WhatsApp Image 2025-09-03 at 08.36.16 (5)&#8221; force_fullwidth=&#8221;on&#8221; _builder_version=&#8221;4.21.2&#8243; _module_preset=&#8221;default&#8221; custom_margin=&#8221;0px||0px||false|false&#8221; global_colors_info=&#8221;{}&#8221;][\/et_pb_image][et_pb_image src=&#8221;https:\/\/www.entrerios.gov.ar\/cultura\/wp-content\/uploads\/2021\/06\/historico-3.png&#8221; title_text=&#8221;historico (3)&#8221; _builder_version=&#8221;4.21.2&#8243; _module_preset=&#8221;default&#8221; custom_margin=&#8221;0px||0px||false|false&#8221; global_colors_info=&#8221;{}&#8221;][\/et_pb_image][et_pb_image src=&#8221;https:\/\/www.entrerios.gov.ar\/cultura\/wp-content\/uploads\/2021\/08\/WhatsApp-Image-2025-09-03-at-08.36.16.jpeg&#8221; title_text=&#8221;WhatsApp Image 2025-09-03 at 08.36.16&#8243; force_fullwidth=&#8221;on&#8221; _builder_version=&#8221;4.21.2&#8243; _module_preset=&#8221;default&#8221; global_colors_info=&#8221;{}&#8221;][\/et_pb_image][\/et_pb_column][et_pb_column type=&#8221;1_2&#8243; _builder_version=&#8221;4.16&#8243; _module_preset=&#8221;default&#8221; global_colors_info=&#8221;{}&#8221;][et_pb_text _builder_version=&#8221;4.21.2&#8243; _module_preset=&#8221;default&#8221; text_font_size=&#8221;15px&#8221; text_line_height=&#8221;1.3em&#8221; custom_padding=&#8221;||0px|||&#8221; hover_enabled=&#8221;0&#8243; global_colors_info=&#8221;{}&#8221; sticky_enabled=&#8221;0&#8243;]<\/p>\n<p>&nbsp;<\/p>\n<p><span style=\"color: #000080;\"><b>EL MUSEO<\/b><\/span><\/p>\n<p>El Museo Hist\u00f3rico de Entre R\u00edos lleva el nombre \u201cMartiniano Leguizam\u00f3n\u201d,\u00a0 ciudadano entrerriano que se destac\u00f3 por ser escritor, poeta, abogado, periodista e historiador. Tras su fallecimiento (1935), su familia don\u00f3 gran parte de sus bienes al Estado, y es sobre la base de aquellos que en 1948 se crea el Museo Hist\u00f3rico Provincial que lleva su nombre.\u00a0<\/p>\n<p><span style=\"text-decoration: underline; color: #000080;\"><strong>S<\/strong><\/span><span style=\"color: #000080;\"><strong>ALA I<\/strong><\/span><\/p>\n<p>En esta sala presentamos nuestro Museo, el porqu\u00e9 de su nombre, c\u00f3mo se conforma y desarrolla el recorrido<\/p>\n<p><span style=\"color: #000080;\"><strong>SALA II<\/strong><\/span><\/p>\n<p>Se exponen piezas arqueol\u00f3gicas de nuestros originarios y otras relacionadas a los tiempos de la conquista espa\u00f1ola.<\/p>\n<p><span style=\"color: #000080;\"><strong>SALA III<\/strong><strong>\u00a0<\/strong><\/span><\/p>\n<p>Aabarca el per\u00edodo independista: el General Artigas y la Liga de los Pueblos Libres; Do\u00f1a Gregoria P\u00e9rez Vda. De Dennis y el Paso del General Belgrano por Paran\u00e1 se encuentran representados, entre otros temas alusivos por las piezas expuestas.<\/p>\n<p><span style=\"color: #000080;\"><strong>SALA IV<\/strong>\u00a0<\/span><\/p>\n<p>Este espacio est\u00e1 dedicado a nuestro Caudillo Entrerriano, creador de la Rep\u00fablica de Entre R\u00edos, el General Don Francisco Ram\u00edrez; su sable, lanzas montoneras; detalle de su bando; entre otras piezas pueden observarse en este espacio.<\/p>\n<p><span style=\"color: #000080;\"><strong>SALA V<\/strong><strong>\u00a0<\/strong><\/span><\/p>\n<p>Observamos cuadros y pertenencias de gobernadores y la bandera de Entre R\u00edos creada por Pascual Echag\u00fce.<\/p>\n<p><span style=\"color: #000080;\"><strong>SALA VI\u00a0<\/strong><\/span><\/p>\n<p>Se exponen obras pict\u00f3ricas del General Don Justo Jos\u00e9 de Urquiza y del General Don Juan Manuel de Rosas adem\u00e1s de piezas que refieren a tiempos de la Confederaci\u00f3n Argentina; cintas rojo punz\u00f3 entre otras piezas.<\/p>\n<p><span style=\"color: #000080;\"><strong>SALA VII<\/strong><\/span><\/p>\n<p>Se pueden observar documentaci\u00f3n sobre el General Don Justo Jos\u00e9 de Urquiza que recopilara y donara la Profesora e Historiadora Beatr\u00edz Bosch.<\/p>\n<p><span style=\"color: #000080;\"><strong>SALA VIII<\/strong><\/span><\/p>\n<p>Los Escudos de Lat\u00f3n nos remenmoran las provincias pre-existentes que se nombran en el Pre\u00e1mbulo de la Constituci\u00f3n Nacional; la maqueta de lo que pudo haber sido la ciudad de Paran\u00e1, capital de la Confederaci\u00f3n Argentina, en 1854; la bandera de la Confederaci\u00f3n adem\u00e1s de otras piezas hist\u00f3ricas.<\/p>\n<p><span style=\"color: #000080;\"><strong>SALA IX<\/strong><strong>\u00a0<\/strong><\/span><\/p>\n<p>Los inmigrantes. Las primeras corrientes migratorias fueron impulsadas por el General Urquiza en tiempos de su presidencia. Gigantograf\u00edas, ba\u00fales, estandartes, y dem\u00e1s, nos cuentan de aquellos que vinieron buscando un mundo mejor y generaron el crecimiento de nuestra Naci\u00f3n.<\/p>\n<p><span style=\"color: #000080;\"><strong>SALA X<\/strong>\u00a0<\/span><\/p>\n<p>Conformada por los mates y bombillas de plata y\/o alpaca que pertenecen a una de las colecciones del Dr. Martiniano Leguizam\u00f3n.<\/p>\n<p><span style=\"color: #000080;\"><strong>SALA XII<\/strong><\/span><\/p>\n<p>Poncho del General Uquiza, uniformes, lanzas, que refieren a los tiempos finales del General Uquiza y la Revoluci\u00f3n Jordanista.<\/p>\n<p><span style=\"color: #000080;\"><strong>SALA XII, XIII,\u00a0<\/strong><\/span><strong style=\"color: #000080;\">XIV<\/strong><\/p>\n<p>Conformadas por piezas, uniformes y mobiliario que pertenecieron a diferentes gobernadores y hechos sucedidos durante el los \u00faltimos a\u00f1os del Siglo XIX y principios del XX.\u00a0 Se encuentra tambi\u00e9n un sector dedicado al ferry, transporte naval utilizado hasta que fuera construido el T\u00fanel Subfluvial \u201cHernandarias\u201d hoy llamado \u201cUranga-Sylvestre Begnis\u201d.<\/p>\n<p><span style=\"color: #000080;\"><strong>SALA XV<\/strong><\/span><\/p>\n<p>Se exponen retratos, pertenencias y mobiliarios de los escritores C\u00e9sar Blas P\u00e9rez Colman, Teijeiro Mart\u00ednez, y Mart\u00edn Ru\u00edz Moreno quien fuera el primer director de este Museo Hist\u00f3rico.<\/p>\n<p><span style=\"color: #000080;\"><strong>SALA XVI<\/strong><\/span><\/p>\n<p>La m\u00fasica tiene su historia y esta sala la cuenta con sus instrumentos: un arpa; un piano de cola como as\u00ed tambi\u00e9n radios antiguas.<\/p>\n<p>***<\/p>\n<p>Cabe destacar tambi\u00e9n que el Museo Hist\u00f3rico posee tambi\u00e9n una biblioteca conformada por m\u00e1s de 30.000 vol\u00famenes; una Hemeroteca; Mapoteca; Oploteca; 4 salas de Reserva T\u00e9cnica; Sala de consulta y un Sal\u00f3n de Usos M\u00faltiples en donde se realizan actividades propias de la instituci\u00f3n como tambi\u00e9n presentaciones particulares, siempre y cuando la tem\u00e1tica a presentar est\u00e9 dentro del marco institucional.<\/p>\n<p>[\/et_pb_text][\/et_pb_column][\/et_pb_row][et_pb_row column_structure=&#8221;1_4,1_4,1_4,1_4&#8243; use_custom_gutter=&#8221;on&#8221; gutter_width=&#8221;4&#8243; _builder_version=&#8221;4.21.2&#8243; _module_preset=&#8221;default&#8221; background_color=&#8221;RGBA(255,255,255,0)&#8221; width=&#8221;100%&#8221; max_width=&#8221;100%&#8221; module_alignment=&#8221;center&#8221; min_height=&#8221;134.3px&#8221; custom_margin=&#8221;15px|0px|0px|8px|false|false&#8221; custom_padding=&#8221;15px|69px|15px|32px|false|false&#8221; border_color_all=&#8221;#7CDA24&#8243; border_width_top=&#8221;10px&#8221; border_color_top=&#8221;#64b44b&#8221; global_module=&#8221;4620&#8243; saved_tabs=&#8221;all&#8221; global_colors_info=&#8221;{}&#8221;][et_pb_column type=&#8221;1_4&#8243; _builder_version=&#8221;4.17.4&#8243; _module_preset=&#8221;default&#8221; global_colors_info=&#8221;{}&#8221;][et_pb_text _builder_version=&#8221;4.21.2&#8243; _module_preset=&#8221;default&#8221; width=&#8221;113%&#8221; module_alignment=&#8221;right&#8221; global_colors_info=&#8221;{}&#8221;]<\/p>\n<p>Secretar\u00eda de Cultura de Entre R\u00edos<br \/>Calle Gardel 42 (3100)<br \/>+54 (343) 4207828<br \/>secretariadeculturaentrerios@gmail.com<br \/>Paran\u00e1 &#8211; Entre R\u00edos &#8211; Argentina<\/p>\n<p>[\/et_pb_text][\/et_pb_column][et_pb_column type=&#8221;1_4&#8243; _builder_version=&#8221;4.16&#8243; _module_preset=&#8221;default&#8221; global_colors_info=&#8221;{}&#8221;][et_pb_image src=&#8221;https:\/\/www.entrerios.gov.ar\/cultura\/wp-content\/uploads\/2021\/08\/LOGOS_P_WEB-02.png&#8221; title_text=&#8221;LOGOS_P_WEB-02&#8243; url=&#8221;https:\/\/www.entrerios.gov.ar\/cultura\/&#8221; _builder_version=&#8221;4.21.2&#8243; _module_preset=&#8221;default&#8221; width=&#8221;91.8%&#8221; custom_margin=&#8221;0px|-10px||20px|false|false&#8221; custom_padding=&#8221;|76px||||&#8221; global_colors_info=&#8221;{}&#8221;][\/et_pb_image][\/et_pb_column][et_pb_column type=&#8221;1_4&#8243; _builder_version=&#8221;4.16&#8243; _module_preset=&#8221;default&#8221; global_colors_info=&#8221;{}&#8221;][et_pb_image src=&#8221;https:\/\/www.entrerios.gov.ar\/cultura\/wp-content\/uploads\/2021\/08\/LOGOS_P_WEB-03.png&#8221; title_text=&#8221;LOGOS_P_WEB-03&#8243; url=&#8221;https:\/\/portal.entrerios.gov.ar\/gobiernoytrabajo\/inicio&#8221; url_new_window=&#8221;on&#8221; _builder_version=&#8221;4.21.2&#8243; _module_preset=&#8221;default&#8221; width=&#8221;91.8%&#8221; custom_margin=&#8221;0px|-10px||20px|false|false&#8221; custom_padding=&#8221;|76px||||&#8221; global_colors_info=&#8221;{}&#8221;][\/et_pb_image][\/et_pb_column][et_pb_column type=&#8221;1_4&#8243; _builder_version=&#8221;4.16&#8243; _module_preset=&#8221;default&#8221; global_colors_info=&#8221;{}&#8221;][et_pb_image src=&#8221;https:\/\/www.entrerios.gov.ar\/cultura\/wp-content\/uploads\/2021\/08\/LOGOS_P_WEB-01.png&#8221; title_text=&#8221;LOGOS_P_WEB-01&#8243; url=&#8221;https:\/\/portal.entrerios.gov.ar\/inicio&#8221; url_new_window=&#8221;on&#8221; _builder_version=&#8221;4.21.2&#8243; _module_preset=&#8221;default&#8221; width=&#8221;91.8%&#8221; custom_margin=&#8221;0px|-10px||20px|false|false&#8221; custom_padding=&#8221;|76px||||&#8221; global_colors_info=&#8221;{}&#8221;][\/et_pb_image][\/et_pb_column][\/et_pb_row][\/et_pb_section]<\/p>\n","protected":false},"excerpt":{"rendered":"<p>&nbsp; Salas del Museo Hist\u00f3rico de Entre R\u00edos Martiniano Leguizam\u00f3n&nbsp; EL MUSEO El Museo Hist\u00f3rico de Entre R\u00edos lleva el nombre \u201cMartiniano Leguizam\u00f3n\u201d,\u00a0 ciudadano entrerriano que se destac\u00f3 por ser escritor, poeta, abogado, periodista e historiador. Tras su fallecimiento (1935), su familia don\u00f3 gran parte de sus bienes al Estado, y es sobre la base [&hellip;]<\/p>\n","protected":false},"author":2,"featured_media":0,"parent":0,"menu_order":0,"comment_status":"closed","ping_status":"closed","template":"","meta":{"_et_pb_use_builder":"on","_et_pb_old_content":"","_et_gb_content_width":"","footnotes":""},"class_list":["post-3450","page","type-page","status-publish","hentry"],"_links":{"self":[{"href":"https:\/\/www.entrerios.gov.ar\/cultura\/wp-json\/wp\/v2\/pages\/3450","targetHints":{"allow":["GET"]}}],"collection":[{"href":"https:\/\/www.entrerios.gov.ar\/cultura\/wp-json\/wp\/v2\/pages"}],"about":[{"href":"https:\/\/www.entrerios.gov.ar\/cultura\/wp-json\/wp\/v2\/types\/page"}],"author":[{"embeddable":true,"href":"https:\/\/www.entrerios.gov.ar\/cultura\/wp-json\/wp\/v2\/users\/2"}],"replies":[{"embeddable":true,"href":"https:\/\/www.entrerios.gov.ar\/cultura\/wp-json\/wp\/v2\/comments?post=3450"}],"version-history":[{"count":11,"href":"https:\/\/www.entrerios.gov.ar\/cultura\/wp-json\/wp\/v2\/pages\/3450\/revisions"}],"predecessor-version":[{"id":15028,"href":"https:\/\/www.entrerios.gov.ar\/cultura\/wp-json\/wp\/v2\/pages\/3450\/revisions\/15028"}],"wp:attachment":[{"href":"https:\/\/www.entrerios.gov.ar\/cultura\/wp-json\/wp\/v2\/media?parent=3450"}],"curies":[{"name":"wp","href":"https:\/\/api.w.org\/{rel}","templated":true}]}}