{"id":3460,"date":"2021-07-04T23:15:43","date_gmt":"2021-07-04T23:15:43","guid":{"rendered":"https:\/\/www.entrerios.gov.ar\/cultura\/?page_id=3460"},"modified":"2026-04-20T11:52:45","modified_gmt":"2026-04-20T11:52:45","slug":"autoridades","status":"publish","type":"page","link":"https:\/\/www.entrerios.gov.ar\/cultura\/autoridades\/","title":{"rendered":"Autoridades"},"content":{"rendered":"<p>[et_pb_section fb_built=&#8221;1&#8243; _builder_version=&#8221;4.16&#8243; _module_preset=&#8221;default&#8221; global_colors_info=&#8221;{}&#8221;][et_pb_row _builder_version=&#8221;4.16&#8243; _module_preset=&#8221;default&#8221; width=&#8221;95%&#8221; max_width=&#8221;95%&#8221; global_colors_info=&#8221;{}&#8221;][et_pb_column type=&#8221;4_4&#8243; _builder_version=&#8221;4.16&#8243; _module_preset=&#8221;default&#8221; global_colors_info=&#8221;{}&#8221;][et_pb_text _builder_version=&#8221;4.21.2&#8243; _module_preset=&#8221;default&#8221; border_width_bottom=&#8221;2px&#8221; border_color_bottom=&#8221;#7ebec5&#8243; global_colors_info=&#8221;{}&#8221;]<\/p>\n<h1 style=\"text-align: center;\"><span><strong>Autoridades de la Secretar\u00eda de Cultura de la Provincia de Entre R\u00edos<\/strong><\/span><\/h1>\n<p>[\/et_pb_text][\/et_pb_column][\/et_pb_row][et_pb_row _builder_version=&#8221;4.16&#8243; _module_preset=&#8221;default&#8221; width=&#8221;95%&#8221; max_width=&#8221;95%&#8221; global_colors_info=&#8221;{}&#8221;][et_pb_column type=&#8221;4_4&#8243; _builder_version=&#8221;4.16&#8243; _module_preset=&#8221;default&#8221; global_colors_info=&#8221;{}&#8221;][et_pb_text _builder_version=&#8221;4.21.2&#8243; _module_preset=&#8221;default&#8221; text_font_size=&#8221;18px&#8221; text_line_height=&#8221;1.1em&#8221; width=&#8221;1500px&#8221; max_width=&#8221;1500px&#8221; custom_padding=&#8221;||0px|||&#8221; global_colors_info=&#8221;{}&#8221;]<\/p>\n<p style=\"text-align: center;\"><b>Secretar\u00eda de Cultura del Gobierno de Entre R\u00edos<\/b><\/p>\n<p style=\"text-align: center;\"><b>Autoridades<\/b><\/p>\n<p style=\"text-align: center;\"><span style=\"font-weight: 400;\">Secretario de Cultura<\/span><\/p>\n<p style=\"text-align: center;\"><span style=\"font-weight: 400;\">Juli\u00e1n Manuel Stoppello\u00a0<\/span><\/p>\n<p style=\"text-align: center;\"><span style=\"font-weight: 400;\">Directora General de Museos y Patrimonio Cultural<\/span><\/p>\n<p style=\"text-align: center;\"><span style=\"font-weight: 400;\">Maia Rodr\u00edguez<\/span><\/p>\n<p style=\"text-align: center;\"><span style=\"font-weight: 400;\">Directora General de Industrias Culturales y Creativas<\/span><\/p>\n<p style=\"text-align: center;\"><span style=\"font-weight: 400;\">Mar\u00eda Roc\u00edo Rezzet<\/span><\/p>\n<p style=\"text-align: center;\"><span style=\"font-weight: 400;\">Directora General de Programas y Programaci\u00f3n Cultural<\/span><\/p>\n<p style=\"text-align: center;\"><span style=\"font-weight: 400;\">Natalia Lorena Prado<\/span><\/p>\n<p style=\"text-align: center;\"><span style=\"font-weight: 400;\">Director de Espacios Culturales<\/span><\/p>\n<p style=\"text-align: center;\"><span style=\"font-weight: 400;\">Oscar Valent\u00edn Lesa<\/span><\/p>\n<p style=\"text-align: center;\"><span style=\"font-weight: 400;\">Directora Legal y Administrativa<\/span><\/p>\n<p style=\"text-align: center;\"><span style=\"font-weight: 400;\">Dra. Luciana Vernackt\u00a0<\/span><\/p>\n<p style=\"text-align: center;\"><span style=\"font-weight: 400;\">Coordinador Contable\u00a0<\/span><\/p>\n<p style=\"text-align: center;\"><span style=\"font-weight: 400;\">Martin Neme\u00a0<\/span><\/p>\n<p style=\"text-align: center;\"><span style=\"font-weight: 400;\">Coordinador de Comunicaci\u00f3n y Prensa<\/span><\/p>\n<p style=\"text-align: center;\"><span style=\"font-weight: 400;\">Luciano Mete<\/span><\/p>\n<p style=\"text-align: center;\"><b>Organismos\u00a0<\/b><\/p>\n<p style=\"text-align: center;\"><span style=\"font-weight: 400;\">Orquesta Sinf\u00f3nica<\/span><\/p>\n<p style=\"text-align: center;\"><span style=\"font-weight: 400;\">Director Art\u00edstico<\/span><\/p>\n<p style=\"text-align: center;\"><span style=\"font-weight: 400;\">Luis Gorelik<\/span><\/p>\n<p style=\"text-align: center;\"><span style=\"font-weight: 400;\">Director T\u00e9cnico Administrativo\u00a0<\/span><\/p>\n<p style=\"text-align: center;\"><span style=\"font-weight: 400;\">Juan Manuel Lavini<\/span><\/p>\n<p style=\"text-align: center;\"><span style=\"font-weight: 400;\">Orquestas y Bandas Infanto Juveniles<\/span><\/p>\n<p style=\"text-align: center;\"><span style=\"font-weight: 400;\">Coordinadora<\/span><\/p>\n<p style=\"text-align: center;\"><span style=\"font-weight: 400;\">Soledad Sauthier<\/span><\/p>\n<p style=\"text-align: center;\"><span style=\"font-weight: 400;\"><\/span><span style=\"font-weight: 400;\">Editorial de Entre R\u00edos y Biblioteca Provincial<\/span><\/p>\n<p style=\"text-align: center;\"><span style=\"font-weight: 400;\">Director<\/span><\/p>\n<p style=\"text-align: center;\"><span style=\"font-weight: 400;\">Mat\u00edas Adri\u00e1n Arm\u00e1ndola\u00a0<\/span><\/p>\n<p style=\"text-align: center;\"><span style=\"font-weight: 400;\">Museo Provincial de Bellas Artes Dr. Pedro Mart\u00ednez<\/span><\/p>\n<p style=\"text-align: center;\"><span style=\"font-weight: 400;\">Coordinadora\u00a0<\/span><\/p>\n<p style=\"text-align: center;\"><span style=\"font-weight: 400;\">Julia Carolina Acosta<\/span><\/p>\n<p style=\"text-align: center;\"><span style=\"font-weight: 400;\">Museo Hist\u00f3rico Martiniano Leguizam\u00f3n<\/span><\/p>\n<p style=\"text-align: center;\"><span style=\"font-weight: 400;\">Coordinadora<\/span><\/p>\n<p style=\"text-align: center;\"><span style=\"font-weight: 400;\">Gisela Elizabeth Correa<\/span><\/p>\n<p style=\"text-align: center;\"><span style=\"font-weight: 400;\">Museo Casa de Gobierno<\/span><\/p>\n<p style=\"text-align: center;\"><span style=\"font-weight: 400;\">Coordinadora<\/span><\/p>\n<p style=\"text-align: center;\"><span style=\"font-weight: 400;\">Estela Estefan\u00eda Richard\u00a0<\/span><\/p>\n<p style=\"text-align: center;\"><span style=\"font-weight: 400;\">Museo de la Imagen (Concordia)<\/span><\/p>\n<p style=\"text-align: center;\"><span style=\"font-weight: 400;\">Coordinador\u00a0<\/span><\/p>\n<p style=\"text-align: center;\"><span style=\"font-weight: 400;\">Fernando Gonz\u00e1lez<\/span><\/p>\n<p style=\"text-align: center;\"><span style=\"font-weight: 400;\">Museo y Mercado Artesan\u00edas<\/span><\/p>\n<p style=\"text-align: center;\"><span style=\"font-weight: 400;\">Coordinador<\/span><\/p>\n<p style=\"text-align: center;\"><span style=\"font-weight: 400;\">Justo Marcelo Nu\u00f1ez<\/span><\/p>\n<p style=\"text-align: center;\"><span style=\"font-weight: 400;\">Museo Artemio Alisio (Concepci\u00f3n del Uruguay)<\/span><\/p>\n<p style=\"text-align: center;\"><span style=\"font-weight: 400;\">Coordinadora\u00a0<\/span><\/p>\n<p style=\"text-align: center;\">Anal\u00eda Tr\u00edpoli<\/p>\n<p style=\"text-align: center;\"><span style=\"font-weight: 400;\">Museo Ciencias Naturales y Antropol\u00f3gicas Prof Antonio Serrano<\/span><\/p>\n<p style=\"text-align: center;\"><span style=\"font-weight: 400;\">Coordinador\u00a0<\/span><\/p>\n<p style=\"text-align: center;\"><span style=\"font-weight: 400;\">Gast\u00f3n Fleita Moreyra\u00a0<\/span><\/p>\n<p style=\"text-align: center;\"><span style=\"font-weight: 400;\">Museo y Molino Forclaz (Col\u00f3n)<\/span><\/p>\n<p style=\"text-align: center;\"><span style=\"font-weight: 400;\">Director<\/span><\/p>\n<p style=\"text-align: center;\"><span style=\"font-weight: 400;\">Juan Carlos Buet<\/span><\/p>\n<p style=\"text-align: center;\"><span style=\"font-weight: 400;\">Archivo General de la Provincial<\/span><\/p>\n<p style=\"text-align: center;\"><span style=\"font-weight: 400;\">Coordinadora<\/span><\/p>\n<p style=\"text-align: center;\"><span style=\"font-weight: 400;\">Silvina Alejandra P\u00e9rez<\/span><\/p>\n<p><span style=\"font-weight: 400;\">\u00a0 \u00a0 \u00a0 \u00a0 \u00a0 \u00a0 \u00a0 \u00a0 \u00a0 \u00a0 \u00a0 \u00a0 \u00a0 \u00a0 \u00a0 \u00a0 \u00a0 \u00a0 \u00a0 \u00a0 \u00a0 \u00a0 \u00a0 \u00a0 \u00a0 \u00a0 \u00a0 \u00a0 \u00a0 \u00a0 \u00a0 \u00a0 \u00a0 \u00a0 \u00a0 \u00a0 \u00a0 \u00a0 \u00a0 \u00a0 \u00a0 \u00a0 \u00a0 \u00a0 \u00a0 \u00a0 \u00a0 \u00a0 \u00a0 \u00a0 \u00a0 \u00a0 \u00a0 \u00a0 \u00a0 \u00a0 \u00a0 \u00a0 \u00a0 \u00a0 \u00a0 \u00a0 \u00a0 \u00a0 \u00a0 \u00a0 \u00a0 \u00a0 \u00a0 \u00a0 \u00a0 \u00a0 \u00a0 \u00a0 \u00a0 \u00a0 CONTIER<\/span><\/p>\n<p style=\"text-align: center;\"><span style=\"font-weight: 400;\">Directora Ejecutiva<\/span><\/p>\n<p style=\"text-align: center;\"><span style=\"font-weight: 400;\">Mar\u00eda Cristina Witschi<\/span><\/p>\n<p style=\"text-align: center;\"><span style=\"font-weight: 400;\">IAAER<\/span><\/p>\n<p style=\"text-align: center;\"><span style=\"font-weight: 400;\">Presidente<\/span><\/p>\n<p style=\"text-align: center;\"><span style=\"font-weight: 400;\">Maximiliano Schonfeld <\/span><\/p>\n<p style=\"text-align: center;\"><strong> <\/strong><\/p>\n<p style=\"text-align: center;\"><strong><\/strong><\/p>\n<p style=\"text-align: center;\"><strong>\u00a0<\/strong><\/p>\n<p>[\/et_pb_text][\/et_pb_column][\/et_pb_row][et_pb_row column_structure=&#8221;1_4,1_4,1_4,1_4&#8243; use_custom_gutter=&#8221;on&#8221; gutter_width=&#8221;4&#8243; _builder_version=&#8221;4.21.2&#8243; _module_preset=&#8221;default&#8221; background_color=&#8221;RGBA(255,255,255,0)&#8221; width=&#8221;100%&#8221; max_width=&#8221;100%&#8221; module_alignment=&#8221;center&#8221; min_height=&#8221;134.3px&#8221; custom_margin=&#8221;15px|0px|0px|8px|false|false&#8221; custom_padding=&#8221;15px|1521px|15px|32px|false|false&#8221; border_color_all=&#8221;#7CDA24&#8243; border_width_top=&#8221;10px&#8221; border_color_top=&#8221;#64b44b&#8221; global_module=&#8221;4620&#8243; saved_tabs=&#8221;all&#8221; global_colors_info=&#8221;{}&#8221;][et_pb_column type=&#8221;1_4&#8243; _builder_version=&#8221;4.17.4&#8243; _module_preset=&#8221;default&#8221; global_colors_info=&#8221;{}&#8221;][et_pb_text _builder_version=&#8221;4.21.2&#8243; _module_preset=&#8221;default&#8221; width=&#8221;113%&#8221; module_alignment=&#8221;right&#8221; global_colors_info=&#8221;{}&#8221;][\/et_pb_text][\/et_pb_column][et_pb_column type=&#8221;1_4&#8243; _builder_version=&#8221;4.16&#8243; _module_preset=&#8221;default&#8221; global_colors_info=&#8221;{}&#8221;][et_pb_image src=&#8221;https:\/\/www.entrerios.gov.ar\/cultura\/wp-content\/uploads\/2021\/08\/LOGOS_P_WEB-02.png&#8221; title_text=&#8221;LOGOS_P_WEB-02&#8243; url=&#8221;https:\/\/www.entrerios.gov.ar\/cultura\/&#8221; _builder_version=&#8221;4.21.2&#8243; _module_preset=&#8221;default&#8221; width=&#8221;91.8%&#8221; custom_margin=&#8221;0px|-10px||20px|false|false&#8221; custom_padding=&#8221;|76px||||&#8221; global_colors_info=&#8221;{}&#8221;][\/et_pb_image][\/et_pb_column][et_pb_column type=&#8221;1_4&#8243; _builder_version=&#8221;4.16&#8243; _module_preset=&#8221;default&#8221; global_colors_info=&#8221;{}&#8221;][et_pb_image src=&#8221;https:\/\/www.entrerios.gov.ar\/cultura\/wp-content\/uploads\/2021\/08\/LOGOS_P_WEB-03.png&#8221; title_text=&#8221;LOGOS_P_WEB-03&#8243; url=&#8221;https:\/\/portal.entrerios.gov.ar\/gobiernoytrabajo\/inicio&#8221; url_new_window=&#8221;on&#8221; _builder_version=&#8221;4.21.2&#8243; _module_preset=&#8221;default&#8221; width=&#8221;91.8%&#8221; custom_margin=&#8221;0px|-10px||20px|false|false&#8221; custom_padding=&#8221;|76px||||&#8221; global_colors_info=&#8221;{}&#8221;][\/et_pb_image][\/et_pb_column][et_pb_column type=&#8221;1_4&#8243; _builder_version=&#8221;4.16&#8243; _module_preset=&#8221;default&#8221; global_colors_info=&#8221;{}&#8221;][et_pb_image src=&#8221;https:\/\/www.entrerios.gov.ar\/cultura\/wp-content\/uploads\/2021\/08\/LOGOS_P_WEB-01.png&#8221; title_text=&#8221;LOGOS_P_WEB-01&#8243; url=&#8221;https:\/\/portal.entrerios.gov.ar\/inicio&#8221; url_new_window=&#8221;on&#8221; _builder_version=&#8221;4.21.2&#8243; _module_preset=&#8221;default&#8221; width=&#8221;91.8%&#8221; custom_margin=&#8221;0px|-10px||20px|false|false&#8221; custom_padding=&#8221;|76px||||&#8221; global_colors_info=&#8221;{}&#8221;][\/et_pb_image][\/et_pb_column][\/et_pb_row][\/et_pb_section]<\/p>\n","protected":false},"excerpt":{"rendered":"<p>Autoridades de la Secretar\u00eda de Cultura de la Provincia de Entre R\u00edosSecretar\u00eda de Cultura del Gobierno de Entre R\u00edos Autoridades Secretario de Cultura Juli\u00e1n Manuel Stoppello\u00a0 Directora General de Museos y Patrimonio Cultural Maia Rodr\u00edguez Directora General de Industrias Culturales y Creativas Mar\u00eda Roc\u00edo Rezzet Directora General de Programas y Programaci\u00f3n Cultural Natalia Lorena Prado [&hellip;]<\/p>\n","protected":false},"author":2,"featured_media":0,"parent":0,"menu_order":0,"comment_status":"closed","ping_status":"closed","template":"","meta":{"_et_pb_use_builder":"on","_et_pb_old_content":"","_et_gb_content_width":"","footnotes":""},"class_list":["post-3460","page","type-page","status-publish","hentry"],"_links":{"self":[{"href":"https:\/\/www.entrerios.gov.ar\/cultura\/wp-json\/wp\/v2\/pages\/3460","targetHints":{"allow":["GET"]}}],"collection":[{"href":"https:\/\/www.entrerios.gov.ar\/cultura\/wp-json\/wp\/v2\/pages"}],"about":[{"href":"https:\/\/www.entrerios.gov.ar\/cultura\/wp-json\/wp\/v2\/types\/page"}],"author":[{"embeddable":true,"href":"https:\/\/www.entrerios.gov.ar\/cultura\/wp-json\/wp\/v2\/users\/2"}],"replies":[{"embeddable":true,"href":"https:\/\/www.entrerios.gov.ar\/cultura\/wp-json\/wp\/v2\/comments?post=3460"}],"version-history":[{"count":30,"href":"https:\/\/www.entrerios.gov.ar\/cultura\/wp-json\/wp\/v2\/pages\/3460\/revisions"}],"predecessor-version":[{"id":16893,"href":"https:\/\/www.entrerios.gov.ar\/cultura\/wp-json\/wp\/v2\/pages\/3460\/revisions\/16893"}],"wp:attachment":[{"href":"https:\/\/www.entrerios.gov.ar\/cultura\/wp-json\/wp\/v2\/media?parent=3460"}],"curies":[{"name":"wp","href":"https:\/\/api.w.org\/{rel}","templated":true}]}}