{"id":3474,"date":"2021-07-05T21:34:16","date_gmt":"2021-07-05T21:34:16","guid":{"rendered":"https:\/\/www.entrerios.gov.ar\/cultura\/?page_id=3474"},"modified":"2022-08-16T14:15:56","modified_gmt":"2022-08-16T14:15:56","slug":"salas-evita","status":"publish","type":"page","link":"https:\/\/www.entrerios.gov.ar\/cultura\/salas-evita\/","title":{"rendered":"Salas Evita"},"content":{"rendered":"<p>[et_pb_section fb_built=&#8221;1&#8243; _builder_version=&#8221;4.16&#8243; _module_preset=&#8221;default&#8221; custom_margin=&#8221;0px|0px|0px|0px|false|false&#8221; custom_padding=&#8221;0px|0px|0px|0px|false|false&#8221; global_colors_info=&#8221;{}&#8221;][et_pb_row column_structure=&#8221;1_2,1_2&#8243; _builder_version=&#8221;4.16&#8243; _module_preset=&#8221;default&#8221; width=&#8221;95%&#8221; max_width=&#8221;95%&#8221; global_colors_info=&#8221;{}&#8221;][et_pb_column type=&#8221;1_2&#8243; _builder_version=&#8221;4.16&#8243; _module_preset=&#8221;default&#8221; global_colors_info=&#8221;{}&#8221;][et_pb_text _builder_version=&#8221;4.18.0&#8243; _module_preset=&#8221;default&#8221; custom_padding=&#8221;||0px|||&#8221; hover_enabled=&#8221;0&#8243; global_colors_info=&#8221;{}&#8221; sticky_enabled=&#8221;0&#8243;]<\/p>\n<p>&nbsp;<\/p>\n<h1><span style=\"color: #993300;\"><b>SALAS DEL MUSEO PROVINCIAL HOGAR ESCUELA EVA PER\u00d3N<br \/><\/b><\/span><\/h1>\n<p>[\/et_pb_text][et_pb_image src=&#8221;https:\/\/www.entrerios.gov.ar\/cultura\/wp-content\/uploads\/2021\/06\/Sala-Bienestar-1-1.jpg&#8221; title_text=&#8221;Sala Bienestar 1&#8243; force_fullwidth=&#8221;on&#8221; _builder_version=&#8221;4.18.0&#8243; _module_preset=&#8221;default&#8221; custom_margin=&#8221;0px||0px||false|false&#8221; global_colors_info=&#8221;{}&#8221;][\/et_pb_image][et_pb_image src=&#8221;https:\/\/www.entrerios.gov.ar\/cultura\/wp-content\/uploads\/2021\/06\/Sala-Salud-1.jpg&#8221; title_text=&#8221;Sala Salud 1&#8243; force_fullwidth=&#8221;on&#8221; _builder_version=&#8221;4.18.0&#8243; _module_preset=&#8221;default&#8221; custom_margin=&#8221;0px||0px||false|false&#8221; global_colors_info=&#8221;{}&#8221;][\/et_pb_image][et_pb_image src=&#8221;https:\/\/www.entrerios.gov.ar\/cultura\/wp-content\/uploads\/2021\/06\/Sala-Cultura-1.jpg&#8221; title_text=&#8221;Sala Cultura 1&#8243; force_fullwidth=&#8221;on&#8221; _builder_version=&#8221;4.18.0&#8243; _module_preset=&#8221;default&#8221; custom_margin=&#8221;0px||0px||false|false&#8221; global_colors_info=&#8221;{}&#8221;][\/et_pb_image][et_pb_image src=&#8221;https:\/\/www.entrerios.gov.ar\/cultura\/wp-content\/uploads\/2022\/08\/Museo-Provincial-Eva-Peron.jpg&#8221; title_text=&#8221;Museo Provincial Eva Per\u00f3n&#8221; force_fullwidth=&#8221;on&#8221; _builder_version=&#8221;4.18.0&#8243; _module_preset=&#8221;default&#8221; global_colors_info=&#8221;{}&#8221;][\/et_pb_image][\/et_pb_column][et_pb_column type=&#8221;1_2&#8243; _builder_version=&#8221;4.16&#8243; _module_preset=&#8221;default&#8221; global_colors_info=&#8221;{}&#8221;][et_pb_text _builder_version=&#8221;4.18.0&#8243; _module_preset=&#8221;default&#8221; text_font_size=&#8221;15px&#8221; text_line_height=&#8221;1.3em&#8221; custom_padding=&#8221;||0px|||&#8221; global_colors_info=&#8221;{}&#8221;]<\/p>\n<p>&nbsp;<\/p>\n<p>&nbsp;<\/p>\n<p><strong><u><\/u><\/strong><\/p>\n<p><strong><u><\/u><\/strong><\/p>\n<p><strong><u><\/u><\/strong><\/p>\n<p><strong><\/strong><\/p>\n<p><strong><u><\/u><\/strong><\/p>\n<h3><span style=\"color: #993300;\"><strong>Sala de Bienvenida<\/strong><\/span><\/h3>\n<p><strong>El valor de jugar.\u00a0<\/strong>Una ni\u00f1ez dedicada a las tareas escolares y al juego, lejos de las privaciones y el trabajo, era la visi\u00f3n de la obra desplegada por Eva. Los juguetes que llegaron hacia 1954, donados por la Fundaci\u00f3n, transmit\u00edan las nuevas posibilidades y el descubrimiento de un mundo que estaba cambiando, especialmente, para las clases populares.<\/p>\n<h3><span style=\"color: #993300;\"><strong>Sala Salud<\/strong><\/span><\/h3>\n<p><strong>El origen del cuidado.<\/strong> Cada ni\u00f1o recib\u00eda un examen m\u00e9dico completo al ingresar al Hogar Escuela. M\u00e9dicos, enfermeras, dentistas y dietistas se hac\u00edan responsables de la salud integral de los trabajadores del lugar y de los ni\u00f1os y ni\u00f1as. Adem\u00e1s, con una perspectiva de medicina preventiva, se practicaban dos ex\u00e1menes por mes a cada alumno.<\/p>\n<p><strong>La sonrisa del pueblo.<\/strong> El acceso al cuidado de la salud bucal result\u00f3 una prioridad para la Fundaci\u00f3n Eva Per\u00f3n. En cada Hogar Escuela se instalaron consultorios espec\u00edficos para atender y prevenir las enfermedades dentales. Lograr que los m\u00e1s humildes pudieran presentar su rostro frente a las oportunidades con una <strong>sonrisa<\/strong> sin carencias, tambi\u00e9n fue una pol\u00edtica de Eva.<\/p>\n<h3><span style=\"color: #993300;\"><strong>Sala Educaci\u00f3n<\/strong><\/span><\/h3>\n<p><strong>El territorio de la Fundaci\u00f3n.<\/strong> Los Hogares Escuela albergaron m\u00e1s de 16 mil ni\u00f1os cuando la poblaci\u00f3n de la Argentina era alrededor de 16 millones. Los lugares fueron seleccionados a partir de un minucioso estudio estad\u00edstico en funci\u00f3n de las caracter\u00edsticas y necesidades de las zonas.<\/p>\n<p>La educaci\u00f3n era pensada de forma integral, brindando igualdad de oportunidades. En el Hogar, los ni\u00f1os y las ni\u00f1as recib\u00edan educaci\u00f3n suplementaria, refuerzo educacional y clases particulares seg\u00fan la necesidad de cada uno.<\/p>\n<h3><span style=\"color: #993300;\"><strong>Sala Hogar<\/strong><\/span><\/h3>\n<p><strong>Un lugar seguro.<\/strong> La Fundaci\u00f3n estableci\u00f3 19 Hogares Escuela durante los siete a\u00f1os precedentes al golpe de Estado de 1955.<\/p>\n<p>Integraci\u00f3n, no segregaci\u00f3n, era el lema de cada escuela Hogar Escuela. Para Eva, la meta principal era crear un lugar seguro para los ni\u00f1os y ni\u00f1as. Su idea era que pudiesen asistir a las escuelas p\u00fablicas y mantuvieran los lazos con su n\u00facleo familiar.<\/p>\n<p><strong>Costurero.<\/strong> Las m\u00e1quinas de coser son un reconocido \u00edcono de la Fundaci\u00f3n Eva Per\u00f3n, las cuales cobraron gran importancia en los Hogares Escuela.<\/p>\n<p>Por un lado, formaban parte de la actividad de las mujeres que se insertaron por primera vez en el mercado laboral, y por otro, en los talleres textiles de cada complejo, donde se confeccionaban o reparaban prendas o art\u00edculos de blanquer\u00eda, que luego pod\u00edan comercializarse o ser utilizados en el complejo.<\/p>\n<p>En \u201cLa Raz\u00f3n de Mi Vida\u201d, Eva cuenta la historia de una mujer que recibi\u00f3 una m\u00e1quina de coser de la Fundaci\u00f3n y le envi\u00f3 cinco pesos de sus primeras ganancias. Es evidente que Eva record\u00f3 la importancia que tuvo en su propia infancia una m\u00e1quina de coser, como herramienta de trabajo para una familia sostenida exclusivamente por la mujer.<\/p>\n<h3><span style=\"color: #993300;\"><strong>Sala Bienestar<\/strong><\/span><\/h3>\n<p><strong>Convivencia familiar.<\/strong>La propuesta del Hogar Escuela contemplaba una convivencia amena, familiar y agradable. Para ello, sedecide suprimir las largas mesas de los comedores comunitarios.<\/p>\n<p>Se pensaron salas con pinturas cordiales, cuadros, mesas con manteles alegres y vajilla fina para el disfrute de los comensales. Desde la Fundaci\u00f3n se prove\u00edan sillas y mesas en distintos tama\u00f1os, seg\u00fan las edades de los ni\u00f1os.<\/p>\n<p>Todo se destacaba por su excelente calidad, lo cual responde a la firme convicci\u00f3n de Eva de plasmar en pol\u00edticas p\u00fablicas la igualdad de acceso a los bienes, consider\u00e1ndolo un derecho de todos los ni\u00f1os, de todos los argentinos.<\/p>\n<h3><span style=\"color: #993300;\"><strong>Sala Cultura<\/strong><\/span><\/h3>\n<p><strong>Salas culturales en los Hogares.<\/strong> Todos los Hogares Escuelas pose\u00edan en su planificaci\u00f3n espacios destinados al arte y la cultura. Se dise\u00f1aron grandes auditorios con capacidad para cientos de personas que se utilizaron con diversos fines: presentaciones musicales, obras teatrales, actos escolares, entre otras.<\/p>\n<p>En el caso de la ciudad de Paran\u00e1, en las instalaciones del auditorio del Hogar Escuela, funcion\u00f3 el Cine Pancho Ram\u00edrez. Un lugar de encuentro,\u00a0 donde ni\u00f1os, j\u00f3venes y adultos, a\u00fan los que no acud\u00edan al Complejo, se reun\u00edan para disfrutar de pel\u00edculas, documentales o el noticioso.<\/p>\n<p>El Cine Pancho Ram\u00edrez, fue un lugar ic\u00f3nico de la ciudad, no s\u00f3lo por su costo accesible, sino por su imponente sala. Era un lugar de excelencia, donde los paranaenses se encontraban para pasar un buen rato en familia o con amigos.<\/p>\n<p>[\/et_pb_text][\/et_pb_column][\/et_pb_row][et_pb_row column_structure=&#8221;1_4,1_4,1_4,1_4&#8243; use_custom_gutter=&#8221;on&#8221; gutter_width=&#8221;4&#8243; make_equal=&#8221;on&#8221; _builder_version=&#8221;4.17.4&#8243; _module_preset=&#8221;default&#8221; width=&#8221;100%&#8221; max_width=&#8221;100%&#8221; module_alignment=&#8221;center&#8221; custom_margin=&#8221;15px|0px|0px|8px|false|false&#8221; custom_padding=&#8221;15px|0px|15px|32px|false|false&#8221; border_color_all=&#8221;#0C71C3&#8243; border_width_top=&#8221;10px&#8221; border_color_top=&#8221;#0fafff&#8221; global_module=&#8221;4620&#8243; saved_tabs=&#8221;all&#8221; global_colors_info=&#8221;{}&#8221;][et_pb_column type=&#8221;1_4&#8243; _builder_version=&#8221;4.17.4&#8243; _module_preset=&#8221;default&#8221; global_colors_info=&#8221;{}&#8221;][et_pb_text _builder_version=&#8221;4.17.6&#8243; _module_preset=&#8221;default&#8221; width=&#8221;100%&#8221; module_alignment=&#8221;right&#8221; global_colors_info=&#8221;{}&#8221;]<\/p>\n<p>Secretar\u00eda de Cultura de Entre R\u00edos<br \/>Calle Gardel 42 (3100)<br \/>+54 (343) 4207828<br \/><span>secretariaculturaentrerios@gmail.com<\/span><br \/>Paran\u00e1 &#8211; Entre R\u00edos &#8211; Argentina<\/p>\n<p>[\/et_pb_text][\/et_pb_column][et_pb_column type=&#8221;1_4&#8243; _builder_version=&#8221;4.16&#8243; _module_preset=&#8221;default&#8221; global_colors_info=&#8221;{}&#8221;][et_pb_social_media_follow icon_color=&#8221;#FFFFFF&#8221; _builder_version=&#8221;4.18.0&#8243; _module_preset=&#8221;default&#8221; background_color=&#8221;RGBA(0,0,0,0)&#8221; width=&#8221;300px&#8221; custom_margin=&#8221;4px||0px|25px|false|false&#8221; custom_padding=&#8221;3px||||false|false&#8221; global_colors_info=&#8221;{}&#8221;][et_pb_social_media_follow_network social_network=&#8221;facebook&#8221; url=&#8221;https:\/\/www.facebook.com\/CulturaEntreRios&#8221; icon_color=&#8221;#000000&#8243; use_icon_font_size=&#8221;on&#8221; icon_font_size=&#8221;30px&#8221; _builder_version=&#8221;4.16&#8243; _module_preset=&#8221;default&#8221; background_color=&#8221;RGBA(0,0,0,0)&#8221; background_enable_color=&#8221;on&#8221; custom_button=&#8221;on&#8221; global_colors_info=&#8221;{}&#8221; follow_button=&#8221;off&#8221; url_new_window=&#8221;on&#8221;]facebook[\/et_pb_social_media_follow_network][et_pb_social_media_follow_network social_network=&#8221;twitter&#8221; url=&#8221;https:\/\/twitter.com\/EntreRiosCultur&#8221; icon_color=&#8221;#000000&#8243; use_icon_font_size=&#8221;on&#8221; icon_font_size=&#8221;30px&#8221; _builder_version=&#8221;4.16&#8243; _module_preset=&#8221;default&#8221; background_color=&#8221;RGBA(0,0,0,0)&#8221; background_enable_color=&#8221;on&#8221; global_colors_info=&#8221;{}&#8221; follow_button=&#8221;off&#8221; url_new_window=&#8221;on&#8221;]twitter[\/et_pb_social_media_follow_network][et_pb_social_media_follow_network social_network=&#8221;instagram&#8221; url=&#8221;https:\/\/www.instagram.com\/culturaentrerios\/?hl=es&#8221; icon_color=&#8221;#000000&#8243; use_icon_font_size=&#8221;on&#8221; icon_font_size=&#8221;30px&#8221; _builder_version=&#8221;4.16&#8243; _module_preset=&#8221;default&#8221; background_color=&#8221;RGBA(0,0,0,0)&#8221; background_enable_color=&#8221;on&#8221; global_colors_info=&#8221;{}&#8221; follow_button=&#8221;off&#8221; url_new_window=&#8221;on&#8221;]instagram[\/et_pb_social_media_follow_network][et_pb_social_media_follow_network social_network=&#8221;youtube&#8221; url=&#8221;https:\/\/www.youtube.com\/user\/ComyCulturaER&#8221; _builder_version=&#8221;4.18.0&#8243; _module_preset=&#8221;default&#8221; background_color=&#8221;#0a0100&#8243; background_enable_color=&#8221;on&#8221; global_colors_info=&#8221;{}&#8221; follow_button=&#8221;off&#8221; url_new_window=&#8221;on&#8221;]youtube[\/et_pb_social_media_follow_network][\/et_pb_social_media_follow][\/et_pb_column][et_pb_column type=&#8221;1_4&#8243; _builder_version=&#8221;4.16&#8243; _module_preset=&#8221;default&#8221; global_colors_info=&#8221;{}&#8221;][et_pb_image src=&#8221;https:\/\/www.entrerios.gov.ar\/cultura\/wp-content\/uploads\/2021\/10\/Sec.Cultura-en-negro.jpg&#8221; title_text=&#8221;Sec.Cultura en negro&#8221; _builder_version=&#8221;4.16&#8243; _module_preset=&#8221;default&#8221; global_colors_info=&#8221;{}&#8221;][\/et_pb_image][\/et_pb_column][et_pb_column type=&#8221;1_4&#8243; _builder_version=&#8221;4.16&#8243; _module_preset=&#8221;default&#8221; global_colors_info=&#8221;{}&#8221;][et_pb_image src=&#8221;https:\/\/www.entrerios.gov.ar\/cultura\/wp-content\/uploads\/2021\/01\/logo_er_negro_500-e1634427847360.png&#8221; title_text=&#8221;logo_er_negro_400&#8243; _builder_version=&#8221;4.16&#8243; _module_preset=&#8221;default&#8221; global_colors_info=&#8221;{}&#8221;][\/et_pb_image][\/et_pb_column][\/et_pb_row][\/et_pb_section]<\/p>\n","protected":false},"excerpt":{"rendered":"<p>&nbsp; SALAS DEL MUSEO PROVINCIAL HOGAR ESCUELA EVA PER\u00d3N&nbsp; &nbsp; Sala de Bienvenida El valor de jugar.\u00a0Una ni\u00f1ez dedicada a las tareas escolares y al juego, lejos de las privaciones y el trabajo, era la visi\u00f3n de la obra desplegada por Eva. Los juguetes que llegaron hacia 1954, donados por la Fundaci\u00f3n, transmit\u00edan las nuevas [&hellip;]<\/p>\n","protected":false},"author":2,"featured_media":0,"parent":0,"menu_order":0,"comment_status":"closed","ping_status":"closed","template":"","meta":{"_et_pb_use_builder":"on","_et_pb_old_content":"","_et_gb_content_width":"","footnotes":""},"class_list":["post-3474","page","type-page","status-publish","hentry"],"_links":{"self":[{"href":"https:\/\/www.entrerios.gov.ar\/cultura\/wp-json\/wp\/v2\/pages\/3474","targetHints":{"allow":["GET"]}}],"collection":[{"href":"https:\/\/www.entrerios.gov.ar\/cultura\/wp-json\/wp\/v2\/pages"}],"about":[{"href":"https:\/\/www.entrerios.gov.ar\/cultura\/wp-json\/wp\/v2\/types\/page"}],"author":[{"embeddable":true,"href":"https:\/\/www.entrerios.gov.ar\/cultura\/wp-json\/wp\/v2\/users\/2"}],"replies":[{"embeddable":true,"href":"https:\/\/www.entrerios.gov.ar\/cultura\/wp-json\/wp\/v2\/comments?post=3474"}],"version-history":[{"count":7,"href":"https:\/\/www.entrerios.gov.ar\/cultura\/wp-json\/wp\/v2\/pages\/3474\/revisions"}],"predecessor-version":[{"id":6392,"href":"https:\/\/www.entrerios.gov.ar\/cultura\/wp-json\/wp\/v2\/pages\/3474\/revisions\/6392"}],"wp:attachment":[{"href":"https:\/\/www.entrerios.gov.ar\/cultura\/wp-json\/wp\/v2\/media?parent=3474"}],"curies":[{"name":"wp","href":"https:\/\/api.w.org\/{rel}","templated":true}]}}