{"id":618,"date":"2021-02-26T13:37:30","date_gmt":"2021-02-26T13:37:30","guid":{"rendered":"https:\/\/www.entrerios.gov.ar\/cultura\/?page_id=618"},"modified":"2026-02-26T12:27:35","modified_gmt":"2026-02-26T12:27:35","slug":"biblioteca-provincial-de-entre-rios","status":"publish","type":"page","link":"https:\/\/www.entrerios.gov.ar\/cultura\/biblioteca-provincial-de-entre-rios\/","title":{"rendered":"Biblioteca Provincial de Entre R\u00edos"},"content":{"rendered":"\n[et_pb_section fb_built=&#8221;1&#8243; _builder_version=&#8221;4.16&#8243; _module_preset=&#8221;default&#8221; background_color=&#8221;rgba(10,10,10,0.5)&#8221; background_image=&#8221;https:\/\/www.entrerios.gov.ar\/cultura\/wp-content\/uploads\/2021\/06\/Biblioteca-.jpg&#8221; background_blend=&#8221;darken&#8221; max_height=&#8221;600px&#8221; custom_padding=&#8221;121px||132px|||&#8221; global_colors_info=&#8221;{}&#8221;][et_pb_row custom_padding_last_edited=&#8221;on|phone&#8221; _builder_version=&#8221;4.16&#8243; _module_preset=&#8221;default&#8221; width=&#8221;90%&#8221; max_width=&#8221;90%&#8221; custom_margin=&#8221;-23px||||false|false&#8221; custom_padding=&#8221;|600px|||false|false&#8221; custom_padding_tablet=&#8221;&#8221; custom_padding_phone=&#8221;|0px|||false|false&#8221; global_colors_info=&#8221;{}&#8221;][et_pb_column type=&#8221;4_4&#8243; _builder_version=&#8221;4.16&#8243; _module_preset=&#8221;default&#8221; global_colors_info=&#8221;{}&#8221;][et_pb_text _builder_version=&#8221;4.16&#8243; _module_preset=&#8221;default&#8221; text_text_color=&#8221;#FFFFFF&#8221; header_text_color=&#8221;#FFFFFF&#8221; header_font_size=&#8221;55px&#8221; background_color=&#8221;rgba(10,100,173,0.59)&#8221; width=&#8221;1000px&#8221; header_text_shadow_style=&#8221;preset2&#8243; global_colors_info=&#8221;{}&#8221;]<h1>BIBLIOTECA PROVINCIAL DE ENTRE RIOS<\/h1>[\/et_pb_text][et_pb_text _builder_version=&#8221;4.16&#8243; _module_preset=&#8221;default&#8221; text_text_color=&#8221;#FFFFFF&#8221; header_text_color=&#8221;#FFFFFF&#8221; header_font_size=&#8221;55px&#8221; width=&#8221;1000px&#8221; header_text_shadow_style=&#8221;preset2&#8243; global_colors_info=&#8221;{}&#8221;]<p><span style=\"font-weight: 400;\">La Biblioteca est\u00e1 especializada en literatura, sociolog\u00eda y lingu\u00edstica, entre otras disciplinas. Su importante patrimonio bibliogr\u00e1fico y documental es producto de significativas donaciones de grandes figuras entrerrianas como Marcelino Rom\u00e1n, Elio C. Leyes y Antonio R. Turi, que conforman los fondos m\u00e1s importantes.\u00a0<\/span><span style=\"font-size: 14px;\">Con los a\u00f1os, la Biblioteca se ha ido nutriendo de sucesivas y diversas donaciones y en la actualidad dispone de un Fondo General y un Fondo de Autores Entrerrianos con m\u00e1s de 6 mil t\u00edtulos.<\/span><\/p>\n<div id=\"gtx-trans\" style=\"position: absolute; left: 230px; top: 168.324px;\">\n<div class=\"gtx-trans-icon\"><\/div>\n<\/div>[\/et_pb_text][et_pb_button button_url=&#8221;https:\/\/www.entrerios.gov.ar\/cultura\/mas-info-biblioteca\/&#8221; button_text=&#8221;Mas Informaci\u00f3n&#8221; _builder_version=&#8221;4.16&#8243; _module_preset=&#8221;default&#8221; custom_button=&#8221;on&#8221; button_text_color=&#8221;#FFFFFF&#8221; global_colors_info=&#8221;{}&#8221;][\/et_pb_button][et_pb_social_media_follow icon_color=&#8221;#000000&#8243; use_icon_font_size=&#8221;on&#8221; icon_font_size=&#8221;20px&#8221; _builder_version=&#8221;4.19.4&#8243; _module_preset=&#8221;default&#8221; background_color=&#8221;rgba(0,0,0,0)&#8221; text_orientation=&#8221;left&#8221; width=&#8221;100%&#8221; custom_margin=&#8221;|||-14px|false|false&#8221; custom_margin_tablet=&#8221;&#8221; custom_margin_phone=&#8221;|||-14px|false|false&#8221; custom_margin_last_edited=&#8221;on|phone&#8221; custom_padding=&#8221;0px||||false|false&#8221; text_orientation_tablet=&#8221;&#8221; text_orientation_phone=&#8221;left&#8221; text_orientation_last_edited=&#8221;on|desktop&#8221; locked=&#8221;off&#8221; global_colors_info=&#8221;{}&#8221;][et_pb_social_media_follow_network social_network=&#8221;facebook&#8221; url=&#8221;https:\/\/www.facebook.com\/BibliotecaProvincialDeEntreRios\/&#8221; icon_color=&#8221;#FFFFFF&#8221; _builder_version=&#8221;4.18.0&#8243; _module_preset=&#8221;default&#8221; background_enable_color=&#8221;off&#8221; global_colors_info=&#8221;{}&#8221; follow_button=&#8221;off&#8221; url_new_window=&#8221;on&#8221;]facebook[\/et_pb_social_media_follow_network][et_pb_social_media_follow_network social_network=&#8221;instagram&#8221; url=&#8221;https:\/\/www.instagram.com\/bibliotecaprovincial.er\/?hl=es-la&#8221; icon_color=&#8221;#FFFFFF&#8221; _builder_version=&#8221;4.18.0&#8243; _module_preset=&#8221;default&#8221; background_color=&#8221;RGBA(0,0,0,0)&#8221; background_enable_color=&#8221;on&#8221; global_colors_info=&#8221;{}&#8221; follow_button=&#8221;off&#8221; url_new_window=&#8221;on&#8221;]instagram[\/et_pb_social_media_follow_network][et_pb_social_media_follow_network social_network=&#8221;youtube&#8221; url=&#8221;https:\/\/www.youtube.com\/channel\/UCe5SDrHBXlrDW_msuEy_Bhg&#8221; icon_color=&#8221;#FFFFFF&#8221; _builder_version=&#8221;4.18.0&#8243; _module_preset=&#8221;default&#8221; background_color=&#8221;RGBA(0,0,0,0)&#8221; background_enable_color=&#8221;on&#8221; global_colors_info=&#8221;{}&#8221; follow_button=&#8221;off&#8221; url_new_window=&#8221;on&#8221;]youtube[\/et_pb_social_media_follow_network][et_pb_social_media_follow_network social_network=&#8221;twitter&#8221; url=&#8221;https:\/\/twitter.com\/BiblioProvER&#8221; icon_color=&#8221;#FFFFFF&#8221; _builder_version=&#8221;4.18.0&#8243; _module_preset=&#8221;default&#8221; background_color=&#8221;RGBA(0,0,0,0)&#8221; background_enable_color=&#8221;on&#8221; global_colors_info=&#8221;{}&#8221; follow_button=&#8221;off&#8221; url_new_window=&#8221;on&#8221;]twitter[\/et_pb_social_media_follow_network][et_pb_social_media_follow_network social_network=&#8221;flikr&#8221; url=&#8221;https:\/\/www.flickr.com\/photos\/197734190@N03\/collections\/72157721543977967\/&#8221; icon_color=&#8221;#FFFFFF&#8221; _builder_version=&#8221;4.19.4&#8243; _module_preset=&#8221;default&#8221; background_color=&#8221;RGBA(255,255,255,0)&#8221; background_enable_color=&#8221;on&#8221; global_colors_info=&#8221;{}&#8221; follow_button=&#8221;off&#8221; url_new_window=&#8221;on&#8221;]flikr[\/et_pb_social_media_follow_network][\/et_pb_social_media_follow][\/et_pb_column][\/et_pb_row][\/et_pb_section][et_pb_section fb_built=&#8221;1&#8243; _builder_version=&#8221;4.16&#8243; _module_preset=&#8221;default&#8221; background_color=&#8221;RGBA(0,0,0,0)&#8221; custom_padding=&#8221;0px||0px||false|false&#8221; global_colors_info=&#8221;{}&#8221;][et_pb_row column_structure=&#8221;1_4,1_4,1_4,1_4&#8243; use_custom_gutter=&#8221;on&#8221; gutter_width=&#8221;1&#8243; _builder_version=&#8221;4.19.2&#8243; _module_preset=&#8221;default&#8221; width=&#8221;100%&#8221; max_width=&#8221;100%&#8221; custom_padding=&#8221;0px||0px|||&#8221; global_colors_info=&#8221;{}&#8221;][et_pb_column type=&#8221;1_4&#8243; _builder_version=&#8221;4.16&#8243; _module_preset=&#8221;default&#8221; background_color=&#8221;#006173&#8243; custom_padding=&#8221;100px||100px||false|false&#8221; border_color_all=&#8221;#FFFFFF&#8221; global_colors_info=&#8221;{}&#8221;][et_pb_text _builder_version=&#8221;4.16&#8243; _module_preset=&#8221;default&#8221; header_text_color=&#8221;#FFFFFF&#8221; global_colors_info=&#8221;{}&#8221;]<h1 style=\"text-align: center;\">RECORRIDO VIRTUAL<\/h1>[\/et_pb_text][\/et_pb_column][et_pb_column type=&#8221;1_4&#8243; _builder_version=&#8221;4.16&#8243; _module_preset=&#8221;default&#8221; background_color=&#8221;#00a1ba&#8221; custom_padding=&#8221;100px||100px||false|false&#8221; border_color_all=&#8221;#FFFFFF&#8221; global_colors_info=&#8221;{}&#8221;][et_pb_text _builder_version=&#8221;4.21.2&#8243; _module_preset=&#8221;default&#8221; header_text_color=&#8221;#FFFFFF&#8221; link_option_url=&#8221;https:\/\/www.flickr.com\/photos\/culturaerenfotos\/collections\/72157724174366662\/&#8221; link_option_url_new_window=&#8221;on&#8221; hover_enabled=&#8221;0&#8243; global_colors_info=&#8221;{}&#8221; sticky_enabled=&#8221;0&#8243;]<h1 style=\"text-align: center;\">GALERIA DE FOTOS<\/h1>[\/et_pb_text][\/et_pb_column][et_pb_column type=&#8221;1_4&#8243; _builder_version=&#8221;4.16&#8243; _module_preset=&#8221;default&#8221; background_color=&#8221;#0C71C3&#8243; global_colors_info=&#8221;{}&#8221;][et_pb_text _builder_version=&#8221;4.16&#8243; _module_preset=&#8221;default&#8221; custom_margin=&#8221;100px||||false|false&#8221; link_option_url=&#8221;https:\/\/www.youtube.com\/channel\/UCe5SDrHBXlrDW_msuEy_Bhg&#8221; link_option_url_new_window=&#8221;on&#8221; global_colors_info=&#8221;{}&#8221;]<h1 style=\"text-align: center;\"><span style=\"color: #ffffff;\"><strong>VIDEOS<\/strong><\/span><\/h1>[\/et_pb_text][\/et_pb_column][et_pb_column type=&#8221;1_4&#8243; _builder_version=&#8221;4.16&#8243; _module_preset=&#8221;default&#8221; background_color=&#8221;#072299&#8243; global_colors_info=&#8221;{}&#8221;][et_pb_text _builder_version=&#8221;4.16&#8243; _module_preset=&#8221;default&#8221; custom_margin=&#8221;100px||||false|false&#8221; global_colors_info=&#8221;{}&#8221;]<h1 style=\"text-align: center;\"><strong><span style=\"color: #ffffff;\">REGISTRO DE AUTORES ENTRERRIANOS<\/span><\/strong><\/h1>[\/et_pb_text][\/et_pb_column][\/et_pb_row][\/et_pb_section][et_pb_section fb_built=&#8221;1&#8243; _builder_version=&#8221;4.16&#8243; _module_preset=&#8221;default&#8221; custom_padding=&#8221;1px||0px|||&#8221; global_colors_info=&#8221;{}&#8221;][et_pb_row use_custom_gutter=&#8221;on&#8221; gutter_width=&#8221;1&#8243; _builder_version=&#8221;4.16&#8243; _module_preset=&#8221;default&#8221; width=&#8221;95%&#8221; max_width=&#8221;95%&#8221; custom_margin=&#8221;0px||0px||false|false&#8221; custom_padding=&#8221;0px||0px||false|false&#8221; global_colors_info=&#8221;{}&#8221;][et_pb_column type=&#8221;4_4&#8243; _builder_version=&#8221;4.16&#8243; _module_preset=&#8221;default&#8221; global_colors_info=&#8221;{}&#8221;][et_pb_text _builder_version=&#8221;4.18.0&#8243; _module_preset=&#8221;default&#8221; custom_margin=&#8221;22px||17px||false|false&#8221; custom_padding=&#8221;0px||0px||false|false&#8221; border_width_bottom=&#8221;1px&#8221; border_color_bottom=&#8221;#095496&#8243; global_colors_info=&#8221;{}&#8221;]<h1 style=\"text-align: center;\"><span style=\"color: #008080;\"><strong>NOTICIAS<\/strong><\/span><\/h1>\n<div id=\"gtx-trans\" style=\"position: absolute; left: 182px; top: 73.1784px;\">\n<div class=\"gtx-trans-icon\"><\/div>\n<\/div>[\/et_pb_text][\/et_pb_column][\/et_pb_row][et_pb_row use_custom_gutter=&#8221;on&#8221; gutter_width=&#8221;1&#8243; _builder_version=&#8221;4.16&#8243; _module_preset=&#8221;default&#8221; width=&#8221;95%&#8221; max_width=&#8221;95%&#8221; custom_margin=&#8221;0px||0px||false|false&#8221; custom_padding=&#8221;0px||0px||false|false&#8221; global_colors_info=&#8221;{}&#8221;][et_pb_column type=&#8221;4_4&#8243; _builder_version=&#8221;4.16&#8243; _module_preset=&#8221;default&#8221; global_colors_info=&#8221;{}&#8221;][et_pb_blog fullwidth=&#8221;off&#8221; posts_number=&#8221;3&#8243; include_categories=&#8221;5&#8243; excerpt_length=&#8221;200&#8243; show_more=&#8221;on&#8221; show_author=&#8221;off&#8221; show_categories=&#8221;off&#8221; _builder_version=&#8221;4.21.0&#8243; _module_preset=&#8221;default&#8221; read_more_font=&#8221;|700|||||||&#8221; read_more_line_height=&#8221;3em&#8221; pagination_font=&#8221;|700|||||||&#8221; pagination_text_color=&#8221;#0C71C3&#8243; pagination_font_size=&#8221;20px&#8221; pagination_line_height=&#8221;0em&#8221; width=&#8221;101%&#8221; max_width=&#8221;100%&#8221; module_alignment=&#8221;center&#8221; custom_margin=&#8221;||10px||false|false&#8221; custom_padding=&#8221;||10px||false|false&#8221; custom_css_title=&#8221;height: 70px;&#8221; custom_css_content=&#8221;height: 100px;&#8221; global_colors_info=&#8221;{}&#8221;][\/et_pb_blog][\/et_pb_column][\/et_pb_row][\/et_pb_section][et_pb_section fb_built=&#8221;1&#8243; _builder_version=&#8221;4.16&#8243; _module_preset=&#8221;default&#8221; custom_margin=&#8221;0px||0px||false|false&#8221; custom_padding=&#8221;0px||0px||false|false&#8221; global_colors_info=&#8221;{}&#8221;][et_pb_row column_structure=&#8221;1_2,1_2&#8243; use_custom_gutter=&#8221;on&#8221; gutter_width=&#8221;2&#8243; _builder_version=&#8221;4.16&#8243; _module_preset=&#8221;default&#8221; width=&#8221;95%&#8221; max_width=&#8221;95%&#8221; custom_margin=&#8221;0px||0px||false|false&#8221; custom_padding=&#8221;0px||0px||false|false&#8221; global_colors_info=&#8221;{}&#8221;][et_pb_column type=&#8221;1_2&#8243; _builder_version=&#8221;4.16&#8243; _module_preset=&#8221;default&#8221; global_colors_info=&#8221;{}&#8221;][et_pb_text _builder_version=&#8221;4.21.2&#8243; _module_preset=&#8221;default&#8221; text_line_height=&#8221;1.5em&#8221; header_2_font=&#8221;|300|||||||&#8221; border_width_top=&#8221;1px&#8221; border_color_top=&#8221;#0C71C3&#8243; global_colors_info=&#8221;{}&#8221;]<h2>HORARIOS DE ATENCION<\/h2>\n<p><span>De lunes a viernes de 7:00 a 13:45hs.<\/span><\/p>[\/et_pb_text][et_pb_text _builder_version=&#8221;4.21.2&#8243; _module_preset=&#8221;default&#8221; text_line_height=&#8221;1.5em&#8221; header_2_font=&#8221;|300|||||||&#8221; border_width_top=&#8221;1px&#8221; border_color_top=&#8221;#0C71C3&#8243; global_colors_info=&#8221;{}&#8221;]<h2>DIRECTOR<\/h2>\n<p><span>Mat\u00edas Arm\u00e1ndola<\/span><\/p>\n<p>&nbsp;<\/p>[\/et_pb_text][et_pb_text _builder_version=&#8221;4.17.6&#8243; _module_preset=&#8221;default&#8221; text_line_height=&#8221;1.5em&#8221; header_2_font=&#8221;|300|||||||&#8221; border_width_top=&#8221;1px&#8221; border_color_top=&#8221;#0C71C3&#8243; global_colors_info=&#8221;{}&#8221;]<h2>DATOS DE CONTACTO<\/h2>\n<p>Direcci\u00f3n:\u00a0Alameda de la Federaci\u00f3n 278, Paran\u00e1, Entre R\u00edos<br \/>Tel\u00e9fono:\u00a0+54 (343) 4224308<br \/>Correo electr\u00f3nico:\u00a0<a jsname=\"YheIzf\" class=\"rABsFf RffVmb AL18ce\" target=\"_blank\" jslog=\"35051; track:click,impression\" data-tooltip-position=\"top\" href=\"mailto:Bibliotecadelaprovincia@gmail.com\" data-tooltip=\"De tus Contactos\u00a0de\u00a0Google\" rel=\"noopener\">Bibliotecadelaprovincia@gmail.com<\/a><\/p>\n<p>&nbsp;<\/p>[\/et_pb_text][et_pb_text _builder_version=&#8221;4.16&#8243; _module_preset=&#8221;default&#8221; text_line_height=&#8221;1.5em&#8221; header_2_font=&#8221;|300|||||||&#8221; custom_margin=&#8221;||5px||false|false&#8221; custom_padding=&#8221;||0px||false|false&#8221; border_width_top=&#8221;1px&#8221; border_color_top=&#8221;#0C71C3&#8243; global_colors_info=&#8221;{}&#8221;]<h2>REDES SOCIALES<\/h2>[\/et_pb_text][et_pb_social_media_follow icon_color=&#8221;#000000&#8243; use_icon_font_size=&#8221;on&#8221; icon_font_size=&#8221;20px&#8221; _builder_version=&#8221;4.19.4&#8243; _module_preset=&#8221;default&#8221; background_color=&#8221;rgba(0,0,0,0)&#8221; text_orientation=&#8221;left&#8221; width=&#8221;100%&#8221; custom_margin=&#8221;|||-14px|false|false&#8221; custom_margin_tablet=&#8221;&#8221; custom_margin_phone=&#8221;|||-14px|false|false&#8221; custom_margin_last_edited=&#8221;on|phone&#8221; custom_padding=&#8221;0px||||false|false&#8221; text_orientation_tablet=&#8221;&#8221; text_orientation_phone=&#8221;left&#8221; text_orientation_last_edited=&#8221;on|desktop&#8221; locked=&#8221;off&#8221; global_colors_info=&#8221;{}&#8221;][et_pb_social_media_follow_network social_network=&#8221;facebook&#8221; url=&#8221;https:\/\/www.facebook.com\/BibliotecaProvincialDeEntreRios\/&#8221; _builder_version=&#8221;4.16&#8243; _module_preset=&#8221;default&#8221; background_enable_color=&#8221;off&#8221; global_colors_info=&#8221;{}&#8221; follow_button=&#8221;off&#8221; url_new_window=&#8221;on&#8221;]facebook[\/et_pb_social_media_follow_network][et_pb_social_media_follow_network social_network=&#8221;instagram&#8221; url=&#8221;https:\/\/www.instagram.com\/bibliotecaprovincial.er\/?hl=es-la&#8221; icon_color=&#8221;#000000&#8243; _builder_version=&#8221;4.16&#8243; _module_preset=&#8221;default&#8221; background_color=&#8221;RGBA(0,0,0,0)&#8221; background_enable_color=&#8221;on&#8221; global_colors_info=&#8221;{}&#8221; follow_button=&#8221;off&#8221; url_new_window=&#8221;on&#8221;]instagram[\/et_pb_social_media_follow_network][et_pb_social_media_follow_network social_network=&#8221;youtube&#8221; url=&#8221;https:\/\/www.youtube.com\/channel\/UCe5SDrHBXlrDW_msuEy_Bhg&#8221; _builder_version=&#8221;4.16&#8243; _module_preset=&#8221;default&#8221; background_color=&#8221;RGBA(0,0,0,0)&#8221; background_enable_color=&#8221;on&#8221; global_colors_info=&#8221;{}&#8221; follow_button=&#8221;off&#8221; url_new_window=&#8221;on&#8221;]youtube[\/et_pb_social_media_follow_network][et_pb_social_media_follow_network social_network=&#8221;twitter&#8221; url=&#8221;https:\/\/twitter.com\/BiblioProvER&#8221; _builder_version=&#8221;4.16&#8243; _module_preset=&#8221;default&#8221; background_color=&#8221;RGBA(0,0,0,0)&#8221; background_enable_color=&#8221;on&#8221; global_colors_info=&#8221;{}&#8221; follow_button=&#8221;off&#8221; url_new_window=&#8221;on&#8221;]twitter[\/et_pb_social_media_follow_network][et_pb_social_media_follow_network social_network=&#8221;flikr&#8221; url=&#8221;https:\/\/www.flickr.com\/photos\/197734190@N03\/collections\/72157721543977967\/&#8221; _builder_version=&#8221;4.19.4&#8243; _module_preset=&#8221;default&#8221; background_color=&#8221;RGBA(255,255,255,0)&#8221; background_enable_color=&#8221;on&#8221; global_colors_info=&#8221;{}&#8221; follow_button=&#8221;off&#8221; url_new_window=&#8221;on&#8221;]flikr[\/et_pb_social_media_follow_network][\/et_pb_social_media_follow][\/et_pb_column][et_pb_column type=&#8221;1_2&#8243; _builder_version=&#8221;4.16&#8243; _module_preset=&#8221;default&#8221; global_colors_info=&#8221;{}&#8221;][et_pb_code _builder_version=&#8221;4.16&#8243; _module_preset=&#8221;default&#8221; global_colors_info=&#8221;{}&#8221;]<iframe src=\"https:\/\/www.google.com\/maps\/embed?pb=!1m18!1m12!1m3!1d3393.66147810889!2d-60.533353785148215!3d-31.725141018427838!2m3!1f0!2f0!3f0!3m2!1i1024!2i768!4f13.1!3m3!1m2!1s0x95b452634641f8d3%3A0x101f80f87d030d22!2sBiblioteca%20Provincial%20de%20Entre%20Rios!5e0!3m2!1ses-419!2sar!4v1623347958431!5m2!1ses-419!2sar\" width=\"820\" height=\"450\" style=\"border:0;\" allowfullscreen=\"\" loading=\"lazy\"><\/iframe>[\/et_pb_code][\/et_pb_column][\/et_pb_row][et_pb_row column_structure=&#8221;1_4,1_4,1_4,1_4&#8243; use_custom_gutter=&#8221;on&#8221; gutter_width=&#8221;4&#8243; _builder_version=&#8221;4.21.2&#8243; _module_preset=&#8221;default&#8221; background_color=&#8221;RGBA(255,255,255,0)&#8221; width=&#8221;100%&#8221; max_width=&#8221;100%&#8221; module_alignment=&#8221;center&#8221; min_height=&#8221;134.3px&#8221; custom_margin=&#8221;15px|0px|0px|8px|false|false&#8221; custom_padding=&#8221;15px|69px|15px|32px|false|false&#8221; border_color_all=&#8221;#7CDA24&#8243; border_width_top=&#8221;10px&#8221; border_color_top=&#8221;#64b44b&#8221; global_module=&#8221;4620&#8243; saved_tabs=&#8221;all&#8221; global_colors_info=&#8221;{}&#8221;][et_pb_column type=&#8221;1_4&#8243; _builder_version=&#8221;4.17.4&#8243; _module_preset=&#8221;default&#8221; global_colors_info=&#8221;{}&#8221;][et_pb_text _builder_version=&#8221;4.21.2&#8243; _module_preset=&#8221;default&#8221; width=&#8221;113%&#8221; module_alignment=&#8221;right&#8221; global_colors_info=&#8221;{}&#8221;]<p>Secretar\u00eda de Cultura de Entre R\u00edos<br \/>Calle Gardel 42 (3100)<br \/>+54 (343) 4207828<br \/>secretariadeculturaentrerios@gmail.com<br \/>Paran\u00e1 &#8211; Entre R\u00edos &#8211; Argentina<\/p>[\/et_pb_text][\/et_pb_column][et_pb_column type=&#8221;1_4&#8243; _builder_version=&#8221;4.16&#8243; _module_preset=&#8221;default&#8221; global_colors_info=&#8221;{}&#8221;][et_pb_image src=&#8221;https:\/\/www.entrerios.gov.ar\/cultura\/wp-content\/uploads\/2021\/08\/LOGOS_P_WEB-02.png&#8221; title_text=&#8221;LOGOS_P_WEB-02&#8243; url=&#8221;https:\/\/www.entrerios.gov.ar\/cultura\/&#8221; _builder_version=&#8221;4.21.2&#8243; _module_preset=&#8221;default&#8221; width=&#8221;91.8%&#8221; custom_margin=&#8221;0px|-10px||20px|false|false&#8221; custom_padding=&#8221;|76px||||&#8221; global_colors_info=&#8221;{}&#8221;][\/et_pb_image][\/et_pb_column][et_pb_column type=&#8221;1_4&#8243; _builder_version=&#8221;4.16&#8243; _module_preset=&#8221;default&#8221; global_colors_info=&#8221;{}&#8221;][et_pb_image src=&#8221;https:\/\/www.entrerios.gov.ar\/cultura\/wp-content\/uploads\/2021\/08\/LOGOS_P_WEB-03.png&#8221; title_text=&#8221;LOGOS_P_WEB-03&#8243; url=&#8221;https:\/\/portal.entrerios.gov.ar\/gobiernoytrabajo\/inicio&#8221; url_new_window=&#8221;on&#8221; _builder_version=&#8221;4.21.2&#8243; _module_preset=&#8221;default&#8221; width=&#8221;91.8%&#8221; custom_margin=&#8221;0px|-10px||20px|false|false&#8221; custom_padding=&#8221;|76px||||&#8221; global_colors_info=&#8221;{}&#8221;][\/et_pb_image][\/et_pb_column][et_pb_column type=&#8221;1_4&#8243; _builder_version=&#8221;4.16&#8243; _module_preset=&#8221;default&#8221; global_colors_info=&#8221;{}&#8221;][et_pb_image src=&#8221;https:\/\/www.entrerios.gov.ar\/cultura\/wp-content\/uploads\/2021\/08\/LOGOS_P_WEB-01.png&#8221; title_text=&#8221;LOGOS_P_WEB-01&#8243; url=&#8221;https:\/\/portal.entrerios.gov.ar\/inicio&#8221; url_new_window=&#8221;on&#8221; _builder_version=&#8221;4.21.2&#8243; _module_preset=&#8221;default&#8221; width=&#8221;91.8%&#8221; custom_margin=&#8221;0px|-10px||20px|false|false&#8221; custom_padding=&#8221;|76px||||&#8221; global_colors_info=&#8221;{}&#8221;][\/et_pb_image][\/et_pb_column][\/et_pb_row][\/et_pb_section]\n","protected":false},"excerpt":{"rendered":"<p>BIBLIOTECA PROVINCIAL DE ENTRE RIOSLa Biblioteca est\u00e1 especializada en literatura, sociolog\u00eda y lingu\u00edstica, entre otras disciplinas. Su importante patrimonio bibliogr\u00e1fico y documental es producto de significativas donaciones de grandes figuras entrerrianas como Marcelino Rom\u00e1n, Elio C. Leyes y Antonio R. Turi, que conforman los fondos m\u00e1s importantes.\u00a0Con los a\u00f1os, la Biblioteca se ha ido nutriendo [&hellip;]<\/p>\n","protected":false},"author":1,"featured_media":0,"parent":0,"menu_order":0,"comment_status":"closed","ping_status":"closed","template":"","meta":{"_et_pb_use_builder":"on","_et_pb_old_content":"","_et_gb_content_width":"","footnotes":""},"class_list":["post-618","page","type-page","status-publish","hentry"],"_links":{"self":[{"href":"https:\/\/www.entrerios.gov.ar\/cultura\/wp-json\/wp\/v2\/pages\/618","targetHints":{"allow":["GET"]}}],"collection":[{"href":"https:\/\/www.entrerios.gov.ar\/cultura\/wp-json\/wp\/v2\/pages"}],"about":[{"href":"https:\/\/www.entrerios.gov.ar\/cultura\/wp-json\/wp\/v2\/types\/page"}],"author":[{"embeddable":true,"href":"https:\/\/www.entrerios.gov.ar\/cultura\/wp-json\/wp\/v2\/users\/1"}],"replies":[{"embeddable":true,"href":"https:\/\/www.entrerios.gov.ar\/cultura\/wp-json\/wp\/v2\/comments?post=618"}],"version-history":[{"count":55,"href":"https:\/\/www.entrerios.gov.ar\/cultura\/wp-json\/wp\/v2\/pages\/618\/revisions"}],"predecessor-version":[{"id":16439,"href":"https:\/\/www.entrerios.gov.ar\/cultura\/wp-json\/wp\/v2\/pages\/618\/revisions\/16439"}],"wp:attachment":[{"href":"https:\/\/www.entrerios.gov.ar\/cultura\/wp-json\/wp\/v2\/media?parent=618"}],"curies":[{"name":"wp","href":"https:\/\/api.w.org\/{rel}","templated":true}]}}