{"id":1441,"date":"2017-04-21T17:22:27","date_gmt":"2017-04-21T17:22:27","guid":{"rendered":"http:\/\/www.entrerios.gov.ar:8085\/dgec\/?page_id=1441"},"modified":"2024-07-19T17:27:23","modified_gmt":"2024-07-19T14:27:23","slug":"censo2010","status":"publish","type":"page","link":"https:\/\/www.entrerios.gov.ar\/dgec\/censo2010\/","title":{"rendered":"Censo Nacional de Poblaci\u00f3n, Hogares y Viviendas 2010"},"content":{"rendered":"<p>[et_pb_section fb_built=\u00bb1&#8243; fullwidth=\u00bbon\u00bb admin_label=\u00bbsection\u00bb _builder_version=\u00bb4.16&#8243; da_disable_devices=\u00bboff|off|off\u00bb global_colors_info=\u00bb{}\u00bb da_is_popup=\u00bboff\u00bb da_exit_intent=\u00bboff\u00bb da_has_close=\u00bbon\u00bb da_alt_close=\u00bboff\u00bb da_dark_close=\u00bboff\u00bb da_not_modal=\u00bbon\u00bb da_is_singular=\u00bboff\u00bb da_with_loader=\u00bboff\u00bb da_has_shadow=\u00bbon\u00bb][et_pb_fullwidth_slider admin_label=\u00bbFullwidth Slider\u00bb _builder_version=\u00bb4.16&#8243; header_font=\u00bb|on|||\u00bb header_font_size=\u00bb48px\u00bb custom_padding=\u00bb|||\u00bb custom_padding_tablet=\u00bb|||\u00bb custom_padding_phone=\u00bb|||\u00bb box_shadow_style=\u00bbpreset6&#8243; box_shadow_blur=\u00bb10px\u00bb box_shadow_color=\u00bbrgba(0,0,0,0.1)\u00bb show_inner_shadow=\u00bbon\u00bb global_colors_info=\u00bb{}\u00bb button_text_size__hover_enabled=\u00bboff\u00bb button_one_text_size__hover_enabled=\u00bboff\u00bb button_two_text_size__hover_enabled=\u00bboff\u00bb button_text_color__hover_enabled=\u00bboff\u00bb button_one_text_color__hover_enabled=\u00bboff\u00bb button_two_text_color__hover_enabled=\u00bboff\u00bb button_border_width__hover_enabled=\u00bboff\u00bb button_one_border_width__hover_enabled=\u00bboff\u00bb button_two_border_width__hover_enabled=\u00bboff\u00bb button_border_color__hover_enabled=\u00bboff\u00bb button_one_border_color__hover_enabled=\u00bboff\u00bb button_two_border_color__hover_enabled=\u00bboff\u00bb button_border_radius__hover_enabled=\u00bboff\u00bb button_one_border_radius__hover_enabled=\u00bboff\u00bb button_two_border_radius__hover_enabled=\u00bboff\u00bb button_letter_spacing__hover_enabled=\u00bboff\u00bb button_one_letter_spacing__hover_enabled=\u00bboff\u00bb button_two_letter_spacing__hover_enabled=\u00bboff\u00bb button_bg_color__hover_enabled=\u00bboff\u00bb button_one_bg_color__hover_enabled=\u00bboff\u00bb button_two_bg_color__hover_enabled=\u00bboff\u00bb][et_pb_slide heading=\u00bbCenso 2010&#8243; use_bg_overlay=\u00bbon\u00bb bg_overlay_color=\u00bbrgba(121,159,79,0.88)\u00bb use_text_overlay=\u00bboff\u00bb _builder_version=\u00bb4.16&#8243; header_font=\u00bb||||\u00bb body_font=\u00bb||||\u00bb background_color=\u00bb#ffffff\u00bb background_image=\u00bbhttps:\/\/www.entrerios.gov.ar\/dgec\/wp-content\/uploads\/2019\/09\/poblacion-960X480.jpg\u00bb button_icon_placement=\u00bbright\u00bb button_on_hover=\u00bbon\u00bb global_colors_info=\u00bb{}\u00bb button_text_size__hover_enabled=\u00bboff\u00bb button_one_text_size__hover_enabled=\u00bboff\u00bb button_two_text_size__hover_enabled=\u00bboff\u00bb button_text_color__hover_enabled=\u00bboff\u00bb button_one_text_color__hover_enabled=\u00bboff\u00bb button_two_text_color__hover_enabled=\u00bboff\u00bb button_border_width__hover_enabled=\u00bboff\u00bb button_one_border_width__hover_enabled=\u00bboff\u00bb button_two_border_width__hover_enabled=\u00bboff\u00bb button_border_color__hover_enabled=\u00bboff\u00bb button_one_border_color__hover_enabled=\u00bboff\u00bb button_two_border_color__hover_enabled=\u00bboff\u00bb button_border_radius__hover_enabled=\u00bboff\u00bb button_one_border_radius__hover_enabled=\u00bboff\u00bb button_two_border_radius__hover_enabled=\u00bboff\u00bb button_letter_spacing__hover_enabled=\u00bboff\u00bb button_one_letter_spacing__hover_enabled=\u00bboff\u00bb button_two_letter_spacing__hover_enabled=\u00bboff\u00bb button_bg_color__hover_enabled=\u00bboff\u00bb button_one_bg_color__hover_enabled=\u00bboff\u00bb button_two_bg_color__hover_enabled=\u00bboff\u00bb sticky_transition=\u00bbon\u00bb][\/et_pb_slide][\/et_pb_fullwidth_slider][\/et_pb_section][et_pb_section fb_built=\u00bb1&#8243; custom_padding_last_edited=\u00bbon|desktop\u00bb admin_label=\u00bbsection\u00bb _builder_version=\u00bb4.16&#8243; custom_padding_tablet=\u00bb50px|0|50px|0&#8243; custom_padding_phone=\u00bb50px|0|50px|0&#8243; da_disable_devices=\u00bboff|off|off\u00bb padding_mobile=\u00bboff\u00bb global_colors_info=\u00bb{}\u00bb da_is_popup=\u00bboff\u00bb da_exit_intent=\u00bboff\u00bb da_has_close=\u00bbon\u00bb da_alt_close=\u00bboff\u00bb da_dark_close=\u00bboff\u00bb da_not_modal=\u00bbon\u00bb da_is_singular=\u00bboff\u00bb da_with_loader=\u00bboff\u00bb da_has_shadow=\u00bbon\u00bb][et_pb_row column_structure=\u00bb1_2,1_2&#8243; column_padding_mobile=\u00bbon\u00bb admin_label=\u00bbrow\u00bb _builder_version=\u00bb4.16&#8243; background_size=\u00bbinitial\u00bb background_position=\u00bbtop_left\u00bb background_repeat=\u00bbrepeat\u00bb max_width=\u00bb960px\u00bb custom_padding=\u00bb80px|0px|0px|0px\u00bb use_custom_width=\u00bbon\u00bb custom_width_px=\u00bb960px\u00bb global_colors_info=\u00bb{}\u00bb][et_pb_column type=\u00bb1_2&#8243; _builder_version=\u00bb4.16&#8243; custom_padding=\u00bb|||\u00bb global_colors_info=\u00bb{}\u00bb custom_padding__hover=\u00bb|||\u00bb][et_pb_text admin_label=\u00bbTexto\u00bb _builder_version=\u00bb4.16&#8243; text_font_size=\u00bb10&#8243; header_font_size=\u00bb10px\u00bb background_size=\u00bbinitial\u00bb background_position=\u00bbtop_left\u00bb background_repeat=\u00bbrepeat\u00bb global_colors_info=\u00bb{}\u00bb]<\/p>\n<h1><span style=\"font-family: 'Open Sans'; font-weight: 300;\"><span style=\"font-size: large;\"><strong>Censo Nacional de Poblaci\u00f3n, Hogares y Viviendas 2010.<\/strong><\/span><span style=\"font-size: 70px;\"><br \/> <\/span><\/span><\/h1>\n<p>[\/et_pb_text][et_pb_text admin_label=\u00bbTexto\u00bb _builder_version=\u00bb4.16&#8243; background_size=\u00bbinitial\u00bb background_position=\u00bbtop_left\u00bb background_repeat=\u00bbrepeat\u00bb global_colors_info=\u00bb{}\u00bb]<\/p>\n<p><strong>Viviendas<\/strong><br \/>\nViviendas particulares deficitarias: 12,4 %<br \/>\nViviendas particulares con conexi\u00f3n a cloacas: 69,8 %<br \/>\n<strong>Hogares<\/strong><br \/>\nPromedio de personas por hogar: 3,3<br \/>\nHacinamiento (m\u00e1s de 3 personas por cuarto): 3,6 % de los hogares particulares<br \/>\nHogares particulares propietarios de vivienda y terreno: 68,5 %<br \/>\n<strong>Poblaci\u00f3n<\/strong><br \/>\nVariaci\u00f3n intercensal 2001-2010: 6,7 %<br \/>\nDensidad de poblaci\u00f3n: 15,7 hab\/km2<br \/>\n\u00cdndice de masculinidad: 95,7 hombres cada 100 mujeres<\/p>\n<p>Fuente: INDEC. Censo Nacional de Poblaci\u00f3n, Hogares y Viviendas 2010.<\/p>\n<p>[\/et_pb_text][\/et_pb_column][et_pb_column type=\u00bb1_2&#8243; _builder_version=\u00bb4.16&#8243; custom_padding=\u00bb|||\u00bb global_colors_info=\u00bb{}\u00bb custom_padding__hover=\u00bb|||\u00bb][et_pb_text admin_label=\u00bbTexto\u00bb _builder_version=\u00bb4.16&#8243; background_size=\u00bbinitial\u00bb background_position=\u00bbtop_left\u00bb background_repeat=\u00bbrepeat\u00bb global_colors_info=\u00bb{}\u00bb]<\/p>\n<p>En esta Secci\u00f3n se presentan cuadros\u00a0 publicados con resultados definitivos del \u00faltimo Censo Nacional de Poblaci\u00f3n, Hogares y Viviendas realizado el 27 de octubre de 2010.<\/p>\n<p>La informaci\u00f3n se encuentra discriminada por provincia, departamentos y are\u00e1s de gobierno local (municipio y juntas de gobierno) seg\u00fan fracci\u00f3n y radio censales.<\/p>\n<p>Los cuadros hasta nivel departamento, fueron elaborados por el INDEC, en tanto que los desagregados por fracci\u00f3n y radio censales fueron elaborados por la Direcci\u00f3n General de Estad\u00edstica y Censos de Entre R\u00edos a partir del precesamiento de la base datos de la c\u00e9dula b\u00e1sica del Censo (REDATAM) que nos aportara el INDEC.<\/p>\n<p>Adem\u00e1s la base de datos del Censo (REDATAM) que posibilita consultas online<\/p>\n<p>[\/et_pb_text][et_pb_accordion admin_label=\u00bbAcorde\u00f3n\u00bb _builder_version=\u00bb4.26.0&#8243; hover_enabled=\u00bb0&#8243; use_border_color=\u00bboff\u00bb border_color=\u00bb#ffffff\u00bb border_style=\u00bbsolid\u00bb global_colors_info=\u00bb{}\u00bb sticky_enabled=\u00bb0&#8243;][et_pb_accordion_item title=\u00bbPoblaci\u00f3n de municipios y juntas de gobierno\u00bb open=\u00bbon\u00bb _builder_version=\u00bb4.16&#8243; global_colors_info=\u00bb{}\u00bb]<\/p>\n<table class=\"responsive \">\n<tbody>\n<tr>\n<td align=\"center\" width=\"60\"><a href=\"https:\/\/www.entrerios.gov.ar\/dgec\/wp-content\/uploads\/2023\/10\/Municipios-y-Juntas-de-Gobierno.xlsx\"><img loading=\"lazy\" decoding=\"async\" class=\"alignleft wp-image-413\" src=\"https:\/\/www.entrerios.gov.ar\/dgec\/wp-content\/uploads\/2017\/01\/logoxls.png\" alt=\"logoxls\" width=\"60\" height=\"73\" \/><\/a><\/td>\n<td width=\"530\"><a href=\"https:\/\/www.entrerios.gov.ar\/dgec\/wp-content\/uploads\/2023\/10\/Municipios-y-Juntas-de-Gobierno.xlsx\" title=\"Descargar archivo\">Provincia de Entre R\u00edos seg\u00fan \u00e1rea de gobierno local. Poblaci\u00f3n por sexo. A\u00f1o 2010<\/a><\/td>\n<\/tr>\n<\/tbody>\n<\/table>\n<p>[\/et_pb_accordion_item][et_pb_accordion_item title=\u00bb\u00cdndice de cuadros departamentos\u00bb _builder_version=\u00bb4.26.0&#8243; hover_enabled=\u00bb0&#8243; global_colors_info=\u00bb{}\u00bb open=\u00bboff\u00bb sticky_enabled=\u00bb0&#8243;]<\/p>\n<table class=\"responsive \">\n<tbody>\n<tr>\n<td align=\"center\" width=\"60\"><a href=\"https:\/\/www.entrerios.gov.ar\/dgec\/wp-content\/uploads\/2024\/07\/Colon.zip\"><img loading=\"lazy\" decoding=\"async\" class=\"alignleft wp-image-413\" src=\"https:\/\/www.entrerios.gov.ar\/dgec\/wp-content\/uploads\/2017\/01\/logoxls.png\" alt=\"logoxls\" width=\"60\" height=\"73\" \/><\/a><\/td>\n<td width=\"530\"><a title=\"Descargar archivo\" href=\"https:\/\/www.entrerios.gov.ar\/dgec\/wp-content\/uploads\/2024\/07\/Colon.zip\">Col\u00f3n<\/a><\/td>\n<\/tr>\n<tr>\n<td align=\"center\" width=\"60\"><a href=\"https:\/\/www.entrerios.gov.ar\/dgec\/wp-content\/uploads\/2024\/07\/Concordia.zip\"><img loading=\"lazy\" decoding=\"async\" class=\"alignleft wp-image-413\" src=\"https:\/\/www.entrerios.gov.ar\/dgec\/wp-content\/uploads\/2017\/01\/logoxls.png\" alt=\"logoxls\" width=\"60\" height=\"73\" \/><\/a><\/td>\n<td width=\"530\"><a title=\"Descargar archivo\" href=\"https:\/\/www.entrerios.gov.ar\/dgec\/wp-content\/uploads\/2024\/07\/Concordia.zip\">Concordia<\/a><\/td>\n<\/tr>\n<tr>\n<td align=\"center\" width=\"60\"><a href=\"https:\/\/www.entrerios.gov.ar\/dgec\/wp-content\/uploads\/2024\/07\/Diamante.zip\"><img loading=\"lazy\" decoding=\"async\" class=\"alignleft wp-image-413\" src=\"https:\/\/www.entrerios.gov.ar\/dgec\/wp-content\/uploads\/2017\/01\/logoxls.png\" alt=\"logoxls\" width=\"60\" height=\"73\" \/><\/a><\/td>\n<td width=\"530\"><a title=\"Descargar archivo\" href=\"https:\/\/www.entrerios.gov.ar\/dgec\/wp-content\/uploads\/2024\/07\/Diamante.zip\">Diamante<\/a><\/td>\n<\/tr>\n<tr>\n<td align=\"center\" width=\"60\"><a href=\"https:\/\/www.entrerios.gov.ar\/dgec\/wp-content\/uploads\/2024\/07\/Federacion.zip\"><img loading=\"lazy\" decoding=\"async\" class=\"alignleft wp-image-413\" src=\"https:\/\/www.entrerios.gov.ar\/dgec\/wp-content\/uploads\/2017\/01\/logoxls.png\" alt=\"logoxls\" width=\"60\" height=\"73\" \/><\/a><\/td>\n<td width=\"530\"><a title=\"Descargar archivo\" href=\"https:\/\/www.entrerios.gov.ar\/dgec\/wp-content\/uploads\/2024\/07\/Federacion.zip\">Federaci\u00f3n<\/a><\/td>\n<\/tr>\n<tr>\n<td align=\"center\" width=\"60\"><a href=\"https:\/\/www.entrerios.gov.ar\/dgec\/wp-content\/uploads\/2024\/07\/Federal.zip\"><img loading=\"lazy\" decoding=\"async\" class=\"alignleft wp-image-413\" src=\"https:\/\/www.entrerios.gov.ar\/dgec\/wp-content\/uploads\/2017\/01\/logoxls.png\" alt=\"logoxls\" width=\"60\" height=\"73\" \/><\/a><\/td>\n<td width=\"530\"><a title=\"Descargar archivo\" href=\"https:\/\/www.entrerios.gov.ar\/dgec\/wp-content\/uploads\/2024\/07\/Federal.zip\">Federal<\/a><\/td>\n<\/tr>\n<tr>\n<td align=\"center\" width=\"60\"><a href=\"https:\/\/www.entrerios.gov.ar\/dgec\/wp-content\/uploads\/2024\/07\/Feliciano.zip\"><img loading=\"lazy\" decoding=\"async\" class=\"alignleft wp-image-413\" src=\"https:\/\/www.entrerios.gov.ar\/dgec\/wp-content\/uploads\/2017\/01\/logoxls.png\" alt=\"logoxls\" width=\"60\" height=\"73\" \/><\/a><\/td>\n<td width=\"530\"><a title=\"Descargar archivo\" href=\"https:\/\/www.entrerios.gov.ar\/dgec\/wp-content\/uploads\/2024\/07\/Feliciano.zip\">Feliciano<\/a><\/td>\n<\/tr>\n<tr>\n<td align=\"center\" width=\"60\"><a href=\"https:\/\/www.entrerios.gov.ar\/dgec\/wp-content\/uploads\/2024\/07\/Gualeguay.zip\"><img loading=\"lazy\" decoding=\"async\" class=\"alignleft wp-image-413\" src=\"https:\/\/www.entrerios.gov.ar\/dgec\/wp-content\/uploads\/2017\/01\/logoxls.png\" alt=\"logoxls\" width=\"60\" height=\"73\" \/><\/a><\/td>\n<td width=\"530\"><a title=\"Descargar archivo\" href=\"https:\/\/www.entrerios.gov.ar\/dgec\/wp-content\/uploads\/2024\/07\/Gualeguay.zip\">Gualeguay<\/a><\/td>\n<\/tr>\n<tr>\n<td align=\"center\" width=\"60\"><a href=\"https:\/\/www.entrerios.gov.ar\/dgec\/wp-content\/uploads\/2024\/07\/Gualeguaychu.zip\"><img loading=\"lazy\" decoding=\"async\" class=\"alignleft wp-image-413\" src=\"https:\/\/www.entrerios.gov.ar\/dgec\/wp-content\/uploads\/2017\/01\/logoxls.png\" alt=\"logoxls\" width=\"60\" height=\"73\" \/><\/a><\/td>\n<td width=\"530\"><a title=\"Descargar archivo\" href=\"https:\/\/www.entrerios.gov.ar\/dgec\/wp-content\/uploads\/2024\/07\/Gualeguaychu.zip\">Gualeguaych\u00fa<\/a><\/td>\n<\/tr>\n<tr>\n<td align=\"center\" width=\"60\"><a href=\"https:\/\/www.entrerios.gov.ar\/dgec\/wp-content\/uploads\/2024\/07\/Islas.zip\"><img loading=\"lazy\" decoding=\"async\" class=\"alignleft wp-image-413\" src=\"https:\/\/www.entrerios.gov.ar\/dgec\/wp-content\/uploads\/2017\/01\/logoxls.png\" alt=\"logoxls\" width=\"60\" height=\"73\" \/><\/a><\/td>\n<td width=\"530\"><a title=\"Descargar archivo\" href=\"https:\/\/www.entrerios.gov.ar\/dgec\/wp-content\/uploads\/2024\/07\/Islas.zip\">Islas<\/a><\/td>\n<\/tr>\n<tr>\n<td align=\"center\" width=\"60\"><a href=\"https:\/\/www.entrerios.gov.ar\/dgec\/wp-content\/uploads\/2024\/07\/La-Paz.zip\"><img loading=\"lazy\" decoding=\"async\" class=\"alignleft wp-image-413\" src=\"https:\/\/www.entrerios.gov.ar\/dgec\/wp-content\/uploads\/2017\/01\/logoxls.png\" alt=\"logoxls\" width=\"60\" height=\"73\" \/><\/a><\/td>\n<td width=\"530\"><a title=\"Descargar archivo\" href=\"https:\/\/www.entrerios.gov.ar\/dgec\/wp-content\/uploads\/2024\/07\/La-Paz.zip\">La Paz<\/a><\/td>\n<\/tr>\n<tr>\n<td align=\"center\" width=\"60\"><a href=\"https:\/\/www.entrerios.gov.ar\/dgec\/wp-content\/uploads\/2024\/07\/Nogoya.zip\"><img loading=\"lazy\" decoding=\"async\" class=\"alignleft wp-image-413\" src=\"https:\/\/www.entrerios.gov.ar\/dgec\/wp-content\/uploads\/2017\/01\/logoxls.png\" alt=\"logoxls\" width=\"60\" height=\"73\" \/><\/a><\/td>\n<td width=\"530\"><a title=\"Descargar archivo\" href=\"https:\/\/www.entrerios.gov.ar\/dgec\/wp-content\/uploads\/2024\/07\/Nogoya.zip\">Nogoy\u00e1<\/a><\/td>\n<\/tr>\n<tr>\n<td align=\"center\" width=\"60\"><a href=\"https:\/\/www.entrerios.gov.ar\/dgec\/wp-content\/uploads\/2024\/07\/Parana.zip\"><img loading=\"lazy\" decoding=\"async\" class=\"alignleft wp-image-413\" src=\"https:\/\/www.entrerios.gov.ar\/dgec\/wp-content\/uploads\/2017\/01\/logoxls.png\" alt=\"logoxls\" width=\"60\" height=\"73\" \/><\/a><\/td>\n<td width=\"530\"><a title=\"Descargar archivo\" href=\"https:\/\/www.entrerios.gov.ar\/dgec\/wp-content\/uploads\/2024\/07\/Parana.zip\">Paran\u00e1<\/a><\/td>\n<\/tr>\n<tr>\n<td align=\"center\" width=\"60\"><a href=\"https:\/\/www.entrerios.gov.ar\/dgec\/wp-content\/uploads\/2024\/07\/San-Salvador.zip\"><img loading=\"lazy\" decoding=\"async\" class=\"alignleft wp-image-413\" src=\"https:\/\/www.entrerios.gov.ar\/dgec\/wp-content\/uploads\/2017\/01\/logoxls.png\" alt=\"logoxls\" width=\"60\" height=\"73\" \/><\/a><\/td>\n<td width=\"530\"><a title=\"Descargar archivo\" href=\"https:\/\/www.entrerios.gov.ar\/dgec\/wp-content\/uploads\/2024\/07\/San-Salvador.zip\">San Salvador<\/a><\/td>\n<\/tr>\n<tr>\n<td align=\"center\" width=\"60\"><a href=\"https:\/\/www.entrerios.gov.ar\/dgec\/wp-content\/uploads\/2024\/07\/Tala.zip\"><img loading=\"lazy\" decoding=\"async\" class=\"alignleft wp-image-413\" src=\"https:\/\/www.entrerios.gov.ar\/dgec\/wp-content\/uploads\/2017\/01\/logoxls.png\" alt=\"logoxls\" width=\"60\" height=\"73\" \/><\/a><\/td>\n<td width=\"530\"><a title=\"Descargar archivo\" href=\"https:\/\/www.entrerios.gov.ar\/dgec\/wp-content\/uploads\/2024\/07\/Tala.zip\">Tala<\/a><\/td>\n<\/tr>\n<tr>\n<td align=\"center\" width=\"60\"><a href=\"https:\/\/www.entrerios.gov.ar\/dgec\/wp-content\/uploads\/2024\/07\/Uruguay.zip\"><img loading=\"lazy\" decoding=\"async\" class=\"alignleft wp-image-413\" src=\"https:\/\/www.entrerios.gov.ar\/dgec\/wp-content\/uploads\/2017\/01\/logoxls.png\" alt=\"logoxls\" width=\"60\" height=\"73\" \/><\/a><\/td>\n<td width=\"530\"><a title=\"Descargar archivo\" href=\"https:\/\/www.entrerios.gov.ar\/dgec\/wp-content\/uploads\/2024\/07\/Uruguay.zip\">Uruguay<\/a><\/td>\n<\/tr>\n<tr>\n<td align=\"center\" width=\"60\"><a href=\"https:\/\/www.entrerios.gov.ar\/dgec\/wp-content\/uploads\/2024\/07\/Victoria.zip\"><img loading=\"lazy\" decoding=\"async\" class=\"alignleft wp-image-413\" src=\"https:\/\/www.entrerios.gov.ar\/dgec\/wp-content\/uploads\/2017\/01\/logoxls.png\" alt=\"logoxls\" width=\"60\" height=\"73\" \/><\/a><\/td>\n<td width=\"530\"><a title=\"Descargar archivo\" href=\"https:\/\/www.entrerios.gov.ar\/dgec\/wp-content\/uploads\/2024\/07\/Victoria.zip\">Victoria<\/a><\/td>\n<\/tr>\n<tr>\n<td align=\"center\" width=\"60\"><a href=\"https:\/\/www.entrerios.gov.ar\/dgec\/wp-content\/uploads\/2024\/07\/Villaguay.zip\"><img loading=\"lazy\" decoding=\"async\" class=\"alignleft wp-image-413\" src=\"https:\/\/www.entrerios.gov.ar\/dgec\/wp-content\/uploads\/2017\/01\/logoxls.png\" alt=\"logoxls\" width=\"60\" height=\"73\" \/><\/a><\/td>\n<td width=\"530\"><a title=\"Descargar archivo\" href=\"https:\/\/www.entrerios.gov.ar\/dgec\/wp-content\/uploads\/2024\/07\/Villaguay.zip\">Villaguay<\/a><\/td>\n<\/tr>\n<\/tbody>\n<\/table>\n<p>[\/et_pb_accordion_item][et_pb_accordion_item title=\u00bb\u00cdndice de mapas tem\u00e1ticos\u00bb _builder_version=\u00bb4.16&#8243; global_colors_info=\u00bb{}\u00bb open=\u00bboff\u00bb]<a href=\"https:\/\/www.entrerios.gov.ar\/dgec\/mapas-tematicos\/\">\u00cdndice de Mapas Tematicos<\/a><br \/>\n[\/et_pb_accordion_item][et_pb_accordion_item title=\u00bbBase de datos REDATAM\u00bb _builder_version=\u00bb4.16&#8243; global_colors_info=\u00bb{}\u00bb open=\u00bboff\u00bb]<\/p>\n<p><a href=\"https:\/\/redatam.indec.gob.ar\/argbin\/RpWebEngine.exe\/PortalAction?&amp;MODE=MAIN&amp;BASE=CPV2010B&amp;MAIN=WebServerMain.inl&amp;_ga=2.208132629.645834827.1573820702-38505444.1533137732\">Base de datos REDATAM del cuestionario b\u00e1sico 2010.<\/a><\/p>\n<p><a href=\"https:\/\/redatam.indec.gob.ar\/argbin\/RpWebEngine.exe\/PortalAction?&amp;MODE=MAIN&amp;BASE=CPV2010A&amp;MAIN=WebServerMain.inl&amp;_ga=2.208132629.645834827.1573820702-38505444.1533137732\">Base de datos REDATAM del cuestionario ampliado 2010.<br \/>\n<\/a><\/p>\n<p><a href=\"https:\/\/redatam.indec.gob.ar\/argbin\/RpWebEngine.exe\/PortalAction?&amp;MODE=MAIN&amp;BASE=CPV2001ARG&amp;MAIN=WebServerMain.inl&amp;_ga=2.208132629.645834827.1573820702-38505444.1533137732\">Base de datos REDATAM 2001<\/a><\/p>\n<p>&nbsp;<\/p>\n<p>[\/et_pb_accordion_item][\/et_pb_accordion][\/et_pb_column][\/et_pb_row][\/et_pb_section]<\/p>\n","protected":false},"excerpt":{"rendered":"<p>Censo Nacional de Poblaci\u00f3n, Hogares y Viviendas 2010. Viviendas Viviendas particulares deficitarias: 12,4 % Viviendas particulares con conexi\u00f3n a cloacas: 69,8 % Hogares Promedio de personas por hogar: 3,3 Hacinamiento (m\u00e1s de 3 personas por cuarto): 3,6 % de los hogares particulares Hogares particulares propietarios de vivienda y terreno: 68,5 % Poblaci\u00f3n Variaci\u00f3n intercensal 2001-2010: [&hellip;]<\/p>\n","protected":false},"author":1,"featured_media":0,"parent":0,"menu_order":0,"comment_status":"closed","ping_status":"closed","template":"","meta":{"_et_pb_use_builder":"on","_et_pb_old_content":"","_et_gb_content_width":"","footnotes":""},"_links":{"self":[{"href":"https:\/\/www.entrerios.gov.ar\/dgec\/wp-json\/wp\/v2\/pages\/1441"}],"collection":[{"href":"https:\/\/www.entrerios.gov.ar\/dgec\/wp-json\/wp\/v2\/pages"}],"about":[{"href":"https:\/\/www.entrerios.gov.ar\/dgec\/wp-json\/wp\/v2\/types\/page"}],"author":[{"embeddable":true,"href":"https:\/\/www.entrerios.gov.ar\/dgec\/wp-json\/wp\/v2\/users\/1"}],"replies":[{"embeddable":true,"href":"https:\/\/www.entrerios.gov.ar\/dgec\/wp-json\/wp\/v2\/comments?post=1441"}],"version-history":[{"count":9,"href":"https:\/\/www.entrerios.gov.ar\/dgec\/wp-json\/wp\/v2\/pages\/1441\/revisions"}],"predecessor-version":[{"id":217581,"href":"https:\/\/www.entrerios.gov.ar\/dgec\/wp-json\/wp\/v2\/pages\/1441\/revisions\/217581"}],"wp:attachment":[{"href":"https:\/\/www.entrerios.gov.ar\/dgec\/wp-json\/wp\/v2\/media?parent=1441"}],"curies":[{"name":"wp","href":"https:\/\/api.w.org\/{rel}","templated":true}]}}