{"id":162,"date":"2017-02-14T23:38:24","date_gmt":"2017-02-14T23:38:24","guid":{"rendered":"http:\/\/localhost\/?page_id=162"},"modified":"2026-04-10T19:01:57","modified_gmt":"2026-04-10T16:01:57","slug":"participacion-electoral","status":"publish","type":"page","link":"https:\/\/www.entrerios.gov.ar\/dgec\/participacion-electoral\/","title":{"rendered":"Participaci\u00f3n Electoral"},"content":{"rendered":"<p>[et_pb_section fb_built=\u00bb1&#8243; custom_padding_last_edited=\u00bbon|desktop\u00bb admin_label=\u00bbsection\u00bb _builder_version=\u00bb4.16&#8243; custom_padding=\u00bb111px|0px|112.222px|0px\u00bb custom_padding_tablet=\u00bb50px|0|50px|0&#8243; custom_padding_phone=\u00bb\u00bb da_disable_devices=\u00bboff|off|off\u00bb transparent_background=\u00bboff\u00bb padding_mobile=\u00bboff\u00bb make_fullwidth=\u00bboff\u00bb use_custom_width=\u00bboff\u00bb width_unit=\u00bboff\u00bb custom_width_px=\u00bb1080px\u00bb custom_width_percent=\u00bb80%\u00bb global_colors_info=\u00bb{}\u00bb da_is_popup=\u00bboff\u00bb da_exit_intent=\u00bboff\u00bb da_has_close=\u00bbon\u00bb da_alt_close=\u00bboff\u00bb da_dark_close=\u00bboff\u00bb da_not_modal=\u00bbon\u00bb da_is_singular=\u00bboff\u00bb da_with_loader=\u00bboff\u00bb da_has_shadow=\u00bbon\u00bb][et_pb_row column_structure=\u00bb1_2,1_2&#8243; padding_mobile=\u00bboff\u00bb column_padding_mobile=\u00bbon\u00bb admin_label=\u00bbrow\u00bb _builder_version=\u00bb4.16&#8243; background_size=\u00bbinitial\u00bb background_position=\u00bbtop_left\u00bb background_repeat=\u00bbrepeat\u00bb make_fullwidth=\u00bboff\u00bb use_custom_width=\u00bboff\u00bb width_unit=\u00bboff\u00bb custom_width_px=\u00bb1080px\u00bb custom_width_percent=\u00bb80%\u00bb global_colors_info=\u00bb{}\u00bb][et_pb_column type=\u00bb1_2&#8243; _builder_version=\u00bb4.16&#8243; custom_padding=\u00bb|||\u00bb global_colors_info=\u00bb{}\u00bb custom_padding__hover=\u00bb|||\u00bb][et_pb_text admin_label=\u00bbText\u00bb _builder_version=\u00bb4.16&#8243; header_font_size=\u00bb18px\u00bb background_size=\u00bbinitial\u00bb background_position=\u00bbtop_left\u00bb background_repeat=\u00bbrepeat\u00bb use_border_color=\u00bboff\u00bb border_style=\u00bbsolid\u00bb global_colors_info=\u00bb{}\u00bb]<\/p>\n<h1><span style=\"font-family: 'Open Sans'; font-weight: 300; font-size: xx-large;\">Participaci\u00f3n Electoral<\/span><\/h1>\n<p>[\/et_pb_text][et_pb_text admin_label=\u00bbText\u00bb _builder_version=\u00bb4.27.4&#8243; background_size=\u00bbinitial\u00bb background_position=\u00bbtop_left\u00bb background_repeat=\u00bbrepeat\u00bb use_border_color=\u00bboff\u00bb border_color=\u00bb#ffffff\u00bb border_style=\u00bbsolid\u00bb global_colors_info=\u00bb{}\u00bb]<\/p>\n<p><strong><br \/>Entre R\u00edos. Total de votos emitidos para la eleccion de presidente y vicepresidente de la Naci\u00f3n. Segunda vuelta electoral 19 de Noviembre de 2023<\/strong><\/p>\n<table style=\"height: 206px; width: 36.7373%; border-collapse: collapse;\" border=\"0\">\n<tbody>\n<tr style=\"height: 24px;\">\n<td style=\"width: 56.7492%; text-align: center; height: 24px;\"><strong>Partido\/Alianza y tipo de voto\u00a0 <\/strong><\/td>\n<td style=\"width: 27.4514%; text-align: center; height: 24px;\"><strong>Total de votos<\/strong><\/td>\n<td style=\"width: 27.4514%; text-align: center; height: 24px;\"><strong>%<\/strong><\/td>\n<\/tr>\n<tr style=\"height: 48px;\">\n<td style=\"width: 56.7492%; height: 43px;\">Votos emitidos<\/td>\n<td style=\"width: 27.4514%; height: 43px;\">889.799<\/td>\n<td style=\"width: 27.4514%; height: 43px; text-align: center;\">100 %<\/td>\n<\/tr>\n<tr style=\"height: 48px;\">\n<td style=\"width: 56.7492%; height: 48px;\">La Libertad Avanza<\/td>\n<td style=\"width: 27.4514%; height: 48px;\">529.318<\/td>\n<td style=\"width: 27.4514%; height: 48px; text-align: center;\">59,5 %<\/td>\n<\/tr>\n<tr style=\"height: 24px;\">\n<td style=\"width: 56.7492%; height: 24px;\">Uni\u00f3n por la Patria<\/td>\n<td style=\"width: 27.4514%; height: 24px;\">331.763<\/td>\n<td style=\"width: 27.4514%; height: 24px; text-align: center;\">37,3 %<\/td>\n<\/tr>\n<tr style=\"height: 24px;\">\n<td style=\"width: 56.7492%; height: 24px;\">Votos en Blancos<\/td>\n<td style=\"width: 27.4514%; height: 24px;\">11.268<\/td>\n<td style=\"width: 27.4514%; height: 24px; text-align: center;\">1,3 %<\/td>\n<\/tr>\n<tr style=\"height: 24px;\">\n<td style=\"width: 56.7492%; height: 24px;\">Votos Nulos<\/td>\n<td style=\"width: 27.4514%; height: 24px;\">17.430<\/td>\n<td style=\"width: 27.4514%; height: 24px; text-align: center;\">2,0 %<\/td>\n<\/tr>\n<\/tbody>\n<\/table>\n<p><strong><br \/>Entre R\u00edos. Total de votos emitidos para la eleccion de gobernador y vicegobernador de la Provincia. Elecciones Generales 22 de Octubre de 2023.\u00a0<\/strong><\/p>\n<table style=\"height: 195px; width: 36.4845%; border-collapse: collapse;\" border=\"0\">\n<tbody>\n<tr style=\"height: 23px;\">\n<td style=\"width: 63.336%; height: 23px; text-align: center;\"><strong>Partido\/Alianza y tipo de voto\u00a0<\/strong><\/td>\n<td style=\"width: 21.7066%; height: 23px; text-align: center;\">\u00a0<strong>Total de votos<\/strong><\/td>\n<td style=\"width: 21.7066%; text-align: center;\">%<\/td>\n<\/tr>\n<tr style=\"height: 23px;\">\n<td style=\"width: 63.336%; height: 23px;\">Votos emitidos<\/td>\n<td style=\"width: 21.7066%; height: 23px; text-align: center;\">897.487<\/td>\n<td style=\"width: 21.7066%; text-align: center;\">100 %<\/td>\n<\/tr>\n<tr>\n<td style=\"width: 63.336%;\">Juntos por el Cambio Juntos por Entre R\u00edos<\/td>\n<td style=\"width: 21.7066%; text-align: center;\">327.574<\/td>\n<td style=\"width: 21.7066%; text-align: center;\">36,5 %<\/td>\n<\/tr>\n<tr style=\"height: 23px;\">\n<td style=\"width: 63.336%; height: 23px;\">Uni\u00f3n por la Patria M\u00e1s por Entre R\u00edos<\/td>\n<td style=\"width: 21.7066%; height: 23px; text-align: center;\">309.929<\/td>\n<td style=\"width: 21.7066%; text-align: center;\">34,5 %<\/td>\n<\/tr>\n<tr style=\"height: 23px;\">\n<td style=\"width: 63.336%; height: 23px;\">La Libertad Avanza<\/td>\n<td style=\"width: 21.7066%; height: 23px; text-align: center;\">148.392<\/td>\n<td style=\"width: 21.7066%; text-align: center;\">16,5 %<\/td>\n<\/tr>\n<tr style=\"height: 23px;\">\n<td style=\"width: 63.336%; height: 23px;\">Votos en Blancos<\/td>\n<td style=\"width: 21.7066%; height: 23px; text-align: center;\">104.107<\/td>\n<td style=\"width: 21.7066%; text-align: center;\">11,6 %<\/td>\n<\/tr>\n<tr style=\"height: 23px;\">\n<td style=\"width: 63.336%; height: 23px;\">Votos Nulos<\/td>\n<td style=\"width: 21.7066%; height: 23px; text-align: center;\">7.485<\/td>\n<td style=\"width: 21.7066%; text-align: center;\">0,8 %<\/td>\n<\/tr>\n<\/tbody>\n<\/table>\n<p><strong><\/strong><\/p>\n<p><strong>Entre R\u00edos. Total de votos emitidos para la eleccion de senadores nacionales, votos de los primeros partidos, en blanco y nulos . Elecciones Generales 26 de Octubre de 2025.\u00a0<\/strong><\/p>\n<table style=\"height: 199px; width: 36.213%; border-collapse: collapse;\" border=\"0\">\n<tbody>\n<tr style=\"height: 23px;\">\n<td style=\"width: 63.336%; height: 23px; text-align: center;\"><strong>Partido\/Alianza y tipo de voto\u00a0<\/strong><\/td>\n<td style=\"width: 21.7066%; height: 23px; text-align: center;\">\u00a0<strong>Total de votos<\/strong><\/td>\n<td style=\"width: 21.7066%; text-align: center; height: 23px;\">%<\/td>\n<\/tr>\n<tr style=\"height: 23px;\">\n<td style=\"width: 63.336%; height: 23px;\">Votos emitidos<\/td>\n<td style=\"width: 21.7066%; height: 23px; text-align: center;\">821.063<\/td>\n<td style=\"width: 21.7066%; text-align: center; height: 23px;\">100 %<\/td>\n<\/tr>\n<tr style=\"height: 24px;\">\n<td style=\"width: 63.336%; height: 24px;\">La Libertad Avanza<\/td>\n<td style=\"width: 21.7066%; text-align: center; height: 24px;\">402.046<\/td>\n<td style=\"width: 21.7066%; text-align: center; height: 24px;\">49,0 %<\/td>\n<\/tr>\n<tr style=\"height: 23px;\">\n<td style=\"width: 63.336%; height: 23px;\">Fuerza Entre R\u00edos<\/td>\n<td style=\"width: 21.7066%; height: 23px; text-align: center;\">273.753<\/td>\n<td style=\"width: 21.7066%; text-align: center; height: 23px;\">33,3 %<\/td>\n<\/tr>\n<tr style=\"height: 23px;\">\n<td style=\"width: 63.336%; height: 23px;\">Restos de los partidos<\/td>\n<td style=\"width: 21.7066%; height: 23px; text-align: center;\">90.984<\/td>\n<td style=\"width: 21.7066%; text-align: center; height: 23px;\">11,1%<\/td>\n<\/tr>\n<tr style=\"height: 23px;\">\n<td style=\"width: 63.336%; height: 23px;\">Votos en Blancos<\/td>\n<td style=\"width: 21.7066%; height: 23px; text-align: center;\">27.826<\/td>\n<td style=\"width: 21.7066%; text-align: center; height: 23px;\">3,4 %<\/td>\n<\/tr>\n<tr style=\"height: 23px;\">\n<td style=\"width: 63.336%; height: 23px;\">Votos Nulos<\/td>\n<td style=\"width: 21.7066%; height: 23px; text-align: center;\">26.454<\/td>\n<td style=\"width: 21.7066%; text-align: center; height: 23px;\">3,2 %<\/td>\n<\/tr>\n<\/tbody>\n<\/table>\n<p><strong>Entre R\u00edos. Total de votos emitidos para la eleccion de diputados nacionales, votos de los primeros partidos, en blanco y nulos . Elecciones Generales 26 de Octubre de 2025.\u00a0<\/strong><\/p>\n<table style=\"height: 196px; width: 36.213%; border-collapse: collapse;\" border=\"0\">\n<tbody>\n<tr style=\"height: 23px;\">\n<td style=\"width: 63.336%; height: 23px; text-align: center;\"><strong>Partido\/Alianza y tipo de voto\u00a0<\/strong><\/td>\n<td style=\"width: 21.7066%; height: 23px; text-align: center;\">\u00a0<strong>Total de votos<\/strong><\/td>\n<td style=\"width: 21.7066%; text-align: center; height: 23px;\">%<\/td>\n<\/tr>\n<tr style=\"height: 23px;\">\n<td style=\"width: 63.336%; height: 23px;\">Votos emitidos<\/td>\n<td style=\"width: 21.7066%; height: 23px; text-align: center;\">821.063<\/td>\n<td style=\"width: 21.7066%; text-align: center; height: 23px;\">100 %<\/td>\n<\/tr>\n<tr style=\"height: 24px;\">\n<td style=\"width: 63.336%; height: 24px;\">La Libertad Avanza<\/td>\n<td style=\"width: 21.7066%; text-align: center; height: 24px;\">377.741<\/td>\n<td style=\"width: 21.7066%; text-align: center; height: 24px;\">46,0 %<\/td>\n<\/tr>\n<tr style=\"height: 23px;\">\n<td style=\"width: 63.336%; height: 23px;\">Fuerza Entre R\u00edos<\/td>\n<td style=\"width: 21.7066%; height: 23px; text-align: center;\">245.691<\/td>\n<td style=\"width: 21.7066%; text-align: center; height: 23px;\">29,9 %<\/td>\n<\/tr>\n<tr style=\"height: 23px;\">\n<td style=\"width: 63.336%; height: 23px;\">Restos de los partidos<\/td>\n<td style=\"width: 21.7066%; height: 23px; text-align: center;\">90.647<\/td>\n<td style=\"width: 21.7066%; text-align: center; height: 23px;\">11,0%<\/td>\n<\/tr>\n<tr style=\"height: 23px;\">\n<td style=\"width: 63.336%; height: 23px;\">Votos en Blancos<\/td>\n<td style=\"width: 21.7066%; height: 23px; text-align: center;\">85.251<\/td>\n<td style=\"width: 21.7066%; text-align: center; height: 23px;\">10,4 %<\/td>\n<\/tr>\n<tr style=\"height: 23px;\">\n<td style=\"width: 63.336%; height: 23px;\">Votos Nulos<\/td>\n<td style=\"width: 21.7066%; height: 23px; text-align: center;\">21.733<\/td>\n<td style=\"width: 21.7066%; text-align: center; height: 23px;\">2,6 %<\/td>\n<\/tr>\n<\/tbody>\n<\/table>\n<p>Fuente: Secretar\u00eda Electoral Nacional, Distrito Entre R\u00edos.<\/p>\n<p>[\/et_pb_text][\/et_pb_column][et_pb_column type=\u00bb1_2&#8243; _builder_version=\u00bb4.16&#8243; custom_padding=\u00bb|||\u00bb global_colors_info=\u00bb{}\u00bb custom_padding__hover=\u00bb|||\u00bb][et_pb_text admin_label=\u00bbText\u00bb _builder_version=\u00bb4.16&#8243; background_size=\u00bbinitial\u00bb background_position=\u00bbtop_left\u00bb background_repeat=\u00bbrepeat\u00bb use_border_color=\u00bboff\u00bb border_style=\u00bbsolid\u00bb global_colors_info=\u00bb{}\u00bb]En esta Secci\u00f3n se brinda informaci\u00f3n de la cantidad de ciudadanos que participaron en las \u00faltimas elecciones nacionales y provinciales, as\u00ed como las categor\u00edas de votos y los resultados obtenidos por cada agrupaci\u00f3n pol\u00edtica.<br \/>\nLos datos son suministrados por la Secretar\u00eda Electoral Nacional, Distrito Entre R\u00edos.<br \/>\n[\/et_pb_text][et_pb_accordion admin_label=\u00bbAccordion\u00bb _builder_version=\u00bb4.27.4&#8243; hover_enabled=\u00bb0&#8243; use_border_color=\u00bboff\u00bb locked=\u00bboff\u00bb global_colors_info=\u00bb{}\u00bb sticky_enabled=\u00bb0&#8243;][et_pb_accordion_item title=\u00bbEntre R\u00edos. Total de electores habilitados, de votos emitidos y porcentaje de participaci\u00f3n, seg\u00fan departamentos. Elecciones nacionales de 2019, 2021, 2023 y 2025.\u00bb open=\u00bbon\u00bb _builder_version=\u00bb4.27.4&#8243; use_border_color=\u00bboff\u00bb border_color=\u00bb#ffffff\u00bb border_width=\u00bb1px\u00bb border_style=\u00bbsolid\u00bb global_colors_info=\u00bb{}\u00bb]<\/p>\n<p><a href=\"https:\/\/www.entrerios.gov.ar\/dgec\/wp-content\/uploads\/2025\/11\/partElectoral_1-.xlsx\"><img loading=\"lazy\" decoding=\"async\" class=\"alignnone wp-image-412\" src=\"http:\/\/www.entrerios.gov.ar\/dgec\/wp-content\/uploads\/2017\/01\/logoxls.png\" alt=\"logoxls\" width=\"40\" height=\"49\" \/><\/a><\/p>\n<p>[\/et_pb_accordion_item][et_pb_accordion_item title=\u00bb Entre R\u00edos. Total de votos emitidos  para la eleccion de presidente y vice de la Naci\u00f3n, seg\u00fan departamentos. Elecciones nacionales de 2015, 2019 y 2023.\u00bb _builder_version=\u00bb4.27.4&#8243; hover_enabled=\u00bb0&#8243; use_border_color=\u00bboff\u00bb border_color=\u00bb#ffffff\u00bb border_width=\u00bb1px\u00bb border_style=\u00bbsolid\u00bb global_colors_info=\u00bb{}\u00bb open=\u00bboff\u00bb sticky_enabled=\u00bb0&#8243;]<a href=\"https:\/\/www.entrerios.gov.ar\/dgec\/wp-content\/uploads\/2026\/04\/partElectoral_2-.xlsx\"><img loading=\"lazy\" decoding=\"async\" class=\"alignnone wp-image-412\" src=\"http:\/\/www.entrerios.gov.ar\/dgec\/wp-content\/uploads\/2017\/01\/logoxls.png\" alt=\"logoxls\" width=\"40\" height=\"49\" \/><\/a>[\/et_pb_accordion_item][et_pb_accordion_item title=\u00bb Entre R\u00edos. Total de votos emitidos  para la eleccion de Gobernador y vicegobernador, seg\u00fan departamentos. Elecciones nacionales y provinciales de 2015, 2019 y 2023.\u00bb _builder_version=\u00bb4.27.4&#8243; hover_enabled=\u00bb0&#8243; use_border_color=\u00bboff\u00bb border_color=\u00bb#ffffff\u00bb border_width=\u00bb1px\u00bb border_style=\u00bbsolid\u00bb global_colors_info=\u00bb{}\u00bb open=\u00bboff\u00bb sticky_enabled=\u00bb0&#8243;]<a href=\"https:\/\/www.entrerios.gov.ar\/dgec\/wp-content\/uploads\/2025\/11\/partElectoral_3.xlsx\"><img loading=\"lazy\" decoding=\"async\" class=\"alignnone wp-image-412\" src=\"http:\/\/www.entrerios.gov.ar\/dgec\/wp-content\/uploads\/2017\/01\/logoxls.png\" alt=\"logoxls\" width=\"40\" height=\"49\" \/><\/a>[\/et_pb_accordion_item][et_pb_accordion_item title=\u00bb Entre R\u00edos. Total de votos emitidos  para la eleccion de senadores nacionales, seg\u00fan departamentos. Elecciones nacionales de 2013, 2019 y 2025.\u00bb _builder_version=\u00bb4.27.4&#8243; use_border_color=\u00bboff\u00bb border_color=\u00bb#ffffff\u00bb border_width=\u00bb1px\u00bb border_style=\u00bbsolid\u00bb global_colors_info=\u00bb{}\u00bb open=\u00bboff\u00bb]<\/p>\n<p><a href=\"https:\/\/www.entrerios.gov.ar\/dgec\/wp-content\/uploads\/2025\/11\/partElectoral_4.xlsx\"><img loading=\"lazy\" decoding=\"async\" class=\"alignnone wp-image-412\" src=\"http:\/\/www.entrerios.gov.ar\/dgec\/wp-content\/uploads\/2017\/01\/logoxls.png\" alt=\"logoxls\" width=\"40\" height=\"49\" \/><\/a><\/p>\n<p>[\/et_pb_accordion_item][et_pb_accordion_item title=\u00bb Entre R\u00edos. Total de votos emitidos para la eleccion de diputados nacionales, seg\u00fan departamentos. Elecciones nacionales de 2019, 2021, 2023 y 2025.\u00bb _builder_version=\u00bb4.27.4&#8243; use_border_color=\u00bboff\u00bb border_color=\u00bb#ffffff\u00bb border_width=\u00bb1px\u00bb border_style=\u00bbsolid\u00bb global_colors_info=\u00bb{}\u00bb open=\u00bboff\u00bb]<\/p>\n<p><a href=\"https:\/\/www.entrerios.gov.ar\/dgec\/wp-content\/uploads\/2025\/11\/partElectoral_5.xlsx\"><img loading=\"lazy\" decoding=\"async\" class=\"alignnone wp-image-412\" src=\"http:\/\/www.entrerios.gov.ar\/dgec\/wp-content\/uploads\/2017\/01\/logoxls.png\" alt=\"logoxls\" width=\"40\" height=\"49\" \/><\/a><\/p>\n<p>[\/et_pb_accordion_item][et_pb_accordion_item title=\u00bb  Entre R\u00edos. Total de votos emitidos para la eleccion de senadores provinciales, seg\u00fan departamentos; y distribuci\u00f3n de bancas en la C\u00e1mara Alta. Elecciones nacional de 2015 y provincial de 2019 y 2023.\u00bb _builder_version=\u00bb4.27.4&#8243; hover_enabled=\u00bb0&#8243; use_border_color=\u00bboff\u00bb border_color=\u00bb#ffffff\u00bb border_width=\u00bb1px\u00bb border_style=\u00bbsolid\u00bb global_colors_info=\u00bb{}\u00bb open=\u00bboff\u00bb sticky_enabled=\u00bb0&#8243;]<a href=\"https:\/\/www.entrerios.gov.ar\/dgec\/wp-content\/uploads\/2025\/11\/partElectoral_6.xlsx\"><img loading=\"lazy\" decoding=\"async\" class=\"alignnone wp-image-412\" src=\"http:\/\/www.entrerios.gov.ar\/dgec\/wp-content\/uploads\/2017\/01\/logoxls.png\" alt=\"logoxls\" width=\"40\" height=\"49\" \/><\/a>[\/et_pb_accordion_item][et_pb_accordion_item title=\u00bb Entre R\u00edos. Total de votos emitidos para la eleccion de diputados provinciales, seg\u00fan departamentos; y distribuci\u00f3n de bancas en la C\u00e1mara Baja. Elecciones nacional de 2015 y provincial de 2019 y 2023.\u00bb _builder_version=\u00bb4.27.4&#8243; hover_enabled=\u00bb0&#8243; use_border_color=\u00bboff\u00bb border_color=\u00bb#ffffff\u00bb border_width=\u00bb1px\u00bb border_style=\u00bbsolid\u00bb global_colors_info=\u00bb{}\u00bb open=\u00bboff\u00bb sticky_enabled=\u00bb0&#8243;]<a href=\"https:\/\/www.entrerios.gov.ar\/dgec\/wp-content\/uploads\/2026\/04\/partElectoral_7.xlsx\"><img loading=\"lazy\" decoding=\"async\" class=\"alignnone wp-image-412\" src=\"http:\/\/www.entrerios.gov.ar\/dgec\/wp-content\/uploads\/2017\/01\/logoxls.png\" alt=\"logoxls\" width=\"40\" height=\"49\" \/><\/a>[\/et_pb_accordion_item][et_pb_accordion_item title=\u00bbEntre R\u00edos. Total de electores habilitados y de afiliados a partidos pol\u00edticos en a\u00f1os con elecciones generales. Per\u00edodo 2007-2021.\u00bb _builder_version=\u00bb4.27.4&#8243; use_border_color=\u00bboff\u00bb border_color=\u00bb#ffffff\u00bb border_width=\u00bb1px\u00bb border_style=\u00bbsolid\u00bb global_colors_info=\u00bb{}\u00bb open=\u00bboff\u00bb]<a href=\"https:\/\/www.entrerios.gov.ar\/dgec\/wp-content\/uploads\/2025\/11\/partElectoral_8.xlsx\"><img loading=\"lazy\" decoding=\"async\" class=\"alignnone wp-image-412\" src=\"http:\/\/www.entrerios.gov.ar\/dgec\/wp-content\/uploads\/2017\/01\/logoxls.png\" alt=\"logoxls\" width=\"40\" height=\"49\" \/><\/a>[\/et_pb_accordion_item][\/et_pb_accordion][\/et_pb_column][\/et_pb_row][\/et_pb_section]<\/p>\n","protected":false},"excerpt":{"rendered":"<p>Participaci\u00f3n Electoral Entre R\u00edos. Total de votos emitidos para la eleccion de presidente y vicepresidente de la Naci\u00f3n. Segunda vuelta electoral 19 de Noviembre de 2023 Partido\/Alianza y tipo de voto\u00a0 Total de votos % Votos emitidos 889.799 100 % La Libertad Avanza 529.318 59,5 % Uni\u00f3n por la Patria 331.763 37,3 % Votos en [&hellip;]<\/p>\n","protected":false},"author":1,"featured_media":0,"parent":0,"menu_order":0,"comment_status":"closed","ping_status":"closed","template":"","meta":{"_et_pb_use_builder":"on","_et_pb_old_content":"","_et_gb_content_width":"","footnotes":""},"_links":{"self":[{"href":"https:\/\/www.entrerios.gov.ar\/dgec\/wp-json\/wp\/v2\/pages\/162"}],"collection":[{"href":"https:\/\/www.entrerios.gov.ar\/dgec\/wp-json\/wp\/v2\/pages"}],"about":[{"href":"https:\/\/www.entrerios.gov.ar\/dgec\/wp-json\/wp\/v2\/types\/page"}],"author":[{"embeddable":true,"href":"https:\/\/www.entrerios.gov.ar\/dgec\/wp-json\/wp\/v2\/users\/1"}],"replies":[{"embeddable":true,"href":"https:\/\/www.entrerios.gov.ar\/dgec\/wp-json\/wp\/v2\/comments?post=162"}],"version-history":[{"count":27,"href":"https:\/\/www.entrerios.gov.ar\/dgec\/wp-json\/wp\/v2\/pages\/162\/revisions"}],"predecessor-version":[{"id":222406,"href":"https:\/\/www.entrerios.gov.ar\/dgec\/wp-json\/wp\/v2\/pages\/162\/revisions\/222406"}],"wp:attachment":[{"href":"https:\/\/www.entrerios.gov.ar\/dgec\/wp-json\/wp\/v2\/media?parent=162"}],"curies":[{"name":"wp","href":"https:\/\/api.w.org\/{rel}","templated":true}]}}