{"id":164,"date":"2017-02-14T23:39:09","date_gmt":"2017-02-14T23:39:09","guid":{"rendered":"http:\/\/localhost\/?page_id=164"},"modified":"2025-04-04T18:46:17","modified_gmt":"2025-04-04T15:46:17","slug":"salud","status":"publish","type":"page","link":"https:\/\/www.entrerios.gov.ar\/dgec\/salud\/","title":{"rendered":"Salud"},"content":{"rendered":"<p>[et_pb_section fb_built=\u00bb1&#8243; specialty=\u00bbon\u00bb custom_padding_last_edited=\u00bbon|desktop\u00bb parallax_method_1=\u00bboff\u00bb parallax_method_2=\u00bboff\u00bb admin_label=\u00bbsection\u00bb module_class=\u00bb et_pb_specialty_fullwidth\u00bb _builder_version=\u00bb4.16&#8243; inner_width=\u00bb89%\u00bb inner_width_tablet=\u00bb80%\u00bb inner_width_phone=\u00bb80%\u00bb inner_width_last_edited=\u00bbon|desktop\u00bb inner_max_width=\u00bb89%\u00bb inner_max_width_tablet=\u00bb80%\u00bb inner_max_width_phone=\u00bb80%\u00bb inner_max_width_last_edited=\u00bbon|desktop\u00bb custom_padding_tablet=\u00bb50px|0|50px|0&#8243; custom_padding_phone=\u00bb\u00bb da_disable_devices=\u00bboff|off|off\u00bb padding_mobile=\u00bboff\u00bb make_fullwidth=\u00bbon\u00bb global_colors_info=\u00bb{}\u00bb da_is_popup=\u00bboff\u00bb da_exit_intent=\u00bboff\u00bb da_has_close=\u00bbon\u00bb da_alt_close=\u00bboff\u00bb da_dark_close=\u00bboff\u00bb da_not_modal=\u00bbon\u00bb da_is_singular=\u00bboff\u00bb da_with_loader=\u00bboff\u00bb da_has_shadow=\u00bbon\u00bb][et_pb_column type=\u00bb1_2&#8243; _builder_version=\u00bb4.16&#8243; custom_padding=\u00bb|||\u00bb global_colors_info=\u00bb{}\u00bb custom_padding__hover=\u00bb|||\u00bb][et_pb_text _builder_version=\u00bb4.16&#8243; background_size=\u00bbinitial\u00bb background_position=\u00bbtop_left\u00bb background_repeat=\u00bbrepeat\u00bb inline_fonts=\u00bbOpen Sans Light\u00bb global_colors_info=\u00bb{}\u00bb]<\/p>\n<h1><span style=\"font-family: 'Open Sans'; font-weight: 300;\"><span style=\"font-size: 70px;\">Salud<br \/>\n<\/span><em><span style=\"font-size: 70px;\"><br \/>\n<\/span><\/em><\/span><\/h1>\n<p>[\/et_pb_text][et_pb_text _builder_version=\u00bb4.27.4&#8243; background_size=\u00bbinitial\u00bb background_position=\u00bbtop_left\u00bb background_repeat=\u00bbrepeat\u00bb inline_fonts=\u00bbOpen Sans Light\u00bb global_colors_info=\u00bb{}\u00bb]<\/p>\n<p><strong>Entre Rios. Tasas A\u00f1o 2023<\/strong><\/p>\n<table style=\"width: 375px; height: 92px;\" border=\"0\" width=\"400\">\n<tbody>\n<tr>\n<td style=\"width: 301.828px;\">Tasa de Natalidad<\/td>\n<td style=\"width: 57.1719px;\">\u00a0 \u00a0 \u00a0 \u00a0 \u00a0 9,9<\/td>\n<\/tr>\n<tr style=\"height: 23px;\">\n<td style=\"width: 301.828px; height: 23px;\">Tasa de Mortalidad General<\/td>\n<td style=\"width: 57.1719px; height: 23px;\" align=\"right\" valign=\"middle\">7,6<\/td>\n<\/tr>\n<tr style=\"height: 23px;\">\n<td style=\"width: 301.828px; height: 23px;\">Tasa Mortalidad Infantil<\/td>\n<td style=\"width: 57.1719px; height: 23px;\" align=\"right\" valign=\"middle\">9,5<\/td>\n<\/tr>\n<tr style=\"height: 23px;\">\n<td style=\"width: 301.828px; height: 23px;\">Tasa Mortalidad Materna<\/td>\n<td style=\"width: 57.1719px; height: 23px;\" align=\"right\" valign=\"middle\">5,0<\/td>\n<\/tr>\n<\/tbody>\n<\/table>\n<p><strong>Fuente: Ministerio de Salud de la Naci\u00f3n, Direcci\u00f3n de Estad\u00edsticas e Informaci\u00f3n en Salud (DEIS), Serie Estad\u00edsticas Vitales &#8211; Informaci\u00f3n B\u00e1sica.<\/strong><\/p>\n<p>[\/et_pb_text][\/et_pb_column][et_pb_column type=\u00bb1_2&#8243; specialty_columns=\u00bb2&#8243; _builder_version=\u00bb4.16&#8243; custom_padding=\u00bb|||\u00bb global_colors_info=\u00bb{}\u00bb custom_padding__hover=\u00bb|||\u00bb][et_pb_row_inner padding_mobile=\u00bboff\u00bb column_padding_mobile=\u00bboff\u00bb admin_label=\u00bbFila\u00bb _builder_version=\u00bb4.16&#8243; global_colors_info=\u00bb{}\u00bb][et_pb_column_inner saved_specialty_column_type=\u00bb1_2&#8243; _builder_version=\u00bb4.16&#8243; custom_padding=\u00bb|||\u00bb global_colors_info=\u00bb{}\u00bb custom_padding__hover=\u00bb|||\u00bb][et_pb_text _builder_version=\u00bb4.16&#8243; background_size=\u00bbinitial\u00bb background_position=\u00bbtop_left\u00bb background_repeat=\u00bbrepeat\u00bb global_colors_info=\u00bb{}\u00bb]<\/p>\n<p class=\"MsoNormal\" style=\"text-align: justify;\"><span lang=\"ES\" style=\"font-size: 10.5pt; line-height: 115%; font-family: 'Open Sans','sans-serif'; mso-bidi-font-family: 'Times New Roman'; mso-bidi-theme-font: minor-bidi; mso-ansi-language: ES;\">En esta Secci\u00f3n se encuentran datos e indicadores de natalidad, mortalidad general e infantil, fecundidad, prevalencia de consumo de sustancias que afectan la salud, nivel de actividad f\u00edsica, prevalencia de hipertensi\u00f3n arterial, hipercolesterolemia y diabetes, conductas preventivas de salud y de lesiones, grado de conocimiento y uso de m\u00e9todos anticonceptivos, entre otros.<\/span><\/p>\n<p class=\"MsoNormal\" style=\"margin-bottom: .0001pt; text-align: justify;\"><span lang=\"ES\" style=\"font-size: 10.5pt; line-height: 115%; font-family: 'Open Sans','sans-serif'; mso-bidi-font-family: 'Times New Roman'; mso-bidi-theme-font: minor-bidi; mso-ansi-language: ES;\">Se exhibe informaci\u00f3n e indicadores de estad\u00edsticas vitales publicados por la Direcci\u00f3n de Estad\u00edsticas e Informaci\u00f3n de Salud del Ministerio de Salud de la Naci\u00f3n, de estad\u00edsticas hospitalarias y epidemiol\u00f3gicas proporcionadas por el Departamento Bioestad\u00edstica y la Direcci\u00f3n de Epidemiolog\u00eda del Ministerio de Salud de Entre R\u00edos. Y se encuentra informaci\u00f3n relativa a distintos programas realizados conjuntamente con el Instituto Nacional de Estad\u00edstica y Censos, que permiten caracterizar las condiciones de salud de la poblaci\u00f3n:<\/span><\/p>\n<p>[\/et_pb_text][et_pb_accordion _builder_version=\u00bb4.27.4&#8243; hover_enabled=\u00bb0&#8243; use_border_color=\u00bboff\u00bb border_color=\u00bb#ffffff\u00bb border_style=\u00bbsolid\u00bb global_colors_info=\u00bb{}\u00bb sticky_enabled=\u00bb0&#8243;][et_pb_accordion_item title=\u00bbEstadisticas Continuas\u00bb open=\u00bbon\u00bb _builder_version=\u00bb4.27.4&#8243; hover_enabled=\u00bb0&#8243; global_colors_info=\u00bb{}\u00bb sticky_enabled=\u00bb0&#8243;]<\/p>\n<table class=\"responsive \">\n<tbody>\n<tr>\n<td align=\"center\" width=\"60\"><a href=\"https:\/\/www.entrerios.gov.ar\/dgec\/wp-content\/uploads\/2025\/04\/Salud_EC1_Datos-e-indicadores-estad-vitales.xls\"><img loading=\"lazy\" decoding=\"async\" class=\"wp-image-413 alignleft\" src=\"http:\/\/www.entrerios.gov.ar\/dgec\/wp-content\/uploads\/2017\/01\/logoxls.png\" alt=\"logoxls\" width=\"40\" height=\"49\" \/><\/a><\/td>\n<td width=\"530\">\n<h4><span style=\"font-weight: 300; font-family: 'Open Sans'; font-size: small;\">Datos e indicadores de estad\u00edsticas vitales. Periodo 2000-2023.<\/span><\/h4>\n<\/td>\n<\/tr>\n<tr>\n<td align=\"center\" width=\"60\"><a href=\"https:\/\/www.entrerios.gov.ar\/dgec\/wp-content\/uploads\/2025\/04\/salud_EC_3-Entre-Rios-Tasas-Natalidad-x-dpto.xls\"><img loading=\"lazy\" decoding=\"async\" class=\"wp-image-413 alignleft\" src=\"http:\/\/www.entrerios.gov.ar\/dgec\/wp-content\/uploads\/2017\/01\/logoxls.png\" alt=\"logoxls\" width=\"40\" height=\"49\" \/><\/a><\/td>\n<td width=\"530\">\n<h4><span style=\"font-weight: 300; font-family: 'Open Sans'; font-size: small;\">Tasa bruta de natalidad seg\u00fan departamento de residencia de la madre. Per\u00edodo 2000-2023.<\/span><\/h4>\n<\/td>\n<\/tr>\n<tr>\n<td align=\"center\" width=\"60\"><a href=\"https:\/\/www.entrerios.gov.ar\/dgec\/wp-content\/uploads\/2025\/04\/salud_EC4_Entre-Rios-Tasas-Mortalidad-x-departamento.xls\"><img loading=\"lazy\" decoding=\"async\" class=\"wp-image-413 alignleft\" src=\"http:\/\/www.entrerios.gov.ar\/dgec\/wp-content\/uploads\/2017\/01\/logoxls.png\" alt=\"logoxls\" width=\"40\" height=\"49\" \/><\/a><\/td>\n<td width=\"530\">\n<h4><span style=\"font-weight: 300; font-family: 'Open Sans'; font-size: small;\">Tasa bruta de mortalidad seg\u00fan departamento de residencia de los fallecidos. Per\u00edodo 2000-2023.<\/span><\/h4>\n<\/td>\n<\/tr>\n<tr>\n<td align=\"center\" width=\"60\"><a href=\"https:\/\/www.entrerios.gov.ar\/dgec\/wp-content\/uploads\/2025\/04\/salud_EC5_-Entre-Rios-Tasas-Mortalidad-x-edad-y-sexo.xls\"><img loading=\"lazy\" decoding=\"async\" class=\"wp-image-413 alignleft\" src=\"http:\/\/www.entrerios.gov.ar\/dgec\/wp-content\/uploads\/2017\/01\/logoxls.png\" alt=\"logoxls\" width=\"40\" height=\"49\" \/><\/a><\/td>\n<td width=\"530\">\n<h4><span style=\"font-weight: 300; font-family: 'Open Sans'; font-size: small;\">Tasas de mortalidad por grupos de edad y sexo. Per\u00edodo 2020-2023.<\/span><\/h4>\n<\/td>\n<\/tr>\n<tr>\n<td align=\"center\" width=\"60\"><a href=\"https:\/\/www.entrerios.gov.ar\/dgec\/wp-content\/uploads\/2023\/11\/salud_EV_6-dosis-vacunas.xlsx\"><img loading=\"lazy\" decoding=\"async\" class=\"wp-image-413 alignleft\" src=\"http:\/\/www.entrerios.gov.ar\/dgec\/wp-content\/uploads\/2017\/01\/logoxls.png\" alt=\"logoxls\" width=\"40\" height=\"49\" \/><\/a><\/td>\n<td width=\"530\">\n<h4><span style=\"font-weight: 300; font-family: 'Open Sans'; font-size: small;\">Dosis aplicadas de vacunas incluidas en el calendario nacional, seg\u00fan a\u00f1o. Per\u00edodo 2016-2022.<\/span><\/h4>\n<\/td>\n<\/tr>\n<tr>\n<td align=\"center\" width=\"60\"><a href=\"https:\/\/www.entrerios.gov.ar\/dgec\/wp-content\/uploads\/2025\/04\/salud_EC7_Entre-Rios-TMInfantil-x-trienios.xls\"><img loading=\"lazy\" decoding=\"async\" class=\"wp-image-413 alignleft\" src=\"http:\/\/www.entrerios.gov.ar\/dgec\/wp-content\/uploads\/2017\/01\/logoxls.png\" alt=\"logoxls\" width=\"40\" height=\"49\" \/><\/a><\/td>\n<td width=\"530\">\n<h4><span style=\"font-weight: 300; font-family: 'Open Sans'; font-size: small;\">Tasa de Mortalidad Infantil seg\u00fan promedios trienales m\u00f3viles. Per\u00edodo 2000-2023.<\/span><\/h4>\n<\/td>\n<\/tr>\n<tr>\n<td align=\"center\" width=\"60\"><a href=\"https:\/\/www.entrerios.gov.ar\/dgec\/wp-content\/uploads\/2025\/04\/salud_EC8_ER-Prom-trienales-T-Glob-Fecund.xlsx\"><img loading=\"lazy\" decoding=\"async\" class=\"wp-image-413 alignleft\" src=\"http:\/\/www.entrerios.gov.ar\/dgec\/wp-content\/uploads\/2017\/01\/logoxls.png\" alt=\"logoxls\" width=\"40\" height=\"49\" \/><\/a><\/td>\n<td width=\"530\">\n<h4><span style=\"font-weight: 300; font-family: 'Open Sans'; font-size: small;\">Promedios trienales Tasa Global de Fecundidad. Periodos 2001-2003 a 2021-2023.<\/span><\/h4>\n<\/td>\n<\/tr>\n<tr>\n<td align=\"center\" width=\"60\"><a href=\"https:\/\/www.entrerios.gov.ar\/dgec\/wp-content\/uploads\/2025\/04\/salud_EC9_ER-Pob-en-viv-part-por-tipo-cobert-salud-seg-Dptos-Censo-2022.xlsx\"><img loading=\"lazy\" decoding=\"async\" class=\"wp-image-413 alignleft\" src=\"http:\/\/www.entrerios.gov.ar\/dgec\/wp-content\/uploads\/2017\/01\/logoxls.png\" alt=\"logoxls\" width=\"40\" height=\"49\" \/><\/a><\/td>\n<td width=\"530\">\n<h4><span style=\"font-weight: 300; font-family: 'Open Sans'; font-size: small;\">Poblaci\u00f3n en viviendas particulares por tipo de cobertura en salud, seg\u00fan departamento. A\u00f1o 2022. (Censo 2022)<\/span><\/h4>\n<\/td>\n<\/tr>\n<tr>\n<td align=\"center\" width=\"60\"><a href=\"https:\/\/www.entrerios.gov.ar\/dgec\/wp-content\/uploads\/2025\/04\/salud-EC10-Pob-tipo-cob-sexo-edad-Censo-2022.xlsx\"><img loading=\"lazy\" decoding=\"async\" class=\"wp-image-413 alignleft\" src=\"http:\/\/www.entrerios.gov.ar\/dgec\/wp-content\/uploads\/2017\/01\/logoxls.png\" alt=\"logoxls\" width=\"40\" height=\"49\" \/><\/a><\/td>\n<td width=\"530\">\n<h4><span style=\"font-weight: 300; font-family: 'Open Sans'; font-size: small;\"> Poblaci\u00f3n en viviendas particulares por tipo de cobertura en salud, seg\u00fan sexo registrado al nacer y grupos quinquenales de edad. A\u00f1o 2022.(Censo 2022)<\/span><\/h4>\n<\/td>\n<\/tr>\n<tr>\n<td align=\"center\" width=\"60\"><a href=\"https:\/\/www.entrerios.gov.ar\/dgec\/wp-content\/uploads\/2025\/04\/salud_EC11_ER-defunciones-x-princ-causas-de-muerte-y-sexo-2018-2023.xlsx\"><img loading=\"lazy\" decoding=\"async\" class=\"wp-image-413 alignleft\" src=\"http:\/\/www.entrerios.gov.ar\/dgec\/wp-content\/uploads\/2017\/01\/logoxls.png\" alt=\"logoxls\" width=\"40\" height=\"49\" \/><\/a><\/td>\n<td width=\"530\">\n<h4><span style=\"font-weight: 300; font-family: 'Open Sans'; font-size: small;\"> Entre R\u00edos. Defunciones totales y distribuci\u00f3n porcentual seg\u00fan principales causas de muerte (1) y causas de muerte seleccionadas, por sexo. A\u00f1os 2018-2023.(Censo 2022)<\/span><\/h4>\n<\/td>\n<\/tr>\n<\/tbody>\n<\/table>\n<p>[\/et_pb_accordion_item][et_pb_accordion_item title=\u00bbEncuesta de Factores de Riesgo 2018&#8243; _builder_version=\u00bb4.16&#8243; global_colors_info=\u00bb{}\u00bb open=\u00bboff\u00bb]<\/p>\n<table class=\"responsive \">\n<tbody>\n<tr>\n<td align=\"center\" width=\"60\"><a href=\"https:\/\/www.entrerios.gov.ar\/dgec\/wp-content\/uploads\/2017\/02\/ENFR-2019.pdf\"><img loading=\"lazy\" decoding=\"async\" class=\"alignnone wp-image-412\" src=\"https:\/\/www.entrerios.gov.ar\/dgec\/wp-content\/uploads\/2017\/01\/logopdf.png\" alt=\"logopdf\" width=\"40\" height=\"49\" \/><\/a><\/td>\n<td width=\"530\">\n<h4><span style=\"font-weight: 300; font-family: 'Open Sans'; font-size: small;\"> Publicaci\u00f3n 2019<\/span><\/h4>\n<\/td>\n<\/tr>\n<tr>\n<td align=\"center\" width=\"60\"><a href=\"https:\/\/www.entrerios.gov.ar\/dgec\/wp-content\/uploads\/2017\/02\/cuadros_enfr_2019.xlsx\"><img loading=\"lazy\" decoding=\"async\" class=\"wp-image-413 alignleft\" src=\"http:\/\/www.entrerios.gov.ar\/dgec\/wp-content\/uploads\/2017\/01\/logoxls.png\" alt=\"logoxls\" width=\"40\" height=\"49\" \/><\/a><\/td>\n<td width=\"530\">\n<h4><span style=\"font-weight: 300; font-family: 'Open Sans'; font-size: small;\">Cuadros<\/span><\/h4>\n<\/td>\n<\/tr>\n<\/tbody>\n<\/table>\n<p>[\/et_pb_accordion_item][et_pb_accordion_item title=\u00bbEncuesta Mundial de Tabaquismo en adultos\u00bb _builder_version=\u00bb4.16&#8243; global_colors_info=\u00bb{}\u00bb open=\u00bboff\u00bb]<\/p>\n<table class=\"responsive \">\n<tbody>\n<tr>\n<td align=\"center\" width=\"60\"><a href=\"https:\/\/www.entrerios.gov.ar\/dgec\/wp-content\/uploads\/2017\/02\/resumen-ejecutivo.pdf\"><img loading=\"lazy\" decoding=\"async\" class=\"wp-image-413 alignleft\" src=\"https:\/\/www.entrerios.gov.ar\/dgec\/wp-content\/uploads\/2017\/01\/logopdf.png\" alt=\"logoxls\" width=\"40\" height=\"49\"><\/a><\/td>\n<td width=\"530\">\n<h4><span style=\"font-weight: 300; font-family: 'Open Sans'; font-size: small;\">Resumen Ejecutivo<\/span><\/h4>\n<\/td>\n<\/tr>\n<tr>\n<td align=\"center\" width=\"60\"><a href=\"https:\/\/www.entrerios.gov.ar\/dgec\/wp-content\/uploads\/2017\/05\/emta_preliminar.pdf\"><img loading=\"lazy\" decoding=\"async\" class=\"wp-image-413 alignleft\" src=\"https:\/\/www.entrerios.gov.ar\/dgec\/wp-content\/uploads\/2017\/01\/logopdf.png\" alt=\"logopdf.png\" width=\"40\" height=\"49\"><\/a><\/td>\n<td width=\"530\">\n<h4><span style=\"font-weight: 300; font-family: 'Open Sans'; font-size: small;\"> Informe de resultados preliminares<\/span><\/h4>\n<\/td>\n<\/tr>\n<tr>\n<td align=\"center\" width=\"60\"><a href=\"https:\/\/www.entrerios.gov.ar\/dgec\/wp-content\/uploads\/2017\/02\/Informe-final-EMTA.pdf\"><img loading=\"lazy\" decoding=\"async\" class=\"wp-image-413 alignleft\" src=\"https:\/\/www.entrerios.gov.ar\/dgec\/wp-content\/uploads\/2017\/01\/logopdf.png\" alt=\"logopdf.png\" width=\"40\" height=\"49\"><\/a><\/td>\n<td width=\"530\">\n<h4><span style=\"font-weight: 300; font-family: 'Open Sans'; font-size: small;\"> Informe final<\/span><\/h4>\n<\/td>\n<\/tr>\n<\/tbody>\n<\/table>\n<p>[\/et_pb_accordion_item][et_pb_accordion_item title=\u00bbEncuesta prevalencia de consumo de sustancias\u00bb _builder_version=\u00bb4.16&#8243; global_colors_info=\u00bb{}\u00bb open=\u00bboff\u00bb]<\/p>\n<table class=\"responsive \">\n<tbody>\n<tr>\n<td align=\"center\" width=\"60\"><a href=\"https:\/\/www.entrerios.gov.ar\/dgec\/wp-content\/uploads\/2023\/06\/EnPreCosp-2011_f224.xlsx\"><img loading=\"lazy\" decoding=\"async\" class=\"wp-image-413 alignleft\" src=\"http:\/\/www.entrerios.gov.ar\/dgec\/wp-content\/uploads\/2017\/01\/logoxls.png\" alt=\"logoxls\" width=\"40\" height=\"49\" \/><\/a><\/td>\n<td width=\"530\">\n<h4><span style=\"font-weight: 300; font-family: 'Open Sans'; font-size: small;\">Prevalencia de consumo de alcohol del \u00faltimo mes. Total del pa\u00eds. Provincias Regi\u00f3n Centro. A\u00f1os 2005\/2011<\/span><\/h4>\n<\/td>\n<\/tr>\n<tr>\n<td align=\"center\" width=\"60\"><a href=\"https:\/\/www.entrerios.gov.ar\/dgec\/wp-content\/uploads\/2023\/06\/EnPreCosp-2011_f226.xlsx\"><img loading=\"lazy\" decoding=\"async\" class=\"wp-image-413 alignleft\" src=\"http:\/\/www.entrerios.gov.ar\/dgec\/wp-content\/uploads\/2017\/01\/logoxls.png\" alt=\"logopdf.png\" width=\"40\" height=\"49\" \/><\/a><\/td>\n<td width=\"530\">\n<h4><span style=\"font-weight: 300; font-family: 'Open Sans'; font-size: small;\">Abuso total y combinado de bebidas alcoh\u00f3licas. Total del pa\u00eds. Provincias Regi\u00f3n Centro. A\u00f1os 2005\/08\/09 y 2011<\/span><\/h4>\n<\/td>\n<\/tr>\n<tr>\n<td align=\"center\" width=\"60\"><a href=\"https:\/\/www.entrerios.gov.ar\/dgec\/wp-content\/uploads\/2023\/06\/EnPreCosp-2011_f228.xlsx\"><img loading=\"lazy\" decoding=\"async\" class=\"wp-image-413 alignleft\" src=\"http:\/\/www.entrerios.gov.ar\/dgec\/wp-content\/uploads\/2017\/01\/logoxls.png\" alt=\"logopdf.png\" width=\"40\" height=\"49\" \/><\/a><\/td>\n<td width=\"530\">\n<h4><span style=\"font-weight: 300; font-family: 'Open Sans'; font-size: small;\"> Consumo epis\u00f3dico excesivo de bebidas alcoh\u00f3licas. <\/span><\/h4>\n<\/td>\n<\/tr>\n<tr>\n<td align=\"center\" width=\"60\"><a href=\"https:\/\/www.entrerios.gov.ar\/dgec\/wp-content\/uploads\/2023\/06\/EnPreCosp-2011_e222.xlsx\"><img loading=\"lazy\" decoding=\"async\" class=\"wp-image-413 alignleft\" src=\"http:\/\/www.entrerios.gov.ar\/dgec\/wp-content\/uploads\/2017\/01\/logoxls.png\" alt=\"logopdf.png\" width=\"40\" height=\"49\" \/><\/a><\/td>\n<td width=\"530\">\n<h4><span style=\"font-weight: 300; font-family: 'Open Sans'; font-size: small;\"> Prevalencia de vida, del \u00faltimo a\u00f1o y del \u00faltimo mes de consumo de sustancias psicoactivas sociales. Total del pa\u00eds.  Provinicas Regi\u00f3n Centro. Noviembre de 2011 . <\/span><\/h4>\n<\/td>\n<\/tr>\n<tr>\n<td align=\"center\" width=\"60\"><a href=\"https:\/\/www.entrerios.gov.ar\/dgec\/wp-content\/uploads\/2023\/06\/EnPreCosp-2011_e224.xlsx\"><img loading=\"lazy\" decoding=\"async\" class=\"wp-image-413 alignleft\" src=\"http:\/\/www.entrerios.gov.ar\/dgec\/wp-content\/uploads\/2017\/01\/logoxls.png\" alt=\"logopdf.png\" width=\"40\" height=\"49\" \/><\/a><\/td>\n<td width=\"530\">\n<h4><span style=\"font-weight: 300; font-family: 'Open Sans'; font-size: small;\"> Prevalencia de vida, del \u00faltimo a\u00f1o y del \u00faltimo mes de consumo de f\u00e1rmacos. Total del pa\u00eds. Provincias Regi\u00f3n Centro. Noviembre de 2011. <\/span><\/h4>\n<\/td>\n<\/tr>\n<tr>\n<td align=\"center\" width=\"60\"><a href=\"https:\/\/www.entrerios.gov.ar\/dgec\/wp-content\/uploads\/2023\/06\/EnPreCosp-2011_e226.xlsx\"><img loading=\"lazy\" decoding=\"async\" class=\"wp-image-413 alignleft\" src=\"http:\/\/www.entrerios.gov.ar\/dgec\/wp-content\/uploads\/2017\/01\/logoxls.png\" alt=\"logopdf.png\" width=\"40\" height=\"49\" \/><\/a><\/td>\n<td width=\"530\">\n<h4><span style=\"font-weight: 300; font-family: 'Open Sans'; font-size: small;\"> Prevalencia de vida, del \u00faltimo a\u00f1o y del \u00faltimo mes de consumo de sustancias psicoactivas ilegales. . <\/span><\/h4>\n<\/td>\n<\/tr>\n<tr>\n<td align=\"center\" width=\"60\"><a href=\"https:\/\/www.entrerios.gov.ar\/dgec\/wp-content\/uploads\/2017\/03\/enprecosp-2008_2011.pdf\"><img loading=\"lazy\" decoding=\"async\" class=\"wp-image-413 alignleft\" src=\"https:\/\/www.entrerios.gov.ar\/dgec\/wp-content\/uploads\/2017\/01\/logopdf.png\" alt=\"logopdf.png\" width=\"40\" height=\"49\" \/><\/a><\/td>\n<td width=\"530\">\n<h4><span style=\"font-weight: 300; font-family: 'Open Sans'; font-size: small;\"> EnPreCosp 2008. . <\/span><\/h4>\n<\/td>\n<\/tr>\n<\/tbody>\n<\/table>\n<p>[\/et_pb_accordion_item][et_pb_accordion_item title=\u00bbEncuesta de salud sexual y reproductiva\u00bb _builder_version=\u00bb4.16&#8243; global_colors_info=\u00bb{}\u00bb open=\u00bboff\u00bb]<a href=\"https:\/\/www.entrerios.gov.ar\/dgec\/wp-content\/uploads\/2017\/03\/2014_enssyr_13.pdf\"><img loading=\"lazy\" decoding=\"async\" class=\"alignnone wp-image-413\" src=\"https:\/\/www.entrerios.gov.ar\/dgec\/wp-content\/uploads\/2017\/01\/logopdf.png\" alt=\"logoxls\" width=\"40\" height=\"49\"><\/a><br \/>\n[\/et_pb_accordion_item][\/et_pb_accordion][\/et_pb_column_inner][\/et_pb_row_inner][\/et_pb_column][\/et_pb_section][et_pb_section fb_built=\u00bb1&#8243; fullwidth=\u00bbon\u00bb custom_padding_last_edited=\u00bbon|desktop\u00bb admin_label=\u00bbsection\u00bb _builder_version=\u00bb4.16&#8243; custom_padding_tablet=\u00bb50px|0|50px|0&#8243; custom_padding_phone=\u00bb\u00bb da_disable_devices=\u00bboff|off|off\u00bb padding_mobile=\u00bboff\u00bb global_colors_info=\u00bb{}\u00bb da_is_popup=\u00bboff\u00bb da_exit_intent=\u00bboff\u00bb da_has_close=\u00bbon\u00bb da_alt_close=\u00bboff\u00bb da_dark_close=\u00bboff\u00bb da_not_modal=\u00bbon\u00bb da_is_singular=\u00bboff\u00bb da_with_loader=\u00bboff\u00bb da_has_shadow=\u00bbon\u00bb][\/et_pb_section][et_pb_section fb_built=\u00bb1&#8243; admin_label=\u00bbsection\u00bb _builder_version=\u00bb4.16&#8243; custom_padding=\u00bb9px|0px|119.358px|0px\u00bb da_disable_devices=\u00bboff|off|off\u00bb global_colors_info=\u00bb{}\u00bb da_is_popup=\u00bboff\u00bb da_exit_intent=\u00bboff\u00bb da_has_close=\u00bbon\u00bb da_alt_close=\u00bboff\u00bb da_dark_close=\u00bboff\u00bb da_not_modal=\u00bbon\u00bb da_is_singular=\u00bboff\u00bb da_with_loader=\u00bboff\u00bb da_has_shadow=\u00bbon\u00bb][et_pb_row admin_label=\u00bbrow\u00bb _builder_version=\u00bb4.16&#8243; background_size=\u00bbinitial\u00bb background_position=\u00bbtop_left\u00bb background_repeat=\u00bbrepeat\u00bb global_colors_info=\u00bb{}\u00bb][et_pb_column type=\u00bb4_4&#8243; _builder_version=\u00bb4.16&#8243; custom_padding=\u00bb|||\u00bb global_colors_info=\u00bb{}\u00bb custom_padding__hover=\u00bb|||\u00bb][\/et_pb_column][\/et_pb_row][\/et_pb_section]<\/p>\n","protected":false},"excerpt":{"rendered":"<p>Salud Entre Rios. Tasas A\u00f1o 2023 Tasa de Natalidad \u00a0 \u00a0 \u00a0 \u00a0 \u00a0 9,9 Tasa de Mortalidad General 7,6 Tasa Mortalidad Infantil 9,5 Tasa Mortalidad Materna 5,0 Fuente: Ministerio de Salud de la Naci\u00f3n, Direcci\u00f3n de Estad\u00edsticas e Informaci\u00f3n en Salud (DEIS), Serie Estad\u00edsticas Vitales &#8211; Informaci\u00f3n B\u00e1sica.En esta Secci\u00f3n se encuentran datos e [&hellip;]<\/p>\n","protected":false},"author":1,"featured_media":0,"parent":0,"menu_order":0,"comment_status":"closed","ping_status":"closed","template":"","meta":{"_et_pb_use_builder":"on","_et_pb_old_content":"","_et_gb_content_width":"","footnotes":""},"_links":{"self":[{"href":"https:\/\/www.entrerios.gov.ar\/dgec\/wp-json\/wp\/v2\/pages\/164"}],"collection":[{"href":"https:\/\/www.entrerios.gov.ar\/dgec\/wp-json\/wp\/v2\/pages"}],"about":[{"href":"https:\/\/www.entrerios.gov.ar\/dgec\/wp-json\/wp\/v2\/types\/page"}],"author":[{"embeddable":true,"href":"https:\/\/www.entrerios.gov.ar\/dgec\/wp-json\/wp\/v2\/users\/1"}],"replies":[{"embeddable":true,"href":"https:\/\/www.entrerios.gov.ar\/dgec\/wp-json\/wp\/v2\/comments?post=164"}],"version-history":[{"count":38,"href":"https:\/\/www.entrerios.gov.ar\/dgec\/wp-json\/wp\/v2\/pages\/164\/revisions"}],"predecessor-version":[{"id":220640,"href":"https:\/\/www.entrerios.gov.ar\/dgec\/wp-json\/wp\/v2\/pages\/164\/revisions\/220640"}],"wp:attachment":[{"href":"https:\/\/www.entrerios.gov.ar\/dgec\/wp-json\/wp\/v2\/media?parent=164"}],"curies":[{"name":"wp","href":"https:\/\/api.w.org\/{rel}","templated":true}]}}