{"id":173,"date":"2017-02-14T23:44:09","date_gmt":"2017-02-14T23:44:09","guid":{"rendered":"http:\/\/localhost\/?page_id=173"},"modified":"2024-08-05T15:48:27","modified_gmt":"2024-08-05T12:48:27","slug":"estructura-e-indicadores-demograficos","status":"publish","type":"page","link":"https:\/\/www.entrerios.gov.ar\/dgec\/estructura-e-indicadores-demograficos\/","title":{"rendered":"Estructura e Indicadores Demogr\u00e1ficos"},"content":{"rendered":"<p>[et_pb_section fb_built=\u00bb1&#8243; admin_label=\u00bbsection\u00bb _builder_version=\u00bb4.16&#8243; da_disable_devices=\u00bboff|off|off\u00bb global_colors_info=\u00bb{}\u00bb da_is_popup=\u00bboff\u00bb da_exit_intent=\u00bboff\u00bb da_has_close=\u00bbon\u00bb da_alt_close=\u00bboff\u00bb da_dark_close=\u00bboff\u00bb da_not_modal=\u00bbon\u00bb da_is_singular=\u00bboff\u00bb da_with_loader=\u00bboff\u00bb da_has_shadow=\u00bbon\u00bb][et_pb_row column_structure=\u00bb2_5,3_5&#8243; admin_label=\u00bbrow\u00bb _builder_version=\u00bb4.16&#8243; background_size=\u00bbinitial\u00bb background_position=\u00bbtop_left\u00bb background_repeat=\u00bbrepeat\u00bb global_colors_info=\u00bb{}\u00bb][et_pb_column type=\u00bb2_5&#8243; _builder_version=\u00bb4.16&#8243; custom_padding=\u00bb|||\u00bb global_colors_info=\u00bb{}\u00bb custom_padding__hover=\u00bb|||\u00bb][et_pb_text admin_label=\u00bbTexto\u00bb _builder_version=\u00bb4.24.2&#8243; background_size=\u00bbinitial\u00bb background_position=\u00bbtop_left\u00bb background_repeat=\u00bbrepeat\u00bb use_border_color=\u00bboff\u00bb border_color=\u00bb#ffffff\u00bb border_style=\u00bbsolid\u00bb global_colors_info=\u00bb{}\u00bb]<\/p>\n<h2>\u00a0<\/h2>\n<h2><span style=\"font-family: 'Open Sans'; font-weight: 300;\"><span style=\"font-size: xx-large;\">Estructura e Indicadores Demogr\u00e1ficos<\/span><\/span><\/h2>\n<p>[\/et_pb_text][et_pb_text admin_label=\u00bbTexto\u00bb _builder_version=\u00bb4.24.2&#8243; background_size=\u00bbinitial\u00bb background_position=\u00bbtop_left\u00bb background_repeat=\u00bbrepeat\u00bb use_border_color=\u00bboff\u00bb border_color=\u00bb#ffffff\u00bb border_style=\u00bbsolid\u00bb global_colors_info=\u00bb{}\u00bb]<\/p>\n<p><strong>Entre R\u00edos. A\u00f1o 2022<\/strong><\/p>\n<p><strong>\u00cdndice de Dependencia Potencial de Ni\u00f1os y J\u00f3venes = 33,6 % (1)<\/strong><\/p>\n<p><strong>\u00cdndice de Dependencia Potencial de Adultos Mayores = 18,4 % (2)<\/strong><\/p>\n<p><strong>\u00cdndice de Envejecimiento = 54,7 % (3)<\/strong><\/p>\n<p>&nbsp;<\/p>\n<p>Notas:<\/p>\n<p>(1):cociente entre poblaci\u00f3n de 0 a 14 a\u00f1os x 100 y poblaci\u00f3n de 15 a 64 a\u00f1os<\/p>\n<p>(2):cociente entre poblaci\u00f3n de 65 y m\u00e1s a\u00f1os x 100 y poblaci\u00f3n de 15 a 64 a\u00f1os<\/p>\n<p>(3):cociente entre poblaci\u00f3n de 65 y m\u00e1s a\u00f1os x 100 y poblaci\u00f3n de 0 a 14 a\u00f1os<\/p>\n<p>Fuente: INDEC. Censo Nacional de Poblaci\u00f3n, Hogares y Viviendas 2022<\/p>\n<p>[\/et_pb_text][\/et_pb_column][et_pb_column type=\u00bb3_5&#8243; _builder_version=\u00bb4.16&#8243; custom_padding=\u00bb|||\u00bb global_colors_info=\u00bb{}\u00bb custom_padding__hover=\u00bb|||\u00bb][et_pb_text admin_label=\u00bbTexto\u00bb _builder_version=\u00bb4.24.2&#8243; background_size=\u00bbinitial\u00bb background_position=\u00bbtop_left\u00bb background_repeat=\u00bbrepeat\u00bb use_border_color=\u00bboff\u00bb border_color=\u00bb#ffffff\u00bb border_style=\u00bbsolid\u00bb global_colors_info=\u00bb{}\u00bb]<\/p>\n<p>&nbsp;<\/p>\n<p>En esta secci\u00f3n se encuentran los datos que caracterizan a la poblaci\u00f3n por edad, sexo, lugar de nacimiento y distribuci\u00f3n geogr\u00e1fica que proveen los censos de poblaci\u00f3n.<\/p>\n<p>[\/et_pb_text][et_pb_tabs admin_label=\u00bbPesta\u00f1as\u00bb _builder_version=\u00bb4.26.0&#8243; background_size=\u00bbinitial\u00bb background_position=\u00bbtop_left\u00bb background_repeat=\u00bbrepeat\u00bb hover_enabled=\u00bb0&#8243; use_border_color=\u00bboff\u00bb border_color=\u00bb#ffffff\u00bb border_style=\u00bbsolid\u00bb global_colors_info=\u00bb{}\u00bb sticky_enabled=\u00bb0&#8243;][et_pb_tab title=\u00bbPoblaci\u00f3n Censo 2010&#8243; _builder_version=\u00bb4.26.0&#8243; body_font=\u00bb||||\u00bb body_line_height=\u00bb2em\u00bb tab_font=\u00bb||||\u00bb tab_line_height=\u00bb2em\u00bb background_size=\u00bbinitial\u00bb background_position=\u00bbtop_left\u00bb background_repeat=\u00bbrepeat\u00bb body_line_height_tablet=\u00bb2em\u00bb body_line_height_phone=\u00bb2em\u00bb tab_line_height_tablet=\u00bb2em\u00bb tab_line_height_phone=\u00bb2em\u00bb global_colors_info=\u00bb{}\u00bb]<\/p>\n<table class=\"responsive \">\n<tbody>\n<tr>\n<td align=\"center\" width=\"60\"><a href=\"https:\/\/www.entrerios.gov.ar\/dgec\/wp-content\/uploads\/2023\/11\/Ind-demograficos-5.xls\"><img loading=\"lazy\" decoding=\"async\" class=\"wp-image-413 alignleft\" src=\"https:\/\/www.entrerios.gov.ar\/dgec\/wp-content\/uploads\/2017\/01\/logoxls.png\" alt=\"logoxls\" width=\"40\" height=\"49\" \/><\/a><\/td>\n<td width=\"530\">\n<h4><span style=\"font-family: 'Open Sans'; font-size: small; font-weight: 300;\">Entre R\u00edos. Mujeres de 14 a\u00f1os y promedio de hijos por mujer, seg\u00fan grupo de edad. A\u00f1o 2010<\/span><\/h4>\n<\/td>\n<\/tr>\n<tr>\n<td align=\"center\" width=\"60\"><a href=\"https:\/\/www.entrerios.gov.ar\/dgec\/wp-content\/uploads\/2023\/11\/Ind-demograficos-6.xls\"><img loading=\"lazy\" decoding=\"async\" class=\"wp-image-413 alignleft\" src=\"https:\/\/www.entrerios.gov.ar\/dgec\/wp-content\/uploads\/2017\/01\/logoxls.png\" alt=\"logoxls\" width=\"40\" height=\"49\" \/><\/a><\/td>\n<td width=\"530\">\n<h4><span style=\"font-family: 'Open Sans'; font-size: small; font-weight: 300;\">Distribuci\u00f3n de la poblaci\u00f3n urbana por escala de magnitud y rural agrupada y dispersa. A\u00f1os 1991, 2001 y 2010<\/span><\/h4>\n<\/td>\n<\/tr>\n<tr>\n<td align=\"center\" width=\"60\"><a href=\"https:\/\/www.entrerios.gov.ar\/dgec\/wp-content\/uploads\/2023\/11\/Ind-demograficos-7.xls\"><img loading=\"lazy\" decoding=\"async\" class=\"wp-image-413 alignleft\" src=\"https:\/\/www.entrerios.gov.ar\/dgec\/wp-content\/uploads\/2017\/01\/logoxls.png\" alt=\"logoxls\" width=\"40\" height=\"49\" \/><\/a><\/td>\n<td width=\"530\">\n<h4><span style=\"font-family: 'Open Sans'; font-size: small; font-weight: 300;\">Distribuci\u00f3n porcentual de los migrantes lim\u00edtrofes y del Per\u00fa, por pa\u00eds de nacimiento. A\u00f1os 1991, 2001 y 2010<\/span><\/h4>\n<\/td>\n<\/tr>\n<tr>\n<td align=\"center\" width=\"60\"><a href=\"https:\/\/www.entrerios.gov.ar\/dgec\/wp-content\/uploads\/2023\/11\/Ind-demograficos-8.xls\"><img loading=\"lazy\" decoding=\"async\" class=\"wp-image-413 alignleft\" src=\"https:\/\/www.entrerios.gov.ar\/dgec\/wp-content\/uploads\/2017\/01\/logoxls.png\" alt=\"logoxls\" width=\"40\" height=\"49\" \/><\/a><\/td>\n<td width=\"530\">\n<h4><span style=\"font-family: 'Open Sans'; font-size: small; font-weight: 300;\">Poblaci\u00f3n ind\u00edgena o descendiente de pueblos ind\u00edgenas u originarios en viviendas particulares por sexo, seg\u00fan grupos de edad. A\u00f1o 2010<\/span><\/h4>\n<\/td>\n<\/tr>\n<tr>\n<td align=\"center\" width=\"60\"><a href=\"https:\/\/www.entrerios.gov.ar\/dgec\/wp-content\/uploads\/2023\/11\/Ind-demograficos-9.xls\"><img loading=\"lazy\" decoding=\"async\" class=\"wp-image-413 alignleft\" src=\"https:\/\/www.entrerios.gov.ar\/dgec\/wp-content\/uploads\/2017\/01\/logoxls.png\" alt=\"logoxls\" width=\"40\" height=\"49\" \/><\/a><\/td>\n<td width=\"530\">\n<h4><span style=\"font-family: 'Open Sans'; font-size: small; font-weight: 300;\">Poblaci\u00f3n afrodescendiente en viviendas particulares por sexo, seg\u00fan grupos de edad. A\u00f1o 2010<\/span><\/h4>\n<\/td>\n<\/tr>\n<tr>\n<td align=\"center\" width=\"60\"><a href=\"https:\/\/www.entrerios.gov.ar\/dgec\/wp-content\/uploads\/2023\/11\/Ind-demograficos-10.xls\"><img loading=\"lazy\" decoding=\"async\" class=\"wp-image-413 alignleft\" src=\"http:\/\/www.entrerios.gov.ar\/dgec\/wp-content\/uploads\/2017\/01\/logoxls.png\" alt=\"logoxls\" width=\"40\" height=\"49\" \/><\/a><\/td>\n<td width=\"530\">\n<h4><span style=\"font-family: 'Open Sans'; font-size: small; font-weight: 300;\">Total Pa\u00eds y Entre R\u00edos. Esperanza de vida al nacer por sexo. Per\u00edodos seleccionados 1990-2010<\/span><\/h4>\n<\/td>\n<\/tr>\n<tr>\n<td align=\"center\" width=\"60\"><a href=\"https:\/\/www.entrerios.gov.ar\/dgec\/wp-content\/uploads\/2023\/11\/Ind-demograficos-11.xls\"><img loading=\"lazy\" decoding=\"async\" class=\"wp-image-413 alignleft\" src=\"https:\/\/www.entrerios.gov.ar\/dgec\/wp-content\/uploads\/2017\/01\/logoxls.png\" alt=\"logoxls\" width=\"40\" height=\"49\" \/><\/a><\/td>\n<td width=\"530\">\n<h4><span style=\"font-family: 'Open Sans'; font-size: small; font-weight: 300;\">Total Pa\u00eds y Entre R\u00edos. Distribuci\u00f3n porcentual de la poblaci\u00f3n por condici\u00f3n migratoria. A\u00f1os 1991, 2001 y 2010<\/span><\/h4>\n<\/td>\n<\/tr>\n<\/tbody>\n<\/table>\n<p>&nbsp;[\/et_pb_tab][et_pb_tab title=\u00bbPoblaci\u00f3n Censo 2022&#8243; _builder_version=\u00bb4.26.0&#8243; body_font=\u00bb||||\u00bb body_line_height=\u00bb2em\u00bb tab_font=\u00bb||||\u00bb tab_line_height=\u00bb2em\u00bb background_size=\u00bbinitial\u00bb background_position=\u00bbtop_left\u00bb background_repeat=\u00bbrepeat\u00bb hover_enabled=\u00bb0&#8243; body_line_height_tablet=\u00bb2em\u00bb body_line_height_phone=\u00bb2em\u00bb tab_line_height_tablet=\u00bb2em\u00bb tab_line_height_phone=\u00bb2em\u00bb global_colors_info=\u00bb{}\u00bb sticky_enabled=\u00bb0&#8243;]<\/p>\n<table class=\"responsive \">\n<tbody>\n<tr>\n<td style=\"width: 64px;\" align=\"center\"><a href=\"https:\/\/www.entrerios.gov.ar\/dgec\/wp-content\/uploads\/2024\/08\/2-Entre-Rios-Poblac-por-sexo-segun-edades-cuadros-Tot-Pcia-y-por-Dptos-Censo-2022.xlsx\"><img loading=\"lazy\" decoding=\"async\" class=\"wp-image-413 alignleft\" src=\"https:\/\/www.entrerios.gov.ar\/dgec\/wp-content\/uploads\/2017\/01\/logoxls.png\" alt=\"logoxls\" width=\"40\" height=\"49\" \/><\/a><\/td>\n<td style=\"width: 954px;\">\n<h4><span style=\"font-family: 'Open Sans'; font-size: small; font-weight: 300;\">Entre\u00a0R\u00edos.\u00a0Total\u00a0de\u00a0poblaci\u00f3n\u00a0por\u00a0sexo\u00a0registrado\u00a0al\u00a0nacer\u00a0e\u00a0\u00edndice\u00a0de\u00a0feminidad,\u00a0seg\u00fan\u00a0grupos de edad.\u00a0A\u00f1o\u00a02022<\/span><\/h4>\n<\/td>\n<\/tr>\n<tr>\n<td style=\"width: 64px;\" align=\"center\"><a href=\"https:\/\/www.entrerios.gov.ar\/dgec\/wp-content\/uploads\/2024\/08\/3-Entre-Rios-Pob-5-y-anos-por-max-nivel-educ-alcanzado-Censo-2022.xlsx\"><img loading=\"lazy\" decoding=\"async\" class=\"wp-image-413 alignleft\" src=\"https:\/\/www.entrerios.gov.ar\/dgec\/wp-content\/uploads\/2017\/01\/logoxls.png\" alt=\"logoxls\" width=\"40\" height=\"49\" \/><\/a><\/td>\n<td style=\"width: 954px;\">\n<h4><span style=\"font-family: 'Open Sans'; font-size: small; font-weight: 300;\">Entre R\u00edos. Poblaci\u00f3n en viviendas particulares de 5 a\u00f1os y m\u00e1s a\u00f1os que asisti\u00f3 a un establecimiento educativo, seg\u00fan sexo registrado al nacer y grupos de edad. Valores absolutos. A\u00f1o 2022<\/span><\/h4>\n<\/td>\n<\/tr>\n<tr>\n<td style=\"width: 64px;\" align=\"center\"><a href=\"https:\/\/www.entrerios.gov.ar\/dgec\/wp-content\/uploads\/2024\/08\/3-Entre-Rios-Pob-5-y-anos-por-sexo-y-edad-seg-max-nivel-educ-alcanzado-Censo-2022.xlsx\"><img loading=\"lazy\" decoding=\"async\" class=\"wp-image-413 alignleft\" src=\"https:\/\/www.entrerios.gov.ar\/dgec\/wp-content\/uploads\/2017\/01\/logoxls.png\" alt=\"logoxls\" width=\"40\" height=\"49\" \/><\/a><\/td>\n<td style=\"width: 954px;\">\n<h4><span style=\"font-family: 'Open Sans'; font-size: small; font-weight: 300;\">Entre R\u00edos. Poblaci\u00f3n en viviendas particulares de 5 a\u00f1os y m\u00e1s a\u00f1os que asisti\u00f3 a un establecimiento educativo, por sexo registrado al nacer y grupos de edad, seg\u00fan m\u00e1ximo nivel educativo alcanzado y completitud del nivel. Valores absolutos. A\u00f1o 2022.<\/span><\/h4>\n<\/td>\n<\/tr>\n<tr>\n<td style=\"width: 64px;\" align=\"center\"><a href=\"https:\/\/www.entrerios.gov.ar\/dgec\/wp-content\/uploads\/2024\/08\/4-Entre-Rios-Poblac-en-viv-partic-por-cobertura-salud-segun-sexo-y-edades-Censo-2022.xlsx\"><img loading=\"lazy\" decoding=\"async\" class=\"wp-image-413 alignleft\" src=\"https:\/\/www.entrerios.gov.ar\/dgec\/wp-content\/uploads\/2017\/01\/logoxls.png\" alt=\"logoxls\" width=\"40\" height=\"49\" \/><\/a><\/td>\n<td style=\"width: 954px;\">\n<h4><span style=\"font-family: 'Open Sans'; font-size: small; font-weight: 300;\">Entre R\u00edos. Poblaci\u00f3n total en viviendas particulares por cobertura de salud, seg\u00fan sexo registrado al nacer y grupos de edad. A\u00f1o 2022.<\/span><\/h4>\n<\/td>\n<\/tr>\n<tr>\n<td style=\"width: 64px;\" align=\"center\"><a href=\"https:\/\/www.entrerios.gov.ar\/dgec\/wp-content\/uploads\/2024\/08\/5-Entre-Rios-Poblac-en-viv-partic-por-cobertura-salud-segun-departamentos-Censo-2022.xlsx\"><img loading=\"lazy\" decoding=\"async\" class=\"wp-image-413 alignleft\" src=\"https:\/\/www.entrerios.gov.ar\/dgec\/wp-content\/uploads\/2017\/01\/logoxls.png\" alt=\"logoxls\" width=\"40\" height=\"49\" \/><\/a><\/td>\n<td style=\"width: 954px;\">\n<h4><span style=\"font-family: 'Open Sans'; font-size: small; font-weight: 300;\">Entre R\u00edos. Poblaci\u00f3n total en viviendas particulares por cobertura de salud, seg\u00fan departamento. A\u00f1o 2022.<\/span><\/h4>\n<\/td>\n<\/tr>\n<tr>\n<td style=\"width: 64px;\" align=\"center\"><a href=\"https:\/\/www.entrerios.gov.ar\/dgec\/wp-content\/uploads\/2024\/08\/6-Entre-Rios-Poblac-en-viv-partic-por-percep-jubilac-o-pension-segun-sexo-y-edades-Censo-2022.xlsx\"><img loading=\"lazy\" decoding=\"async\" class=\"wp-image-413 alignleft\" src=\"https:\/\/www.entrerios.gov.ar\/dgec\/wp-content\/uploads\/2017\/01\/logoxls.png\" alt=\"logoxls\" width=\"40\" height=\"49\" \/><\/a><\/td>\n<td style=\"width: 954px;\">\n<h4><span style=\"font-family: 'Open Sans'; font-size: small; font-weight: 300;\">Entre R\u00edos. Poblaci\u00f3n total en viviendas particulares por percepci\u00f3n de jubilaci\u00f3n o pensi\u00f3n, seg\u00fan sexo registrado al nacer y grupos de edad. Valores absolutos. A\u00f1o 2022.<\/span><\/h4>\n<\/td>\n<\/tr>\n<tr>\n<td style=\"width: 64px;\" align=\"center\"><a href=\"https:\/\/www.entrerios.gov.ar\/dgec\/wp-content\/uploads\/2024\/08\/7-Entre-Rios-Poblac-en-viv-partic-por-percep-jubilac-o-pension-segun-departamentos-Censo-2022.xlsx\"><img loading=\"lazy\" decoding=\"async\" class=\"wp-image-413 alignleft\" src=\"https:\/\/www.entrerios.gov.ar\/dgec\/wp-content\/uploads\/2017\/01\/logoxls.png\" alt=\"logoxls\" width=\"40\" height=\"49\" \/><\/a><\/td>\n<td style=\"width: 954px;\">\n<h4><span style=\"font-family: 'Open Sans'; font-size: small; font-weight: 300;\">Entre R\u00edos. Poblaci\u00f3n total en viviendas particulares por percepci\u00f3n de jubilaci\u00f3n o pensi\u00f3n, seg\u00fan departamento. Valores absolutos. A\u00f1o 2022.<\/span><\/h4>\n<\/td>\n<\/tr>\n<tr>\n<td style=\"width: 64px;\" align=\"center\"><a href=\"https:\/\/www.entrerios.gov.ar\/dgec\/wp-content\/uploads\/2024\/08\/8-Entre-Rios-Poblac-en-viv-partic-por-cond-activ-econom-segun-sexo-y-edades-Censo-2022.xlsx\"><img loading=\"lazy\" decoding=\"async\" class=\"wp-image-413 alignleft\" src=\"https:\/\/www.entrerios.gov.ar\/dgec\/wp-content\/uploads\/2017\/01\/logoxls.png\" alt=\"logoxls\" width=\"40\" height=\"49\" \/><\/a><\/td>\n<td style=\"width: 954px;\">\n<h4><span style=\"font-family: 'Open Sans'; font-size: small; font-weight: 300;\">Entre\u00a0R\u00edos.\u00a0Poblaci\u00f3n\u00a0de\u00a014\u00a0a\u00f1os\u00a0y\u00a0m\u00e1s\u00a0en\u00a0viviendas\u00a0particulares\u00a0por\u00a0condici\u00f3n\u00a0de\u00a0actividad\u00a0econ\u00f3mica,\u00a0seg\u00fan\u00a0sexo\u00a0registrado\u00a0al\u00a0nacer\u00a0y\u00a0grupos\u00a0de\u00a0edad.\u00a0Valores absolutos. A\u00f1o\u00a02022.<\/span><\/h4>\n<\/td>\n<\/tr>\n<tr>\n<td style=\"width: 64px;\" align=\"center\"><a href=\"https:\/\/www.entrerios.gov.ar\/dgec\/wp-content\/uploads\/2024\/03\/Ind-Demog-1.xls\"><img loading=\"lazy\" decoding=\"async\" class=\"wp-image-413 alignleft\" src=\"https:\/\/www.entrerios.gov.ar\/dgec\/wp-content\/uploads\/2017\/01\/logoxls.png\" alt=\"logoxls\" width=\"40\" height=\"49\" \/><\/a><\/td>\n<td style=\"width: 954px;\">\n<h4><span style=\"font-family: 'Open Sans'; font-size: small; font-weight: 300;\">Poblaci\u00f3n total y variaci\u00f3n intercensal, seg\u00fan departamentos. A\u00f1os 2010 y 2022<\/span><\/h4>\n<\/td>\n<\/tr>\n<tr>\n<td style=\"width: 64px;\" align=\"center\"><a href=\"https:\/\/www.entrerios.gov.ar\/dgec\/wp-content\/uploads\/2024\/03\/Ind-Demog-2.xls\"><img loading=\"lazy\" decoding=\"async\" class=\"wp-image-413 alignleft\" src=\"https:\/\/www.entrerios.gov.ar\/dgec\/wp-content\/uploads\/2017\/01\/logoxls.png\" alt=\"logoxls\" width=\"40\" height=\"49\" \/><\/a><\/td>\n<td style=\"width: 954px;\">\n<h4><span style=\"font-family: 'Open Sans'; font-size: small; font-weight: 300;\">Poblaci\u00f3n total por sexo e indicadores de distribuci\u00f3n espacial, seg\u00fan departamento. Censo 2022.<\/span><\/h4>\n<\/td>\n<\/tr>\n<tr>\n<td style=\"width: 64px;\" align=\"center\"><a href=\"https:\/\/www.entrerios.gov.ar\/dgec\/wp-content\/uploads\/2024\/03\/Ind-Demog-3.xls\"><img loading=\"lazy\" decoding=\"async\" class=\"wp-image-413 alignleft\" src=\"https:\/\/www.entrerios.gov.ar\/dgec\/wp-content\/uploads\/2017\/01\/logoxls.png\" alt=\"logoxls\" width=\"40\" height=\"49\" \/><\/a><\/td>\n<td style=\"width: 954px;\">\n<h4><span style=\"font-family: 'Open Sans'; font-size: small; font-weight: 300;\">Poblaci\u00f3n total por grandes grupos de edad e \u00edndice de dependencia potencial (IDP), de envejecimiento y de renovaci\u00f3n. Per\u00edodo 1947-2022<\/span><\/h4>\n<\/td>\n<\/tr>\n<tr>\n<td style=\"width: 64px;\" align=\"center\"><a href=\"https:\/\/www.entrerios.gov.ar\/dgec\/wp-content\/uploads\/2024\/03\/Ind-Demog-4.xlsx\"><img loading=\"lazy\" decoding=\"async\" class=\"wp-image-413 alignleft\" src=\"https:\/\/www.entrerios.gov.ar\/dgec\/wp-content\/uploads\/2017\/01\/logoxls.png\" alt=\"logoxls\" width=\"40\" height=\"49\" \/><\/a><\/td>\n<td style=\"width: 954px;\">\n<h4><span style=\"font-family: 'Open Sans'; font-size: small; font-weight: 300;\">Poblaci\u00f3n total por sexo e \u00edndice de masculinidad, seg\u00fan edad en a\u00f1os simples y grupos quinquenales de edad. A\u00f1o 2022<\/span><\/h4>\n<\/td>\n<\/tr>\n<\/tbody>\n<\/table>\n<p>[\/et_pb_tab][\/et_pb_tabs][\/et_pb_column][\/et_pb_row][et_pb_row _builder_version=\u00bb4.16&#8243; _module_preset=\u00bbdefault\u00bb global_colors_info=\u00bb{}\u00bb][et_pb_column type=\u00bb4_4&#8243; _builder_version=\u00bb4.16&#8243; _module_preset=\u00bbdefault\u00bb global_colors_info=\u00bb{}\u00bb][et_pb_divider show_divider=\u00bboff\u00bb _builder_version=\u00bb4.16&#8243; _module_preset=\u00bbdefault\u00bb global_colors_info=\u00bb{}\u00bb][\/et_pb_divider][\/et_pb_column][\/et_pb_row][et_pb_row _builder_version=\u00bb4.16&#8243; _module_preset=\u00bbdefault\u00bb global_colors_info=\u00bb{}\u00bb][et_pb_column type=\u00bb4_4&#8243; _builder_version=\u00bb4.16&#8243; _module_preset=\u00bbdefault\u00bb global_colors_info=\u00bb{}\u00bb][et_pb_text _builder_version=\u00bb4.16&#8243; _module_preset=\u00bbdefault\u00bb global_colors_info=\u00bb{}\u00bb]<\/p>\n<h2>Indicadores demogr\u00e1ficos de la Argentina<\/h2>\n<p>[\/et_pb_text][et_pb_text _builder_version=\u00bb4.16&#8243; _module_preset=\u00bbdefault\u00bb global_colors_info=\u00bb{}\u00bb]<\/p>\n<p>A continuaci\u00f3n dispone de una plataforma en l\u00ednea que integra distintos indicadores de la din\u00e1mica y la estructura demogr\u00e1fica de la Rep\u00fablica Argentina y sus jurisdicciones provinciales, desde el primer censo nacional de poblaci\u00f3n, llevado a cabo en 1869, hasta el \u00faltimo, realizado en 2010. La informaci\u00f3n se presenta en gr\u00e1ficos estad\u00edsticos y tablas, pudi\u00e9ndose visualizar en pantalla o descargar en formato xls.<\/p>\n<p>[\/et_pb_text][et_pb_button button_url=\u00bbhttps:\/\/www.indec.gob.ar\/indec\/web\/Nivel4-Tema-2-41-158&#8243; url_new_window=\u00bbon\u00bb button_text=\u00bbPlataforma de consulta de indicadores demogr\u00e1ficos\u00bb _builder_version=\u00bb4.16&#8243; _module_preset=\u00bbdefault\u00bb custom_button=\u00bbon\u00bb button_text_color=\u00bb#7CDA24&#8243; global_colors_info=\u00bb{}\u00bb][\/et_pb_button][et_pb_divider show_divider=\u00bboff\u00bb _builder_version=\u00bb4.16&#8243; _module_preset=\u00bbdefault\u00bb global_colors_info=\u00bb{}\u00bb][\/et_pb_divider][\/et_pb_column][\/et_pb_row][\/et_pb_section]<\/p>\n","protected":false},"excerpt":{"rendered":"<p>\u00a0 Estructura e Indicadores Demogr\u00e1ficosEntre R\u00edos. A\u00f1o 2022 \u00cdndice de Dependencia Potencial de Ni\u00f1os y J\u00f3venes = 33,6 % (1) \u00cdndice de Dependencia Potencial de Adultos Mayores = 18,4 % (2) \u00cdndice de Envejecimiento = 54,7 % (3) &nbsp; Notas: (1):cociente entre poblaci\u00f3n de 0 a 14 a\u00f1os x 100 y poblaci\u00f3n de 15 a [&hellip;]<\/p>\n","protected":false},"author":1,"featured_media":0,"parent":0,"menu_order":0,"comment_status":"closed","ping_status":"closed","template":"","meta":{"_et_pb_use_builder":"on","_et_pb_old_content":"","_et_gb_content_width":"","footnotes":""},"_links":{"self":[{"href":"https:\/\/www.entrerios.gov.ar\/dgec\/wp-json\/wp\/v2\/pages\/173"}],"collection":[{"href":"https:\/\/www.entrerios.gov.ar\/dgec\/wp-json\/wp\/v2\/pages"}],"about":[{"href":"https:\/\/www.entrerios.gov.ar\/dgec\/wp-json\/wp\/v2\/types\/page"}],"author":[{"embeddable":true,"href":"https:\/\/www.entrerios.gov.ar\/dgec\/wp-json\/wp\/v2\/users\/1"}],"replies":[{"embeddable":true,"href":"https:\/\/www.entrerios.gov.ar\/dgec\/wp-json\/wp\/v2\/comments?post=173"}],"version-history":[{"count":35,"href":"https:\/\/www.entrerios.gov.ar\/dgec\/wp-json\/wp\/v2\/pages\/173\/revisions"}],"predecessor-version":[{"id":217768,"href":"https:\/\/www.entrerios.gov.ar\/dgec\/wp-json\/wp\/v2\/pages\/173\/revisions\/217768"}],"wp:attachment":[{"href":"https:\/\/www.entrerios.gov.ar\/dgec\/wp-json\/wp\/v2\/media?parent=173"}],"curies":[{"name":"wp","href":"https:\/\/api.w.org\/{rel}","templated":true}]}}