{"id":1862,"date":"2017-05-08T17:15:44","date_gmt":"2017-05-08T17:15:44","guid":{"rendered":"http:\/\/www.entrerios.gov.ar:8085\/dgec\/?page_id=1862"},"modified":"2017-06-01T12:54:03","modified_gmt":"2017-06-01T12:54:03","slug":"encuentros-politicos-e-institucionales","status":"publish","type":"page","link":"https:\/\/www.entrerios.gov.ar\/dgec\/encuentros-politicos-e-institucionales\/","title":{"rendered":"Encuentros pol\u00edticos e institucionales"},"content":{"rendered":"<p>[et_pb_section bb_built=\u00bb1&#8243; admin_label=\u00bbsection\u00bb][et_pb_row admin_label=\u00bbrow\u00bb][et_pb_column type=\u00bb4_4&#8243;][et_pb_tabs admin_label=\u00bbPesta\u00f1as\u00bb use_border_color=\u00bboff\u00bb border_color=\u00bb#ffffff\u00bb border_style=\u00bbsolid\u00bb] [et_pb_tab title=\u00bbConcordia\u00bb tab_font_select=\u00bbdefault\u00bb tab_font=\u00bb||||\u00bb tab_line_height=\u00bb2em\u00bb tab_line_height_tablet=\u00bb2em\u00bb tab_line_height_phone=\u00bb2em\u00bb body_font_select=\u00bbdefault\u00bb body_font=\u00bb||||\u00bb body_line_height=\u00bb2em\u00bb body_line_height_tablet=\u00bb2em\u00bb body_line_height_phone=\u00bb2em\u00bb]<\/p>\n<p style=\"text-align: left;\"><strong>Pr\u00f3ximamente comenzar\u00e1 a funcionar la Direcci\u00f3n de Estad\u00edsticas Municipal<\/strong><\/p>\n<p>Autoridades nacionales del INDEC fueron recibidas por el Viceintendente. Fue en el marco de una visita institucional a nuestra ciudad, donde pr\u00f3ximamente comenzar\u00e1 a funcionar la Direcci\u00f3n de Estad\u00edsticas Municipal, organismo creado por decreto por la gesti\u00f3n del Intendente Enrique Cresto. La presencia de los funcionarios tuvo el objetivo de dialogar sobre la apertura de dicha repartici\u00f3n, definiendo las acciones que permitir\u00e1n su implementaci\u00f3n. El Coordinador Nacional de Sistema Estad\u00edstico Local de INDEC, Javier Domench, el CPN Omar Izaguirre, Director General de Estad\u00edsticas y Censos del Gobierno de Entre R\u00edos y la CPN Rosario Burgos, Directora de Coordinaci\u00f3n de Estad\u00edsticas y Censos, tambi\u00e9n del Gobierno de Entre R\u00edos, fueron acompa\u00f1ados por el Subsecretario de Producci\u00f3n del Municipio, CPN, Marcos Follonier.<\/p>\n<p style=\"text-align: left;\">Durante el encuentro con el Vicepresidente Municipal Armando Gay, los funcionarios explicaron c\u00f3mo ser\u00e1 la puesta en funcionamiento de esta dependencia y el rol que tendr\u00e1n los responsables de la misma. Gay destac\u00f3 la presencia de los funcionarios en la ciudad, a quienes recibi\u00f3 en nombre del Intendente Enrique Cresto, \u00abpara nuestra gesti\u00f3n es sumamente importante contar con el compromiso y el apoyo de autoridades nacionales y provinciales en la puesta en marcha de este espacio que nos brindar\u00e1 la informaci\u00f3n necesaria para la planificaci\u00f3n y para el dise\u00f1o de pol\u00edticas estrat\u00e9gicas. Generando un nodo local donde los sistemas de ambos estamentos puedan aportar la informaci\u00f3n que relevan y asimismo las herramientas t\u00e9cnicas y la metodolog\u00eda que nos permita aunar la informaci\u00f3n que hoy tenemos. En esta etapa, en la que es esencial contar con datos, con cifras concretas, es muy bienvenido poder establecer esta relaci\u00f3n directa con los responsables de estas dos coordinaciones, generando de aqu\u00ed en adelante nuestro compromiso de trabajo conjunto\u00bb.<\/p>\n<p style=\"text-align: left;\"><em>Fuente:\u00a0http:\/\/www.cndigital.com.ar\/noticias\/36987_autoridades-nacionales-del-indec-fueron-recibidas-por-el-viceintendente.html &#8211; (06\/10\/2016)<br \/>\n<img loading=\"lazy\" decoding=\"async\" class=\"aligncenter wp-image-2377 \" src=\"https:\/\/www.entrerios.gov.ar\/dgec\/wp-content\/uploads\/2017\/05\/visita-cdia-300x173.jpg\" alt=\"\" width=\"333\" height=\"192\" \/><\/em><\/p>\n<p>[\/et_pb_tab][et_pb_tab title=\u00bbCrespo\u00bb tab_font_select=\u00bbdefault\u00bb tab_font=\u00bb||||\u00bb tab_line_height=\u00bb2em\u00bb tab_line_height_tablet=\u00bb2em\u00bb tab_line_height_phone=\u00bb2em\u00bb body_font_select=\u00bbdefault\u00bb body_font=\u00bb||||\u00bb body_line_height=\u00bb2em\u00bb body_line_height_tablet=\u00bb2em\u00bb body_line_height_phone=\u00bb2em\u00bb]<\/p>\n<p><strong>Crespo integra el sistema estad\u00edstico nacional<br \/>\n<\/strong><br \/>\nCrespo- Es uno de los diez municipios entrerrianos que forma parte de la prueba piloto del Sistema de Estad\u00edstica Local del Indec, invitado por la Direcci\u00f3n Provincial de Estad\u00edsticas y Censo. Desde comienzos de a\u00f1o en conexi\u00f3n con el director de Estad\u00edsticas y Censos de la provincia, contador Omar Izaguirre, la Municipalidad de Crespo viene trabajando para integrar un plan estrat\u00e9gico del INDEC, ingresando al sistema estad\u00edstico nacional. Es uno de los diez municipios junto a Cerrito, Concordia, General Galarza, General Ram\u00edrez, Gualeguaych\u00fa, Larroque, Nogoy\u00e1, Paran\u00e1 y Victoria que participaron a mediados de junio del 1\u00ba Taller de Trabajo sobre \u201cEstad\u00edsticas Municipales\u201d. En este marco la Direcci\u00f3n de Estad\u00edsticas y Censos de Entre R\u00edos hizo la presentaci\u00f3n formal del \u201cSistema de Estad\u00edstica Local\u201d SEL en el sal\u00f3n del Consejo Profesional de Ciencias Econ\u00f3micas de Entre R\u00edos.<\/p>\n<p><em>Fuente: http:\/\/www.paralelo32.com.ar\/secciones\/detalle.php?id=28355 \u00a0(09\/09\/16)\u00a0<\/em><\/p>\n<p>[\/et_pb_tab][et_pb_tab title=\u00bbGualeguaych\u00fa\u00bb tab_font_select=\u00bbdefault\u00bb tab_font=\u00bb||||\u00bb tab_line_height=\u00bb2em\u00bb tab_line_height_tablet=\u00bb2em\u00bb tab_line_height_phone=\u00bb2em\u00bb body_font_select=\u00bbdefault\u00bb body_font=\u00bb||||\u00bb body_line_height=\u00bb2em\u00bb body_line_height_tablet=\u00bb2em\u00bb body_line_height_phone=\u00bb2em\u00bb]<\/p>\n<p><strong>El Intendente se reuni\u00f3 con funcionarios de estad\u00edstica y censos de la provincia<\/strong><\/p>\n<p>Con el fin de desarrollar un sistema de estad\u00edstica local, funcionarios provinciales y municipales mantuvieron un encuentro en el que delinearon los pasos a seguir de cara a la producci\u00f3n de indicadores econ\u00f3micos y sociodemogr\u00e1ficos propios.<\/p>\n<p>El mi\u00e9rcoles por la ma\u00f1ana el Intendente Dr. Esteban Martin Piaggio recibi\u00f3 al Director General de Estad\u00edstica y Censos, Omar Izaguirre, la Directora Coordinadora Rosario Burgos y el Coordinador del Sistema Estad\u00edstico Local del Instituto Nacional de Estad\u00edstica y Censos (INDEC), Javier Domench. Estuvieron tambi\u00e9n presentes en la reuni\u00f3n la directora de Producci\u00f3n y Desarrollo Econ\u00f3mico, Lorena Arrozogaray, y el director de Inform\u00e1tica y Nuevas Tecnolog\u00edas, Jos\u00e9 Luis Alfaro.<br \/>\n\u00abFue una mesa de trabajo muy importante para nuestra ciudad. Vamos camino a la producci\u00f3n de informaci\u00f3n estad\u00edstica propia, que resulta imprescindible para la programaci\u00f3n y desarrollo de pol\u00edticas p\u00fablicas. Empleo, desarrollo social, desarrollo econ\u00f3mico, etc. Acordamos los pasos a seguir para contar en el futuro m\u00e1s pr\u00f3ximo posible con un programa de estad\u00edstica gestionado desde el municipio\u201d afirm\u00f3 Piaggio.<br \/>\nLa iniciativa se inscribe en una serie de avances que se fueron dando en este sentido en este \u00faltimo tiempo. Entre ellos cabe destacar que durante este a\u00f1o, personal de nuestra municipalidad asisti\u00f3 a capacitaciones espec\u00edficas referidas a la producci\u00f3n de estad\u00edsticas municipales, asistencia t\u00e9cnica para elaboraci\u00f3n de informaci\u00f3n a nivel municipal a partir de los registros Administrativos propios, construcci\u00f3n de indicadores sociodemogr\u00e1ficos y econ\u00f3micos, etc. De esta forma se viene fortaleciendo la relaci\u00f3n interinstitucional con INDEC y la Direcci\u00f3n General de Estad\u00edstica y Censos de Entre R\u00edos.<\/p>\n<p>Fuente:\u00a0http:\/\/www.gualeguaychu.gov.ar\/noticia\/1278-el-intendente-se-reunio-con-funcionarios-de-estadistica-y-censos-de-la-provincia &#8211; (06\/10\/2016)<\/p>\n<p><img loading=\"lazy\" decoding=\"async\" class=\"aligncenter wp-image-2378 size-medium\" src=\"https:\/\/www.entrerios.gov.ar\/dgec\/wp-content\/uploads\/2017\/05\/visita-gchu-300x200.jpg\" alt=\"\" width=\"300\" height=\"200\" \/><\/p>\n<p>[\/et_pb_tab][et_pb_tab title=\u00bbRamirez\u00bb tab_font_select=\u00bbdefault\u00bb tab_font=\u00bb||||\u00bb tab_line_height=\u00bb2em\u00bb tab_line_height_tablet=\u00bb2em\u00bb tab_line_height_phone=\u00bb2em\u00bb body_font_select=\u00bbdefault\u00bb body_font=\u00bb||||\u00bb body_line_height=\u00bb2em\u00bb body_line_height_tablet=\u00bb2em\u00bb body_line_height_phone=\u00bb2em\u00bb]<\/p>\n<p><strong>HACIA UN SISTEMA ESTAD\u00cdSTICO MUNICIPAL<br \/>\n<\/strong><br \/>\nD\u00edas pasados recibimos la visita del Director General de Estad\u00edstica y Censos de la provincia Cdr. Omar Izaguirre y la Directora de Coordinaci\u00f3n Cdra. Rosario Burgos<br \/>\nEl objetivo de la visita fue comentar la nueva l\u00ednea de trabajo que impulsa el Instituto Nacional de Estad\u00edstica y Censos (INDEC) para la formaci\u00f3n de Oficinas Estad\u00edsticas Locales, apuntando a que los gobiernos municipales comiencen a generar su propios datos utilizando informaci\u00f3n existente, pero que a\u00fan no est\u00e1 debidamente sistematizada.<br \/>\nLuego de la reuni\u00f3n el Subsecretario de Pol\u00edticas Culturales Walter Lauphan se\u00f1alo que \u00abla propuesta es muy bienvenida porque coincide con nuestra idea de comenzar a generar datos estad\u00edsticos propios. En sociedades cada vez m\u00e1s complejas &#8211; como la nuestra &#8211; , contar con informaci\u00f3n objetiva y confiable es un requisito fundamental para tomar las mejores decisiones. Y esto se aplica en todos los aspectos de la vida social&#8230; tanto para saber cu\u00e1l es el d\u00e9ficit de viviendas, como para mejorar el servicio de alumbrado p\u00fablico, por ejemplo\u00bb.<\/p>\n<p><em>Fuente:\u00a0https:\/\/www.facebook.com\/muni.general.ramirez\/ \u00a0 (23\/05\/16)<\/em><\/p>\n<p><img loading=\"lazy\" decoding=\"async\" class=\"aligncenter wp-image-2379 size-medium\" src=\"https:\/\/www.entrerios.gov.ar\/dgec\/wp-content\/uploads\/2017\/05\/visita-ramirez-300x225.jpg\" alt=\"\" width=\"300\" height=\"225\" \/><\/p>\n<p>[\/et_pb_tab][et_pb_tab title=\u00bbVictoria\u00bb tab_font_select=\u00bbdefault\u00bb tab_font=\u00bb||||\u00bb tab_line_height=\u00bb2em\u00bb tab_line_height_tablet=\u00bb2em\u00bb tab_line_height_phone=\u00bb2em\u00bb body_font_select=\u00bbdefault\u00bb body_font=\u00bb||||\u00bb body_line_height=\u00bb2em\u00bb body_line_height_tablet=\u00bb2em\u00bb body_line_height_phone=\u00bb2em\u00bb]<\/p>\n<p><strong>Oficina Estad\u00edstica en Victoria.<\/p>\n<p><\/strong>Con motivo de la realizaci\u00f3n de un taller de Estad\u00edsticas en la ciudad de Paran\u00e1, el Secretario de Hacienda, Fabi\u00e1n Zorz\u00e1bal y la Cra. Agustina Aldao, fueron convocados a integrar el S.E.L.-Sistema de Estad\u00edsticaLocal- para formar parte de la red de estad\u00edsticas de todo el pa\u00eds que desea incorporar el INDEC.<br \/>\nEn Victoria desde la nueva gesti\u00f3n se cre\u00f3 una oficina de estad\u00edsticas dependiente de la secretaria de hacienda comenzado a hacer una recopilaci\u00f3n de informaci\u00f3n a los fines de lograr una mejor toma de decisiones.<br \/>\nHace poco tiempo estuvo en Victoria el Director de la Direcci\u00f3n General de Estad\u00edsticas y Censos de la Provincia de Entre R\u00edos el Cr. Omar Izaguirre junto con la Directora Coordinadora Rosario Burgos, quedando muy sorprendidos con el desarrollo que se ha logrado en nuestra ciudad a tal punto que fueron convocados para exponer sobre el trabajo estad\u00edstico realizado sobre Victoria ante la concurrencia de funcionarios provinciales nacionales y de diez municipios de Entre R\u00edos.<br \/>\n\u201cEstamos muy orgullosos de la tarea realizada y continuaremos por la senda de la transparencia como nos marca cada d\u00eda el intendente Maiocco, para lo cual reunir estas herramientas de cuantificaci\u00f3n nos brindaran m\u00e1s apoyo al momento de tomar decisiones en las tareas diarias para una mejor gesti\u00f3n y adem\u00e1s estamos contentos por que dejamos muy conformes con la exposici\u00f3n realizada y la calidad del trabajo efectuado a todos los presentes\u201d, sostuvo el Secretario de Hacienda, Fabi\u00e1n Zorz\u00e1bal.<\/p>\n<p><em>Fuente:\u00a0https:\/\/www.facebook.com\/Municipalidad-de-Victoria-711755925626555\/?hc_ref=PAGES_TIMELINE (18\/04\/16)<\/em><\/p>\n<p><img loading=\"lazy\" decoding=\"async\" class=\"aligncenter wp-image-2380 size-medium\" src=\"https:\/\/www.entrerios.gov.ar\/dgec\/wp-content\/uploads\/2017\/05\/visita-victoria-300x169.jpg\" alt=\"\" width=\"300\" height=\"169\" \/><\/p>\n<p>[\/et_pb_tab] [\/et_pb_tabs][\/et_pb_column][\/et_pb_row][\/et_pb_section]<\/p>\n","protected":false},"excerpt":{"rendered":"<p>Pr\u00f3ximamente comenzar\u00e1 a funcionar la Direcci\u00f3n de Estad\u00edsticas Municipal Autoridades nacionales del INDEC fueron recibidas por el Viceintendente. Fue en el marco de una visita institucional a nuestra ciudad, donde pr\u00f3ximamente comenzar\u00e1 a funcionar la Direcci\u00f3n de Estad\u00edsticas Municipal, organismo creado por decreto por la gesti\u00f3n del Intendente Enrique Cresto. La presencia de los funcionarios [&hellip;]<\/p>\n","protected":false},"author":1,"featured_media":0,"parent":0,"menu_order":0,"comment_status":"closed","ping_status":"closed","template":"","meta":{"_et_pb_use_builder":"on","_et_pb_old_content":"","_et_gb_content_width":"","footnotes":""},"_links":{"self":[{"href":"https:\/\/www.entrerios.gov.ar\/dgec\/wp-json\/wp\/v2\/pages\/1862"}],"collection":[{"href":"https:\/\/www.entrerios.gov.ar\/dgec\/wp-json\/wp\/v2\/pages"}],"about":[{"href":"https:\/\/www.entrerios.gov.ar\/dgec\/wp-json\/wp\/v2\/types\/page"}],"author":[{"embeddable":true,"href":"https:\/\/www.entrerios.gov.ar\/dgec\/wp-json\/wp\/v2\/users\/1"}],"replies":[{"embeddable":true,"href":"https:\/\/www.entrerios.gov.ar\/dgec\/wp-json\/wp\/v2\/comments?post=1862"}],"version-history":[{"count":0,"href":"https:\/\/www.entrerios.gov.ar\/dgec\/wp-json\/wp\/v2\/pages\/1862\/revisions"}],"wp:attachment":[{"href":"https:\/\/www.entrerios.gov.ar\/dgec\/wp-json\/wp\/v2\/media?parent=1862"}],"curies":[{"name":"wp","href":"https:\/\/api.w.org\/{rel}","templated":true}]}}