{"id":1864,"date":"2017-05-08T17:16:23","date_gmt":"2017-05-08T17:16:23","guid":{"rendered":"http:\/\/www.entrerios.gov.ar:8085\/dgec\/?page_id=1864"},"modified":"2017-05-16T14:32:35","modified_gmt":"2017-05-16T14:32:35","slug":"capacitacion","status":"publish","type":"page","link":"https:\/\/www.entrerios.gov.ar\/dgec\/capacitacion\/","title":{"rendered":"Capacitaci\u00f3n"},"content":{"rendered":"<p>[et_pb_section admin_label=\u00bbSecci\u00f3n\u00bb fullwidth=\u00bboff\u00bb specialty=\u00bboff\u00bb][et_pb_row admin_label=\u00bbFila\u00bb][et_pb_column type=\u00bb1_2&#8243;][et_pb_testimonial admin_label=\u00bbRecomendaci\u00f3n\u00bb url_new_window=\u00bboff\u00bb quote_icon=\u00bbon\u00bb use_background_color=\u00bbon\u00bb background_color=\u00bb#f5f5f5&#8243; background_layout=\u00bblight\u00bb text_orientation=\u00bbleft\u00bb use_border_color=\u00bboff\u00bb border_color=\u00bb#ffffff\u00bb border_style=\u00bbsolid\u00bb]<\/p>\n<h2><strong><span class=\"Estilo41\">Capacitaci\u00f3n en la Provincia de Formosa de Plataforma de Base de Datos REDATAM.<\/span><\/strong><\/h2>\n<p>Capacitaci\u00f3n de contenidos y aplicaciones b\u00e1sicas con Base de Datos REDATAM, realizado en la Provincia de Formosa los d\u00edas 22,23 y 24 de Agosto de 2016 por capacitadores del Instituto Nacional de Estad\u00edsticas y Censos (INDEC), a las Direcciones de Estad\u00edstica y Censos de las Provincias de Formosa, Chaco, Corrientes, Misiones y Entre R\u00edos.<\/p>\n<p>[\/et_pb_testimonial][\/et_pb_column][et_pb_column type=\u00bb1_2&#8243;][et_pb_image admin_label=\u00bbImagen\u00bb src=\u00bbhttp:\/\/www.entrerios.gov.ar:8085\/dgec\/wp-content\/uploads\/2017\/02\/redatam_formosa.jpg\u00bb show_in_lightbox=\u00bboff\u00bb url_new_window=\u00bboff\u00bb use_overlay=\u00bboff\u00bb animation=\u00bbleft\u00bb sticky=\u00bboff\u00bb align=\u00bbleft\u00bb force_fullwidth=\u00bboff\u00bb always_center_on_mobile=\u00bbon\u00bb use_border_color=\u00bboff\u00bb border_color=\u00bb#ffffff\u00bb border_style=\u00bbsolid\u00bb]<\/p>\n<p>[\/et_pb_image][\/et_pb_column][\/et_pb_row][\/et_pb_section][et_pb_section admin_label=\u00bbSecci\u00f3n\u00bb fullwidth=\u00bboff\u00bb specialty=\u00bboff\u00bb][et_pb_row admin_label=\u00bbFila\u00bb][et_pb_column type=\u00bb1_2&#8243;][et_pb_testimonial admin_label=\u00bbRecomendaci\u00f3n\u00bb url_new_window=\u00bboff\u00bb quote_icon=\u00bbon\u00bb use_background_color=\u00bbon\u00bb background_color=\u00bb#f5f5f5&#8243; background_layout=\u00bblight\u00bb text_orientation=\u00bbleft\u00bb use_border_color=\u00bboff\u00bb border_color=\u00bb#ffffff\u00bb border_style=\u00bbsolid\u00bb]<\/p>\n<p>Los d\u00edas 1 y 2 de junio, en la sede del INDEC, en la Ciudad de Buenos Aires, se llev\u00f3 adelante un Taller de Intercambio y Evaluaci\u00f3n de Estad\u00edsticas Locales, con la participaci\u00f3n de diferentes direcciones y \u00e1reas del INDEC y representantes de las Direcciones Provinciales de Estad\u00edsticas de 5 provincias \u2013Buenos Aires, Salta, Neuqu\u00e9n, Corrientes, Entre R\u00edos- y la Ciudad de Buenos Aires. Durante el mismo se pudo conocer las distintas experiencias y niveles de avances en el desarrollo de Estad\u00edsticas Locales de cada una de las provincias participantes, y evaluar una propuesta de car\u00e1cter operativa superadora para el aprovechamiento estad\u00edstico de los registros administrativos municipales.<\/p>\n<p>[\/et_pb_testimonial][\/et_pb_column][et_pb_column type=\u00bb1_2&#8243;][et_pb_image admin_label=\u00bbImagen\u00bb src=\u00bbhttp:\/\/www.entrerios.gov.ar:8085\/dgec\/wp-content\/uploads\/2017\/02\/sel1.jpg\u00bb show_in_lightbox=\u00bboff\u00bb url_new_window=\u00bboff\u00bb use_overlay=\u00bboff\u00bb animation=\u00bbleft\u00bb sticky=\u00bboff\u00bb align=\u00bbleft\u00bb force_fullwidth=\u00bboff\u00bb always_center_on_mobile=\u00bbon\u00bb use_border_color=\u00bboff\u00bb border_color=\u00bb#ffffff\u00bb border_style=\u00bbsolid\u00bb]<\/p>\n<p>[\/et_pb_image][\/et_pb_column][\/et_pb_row][\/et_pb_section][et_pb_section admin_label=\u00bbSecci\u00f3n\u00bb fullwidth=\u00bboff\u00bb specialty=\u00bboff\u00bb][et_pb_row admin_label=\u00bbFila\u00bb][et_pb_column type=\u00bb1_2&#8243;][et_pb_testimonial admin_label=\u00bbRecomendaci\u00f3n\u00bb url_new_window=\u00bboff\u00bb quote_icon=\u00bbon\u00bb use_background_color=\u00bbon\u00bb background_color=\u00bb#f5f5f5&#8243; background_layout=\u00bblight\u00bb text_orientation=\u00bbleft\u00bb use_border_color=\u00bboff\u00bb border_color=\u00bb#ffffff\u00bb border_style=\u00bbsolid\u00bb]<\/p>\n<p>Los d\u00edas 15 y 16 de junio del corriente se realiz\u00f3 en la ciudad de Paran\u00e1 el 1\u00ba Taller de Trabajo sobre \u201cEstad\u00edsticas Municipales\u201d. El d\u00eda 15 se hizo la presentaci\u00f3n formal del \u201cSistema de Estad\u00edstica Local\u201d SEL en el sal\u00f3n del Consejo Profesional de Ciencias Econ\u00f3micas de Entre R\u00edos, donde participaron diez municipios de la<\/p>\n<p>Provincia de Entre R\u00edos y representantes de la Direcci\u00f3n General de Relaciones Fiscales con los Municipios de la provincia, continuando los trabajos de capacitaci\u00f3n y taller el d\u00eda 16 en las instalaciones de la Direcci\u00f3n General de Estad\u00edstica y Censos de Entre R\u00edos.<br \/>En este primer encuentro se invitaron a los municipios de Cerrito, Concordia, Crespo, General Galarza, General Ram\u00edrez, Gualeguaych\u00fa, Larroque, Nogoy\u00e1, Paran\u00e1 y Victoria.<br \/>El SEL constituye un programa de trabajo que surge de la acci\u00f3n coordinada entre el Instituto Nacional de Estad\u00edstica y Censos (INDEC) y la Direcci\u00f3n General de Estad\u00edstica y Censos de la Provincia de Entre R\u00edos (DEC), con la finalidad de promover y fortalecer la producci\u00f3n de estad\u00edsticas locales a partir del aprovechamiento de la informaci\u00f3n disponible de censos y encuestas, y de la capitalizaci\u00f3n de los registros administrativos municipales como informaci\u00f3n estad\u00edstica \u00fatil para la toma de decisiones.<\/p>\n<p>[\/et_pb_testimonial][\/et_pb_column][et_pb_column type=\u00bb1_2&#8243;][et_pb_image admin_label=\u00bbImagen\u00bb src=\u00bbhttp:\/\/www.entrerios.gov.ar:8085\/dgec\/wp-content\/uploads\/2017\/02\/sel3.jpg\u00bb show_in_lightbox=\u00bboff\u00bb url_new_window=\u00bboff\u00bb use_overlay=\u00bboff\u00bb animation=\u00bbleft\u00bb sticky=\u00bboff\u00bb align=\u00bbleft\u00bb force_fullwidth=\u00bboff\u00bb always_center_on_mobile=\u00bbon\u00bb use_border_color=\u00bboff\u00bb border_color=\u00bb#ffffff\u00bb border_style=\u00bbsolid\u00bb]<\/p>\n<p><\/p>\n<p>[\/et_pb_image][\/et_pb_column][\/et_pb_row][\/et_pb_section]<\/p>\n","protected":false},"excerpt":{"rendered":"<p>Capacitaci\u00f3n en la Provincia de Formosa de Plataforma de Base de Datos REDATAM. Capacitaci\u00f3n de contenidos y aplicaciones b\u00e1sicas con Base de Datos REDATAM, realizado en la Provincia de Formosa los d\u00edas 22,23 y 24 de Agosto de 2016 por capacitadores del Instituto Nacional de Estad\u00edsticas y Censos (INDEC), a las Direcciones de Estad\u00edstica y [&hellip;]<\/p>\n","protected":false},"author":1,"featured_media":0,"parent":0,"menu_order":0,"comment_status":"closed","ping_status":"closed","template":"","meta":{"_et_pb_use_builder":"on","_et_pb_old_content":"","_et_gb_content_width":"","footnotes":""},"_links":{"self":[{"href":"https:\/\/www.entrerios.gov.ar\/dgec\/wp-json\/wp\/v2\/pages\/1864"}],"collection":[{"href":"https:\/\/www.entrerios.gov.ar\/dgec\/wp-json\/wp\/v2\/pages"}],"about":[{"href":"https:\/\/www.entrerios.gov.ar\/dgec\/wp-json\/wp\/v2\/types\/page"}],"author":[{"embeddable":true,"href":"https:\/\/www.entrerios.gov.ar\/dgec\/wp-json\/wp\/v2\/users\/1"}],"replies":[{"embeddable":true,"href":"https:\/\/www.entrerios.gov.ar\/dgec\/wp-json\/wp\/v2\/comments?post=1864"}],"version-history":[{"count":0,"href":"https:\/\/www.entrerios.gov.ar\/dgec\/wp-json\/wp\/v2\/pages\/1864\/revisions"}],"wp:attachment":[{"href":"https:\/\/www.entrerios.gov.ar\/dgec\/wp-json\/wp\/v2\/media?parent=1864"}],"curies":[{"name":"wp","href":"https:\/\/api.w.org\/{rel}","templated":true}]}}