{"id":206145,"date":"2018-04-23T13:46:20","date_gmt":"2018-04-23T13:46:20","guid":{"rendered":"https:\/\/www.entrerios.gov.ar\/dgec\/?page_id=206145"},"modified":"2019-07-29T15:47:14","modified_gmt":"2019-07-29T15:47:14","slug":"cna2018","status":"publish","type":"page","link":"https:\/\/www.entrerios.gov.ar\/dgec\/cna2018\/","title":{"rendered":"cna2018"},"content":{"rendered":"<p>[et_pb_section fb_built=\u00bb1&#8243; custom_padding=\u00bb53px|0px|128px|0px|false|false\u00bb admin_label=\u00bbsection\u00bb][et_pb_row admin_label=\u00bbrow\u00bb][et_pb_column type=\u00bb4_4&#8243; parallax=\u00bboff\u00bb parallax_method=\u00bbon\u00bb][et_pb_text admin_label=\u00bbTexto\u00bb text_font_size=\u00bb19px\u00bb]<\/p>\n<p style=\"text-align: justify;\"><strong>Tareas Post Censales 2019 del Censo Nacional Agropecuario 2018.<\/strong><\/p>\n<p>[\/et_pb_text][et_pb_text admin_label=\u00bbTexto\u00bb text_font_size=\u00bb17px\u00bb]<\/p>\n<p style=\"text-align: justify;\">La Direcci\u00f3n General de Estad\u00edstica y Censos de la Provincia de Entre R\u00edos (DGEyC), informa que los productores agropecuarios que por distintos motivos <strong>no han sido censados al d\u00eda de hoy<\/strong>, tendr\u00e1n la oportunidad de regularizar su situaci\u00f3n directamente v\u00eda el INDEC a partir del d\u00eda <strong>15 de Julio de 2019<\/strong>.<\/p>\n<p style=\"text-align: justify;\">Para ello deber\u00e1n completar un formulario de contacto (se adjunta debajo el enlace al mismo) donde\u00a0llenar\u00e1n unos datos b\u00e1sicos para coordinar con un censista un turno para la entrevista censal.<\/p>\n<p style=\"text-align: justify;\">Cualquier duda o consulta pueden llamar al INDEC en Capital Federal al <strong>Tel. 54 11 5031 4632<\/strong> en el horario de 9.30 a 16.00 horas, o contactarse escribiendo al correo electr\u00f3nico <strong>cna2018@indec.gob.ar<\/strong>.<\/p>\n<p style=\"text-align: justify;\">Recordamos que es indispensable que responda al censo\u00a0para que se le extienda el correspondiente <strong>certificado de cumplimiento censal<\/strong>, documento que es requerido obligatoriamente por las entidades bancarias para cualquier tr\u00e1mite ligado a operaciones crediticias, y tambi\u00e9n por diferentes organismos nacionales, provinciales y\/o municipales que lo requieran.<\/p>\n<p style=\"text-align: justify;\">Si Usted ya cumpliment\u00f3 el censo con anterioridad puede imprimir el <strong>certificado<\/strong>\u00a0correspondiente (el enlace que figura debajo). El comprobante en papel que el censista le entreg\u00f3 oportunamente al productor tambi\u00e9n es v\u00e1lido para los tr\u00e1mites bancarios.<\/p>\n<p>[\/et_pb_text][et_pb_divider admin_label=\u00bbSeparador\u00bb][\/et_pb_divider][et_pb_blurb url=\u00bbhttps:\/\/cna2018.indec.gob.ar\/contacto.html\u00bb url_new_window=\u00bbon\u00bb admin_label=\u00bbAnuncio\u00bb body_font=\u00bb|600|||||||\u00bb body_font_size=\u00bb20px\u00bb background_color=\u00bbrgba(114,183,91,0.13)\u00bb]<\/p>\n<p><span style=\"font-size: medium;\"><\/span><\/p>\n<p><span style=\"font-size: medium;\">Complete aqu\u00ed el\u00a0<strong><a href=\"https:\/\/cna2018.indec.gob.ar\/contacto.html\" target=\"_blank\" rel=\"noopener\">FORMULARIO DE CONTACTO PARA SER CENSADO<\/a><\/strong><\/span><\/p>\n<p><span style=\"font-size: medium;\"><strong><\/strong><\/span><\/p>\n<p>[\/et_pb_blurb][et_pb_divider admin_label=\u00bbSeparador\u00bb][\/et_pb_divider][et_pb_blurb url=\u00bbhttps:\/\/cna2018cert.indec.gob.ar\/\u00bb url_new_window=\u00bbon\u00bb admin_label=\u00bbAnuncio\u00bb body_font=\u00bb|600|||||||\u00bb body_font_size=\u00bb20px\u00bb background_color=\u00bbrgba(114,183,91,0.13)\u00bb]<\/p>\n<p style=\"text-align: center;\" class=\"et-fb-mce-line-break-holder\"><span style=\"font-size: large;\"><\/span><\/p>\n<p style=\"text-align: center;\" class=\"\"><span style=\"font-size: large;\">Imprima aqu\u00ed su\u00a0<strong><a href=\"https:\/\/cna2018cert.indec.gob.ar\/\" target=\"_blank\" rel=\"noopener\">CERTIFICADO DE CUMPLIMIENTO CENSAL<\/a><\/strong><\/span><\/p>\n<p style=\"text-align: center;\" class=\"et-fb-mce-line-break-holder\"><span style=\"font-size: large;\"><strong><\/strong><\/span><\/p>\n<p>[\/et_pb_blurb][et_pb_divider admin_label=\u00bbSeparador\u00bb][\/et_pb_divider][et_pb_text admin_label=\u00bbTexto\u00bb]<\/p>\n<p><strong>DOCUMENTOS IMPORTANTES:<\/strong><\/p>\n<p> <strong>&#8211; Comunicaci&oacute;n del Banco Central de la Rep&uacute;blica Argentina sobre la obligatoriedad de presentar el Certificado de Cumplimiento Censal para tr&aacute;mites bancarios: <\/strong><strong><a href=\"https:\/\/www.entrerios.gov.ar\/dgec\/wp-content\/uploads\/2018\/04\/B11788.pdf\" target=\"_blank\" rel=\"noopener\">Comunicado BCRA<\/a><\/strong><\/p>\n<p><strong>&#8211; Anexo Comunicaci&oacute;n del BCRA sobre actividades agropecuarias que deben censarse: <\/strong><strong><a href=\"https:\/\/www.entrerios.gov.ar\/dgec\/wp-content\/uploads\/2019\/04\/Actividades-CNA-2018.pdf\" target=\"_blank\" rel=\"noopener\">Anexo<\/a><\/strong><\/p>\n<p><strong><\/strong><\/p>\n<p><strong><\/strong><\/p>\n<p>[\/et_pb_text][et_pb_divider admin_label=\u00bbSeparador\u00bb][\/et_pb_divider][\/et_pb_column][\/et_pb_row][et_pb_row admin_label=\u00bbrow\u00bb][et_pb_column type=\u00bb1_2&#8243; parallax=\u00bboff\u00bb parallax_method=\u00bbon\u00bb][et_pb_image src=\u00bbhttps:\/\/www.entrerios.gov.ar\/dgec\/wp-content\/uploads\/2018\/04\/LogoCNA18Tris.jpg\u00bb admin_label=\u00bbImagen\u00bb][\/et_pb_image][et_pb_text admin_label=\u00bbTexto\u00bb]<\/p>\n<p>Acceda al Micro Sitio del INDEC con toda la informaci\u00f3n detallada y las \u00faltimas novedades: <strong><a href=\"https:\/\/cna2018.indec.gob.ar\/index.html?_ga=2.214631639.1729570576.1533137732-38505444.1533137732\">CNA 2018 &#8211; INDEC<\/a><\/strong>.<\/p>\n<p>[\/et_pb_text][\/et_pb_column][et_pb_column type=\u00bb1_2&#8243; parallax=\u00bboff\u00bb parallax_method=\u00bbon\u00bb][et_pb_accordion admin_label=\u00bbAcorde\u00f3n\u00bb][et_pb_accordion_item title=\u00bb\u00bfQu\u00e9 objetivo tiene el Censo Nacional Agropecuario 2018?\u00bb open=\u00bbon\u00bb]<\/p>\n<ul>\n<li>Obtener datos actualizados para el dise\u00f1o e implementaci\u00f3n de pol\u00edticas p\u00fablicas.<\/li>\n<li>Fortalecer la competitividad del sector privado.<\/li>\n<li>Mejorar el conocimiento de la sociedad sobre el sector.<\/li>\n<li>Compatibilizar las estad\u00edsticas agropecuarias argentinas con par\u00e1metros internacionales.<\/li>\n<\/ul>\n<p>[\/et_pb_accordion_item][et_pb_accordion_item title=\u00bb\u00bfQui\u00e9n lo realiza?\u00bb open=\u00bboff\u00bb] Es un operativo que se realiza en todo el pa\u00eds, coordinado por el Instituto Nacional de Estad\u00edstica y Censos (INDEC) con m\u00e1s de 3.000 profesionales trabajando en el Censo. En Entre R\u00edos lo realiza la Direcci\u00f3n General de Estad\u00edstica y Censos, dependiente del Ministerio de Econom\u00eda, Hacienda y Finanzas de Entre R\u00edos. [\/et_pb_accordion_item][et_pb_accordion_item title=\u00bb\u00bfCu\u00e1ndo se realiza?\u00bb open=\u00bboff\u00bb]<\/p>\n<ul>\n<li>El censo se realiz\u00f3 entre el 15\u00a0de\u00a0Septiembre y 30 de Noviembre\u00a0del a\u00f1o 2018, con censistas distribuidos por toda nuestra provincia.<\/li>\n<li>Se ampli\u00f3 la fecha de cierre del operativo censal hasta el 31 de Diciembre de 2018.<\/li>\n<li>La etapa Post Censal se extendi\u00f3 desde el 28 de febrero hasta el 31 de marzo de 2019. Los productores pod\u00edan acudir a responder acudiendo a nuestras oficinas de la Direcci\u00f3n General de Estad\u00edstica y Censos en la ciudad de Paran\u00e1.<\/li>\n<li>A partir del 15 de julio de 2019, los productores que a\u00fan no lo hayan cumplimentado tendr\u00e1n una instancia m\u00e1s para responder el censo, esta vez contact\u00e1ndose directamente con el INDEC en Capital Federal.<\/li>\n<\/ul>\n<p>[\/et_pb_accordion_item][et_pb_accordion_item title=\u00bb\u00bfD\u00f3nde se realiza?\u00bb open=\u00bboff\u00bb] El trabajo de campo\u00a0relevar\u00e1 todo el territorio\u00a0Argentino. Abarca cerca de 190 MILLONES de hect\u00e1reas de actividades AGROPECUARIAS\u00a0y FORESTALES a censar, en m\u00e1s de 300 MIL EXPLOTACIONES AGROPECUARIAS. Se estiman 48 MILLONES de HECT\u00c1REAS CULTIVADAS. [\/et_pb_accordion_item][\/et_pb_accordion][\/et_pb_column][\/et_pb_row][\/et_pb_section]<\/p>\n","protected":false},"excerpt":{"rendered":"<p>Tareas Post Censales 2019 del Censo Nacional Agropecuario 2018.La Direcci\u00f3n General de Estad\u00edstica y Censos de la Provincia de Entre R\u00edos (DGEyC), informa que los productores agropecuarios que por distintos motivos no han sido censados al d\u00eda de hoy, tendr\u00e1n la oportunidad de regularizar su situaci\u00f3n directamente v\u00eda el INDEC a partir del d\u00eda 15 [&hellip;]<\/p>\n","protected":false},"author":1,"featured_media":0,"parent":0,"menu_order":0,"comment_status":"closed","ping_status":"closed","template":"","meta":{"_et_pb_use_builder":"on","_et_pb_old_content":"","_et_gb_content_width":"","footnotes":""},"_links":{"self":[{"href":"https:\/\/www.entrerios.gov.ar\/dgec\/wp-json\/wp\/v2\/pages\/206145"}],"collection":[{"href":"https:\/\/www.entrerios.gov.ar\/dgec\/wp-json\/wp\/v2\/pages"}],"about":[{"href":"https:\/\/www.entrerios.gov.ar\/dgec\/wp-json\/wp\/v2\/types\/page"}],"author":[{"embeddable":true,"href":"https:\/\/www.entrerios.gov.ar\/dgec\/wp-json\/wp\/v2\/users\/1"}],"replies":[{"embeddable":true,"href":"https:\/\/www.entrerios.gov.ar\/dgec\/wp-json\/wp\/v2\/comments?post=206145"}],"version-history":[{"count":0,"href":"https:\/\/www.entrerios.gov.ar\/dgec\/wp-json\/wp\/v2\/pages\/206145\/revisions"}],"wp:attachment":[{"href":"https:\/\/www.entrerios.gov.ar\/dgec\/wp-json\/wp\/v2\/media?parent=206145"}],"curies":[{"name":"wp","href":"https:\/\/api.w.org\/{rel}","templated":true}]}}