{"id":206791,"date":"2018-08-24T12:42:13","date_gmt":"2018-08-24T12:42:13","guid":{"rendered":"https:\/\/www.entrerios.gov.ar\/dgec\/?page_id=206791"},"modified":"2021-08-28T02:40:15","modified_gmt":"2021-08-27T23:40:15","slug":"nov260821","status":"publish","type":"page","link":"https:\/\/www.entrerios.gov.ar\/dgec\/nov260821\/","title":{"rendered":"NOV220818"},"content":{"rendered":"<p>[et_pb_section bb_built=\u00bb1&#8243; admin_label=\u00bbsection\u00bb _builder_version=\u00bb3.0.47&#8243;][et_pb_row admin_label=\u00bbrow\u00bb _builder_version=\u00bb3.0.47&#8243; background_size=\u00bbinitial\u00bb background_position=\u00bbtop_left\u00bb background_repeat=\u00bbrepeat\u00bb][et_pb_column type=\u00bb4_4&#8243;][et_pb_text _builder_version=\u00bb3.6&#8243;]<\/p>\n<h3><strong><\/strong><\/h3>\n<h2><strong>26\/08\/21: SE REALIZ\u00d3 LA PRIMERA REUNI\u00d3N DEL COMIT\u00c9 PROVINCIAL PARA LA ORGANIZACI\u00d3N DEL CENSO NACIONAL DE POBLACI\u00d3N DEL 2022<\/strong><\/h2>\n<p>[\/et_pb_text][\/et_pb_column][\/et_pb_row][et_pb_row][et_pb_column type=\u00bb1_2&#8243;][et_pb_image _builder_version=\u00bb3.6&#8243; src=\u00bbhttps:\/\/www.entrerios.gov.ar\/dgec\/wp-content\/uploads\/2021\/08\/Logocenso.jpg\u00bb \/][et_pb_text _builder_version=\u00bb3.6&#8243;]<\/p>\n<p style=\"text-align: justify;\">La Direcci\u00f3n General de Estad\u00edstica y Censos de Entre R\u00edos inform\u00f3 que el 26 de agosto se realiz\u00f3 la primera reuni\u00f3n del Comit\u00e9 Censal Provincial. Del encuentro, que se realiz\u00f3 en el Sal\u00f3n de los Gobernadores, particip\u00f3 la titular de la Direcci\u00f3n General de Estad\u00edstica y Censos, Rosario Burgos, y representantes de los distintos ministerios, de la Polic\u00eda y del Consejo General de Educaci\u00f3n que tendr\u00e1n a su cargo la tarea del censo.<br \/> El Comit\u00e9 permitir\u00e1 articular con los organismos de gobierno y coordinar las actividades presenciales as\u00ed como aquellas que se realicen cuando se lleve a cabo el Censo Nacional.<\/p>\n<p style=\"text-align: justify;\">En la oportunidad, la vicegobernadora Stratta resalt\u00f3 que \u201ces muy importante para Entre R\u00edos tener datos para la toma de decisiones, las construcciones de pol\u00edticas p\u00fablicas y la sanci\u00f3n de leyes\u201d.<\/p>\n<p style=\"text-align: justify;\">En ese sentido, dijo que es \u201cfundamental la corresponsabilidad, lo que podamos hacer nosotros desde este comit\u00e9 y tambi\u00e9n el poder hacer un proceso de sensibilizaci\u00f3n en la ciudad para que hagan el aporte de la informaci\u00f3n necesaria y poder responder sin la necesidad de hacerlo presencialmente\u201d.<\/p>\n<p style=\"text-align: justify;\">Y agreg\u00f3: \u201cSer\u00e1 un censo distinto porque va a estar atravesando por este contexto de pandemia, pero con la utilizaci\u00f3n de las nuevas herramientas tecnol\u00f3gicas que nos permitir\u00e1n poder acercarnos y responder sin la necesidad de hacerlo presencialmente. Pero lo m\u00e1s importante es poder llevarlo adelante articulando acciones con el compromiso del ciudadano y con la vocaci\u00f3n del gobierno nacional y provincial\u201d.<\/p>\n<p style=\"text-align: justify;\">Por su parte, el ministro Ballay explic\u00f3 que este censo debi\u00f3 llevarse a cabo legalmente en 2020, pero por la pandemia debi\u00f3 ser modificada la fecha y se realizar\u00e1 el 18 de mayo de 2022. Record\u00f3 que el \u00faltimo Censo fue en 2010, en una jornada \u201cde tristeza\u201d, ya que coincidi\u00f3 con el fallecimiento del ex presidente N\u00e9stor Kirchner.<\/p>\n<p style=\"text-align: justify;\">En cuanto al encuentro de este jueves, precis\u00f3 que \u201cse trat\u00f3 de la primera reuni\u00f3n de trabajo del comit\u00e9 provincial censal, donde hay representantes de cada uno de los ministerios, del Consejo General de Educaci\u00f3n, de la Polic\u00eda y de todos organismos que van a trabajar y contribuir a esta tarea del Censo\u201d.<\/p>\n<p style=\"text-align: justify;\">\u201cDespu\u00e9s de haber acompa\u00f1ado al gobernador Gustavo Bordet la semana pasada en lo que fue la primera reuni\u00f3n del Comit\u00e9 Nacional, asumimos este compromiso e iniciamos hoy esta tarea que va a culminar con lo que ser\u00e1 el Censo Poblacional el d\u00eda 18 de mayo del 2022\u201d, subray\u00f3 y agreg\u00f3 que \u00abser\u00e1 con caracter\u00edsticas distintas producto de los avances tecnol\u00f3gicos y dem\u00e1s\u00bb.<\/p>\n<p style=\"text-align: justify;\">Por \u00faltimo, indic\u00f3 que el Comit\u00e9 Provincial es presidido por su persona, como ministro de Econom\u00eda; en tanto que la parte operativa est\u00e1 conducida por la Direcci\u00f3n General de Estad\u00edstica y Censos, dependiente del Ministerio, y un representante de cada uno de los ministerios y organismos del Estado provincial con ingerencia en este tipo de tareas.<\/p>\n<p style=\"text-align: justify;\">Cabe se\u00f1alar que la semana pasada el gobernador Gustavo Bordet particip\u00f3, acompa\u00f1ado por el ministro Ballay, de la primera reuni\u00f3n del Comit\u00e9 Censal Operativo del Censo Nacional de Poblaci\u00f3n, Hogares y Viviendas, que encabez\u00f3 el presidente Alberto Fern\u00e1ndez.<\/p>\n<p>[\/et_pb_text][\/et_pb_column][et_pb_column type=\u00bb1_2&#8243;][et_pb_gallery gallery_ids=\u00bb210961,210946,210939,210940,210941,210942,210943,210944,210945,210947&#8243; fullwidth=\u00bbon\u00bb _builder_version=\u00bb3.6&#8243; title_font=\u00bbGeorgia||||||||\u00bb module_alignment=\u00bbcenter\u00bb zoom_icon_color=\u00bb#7aae4c\u00bb hover_overlay_color=\u00bbrgba(255,255,255,0.9)\u00bb \/][et_pb_video _builder_version=\u00bb3.6&#8243; src=\u00bbhttps:\/\/www.entrerios.gov.ar\/dgec\/wp-content\/uploads\/2021\/08\/Video-Provincial.mp4&#8243; max_width=\u00bb50%\u00bb \/][et_pb_text _builder_version=\u00bb3.6&#8243;]<\/p>\n<p>Video gentileza de la Secretar\u00eda de Comunicaci\u00f3n de la Provincia de Entre R\u00edos.<\/p>\n<p>[\/et_pb_text][\/et_pb_column][\/et_pb_row][et_pb_row][et_pb_column type=\u00bb4_4&#8243;][et_pb_divider show_divider=\u00bboff\u00bb _builder_version=\u00bb3.6&#8243; \/][\/et_pb_column][\/et_pb_row][\/et_pb_section]<\/p>\n","protected":false},"excerpt":{"rendered":"<p>26\/08\/21: SE REALIZ\u00d3 LA PRIMERA REUNI\u00d3N DEL COMIT\u00c9 PROVINCIAL PARA LA ORGANIZACI\u00d3N DEL CENSO NACIONAL DE POBLACI\u00d3N DEL 2022 <div class=\"et_pb_row et_pb_row_0 et_pb_row_empty\">\n\t\t\t\t\n\t\t\t\t\n\t\t\t\t\n\t\t\t\t\n\t\t\t\t\n\t\t\t<\/div> La Direcci\u00f3n General de Estad\u00edstica y Censos de Entre R\u00edos inform\u00f3 que el 26 de agosto se realiz\u00f3 la primera reuni\u00f3n del Comit\u00e9 Censal Provincial. Del encuentro, que se realiz\u00f3 en el Sal\u00f3n de los [&hellip;]<\/p>\n","protected":false},"author":1,"featured_media":0,"parent":0,"menu_order":0,"comment_status":"closed","ping_status":"closed","template":"","meta":{"_et_pb_use_builder":"on","_et_pb_old_content":"","_et_gb_content_width":"","footnotes":""},"_links":{"self":[{"href":"https:\/\/www.entrerios.gov.ar\/dgec\/wp-json\/wp\/v2\/pages\/206791"}],"collection":[{"href":"https:\/\/www.entrerios.gov.ar\/dgec\/wp-json\/wp\/v2\/pages"}],"about":[{"href":"https:\/\/www.entrerios.gov.ar\/dgec\/wp-json\/wp\/v2\/types\/page"}],"author":[{"embeddable":true,"href":"https:\/\/www.entrerios.gov.ar\/dgec\/wp-json\/wp\/v2\/users\/1"}],"replies":[{"embeddable":true,"href":"https:\/\/www.entrerios.gov.ar\/dgec\/wp-json\/wp\/v2\/comments?post=206791"}],"version-history":[{"count":31,"href":"https:\/\/www.entrerios.gov.ar\/dgec\/wp-json\/wp\/v2\/pages\/206791\/revisions"}],"predecessor-version":[{"id":210977,"href":"https:\/\/www.entrerios.gov.ar\/dgec\/wp-json\/wp\/v2\/pages\/206791\/revisions\/210977"}],"wp:attachment":[{"href":"https:\/\/www.entrerios.gov.ar\/dgec\/wp-json\/wp\/v2\/media?parent=206791"}],"curies":[{"name":"wp","href":"https:\/\/api.w.org\/{rel}","templated":true}]}}