{"id":209582,"date":"2020-07-31T05:03:11","date_gmt":"2020-07-31T05:03:11","guid":{"rendered":"https:\/\/www.entrerios.gov.ar\/dgec\/?page_id=209582"},"modified":"2020-07-31T15:06:55","modified_gmt":"2020-07-31T15:06:55","slug":"informacion-operativo-de-seroprevalencia","status":"publish","type":"page","link":"https:\/\/www.entrerios.gov.ar\/dgec\/informacion-operativo-de-seroprevalencia\/","title":{"rendered":"Informacion Operativo de seroprevalencia"},"content":{"rendered":"<p>[et_pb_section bb_built=\u00bb1&#8243; admin_label=\u00bbSecci\u00f3n\u00bb padding_mobile=\u00bboff\u00bb make_fullwidth=\u00bbon\u00bb specialty=\u00bbon\u00bb parallax_1=\u00bboff\u00bb parallax_2=\u00bboff\u00bb parallax_method_1=\u00bboff\u00bb parallax_method_2=\u00bboff\u00bb][et_pb_column type=\u00bb1_2&#8243;][et_pb_text admin_label=\u00bbTexto\u00bb inline_fonts=\u00bbOpen Sans Light\u00bb background_layout=\u00bblight\u00bb text_orientation=\u00bbleft\u00bb use_border_color=\u00bboff\u00bb border_color=\u00bb#ffffff\u00bb border_style=\u00bbsolid\u00bb text_font_size=\u00bb30&#8243; text_line_height=\u00bb1em\u00bb header_font_size=\u00bb29px\u00bb]<\/p>\n<h1><strong>El Operativo de seroprevalencia<\/strong><\/h1>\n<p><strong>NO se est\u00e1 realizando en ninguna ciudad entrerriana<\/strong><\/p>\n<p>[\/et_pb_text][et_pb_image admin_label=\u00bbImage\u00bb src=\u00bbhttps:\/\/www.entrerios.gov.ar\/dgec\/wp-content\/uploads\/2019\/08\/Cartel-importanfdfdfdfte.jpg\u00bb show_in_lightbox=\u00bboff\u00bb url_new_window=\u00bboff\u00bb use_overlay=\u00bboff\u00bb animation=\u00bbleft\u00bb sticky=\u00bboff\u00bb align=\u00bbleft\u00bb force_fullwidth=\u00bboff\u00bb always_center_on_mobile=\u00bbon\u00bb use_border_color=\u00bboff\u00bb border_color=\u00bb#ffffff\u00bb border_style=\u00bbsolid\u00bb \/][et_pb_text admin_label=\u00bbTexto\u00bb header_line_height=\u00bb1.1em\u00bb text_font_size=\u00bb16&#8243; text_line_height=\u00bb1.5em\u00bb background_layout=\u00bblight\u00bb text_orientation=\u00bbleft\u00bb use_border_color=\u00bboff\u00bb border_color=\u00bb#ffffff\u00bb border_style=\u00bbsolid\u00bb]<\/p>\n<p style=\"text-align: justify;\">La Direcci\u00f3n General de Estad\u00edstica y Censos de la Provincia de Entre R\u00edos informa que las notificaciones que reciban los hogares sobre el operativo de <strong>seroprevalencia que est\u00e1 llevando a cabo la Direcci\u00f3n General de Estad\u00edstica y Censos de la Ciudad Aut\u00f3noma de Buenos Aires<\/strong> solamente en su territorio, <strong>NO se est\u00e1 realizando en ninguna ciudad entrerriana<\/strong>, es por ello que deben desestimarlas y no brindar informaci\u00f3n a las personas que se presenten concretamente para esos testeos a domicilio.<\/p>\n<p>Hemos recibido consultas a esta direcci\u00f3n sobre notas que comenzaron a recibir distintos hogares en la ciudad de Paran\u00e1 comunicando sobre las visitas que se estar\u00edan realizando en domicilios seleccionados por muestra correspondiente al estudio de seroprevalencia que efectivamente lleva adelante el organismo de estad\u00edstica de la ciudad de Buenos Aires para determinar qu\u00e9 porcentaje de la poblaci\u00f3n tiene anticuerpos de Covid-19.<\/p>\n<p><strong>Directivos y responsables de comunicaci\u00f3n de la Direcci\u00f3n General de Estad\u00edstica y Censos de la Ciudad Aut\u00f3noma de Buenos Aires confirmaron que nuestra provincia no forma parte de la muestra, y aconsejan no dar informaci\u00f3n ni realizar los testeos a quienes lo soliciten.<\/strong><\/p>\n<blockquote>\n<p style=\"text-align: justify;\"><strong> Cabe aclarar que los operativos que est\u00e1 desarrollando esta Direcci\u00f3n General en la Provincia de Entre R\u00edos son:<\/strong><\/p>\n<ul>\n<li style=\"text-align: justify;\"><strong>\u00a0Encuesta Permanente de Hogares (Aglomerados Concordia y Gran Paran\u00e1)<\/strong><\/li>\n<li style=\"text-align: justify;\"><strong>\u00a0\u00cdndice de Precios al Consumidor (Concordia y Paran\u00e1)<\/strong><\/li>\n<li style=\"text-align: justify;\"><strong>\u00a0\u00cdndice de Costo de la Construcci\u00f3n (Paran\u00e1)<br \/>\n<\/strong><br \/>\n<em><strong> Y el 1\u00ba de agosto del corriente inicia la Encuesta Permanente de Hogares \u2013 Resto Urbano Provincial en las localidades de Aldea Valle Mar\u00eda, Basavilbaso, Concepci\u00f3n del Uruguay, Chajar\u00ed, Crespo, Federaci\u00f3n, General Ram\u00edrez, Gualeguaych\u00fa, La Paz, L\u00facas Gonz\u00e1lez, San Jos\u00e9 y Santa Elena.<\/strong><\/em><\/li>\n<\/ul>\n<\/blockquote>\n<p>[\/et_pb_text][\/et_pb_column][et_pb_column type=\u00bb1_2&#8243; specialty_columns=\u00bb2&#8243;][et_pb_row_inner admin_label=\u00bbFila\u00bb padding_mobile=\u00bboff\u00bb column_padding_mobile=\u00bboff\u00bb][et_pb_column_inner type=\u00bb4_4&#8243; saved_specialty_column_type=\u00bb1_2&#8243;][et_pb_text admin_label=\u00bbText\u00bb text_font_size=\u00bb16&#8243; background_layout=\u00bblight\u00bb text_orientation=\u00bbleft\u00bb disabled=\u00bbon\u00bb disabled_on=\u00bbon|on|on\u00bb use_border_color=\u00bboff\u00bb border_color=\u00bb#ffffff\u00bb border_style=\u00bbsolid\u00bb] <strong>PREGUNTAS FRECUENTES<\/strong> [\/et_pb_text][et_pb_accordion admin_label=\u00bbAccordion\u00bb toggle_font_size=\u00bb14&#8243; toggle_letter_spacing=\u00bb1px\u00bb toggle_line_height=\u00bb1.1em\u00bb use_border_color=\u00bboff\u00bb border_color=\u00bb#ffffff\u00bb border_style=\u00bbsolid\u00bb] [et_pb_accordion_item title=\u00bbAclaraci\u00f3n sobre el operativo seroprevalencia que realiza la Direcci\u00f3n General de Estad\u00edstica y Censos de CABA\u00bb open_toggle_text_color=\u00bb#595959&#8243; open=\u00bbon\u00bb]<\/p>\n<p>Descargar Comunicado de prensa <a href=\"https:\/\/www.entrerios.gov.ar\/dgec\/wp-content\/uploads\/2020\/07\/Gacetilla-aclaraci%C3%B3n-importante.pdf\">AQU\u00cd<\/a><\/p>\n<p>[\/et_pb_accordion_item][et_pb_accordion_item title=\u00bbNota del diario La Naci\u00f3n \u00bb open=\u00bboff\u00bb]<\/p>\n<p>Coronavirus en la Argentina. Testeos a domicilio: qu\u00e9 medidas preventivas se toman para garantizar la seguridad de los seleccionados<br \/>\n<a href=\"https:\/\/www.lanacion.com.ar\/sociedad\/test-seroprevalencia-virales-nid2407465\">Leer Nota completa<\/a><\/p>\n<p>[\/et_pb_accordion_item][et_pb_accordion_item title=\u00bbComunicado de prensa CABA Seroprevalencia\u00bb open=\u00bboff\u00bb]<\/p>\n<p>Descargar Comunicado de prensa\u00a0 <a href=\"https:\/\/www.entrerios.gov.ar\/dgec\/wp-content\/uploads\/2020\/07\/seropre.pdf\">AQU\u00cd<\/a><\/p>\n<p>[\/et_pb_accordion_item] [\/et_pb_accordion][\/et_pb_column_inner][\/et_pb_row_inner][\/et_pb_column][\/et_pb_section]<\/p>\n","protected":false},"excerpt":{"rendered":"<p>El Operativo de seroprevalencia NO se est\u00e1 realizando en ninguna ciudad entrerriana La Direcci\u00f3n General de Estad\u00edstica y Censos de la Provincia de Entre R\u00edos informa que las notificaciones que reciban los hogares sobre el operativo de seroprevalencia que est\u00e1 llevando a cabo la Direcci\u00f3n General de Estad\u00edstica y Censos de la Ciudad Aut\u00f3noma de [&hellip;]<\/p>\n","protected":false},"author":1,"featured_media":0,"parent":0,"menu_order":0,"comment_status":"closed","ping_status":"closed","template":"","meta":{"_et_pb_use_builder":"on","_et_pb_old_content":"","_et_gb_content_width":"","footnotes":""},"_links":{"self":[{"href":"https:\/\/www.entrerios.gov.ar\/dgec\/wp-json\/wp\/v2\/pages\/209582"}],"collection":[{"href":"https:\/\/www.entrerios.gov.ar\/dgec\/wp-json\/wp\/v2\/pages"}],"about":[{"href":"https:\/\/www.entrerios.gov.ar\/dgec\/wp-json\/wp\/v2\/types\/page"}],"author":[{"embeddable":true,"href":"https:\/\/www.entrerios.gov.ar\/dgec\/wp-json\/wp\/v2\/users\/1"}],"replies":[{"embeddable":true,"href":"https:\/\/www.entrerios.gov.ar\/dgec\/wp-json\/wp\/v2\/comments?post=209582"}],"version-history":[{"count":0,"href":"https:\/\/www.entrerios.gov.ar\/dgec\/wp-json\/wp\/v2\/pages\/209582\/revisions"}],"wp:attachment":[{"href":"https:\/\/www.entrerios.gov.ar\/dgec\/wp-json\/wp\/v2\/media?parent=209582"}],"curies":[{"name":"wp","href":"https:\/\/api.w.org\/{rel}","templated":true}]}}