{"id":209826,"date":"2020-11-20T18:26:44","date_gmt":"2020-11-20T15:26:44","guid":{"rendered":"https:\/\/www.entrerios.gov.ar\/dgec\/?page_id=209826"},"modified":"2021-07-30T16:53:38","modified_gmt":"2021-07-30T13:53:38","slug":"cne20202021","status":"publish","type":"page","link":"https:\/\/www.entrerios.gov.ar\/dgec\/cne20202021\/","title":{"rendered":"CNE20202021"},"content":{"rendered":"<p>[et_pb_section bb_built=\u00bb1&#8243; admin_label=\u00bbSecci\u00f3n\u00bb specialty=\u00bbon\u00bb custom_padding_last_edited=\u00bbon|desktop\u00bb _builder_version=\u00bb3.0.74&#8243; custom_padding=\u00bb0px|0px|0|0px|false|false\u00bb custom_padding_tablet=\u00bb50px|0|50px|0&#8243; next_background_color=\u00bb#000000&#8243;][et_pb_column type=\u00bb1_2&#8243; specialty_columns=\u00bb2&#8243;][et_pb_row_inner admin_label=\u00bbFila\u00bb padding_mobile=\u00bboff\u00bb column_padding_mobile=\u00bboff\u00bb _builder_version=\u00bb3.0.47&#8243;][et_pb_column_inner type=\u00bb4_4&#8243; saved_specialty_column_type=\u00bb1_2&#8243;][et_pb_text admin_label=\u00bbTexto\u00bb _builder_version=\u00bb3.6&#8243; background_size=\u00bbinitial\u00bb background_position=\u00bbtop_left\u00bb background_repeat=\u00bbrepeat\u00bb]<\/p>\n<h2><strong class=\"Estilo41\">28\/07\/21. CENSO NACIONAL ECON\u00d3MICO 2020\/2021. <\/strong><\/h2>\n<h3 class=\"elementor-heading-title elementor-size-default\">Comenz\u00f3 el per\u00edodo de recupero del CNE en todo el pa\u00eds.<\/h3>\n<p>[\/et_pb_text][et_pb_text admin_label=\u00bbTexto\u00bb _builder_version=\u00bb3.6&#8243; background_size=\u00bbinitial\u00bb background_position=\u00bbtop_left\u00bb background_repeat=\u00bbrepeat\u00bb]<\/p>\n<p style=\"text-align: justify;\">La Direcci\u00f3n General de Estad\u00edstica y Censos de Entre R\u00edos informa que los equipos t\u00e9cnicos del INDEC y de las Direcciones Provinciales de Estad\u00edstica (DPE) iniciaron la etapa de recupero del Censo Nacional Econ\u00f3mico (CNE) para aquellas unidades econ\u00f3micas que a\u00fan no respondieron el cuestionario digital. La p\u00e1gina web https:\/\/cne.indec.gob.ar\/#\/ contin\u00faa disponible para completar la primera etapa del relevamiento y, de esta forma, obtener el certificado de cumplimiento censal. Es decir que <strong>quienes a\u00fan no han realizado el e-CNE todav\u00eda pueden completar el formulario.<\/strong><\/p>\n<p style=\"text-align: justify;\">Las personas jur\u00eddicas y humanas que aun no cumplieron con el censo ser\u00e1n contactadas durante los pr\u00f3ximos d\u00edas \u2013por un representante acreditado del INDEC o de la DPE que le corresponda de acuerdo al \u00e1rea geogr\u00e1fica de la actividad productiva\u2013 para orientarlas en c\u00f3mo responder el cuestionario en l\u00ednea de forma f\u00e1cil, r\u00e1pida y segura.<br \/>\nEsta primera etapa del Censo Econ\u00f3mico, que comenz\u00f3 el 30 de noviembre de 2020, ya fue completada por las personas jur\u00eddicas y humanas que emplean al 93% de las personas con trabajo registrado en el territorio nacional. La segunda etapa comenzar\u00e1 en 2022 mediante encuestas estructurales y sectoriales de una peque\u00f1a muestra del universo de unidades econ\u00f3micas que participaron en el e-CNE.<br \/>\nCon la informaci\u00f3n obtenida se podr\u00e1 actualizar la demograf\u00eda empresarial del pa\u00eds; natalidad y mortalidad anual, edad promedio, tama\u00f1o y distribuci\u00f3n, entre otras variables, luego de 16 a\u00f1os del anterior censo.<br \/>\nEn caso de necesitar asistencia personalizada, los representantes de las empresas o las personas aut\u00f3nomas pueden comunicarse por correo electr\u00f3nico a censoeconomico@indec.gob.ar.<\/p>\n<p>[\/et_pb_text][\/et_pb_column_inner][\/et_pb_row_inner][\/et_pb_column][et_pb_column type=\u00bb1_2&#8243;][et_pb_text _builder_version=\u00bb3.6&#8243; text_letter_spacing=\u00bb3px\u00bb text_line_height=\u00bb1.4em\u00bb header_letter_spacing=\u00bb3px\u00bb background_size=\u00bbinitial\u00bb background_position=\u00bbtop_left\u00bb background_repeat=\u00bbrepeat\u00bb border_color_all=\u00bb#7cda24&#8243; use_border_color=\u00bbon\u00bb border_color=\u00bb#7cda24&#8243;]<\/p>\n<h3 style=\"text-align: center;\"><strong>Ingres\u00e1 a responder el Censo aqu\u00ed:<\/strong><\/h3>\n<h3 style=\"text-align: center;\"><a href=\"https:\/\/censoeconomico.indec.gob.ar\/\" target=\"_blank\" rel=\"noopener\">https:\/\/censoeconomico.indec.gob.ar\/<\/a><\/h3>\n<p class=\"et-fb-mce-line-break-holder\" style=\"text-align: justify;\">[\/et_pb_text][et_pb_image admin_label=\u00bbImagen\u00bb src=\u00bbhttps:\/\/www.entrerios.gov.ar\/dgec\/wp-content\/uploads\/2021\/03\/CNE20202021isologo_export-1.jpg\u00bb alt=\u00bbIngrese aqu\u00ed&#8230;\u00bb title_text=\u00bbIngrese aqu\u00ed&#8230;\u00bb url=\u00bbhttps:\/\/censoeconomico.indec.gob.ar\/\u00bb url_new_window=\u00bbon\u00bb show_bottom_space=\u00bboff\u00bb align=\u00bbcenter\u00bb _builder_version=\u00bb3.6&#8243; use_border_color=\u00bboff\u00bb]<\/p>\n<p class=\"et-fb-mce-line-break-holder\" style=\"text-align: justify;\">[\/et_pb_image][\/et_pb_column][\/et_pb_section][et_pb_section bb_built=\u00bb1&#8243; _builder_version=\u00bb3.0.47&#8243; prev_background_color=\u00bb#000000&#8243; next_background_color=\u00bb#000000&#8243;][et_pb_row _builder_version=\u00bb3.0.48&#8243; background_size=\u00bbinitial\u00bb background_position=\u00bbtop_left\u00bb background_repeat=\u00bbrepeat\u00bb][et_pb_column type=\u00bb4_4&#8243;][et_pb_video _builder_version=\u00bb3.6&#8243; src=\u00bbhttps:\/\/www.entrerios.gov.ar\/dgec\/wp-content\/uploads\/2021\/07\/Video-CNE-recupero.mp4&#8243; max_width=\u00bb60%\u00bb module_alignment=\u00bbcenter\u00bb image_src=\u00bbhttps:\/\/www.entrerios.gov.ar\/dgec\/wp-content\/uploads\/2021\/03\/CNE20202021isologo_export-1.jpg\u00bb border_radii=\u00bbon|1px|1px|1px|1px\u00bb border_width_all=\u00bb3px\u00bb border_color_all=\u00bb#f4f4f4&#8243; \/][et_pb_divider _builder_version=\u00bb3.6&#8243; color=\u00bb#adadad\u00bb \/][et_pb_text _builder_version=\u00bb3.6&#8243;]<\/p>\n<pre style=\"text-align: center;\"><span style=\"font-size: large;\"><strong><span style=\"color: #808080;\">\u00bfTodav\u00eda no completaste el Censo Nacional Econ\u00f3mico?<\/span>\r\n<span style=\"color: #808080;\">\u00bfTen\u00e9s dudas de si debes hacerlo o no?<\/span>\r\n<span style=\"color: #808080;\">En el siguiente link podes consultar con tu n\u00famero de CUIT si deb\u00e9s realizarlo o no: <\/span><\/strong><\/span><\/pre>\n<h1 style=\"text-align: center;\"><a class=\"big-button bigblue\" href=\"https:\/\/cne.indec.gob.ar\/#\/consulta\" target=\"_blank\" rel=\"noopener\">CONSULTAR<\/a><\/h1>\n<p class=\"et-fb-mce-line-break-holder\" style=\"text-align: justify;\">[\/et_pb_text][et_pb_divider _builder_version=\u00bb3.6&#8243; color=\u00bb#adadad\u00bb \/][\/et_pb_column][\/et_pb_row][\/et_pb_section][et_pb_section bb_built=\u00bb1&#8243; _builder_version=\u00bb3.0.47&#8243; prev_background_color=\u00bb#000000&#8243; next_background_color=\u00bb#000000&#8243;][et_pb_row custom_padding=\u00bb0px|0px|0|0px|false|false\u00bb _builder_version=\u00bb3.0.48&#8243; background_size=\u00bbinitial\u00bb background_position=\u00bbtop_left\u00bb background_repeat=\u00bbrepeat\u00bb][et_pb_column type=\u00bb4_4&#8243;][et_pb_text _builder_version=\u00bb3.6&#8243; text_font=\u00bbGeorgia|600|||||||\u00bb text_font_size=\u00bb18px\u00bb background_color=\u00bbrgba(178,216,143,0.33)\u00bb]<\/p>\n<p style=\"text-align: justify;\"><span style=\"font-family: Arial; font-weight: normal; font-size: medium;\">Para ingresar a responder el censo, el acceso se hace con CUIT y Clave Fiscal AFIP.<\/span><\/p>\n<p style=\"text-align: center;\"><span style=\"font-family: Arial; font-weight: normal; font-size: medium;\"><strong>Es importante recordar que seg\u00fan disposici\u00f3n del Banco Central de la Rep\u00fablica Argentina, las entidades financieras comenzar\u00e1n a exigir el Certificado de Cumplimiento Censal como requisito para realizar tr\u00e1mites bancarios.<\/strong><\/span><\/p>\n<p><span style=\"font-family: Arial; font-weight: normal; font-size: medium;\">Siga el Instructivo para comenzar a responderlo: <a href=\"https:\/\/www.entrerios.gov.ar\/dgec\/wp-content\/uploads\/2021\/03\/Censo-Nacional-Economico-2020.2021.-vencimiento-Personas-Juridicas.pdf\" target=\"_blank\" rel=\"noopener\">Aqu\u00ed<\/a><\/span><\/p>\n<p class=\"et-fb-mce-line-break-holder\" style=\"text-align: justify;\">[\/et_pb_text][et_pb_text _builder_version=\u00bb3.6&#8243; text_font=\u00bbGeorgia|600|||||||\u00bb text_font_size=\u00bb18px\u00bb background_color=\u00bbrgba(178,216,143,0.33)\u00bb]<\/p>\n<p style=\"text-align: justify;\"><span style=\"font-family: inherit; font-weight: normal; font-size: medium;\">El Certificado de Cumplimiento Censal se solicitar\u00e1 para las siguientes operaciones bancarias: <\/span> <span style=\"font-family: inherit; font-weight: normal; font-size: medium;\"> \u2013 Apertura de cuentas de dep\u00f3sitos y de cualquier otra que implique captaci\u00f3n de fondos;<\/span> <span style=\"font-family: inherit; font-weight: normal; font-size: medium;\"> \u2013 otorgamiento de cr\u00e9ditos y sus respectivas renovaciones;<\/span> <span style=\"font-family: inherit; font-weight: normal; font-size: medium;\"> \u2013 apertura de cr\u00e9ditos documentarios;<\/span> <span style=\"font-family: inherit; font-weight: normal; font-size: medium;\"> \u2013 apertura de cuentas para valores en custodia;<\/span> <span style=\"font-family: inherit; font-weight: normal; font-size: medium;\"> \u2013 otorgamiento de fianzas y pr\u00e9stamos de valores; y<\/span> <span style=\"font-family: inherit; font-weight: normal; font-size: medium;\"> \u2013 alquiler de cajas de seguridad.<\/span><\/p>\n<p style=\"text-align: justify;\"><span style=\"font-family: inherit; font-weight: normal; font-size: medium;\"> <strong>La falta de dicha documentaci\u00f3n impedir\u00e1 la prosecuci\u00f3n del respectivo tr\u00e1mite.<\/strong><\/span><\/p>\n<p class=\"et-fb-mce-line-break-holder\" style=\"text-align: justify;\">[\/et_pb_text][et_pb_divider _builder_version=\u00bb3.6&#8243;]<\/p>\n<p class=\"et-fb-mce-line-break-holder\" style=\"text-align: justify;\">[\/et_pb_divider][\/et_pb_column][et_pb_column type=\u00bb4_4&#8243;][\/et_pb_column][\/et_pb_row][\/et_pb_section][et_pb_section bb_built=\u00bb1&#8243; _builder_version=\u00bb3.0.47&#8243; prev_background_color=\u00bb#000000&#8243;][et_pb_row _builder_version=\u00bb3.0.47&#8243; background_size=\u00bbinitial\u00bb background_position=\u00bbtop_left\u00bb background_repeat=\u00bbrepeat\u00bb][et_pb_column type=\u00bb4_4&#8243;][et_pb_image src=\u00bbhttps:\/\/www.entrerios.gov.ar\/dgec\/wp-content\/uploads\/2021\/05\/CNE-Cronograma.jpg\u00bb url=\u00bbhttps:\/\/censoeconomico.indec.gob.ar\/\u00bb url_new_window=\u00bbon\u00bb _builder_version=\u00bb3.6&#8243;]<\/p>\n<p class=\"et-fb-mce-line-break-holder\" style=\"text-align: justify;\">[\/et_pb_image][et_pb_text _builder_version=\u00bb3.9&#8243; background_size=\u00bbinitial\u00bb background_position=\u00bbtop_left\u00bb background_repeat=\u00bbrepeat\u00bb]<\/p>\n<h3><strong>Cronograma Detallado<\/strong><\/h3>\n<p class=\"et-fb-mce-line-break-holder\" style=\"text-align: justify;\">Acceda al cronograma con las fechas l\u00ecmite para responder:\u00a0<a href=\"https:\/\/www.entrerios.gov.ar\/dgec\/wp-content\/uploads\/2021\/03\/Censo-Nacional-Economico-2020.2021.pdf\" target=\"_blank\" rel=\"noopener\">Aqu\u00ed<\/a><\/p>\n<p class=\"et-fb-mce-line-break-holder\" style=\"text-align: justify;\">[\/et_pb_text][et_pb_image src=\u00bbhttps:\/\/www.entrerios.gov.ar\/dgec\/wp-content\/uploads\/2021\/03\/El-CNE-en-nu\u0301meros-1200&#215;628-1.jpg\u00bb _builder_version=\u00bb3.9&#8243;]<\/p>\n<p class=\"et-fb-mce-line-break-holder\" style=\"text-align: justify;\">[\/et_pb_image][et_pb_text admin_label=\u00bbTexto\u00bb _builder_version=\u00bb3.9&#8243; background_size=\u00bbinitial\u00bb background_position=\u00bbtop_left\u00bb background_repeat=\u00bbrepeat\u00bb]<\/p>\n<h3><strong>e-CNE: el registro estad\u00edstico digital<\/strong><\/h3>\n<p style=\"text-align: justify;\">El relevamiento se realizar\u00e1 a trav\u00e9s de un cuestionario digital desarrollado en el INDEC, denominado e-CNE. Se estima que m\u00e1s de 5.500.000 personas humanas y jur\u00eddicas completar\u00e1n el censo a trav\u00e9s de la aplicaci\u00f3n en l\u00ednea. Al igual que la metodolog\u00eda adoptada en las oficinas nacionales de estad\u00edstica de otros pa\u00edses, el censo econ\u00f3mico pretende dejar atr\u00e1s los cl\u00e1sicos cuestionarios en papel para obtener informaci\u00f3n de alta calidad y en menor tiempo, a un menor costo en comparaci\u00f3n con un barrido territorial. La primera etapa del censo comienza el 30 de noviembre y se extender\u00e1 durante seis meses, seg\u00fan el cronograma establecido por el INDEC y que estar\u00e1 disponible p\u00fablicamente en los pr\u00f3ximos d\u00edas. Las personas jur\u00eddicas estar\u00e1n habilitadas para completar el censo entre el 30 de noviembre y el 31 de enero de 2021, de acuerdo con el \u00faltimo n\u00famero de su Clave \u00danica de Identificaci\u00f3n Tributaria (CUIT). Con el mismo criterio, se convocar\u00e1 a las personas humanas entre febrero y junio de 2021. Quienes participen de cada instancia espec\u00edfica recibir\u00e1n la convocatoria en su domicilio fiscal electr\u00f3nico para completar el censo y, adem\u00e1s, tendr\u00e1n acceso a distintos videos tutoriales para conocer c\u00f3mo ingresar al sistema y cargar la informaci\u00f3n en forma r\u00e1pida y segura. Para ingresar a la aplicaci\u00f3n del e-CNE se requerir\u00e1 previamente la validaci\u00f3n de la identidad de las personas mediante su n\u00famero de CUIT y clave fiscal en la plataforma Autenticar. Luego, el sistema redireccionar\u00e1 a un sitio seguro del INDEC para completar el censo. Dependiendo el tipo de persona, el cuestionario puede tener 14, 15 o 17 preguntas que giran en torno a los siguientes aspectos:<\/p>\n<ul>\n<li>Identificaci\u00f3n del CUIT de acuerdo con la conformaci\u00f3n de la unidad econ\u00f3mica.<\/li>\n<li>Ubicaci\u00f3n de la administraci\u00f3n central.<\/li>\n<li>Localizaci\u00f3n geogr\u00e1fica en otras provincias.<\/li>\n<li>Descripci\u00f3n de la actividad principal.<\/li>\n<li>Descripci\u00f3n de bienes y servicios resultantes de la actividad principal.<\/li>\n<li>Descripci\u00f3n de materias primas y gastos directos.<\/li>\n<li>Facturaci\u00f3n anual sin impuesto al valor agregado (IVA).<\/li>\n<li>Cantidad de personal ocupado.<\/li>\n<li>Realizaci\u00f3n de actividades de investigaci\u00f3n y desarrollo.<\/li>\n<\/ul>\n<p class=\"et-fb-mce-line-break-holder\" style=\"text-align: justify;\">[\/et_pb_text][et_pb_text admin_label=\u00bbTexto\u00bb _builder_version=\u00bb3.9&#8243; background_size=\u00bbinitial\u00bb background_position=\u00bbtop_left\u00bb background_repeat=\u00bbrepeat\u00bb]<\/p>\n<h3><strong>La importancia del CNE<\/strong><\/h3>\n<p style=\"text-align: justify;\">A partir de la informaci\u00f3n obtenida en la fase digital (e-CNE) y mediante las encuestas estructurales econ\u00f3micas, los profesionales, las empresas, los organismos gubernamentales de los tres niveles del Estado y la poblaci\u00f3n en general podr\u00e1n conocer la demograf\u00eda empresarial de la Argentina. Los resultados permitir\u00e1n el an\u00e1lisis y dise\u00f1o de pol\u00edticas p\u00fablicas productivas, sectoriales y ocupacionales, y estar\u00e1n disponibles en beneficio de las mismas empresas participantes del censo para sus decisiones del \u00e1mbito privado, ya sea a nivel empresarial, acad\u00e9mico o profesional. Tambi\u00e9n permitir\u00e1 evaluar las dimensiones de los mercados territoriales en t\u00e9rminos de producci\u00f3n y empleo y facilitar la realizaci\u00f3n de comparaciones entre la empresa propia y el total de la rama de actividad o zona geogr\u00e1fica en la que est\u00e1 ubicada. El censo econ\u00f3mico es uno de los insumos fundamentales para la producci\u00f3n continua de estad\u00edsticas oficiales. Con la informaci\u00f3n obtenida a partir del e-CNE se crear\u00e1 el registro estad\u00edstico de unidades econ\u00f3micas (REUE), que se actualizar\u00e1 de forma peri\u00f3dica con registros administrativos y permitir\u00e1 construir el marco maestro de muestreo para los indicadores econ\u00f3micos de coyuntura, y las encuestas necesarias para elaborar tanto el cambio de a\u00f1o base del Sistema de Cuentas Nacionales como una nueva matriz de insumo-producto (MIP). Los datos aportados por quienes participen del operativo son estrictamente confidenciales y se encuentran protegidos por el secreto estad\u00edstico, conforme a lo dispuesto por la ley n\u00b0 17.622 y el decreto n\u00b0 3.110\/70. Como todos los operativos que lleva adelante el Instituto, la informaci\u00f3n se recopila \u00fanicamente con finalidad estad\u00edstica y se resguarda en servidores que son propiedad del INDEC. Los resultados obtenidos se difundir\u00e1n en compilaciones de conjunto para asegurar la confidencialidad de las fuentes.<\/p>\n<p class=\"et-fb-mce-line-break-holder\" style=\"text-align: justify;\">[\/et_pb_text][et_pb_text _builder_version=\u00bb3.0.74&#8243; background_size=\u00bbinitial\u00bb background_position=\u00bbtop_left\u00bb background_repeat=\u00bbrepeat\u00bb]<\/p>\n<h3><strong>\u00bfQu\u00e9 preguntas se responder\u00e1n en el e-CNE?<\/strong><\/h3>\n<p class=\"et-fb-mce-line-break-holder\" style=\"text-align: justify;\">1. Nombre o raz\u00f3n social de la empresa 2. CUIT 3. Ubicaci\u00f3n 4. \u00bfTiene establecimientos en m\u00e1s de una provincia? 5. Descripci\u00f3n de la actividad principal 6. Bienes o servicios resultantes de la actividad principal 7. Materias primas, materiales o gastos directos para la producci\u00f3n de bienes o servicios 8. Facturaci\u00f3n anual (2019) 9. Cantidad de trabajadores en relaci\u00f3n de dependencia (asalariados) al 31 de diciembre de 2019 10. Unidades auxiliares de apoyo para realizar la actividad principal 11. \u00bfRealiza otras actividades? 12. Descripci\u00f3n de actividades secundarias (si corresponde) 13. \u00bfProduce alg\u00fan bien o servicio para consumo propio? 14. \u00bfProduce activos fijos para uso propio? (edificios, estructuras, maquinaria y equipo, desarrollos inform\u00e1ticos,etc.) 15. \u00bfRealiza actividades de investigaci\u00f3n y desarrollo?<\/p>\n<p class=\"et-fb-mce-line-break-holder\" style=\"text-align: justify;\">[\/et_pb_text][et_pb_text _builder_version=\u00bb3.0.74&#8243; background_size=\u00bbinitial\u00bb background_position=\u00bbtop_left\u00bb background_repeat=\u00bbrepeat\u00bb]<\/p>\n<h3><strong>Comunicado de Prensa<\/strong><\/h3>\n<p class=\"et-fb-mce-line-break-holder\" style=\"text-align: justify;\">Acceda a la comunicaci\u00f3n oficial:\u00a0<a href=\"https:\/\/www.entrerios.gov.ar\/dgec\/wp-content\/uploads\/2017\/02\/Comunicado-CNE-2020-2021.pdf\" target=\"_blank\" rel=\"noopener\">Aqu\u00ed<\/a><\/p>\n<p class=\"et-fb-mce-line-break-holder\" style=\"text-align: justify;\">[\/et_pb_text][et_pb_text _builder_version=\u00bb3.0.74&#8243; background_size=\u00bbinitial\u00bb background_position=\u00bbtop_left\u00bb background_repeat=\u00bbrepeat\u00bb]<\/p>\n<h3><strong>Consultas sobre el Censo Nacional Econ\u00f3mico<\/strong><\/h3>\n<p class=\"et-fb-mce-line-break-holder\" style=\"text-align: justify;\">Centro de atenci\u00f3n a usuarios (horario de 9:30hs. a 16:00hs). (54-11) 5031-4632 (54-11) 3985-4814 WhatsApp: +54 9 11 3206-7010<\/p>\n<p class=\"et-fb-mce-line-break-holder\" style=\"text-align: justify;\">[\/et_pb_text][\/et_pb_column][\/et_pb_row][\/et_pb_section]<\/p>\n","protected":false},"excerpt":{"rendered":"<p>28\/07\/21. CENSO NACIONAL ECON\u00d3MICO 2020\/2021. Comenz\u00f3 el per\u00edodo de recupero del CNE en todo el pa\u00eds. La Direcci\u00f3n General de Estad\u00edstica y Censos de Entre R\u00edos informa que los equipos t\u00e9cnicos del INDEC y de las Direcciones Provinciales de Estad\u00edstica (DPE) iniciaron la etapa de recupero del Censo Nacional Econ\u00f3mico (CNE) para aquellas unidades econ\u00f3micas [&hellip;]<\/p>\n","protected":false},"author":1,"featured_media":0,"parent":0,"menu_order":0,"comment_status":"closed","ping_status":"closed","template":"","meta":{"_et_pb_use_builder":"on","_et_pb_old_content":"","_et_gb_content_width":"","footnotes":""},"_links":{"self":[{"href":"https:\/\/www.entrerios.gov.ar\/dgec\/wp-json\/wp\/v2\/pages\/209826"}],"collection":[{"href":"https:\/\/www.entrerios.gov.ar\/dgec\/wp-json\/wp\/v2\/pages"}],"about":[{"href":"https:\/\/www.entrerios.gov.ar\/dgec\/wp-json\/wp\/v2\/types\/page"}],"author":[{"embeddable":true,"href":"https:\/\/www.entrerios.gov.ar\/dgec\/wp-json\/wp\/v2\/users\/1"}],"replies":[{"embeddable":true,"href":"https:\/\/www.entrerios.gov.ar\/dgec\/wp-json\/wp\/v2\/comments?post=209826"}],"version-history":[{"count":98,"href":"https:\/\/www.entrerios.gov.ar\/dgec\/wp-json\/wp\/v2\/pages\/209826\/revisions"}],"predecessor-version":[{"id":210839,"href":"https:\/\/www.entrerios.gov.ar\/dgec\/wp-json\/wp\/v2\/pages\/209826\/revisions\/210839"}],"wp:attachment":[{"href":"https:\/\/www.entrerios.gov.ar\/dgec\/wp-json\/wp\/v2\/media?parent=209826"}],"curies":[{"name":"wp","href":"https:\/\/api.w.org\/{rel}","templated":true}]}}