{"id":210413,"date":"2021-04-21T16:28:42","date_gmt":"2021-04-21T13:28:42","guid":{"rendered":"https:\/\/www.entrerios.gov.ar\/dgec\/?page_id=210413"},"modified":"2021-04-21T16:40:55","modified_gmt":"2021-04-21T13:40:55","slug":"nov210421","status":"publish","type":"page","link":"https:\/\/www.entrerios.gov.ar\/dgec\/nov210421\/","title":{"rendered":""},"content":{"rendered":"<p>[et_pb_section bb_built=\u00bb1&#8243; admin_label=\u00bbsection\u00bb][et_pb_row admin_label=\u00bbrow\u00bb background_position=\u00bbtop_left\u00bb background_repeat=\u00bbrepeat\u00bb background_size=\u00bbinitial\u00bb][et_pb_column type=\u00bb4_4&#8243;][et_pb_text admin_label=\u00bbTexto\u00bb _builder_version=\u00bb3.6&#8243;]<\/p>\n<h3><\/h3>\n<h3><strong>21\/04\/21: SE PRESENTA LA PUBLICACI\u00d3N DEFINITIVA DE RESULTADOS DEL CENSO NACIONAL AGROPECUARIO 2018<\/strong><\/h3>\n<p style=\"text-align: justify;\">La Direcci\u00f3n General de Estad\u00edstica y Censos, dependiente del Ministerio de Econom\u00eda, Hacienda y Finanzas de Entre R\u00edos, informa que el INDEC en conjunto con las Direcciones Provinciales de Estad\u00edstica ha publicado los resultados definitivos del CNA2018. Se difunden por primera vez los cuadros estad\u00edsticos de exportaciones agropecuarias por tipo de delimitaci\u00f3n junto con la informaci\u00f3n de sus parcelas, terrenos sin l\u00edmites definidos y superficie, seg\u00fan partido o departamento.<\/p>\n<p>[\/et_pb_text][\/et_pb_column][\/et_pb_row][et_pb_row][et_pb_column type=\u00bb1_2&#8243;][et_pb_image _builder_version=\u00bb3.6&#8243; src=\u00bbhttps:\/\/www.entrerios.gov.ar\/dgec\/wp-content\/uploads\/2018\/04\/logocna2018.jpg\u00bb \/][\/et_pb_column][et_pb_column type=\u00bb1_2&#8243;][et_pb_image _builder_version=\u00bb3.6&#8243; src=\u00bbhttps:\/\/www.entrerios.gov.ar\/dgec\/wp-content\/uploads\/2021\/04\/placa_galeria_CNA_resultados_definitivos_600x337.jpg\u00bb url=\u00bbhttps:\/\/www.indec.gob.ar\/ftp\/cuadros\/economia\/cna2018_resultados_definitivos.pdf\u00bb url_new_window=\u00bbon\u00bb \/][\/et_pb_column][\/et_pb_row][et_pb_row][et_pb_column type=\u00bb4_4&#8243;][et_pb_text _builder_version=\u00bb3.6&#8243;]<\/p>\n<p style=\"text-align: right;\">Acceda a consultar o descargar la publicaci\u00f3n completa con los cuadros estad\u00edsticos: <a href=\"https:\/\/www.indec.gob.ar\/ftp\/cuadros\/economia\/cna2018_resultados_definitivos.pdf\" target=\"_blank\" rel=\"noopener\">Aqu\u00ed<\/a>.<\/p>\n<p>&nbsp;<\/p>\n<p>&nbsp;<\/p>\n<p>[\/et_pb_text][\/et_pb_column][\/et_pb_row][\/et_pb_section]<\/p>\n","protected":false},"excerpt":{"rendered":"<p>21\/04\/21: SE PRESENTA LA PUBLICACI\u00d3N DEFINITIVA DE RESULTADOS DEL CENSO NACIONAL AGROPECUARIO 2018 La Direcci\u00f3n General de Estad\u00edstica y Censos, dependiente del Ministerio de Econom\u00eda, Hacienda y Finanzas de Entre R\u00edos, informa que el INDEC en conjunto con las Direcciones Provinciales de Estad\u00edstica ha publicado los resultados definitivos del CNA2018. Se difunden por primera vez [&hellip;]<\/p>\n","protected":false},"author":1,"featured_media":0,"parent":0,"menu_order":0,"comment_status":"closed","ping_status":"closed","template":"","meta":{"_et_pb_use_builder":"on","_et_pb_old_content":"","_et_gb_content_width":"","footnotes":""},"_links":{"self":[{"href":"https:\/\/www.entrerios.gov.ar\/dgec\/wp-json\/wp\/v2\/pages\/210413"}],"collection":[{"href":"https:\/\/www.entrerios.gov.ar\/dgec\/wp-json\/wp\/v2\/pages"}],"about":[{"href":"https:\/\/www.entrerios.gov.ar\/dgec\/wp-json\/wp\/v2\/types\/page"}],"author":[{"embeddable":true,"href":"https:\/\/www.entrerios.gov.ar\/dgec\/wp-json\/wp\/v2\/users\/1"}],"replies":[{"embeddable":true,"href":"https:\/\/www.entrerios.gov.ar\/dgec\/wp-json\/wp\/v2\/comments?post=210413"}],"version-history":[{"count":7,"href":"https:\/\/www.entrerios.gov.ar\/dgec\/wp-json\/wp\/v2\/pages\/210413\/revisions"}],"predecessor-version":[{"id":210422,"href":"https:\/\/www.entrerios.gov.ar\/dgec\/wp-json\/wp\/v2\/pages\/210413\/revisions\/210422"}],"wp:attachment":[{"href":"https:\/\/www.entrerios.gov.ar\/dgec\/wp-json\/wp\/v2\/media?parent=210413"}],"curies":[{"name":"wp","href":"https:\/\/api.w.org\/{rel}","templated":true}]}}