{"id":213096,"date":"2022-11-01T15:42:24","date_gmt":"2022-11-01T12:42:24","guid":{"rendered":"https:\/\/www.entrerios.gov.ar\/dgec\/?page_id=213096"},"modified":"2022-11-01T16:29:06","modified_gmt":"2022-11-01T13:29:06","slug":"cne2020-2021","status":"publish","type":"page","link":"https:\/\/www.entrerios.gov.ar\/dgec\/cne2020-2021\/","title":{"rendered":"CNE2020"},"content":{"rendered":"<p>[et_pb_section fb_built=\u00bb1&#8243; admin_label=\u00bbHeader\u00bb _builder_version=\u00bb4.14.7&#8243; use_background_color_gradient=\u00bbon\u00bb background_color_gradient_start=\u00bbrgba(253,216,0,0.13)\u00bb background_color_gradient_end=\u00bbrgba(255,179,55,0.76)\u00bb background_color_gradient_direction=\u00bb160deg\u00bb background_color_gradient_overlays_image=\u00bbon\u00bb background_image=\u00bbhttps:\/\/www.entrerios.gov.ar\/dgec\/wp-content\/uploads\/2022\/11\/imagen-CNE.png\u00bb custom_padding=\u00bb10vw||0||false|false\u00bb hover_enabled=\u00bb0&#8243; locked=\u00bboff\u00bb global_colors_info=\u00bb{}\u00bb border_radii__hover=\u00bbon||||\u00bb border_radii__hover_enabled=\u00bbon||||\u00bb background_repeat__hover=\u00bbno-repeat\u00bb background_repeat__hover_enabled=\u00bbno-repeat\u00bb sticky_enabled=\u00bb0&#8243; title_text=\u00bbimagen CNE\u00bb][et_pb_row custom_padding_last_edited=\u00bbon|tablet\u00bb _builder_version=\u00bb4.14.7&#8243; background_image=\u00bbhttps:\/\/www.entrerios.gov.ar\/dgec\/wp-content\/uploads\/2022\/02\/bg_image_01-2x.png\u00bb background_size=\u00bbcontain\u00bb background_position=\u00bbbottom_right\u00bb width=\u00bb100%\u00bb max_width=\u00bb100%\u00bb custom_padding=\u00bb|15vw|16vw|15vw|false|true\u00bb custom_padding_tablet=\u00bb|10vw|24vw|10vw||true\u00bb custom_padding_phone=\u00bb\u00bb box_shadow_style=\u00bbpreset7&#8243; box_shadow_horizontal=\u00bb0px\u00bb box_shadow_vertical=\u00bb-1px\u00bb box_shadow_color=\u00bb#ffffff\u00bb use_custom_width=\u00bbon\u00bb width_unit=\u00bboff\u00bb custom_width_percent=\u00bb100%\u00bb global_colors_info=\u00bb{}\u00bb][et_pb_column type=\u00bb4_4&#8243; _builder_version=\u00bb3.25&#8243; custom_padding=\u00bb|||\u00bb global_colors_info=\u00bb{}\u00bb custom_padding__hover=\u00bb|||\u00bb][et_pb_text _builder_version=\u00bb4.14.7&#8243; text_font=\u00bb|600|||||||\u00bb text_font_size=\u00bb22px\u00bb text_line_height=\u00bb1.8em\u00bb header_font=\u00bb|200|||||||\u00bb header_font_size=\u00bb7vw\u00bb header_line_height=\u00bb1.1em\u00bb background_layout=\u00bbdark\u00bb max_width=\u00bb80%\u00bb max_width_tablet=\u00bb\u00bb max_width_phone=\u00bb\u00bb max_width_last_edited=\u00bbon|phone\u00bb animation_style=\u00bbfade\u00bb animation_direction=\u00bbtop\u00bb text_font_size_tablet=\u00bb14px\u00bb text_font_size_phone=\u00bb\u00bb text_font_size_last_edited=\u00bbon|phone\u00bb header_font_size_tablet=\u00bb\u00bb header_font_size_phone=\u00bb42px\u00bb header_font_size_last_edited=\u00bbon|phone\u00bb inline_fonts=\u00bbArial,avenirnextltpro-regular\u00bb global_colors_info=\u00bb{}\u00bb]<\/p>\n<h1><strong><span style=\"font-family: avenirnextltpro-regular;\"><span style=\"vertical-align: inherit;\"><span style=\"vertical-align: inherit;\">CNE 2020<\/span><\/span><\/span><\/strong><\/h1>\n<p>[\/et_pb_text][et_pb_text _builder_version=\u00bb4.14.7&#8243; text_font=\u00bbavenirnextltpro-regular||||||||\u00bb text_font_size=\u00bb22px\u00bb text_line_height=\u00bb1.2em\u00bb header_font=\u00bb|200|||||||\u00bb header_font_size=\u00bb7vw\u00bb header_line_height=\u00bb1.1em\u00bb background_layout=\u00bbdark\u00bb max_width=\u00bb624px\u00bb max_width_last_edited=\u00bboff|tablet\u00bb custom_padding=\u00bb|0px||||\u00bb animation_style=\u00bbfade\u00bb animation_direction=\u00bbtop\u00bb text_font_size_tablet=\u00bb14px\u00bb text_font_size_phone=\u00bb\u00bb text_font_size_last_edited=\u00bbon|phone\u00bb header_font_size_tablet=\u00bb\u00bb header_font_size_phone=\u00bb42px\u00bb header_font_size_last_edited=\u00bbon|phone\u00bb inline_fonts=\u00bbAvenirNextLTPro-light,avenirnextltpro-regular\u00bb global_colors_info=\u00bb{}\u00bb]<\/p>\n<p><span style=\"font-family: avenirnextltpro-regular;\"><span style=\"vertical-align: inherit;\"><span style=\"vertical-align: inherit;\"><span style=\"vertical-align: inherit;\"><span style=\"vertical-align: inherit;\">Resultados del Censo Nacional Econ\u00f3mico 2020\u00a0 (CNE 2020), constituye uno de los pilares del andamiaje estad\u00edstico, y cuenta con informaci\u00f3n actualizada sobre la estructura econ\u00f3mica de la Argentina<\/span><\/span><\/span><\/span><\/span><\/p>\n<p>[\/et_pb_text][\/et_pb_column][\/et_pb_row][\/et_pb_section][et_pb_section fb_built=\u00bb1&#8243; admin_label=\u00bbAbout\u00bb _builder_version=\u00bb3.22&#8243; global_colors_info=\u00bb{}\u00bb][et_pb_row column_structure=\u00bb1_2,1_2&#8243; _builder_version=\u00bb4.14.7&#8243; width=\u00bb90%\u00bb max_width=\u00bb90%\u00bb module_alignment=\u00bbleft\u00bb use_custom_width=\u00bbon\u00bb width_unit=\u00bboff\u00bb custom_width_percent=\u00bb90%\u00bb global_colors_info=\u00bb{}\u00bb][et_pb_column type=\u00bb1_2&#8243; _builder_version=\u00bb3.25&#8243; custom_padding=\u00bb|||\u00bb global_colors_info=\u00bb{}\u00bb custom_padding__hover=\u00bb|||\u00bb][\/et_pb_column][et_pb_column type=\u00bb1_2&#8243; _builder_version=\u00bb3.25&#8243; custom_padding=\u00bb|||\u00bb custom_padding_tablet=\u00bb|||10vw\u00bb custom_padding_phone=\u00bb|||10vw\u00bb custom_padding_last_edited=\u00bbon|tablet\u00bb global_colors_info=\u00bb{}\u00bb padding_tablet=\u00bb|||10vw\u00bb padding_last_edited=\u00bbon|tablet\u00bb custom_padding__hover=\u00bb|||\u00bb padding_phone=\u00bb|||10vw\u00bb][et_pb_text _builder_version=\u00bb4.14.7&#8243; header_font=\u00bb||||||||\u00bb header_2_font=\u00bbMukta|300|||||||\u00bb header_2_font_size=\u00bb54px\u00bb header_2_line_height=\u00bb1.3em\u00bb max_width=\u00bb700px\u00bb custom_margin=\u00bb||10px\u00bb animation_style=\u00bbslide\u00bb animation_direction=\u00bbtop\u00bb animation_intensity_slide=\u00bb5%\u00bb header_2_font_size_tablet=\u00bb36px\u00bb header_2_font_size_phone=\u00bb24px\u00bb header_2_font_size_last_edited=\u00bbon|phone\u00bb locked=\u00bboff\u00bb inline_fonts=\u00bbArial,avenirnextltpro-regular\u00bb global_colors_info=\u00bb{}\u00bb]<\/p>\n<h2><span style=\"font-family: avenirnextltpro-regular; font-weight: normal;\"><span style=\"vertical-align: inherit;\"><span style=\"vertical-align: inherit;\">Resultados<\/span><\/span><\/span><\/h2>\n<p>[\/et_pb_text][et_pb_divider color=\u00bb#2a2a2a\u00bb divider_weight=\u00bb2px\u00bb _builder_version=\u00bb3.19.11&#8243; max_width=\u00bb50px\u00bb height=\u00bb2px\u00bb animation_style=\u00bbslide\u00bb animation_direction=\u00bbtop\u00bb animation_intensity_slide=\u00bb20%\u00bb locked=\u00bboff\u00bb global_colors_info=\u00bb{}\u00bb][\/et_pb_divider][et_pb_text _builder_version=\u00bb4.14.7&#8243; text_line_height=\u00bb2em\u00bb max_width=\u00bb700px\u00bb animation_style=\u00bbslide\u00bb animation_direction=\u00bbtop\u00bb animation_intensity_slide=\u00bb5%\u00bb locked=\u00bboff\u00bb inline_fonts=\u00bbArial,avenirnextltpro-regular\u00bb global_colors_info=\u00bb{}\u00bb]<\/p>\n<p style=\"text-align: left;\"><span style=\"font-size: large; font-family: avenirnextltpro-regular; font-weight: normal;\"><span style=\"vertical-align: inherit;\"><span style=\"vertical-align: inherit;\"><span style=\"vertical-align: inherit;\"><span style=\"vertical-align: inherit;\">Por primera vez en la historia de la estad\u00edstica argentina, el CNE 2020-2021 se realiz\u00f3 de forma digital. En esta primera etapa, el Censo capt\u00f3 2.189.472 unidades econ\u00f3micas productoras de bienes y servicios, de las cuales 349.260 son empresas y organizaciones sin fines de lucro y 1.840.212, hogares (cuentapropistas) con actividad econ\u00f3mica durante 2019. Estas unidades alcanzan una cobertura del 95% de la cantidad de empleados registrados para 2019, sin contar empleados del Gobierno general. <\/span><\/span><\/span><\/span><\/span><\/p>\n<p>[\/et_pb_text][et_pb_text _builder_version=\u00bb4.14.7&#8243; text_line_height=\u00bb2em\u00bb max_width=\u00bb700px\u00bb animation_style=\u00bbslide\u00bb animation_direction=\u00bbtop\u00bb animation_intensity_slide=\u00bb5%\u00bb link_option_url=\u00bbhttps:\/\/www.entrerios.gov.ar\/dgec\/wp-content\/uploads\/2022\/11\/Resultados-provisorios-del-Censo-Nacional-Economico-2020-2021INDEC.pdf\u00bb locked=\u00bboff\u00bb inline_fonts=\u00bbArial,avenirnextltpro-regular\u00bb global_colors_info=\u00bb{}\u00bb]<\/p>\n<p><span style=\"font-family: avenirnextltpro-regular; font-size: large;\">Descargue la Publicaci\u00f3n CNE<\/span><\/p>\n<p>[\/et_pb_text][\/et_pb_column][\/et_pb_row][\/et_pb_section][et_pb_section fb_built=\u00bb1&#8243; fullwidth=\u00bbon\u00bb _builder_version=\u00bb4.14.7&#8243; global_colors_info=\u00bb{}\u00bb][et_pb_fullwidth_image title_text=\u00bbplaca_galeria_CNA_resultados_definitivos_600x337&#8243; _builder_version=\u00bb4.14.7&#8243; _module_preset=\u00bbdefault\u00bb background_color=\u00bb#FFFFFF\u00bb background_enable_image=\u00bboff\u00bb custom_padding=\u00bb200px||0px||false|false\u00bb global_colors_info=\u00bb{}\u00bb][\/et_pb_fullwidth_image][\/et_pb_section]<\/p>\n","protected":false},"excerpt":{"rendered":"<p>CNE 2020Resultados del Censo Nacional Econ\u00f3mico 2020\u00a0 (CNE 2020), constituye uno de los pilares del andamiaje estad\u00edstico, y cuenta con informaci\u00f3n actualizada sobre la estructura econ\u00f3mica de la ArgentinaResultadosPor primera vez en la historia de la estad\u00edstica argentina, el CNE 2020-2021 se realiz\u00f3 de forma digital. En esta primera etapa, el Censo capt\u00f3 2.189.472 unidades [&hellip;]<\/p>\n","protected":false},"author":1,"featured_media":0,"parent":0,"menu_order":0,"comment_status":"closed","ping_status":"closed","template":"","meta":{"_et_pb_use_builder":"on","_et_pb_old_content":"","_et_gb_content_width":"","footnotes":""},"_links":{"self":[{"href":"https:\/\/www.entrerios.gov.ar\/dgec\/wp-json\/wp\/v2\/pages\/213096"}],"collection":[{"href":"https:\/\/www.entrerios.gov.ar\/dgec\/wp-json\/wp\/v2\/pages"}],"about":[{"href":"https:\/\/www.entrerios.gov.ar\/dgec\/wp-json\/wp\/v2\/types\/page"}],"author":[{"embeddable":true,"href":"https:\/\/www.entrerios.gov.ar\/dgec\/wp-json\/wp\/v2\/users\/1"}],"replies":[{"embeddable":true,"href":"https:\/\/www.entrerios.gov.ar\/dgec\/wp-json\/wp\/v2\/comments?post=213096"}],"version-history":[{"count":11,"href":"https:\/\/www.entrerios.gov.ar\/dgec\/wp-json\/wp\/v2\/pages\/213096\/revisions"}],"predecessor-version":[{"id":213118,"href":"https:\/\/www.entrerios.gov.ar\/dgec\/wp-json\/wp\/v2\/pages\/213096\/revisions\/213118"}],"wp:attachment":[{"href":"https:\/\/www.entrerios.gov.ar\/dgec\/wp-json\/wp\/v2\/media?parent=213096"}],"curies":[{"name":"wp","href":"https:\/\/api.w.org\/{rel}","templated":true}]}}