{"id":214231,"date":"2023-05-23T16:12:44","date_gmt":"2023-05-23T13:12:44","guid":{"rendered":"https:\/\/www.entrerios.gov.ar\/dgec\/?page_id=214231"},"modified":"2024-06-09T18:26:23","modified_gmt":"2024-06-09T15:26:23","slug":"censos-municipios","status":"publish","type":"page","link":"https:\/\/www.entrerios.gov.ar\/dgec\/censos-municipios\/","title":{"rendered":"Censos Municipios"},"content":{"rendered":"<p>[et_pb_section fb_built=\u00bb1&#8243; specialty=\u00bbon\u00bb custom_padding_last_edited=\u00bbon|desktop\u00bb parallax_method_1=\u00bboff\u00bb parallax_method_2=\u00bboff\u00bb admin_label=\u00bbSecci\u00f3n\u00bb module_class=\u00bb et_pb_specialty_fullwidth\u00bb _builder_version=\u00bb4.16&#8243; inner_width=\u00bb89%\u00bb inner_width_tablet=\u00bb80%\u00bb inner_width_phone=\u00bb\u00bb inner_width_last_edited=\u00bbon|desktop\u00bb inner_max_width=\u00bb89%\u00bb inner_max_width_tablet=\u00bb80%\u00bb inner_max_width_phone=\u00bb\u00bb inner_max_width_last_edited=\u00bbon|desktop\u00bb custom_padding_tablet=\u00bb50px|0|50px|0&#8243; custom_padding_phone=\u00bb\u00bb da_disable_devices=\u00bboff|off|off\u00bb padding_mobile=\u00bboff\u00bb make_fullwidth=\u00bbon\u00bb global_colors_info=\u00bb{}\u00bb da_is_popup=\u00bboff\u00bb da_exit_intent=\u00bboff\u00bb da_has_close=\u00bbon\u00bb da_alt_close=\u00bboff\u00bb da_dark_close=\u00bboff\u00bb da_not_modal=\u00bbon\u00bb da_is_singular=\u00bboff\u00bb da_with_loader=\u00bboff\u00bb da_has_shadow=\u00bbon\u00bb][et_pb_column type=\u00bb1_2&#8243; _builder_version=\u00bb4.16&#8243; custom_padding=\u00bb|||\u00bb global_colors_info=\u00bb{}\u00bb custom_padding__hover=\u00bb|||\u00bb][et_pb_text admin_label=\u00bbTexto\u00bb _builder_version=\u00bb4.16&#8243; header_line_height=\u00bb1.9em\u00bb background_size=\u00bbinitial\u00bb background_position=\u00bbtop_left\u00bb background_repeat=\u00bbrepeat\u00bb inline_fonts=\u00bbOpen Sans Light\u00bb global_colors_info=\u00bb{}\u00bb]<\/p>\n<h1 style=\"text-align: left;\"><span style=\"font-family: 'Open Sans'; font-weight: 300;\"><span style=\"font-size: 70px;\">Censos a Municipios<\/span><\/span><\/h1>\n<p>[\/et_pb_text][\/et_pb_column][et_pb_column type=\u00bb1_2&#8243; specialty_columns=\u00bb2&#8243; _builder_version=\u00bb4.16&#8243; custom_padding=\u00bb|||\u00bb global_colors_info=\u00bb{}\u00bb custom_padding__hover=\u00bb|||\u00bb][et_pb_row_inner padding_mobile=\u00bboff\u00bb column_padding_mobile=\u00bboff\u00bb admin_label=\u00bbFila\u00bb _builder_version=\u00bb4.25.1&#8243; hover_enabled=\u00bb0&#8243; global_colors_info=\u00bb{}\u00bb sticky_enabled=\u00bb0&#8243;][et_pb_column_inner saved_specialty_column_type=\u00bb1_2&#8243; _builder_version=\u00bb4.16&#8243; custom_padding=\u00bb|||\u00bb global_colors_info=\u00bb{}\u00bb custom_padding__hover=\u00bb|||\u00bb][et_pb_text admin_label=\u00bbTexto\u00bb _builder_version=\u00bb4.16&#8243; background_size=\u00bbinitial\u00bb background_position=\u00bbtop_left\u00bb background_repeat=\u00bbrepeat\u00bb global_colors_info=\u00bb{}\u00bb]<\/p>\n<p style=\"text-align: justify;\">La Direcci\u00f3n General de Estad\u00edstica y Censos de la Provincia de Entre R\u00edos presenta los resultados de los Censos Provinciales de Poblaci\u00f3n y conteo de Viviendas y Hogares de las Juntas de Gobiernos de la provincia en el marco del Decreto 501\/18 de fecha 22\/06\/2018, del Ministerio de Gobierno y Justicia, por el cual se dispuso que en las Juntas de Gobierno de Aldea Mar\u00eda Luisa, El Pingo, Aldea Brasilera, Pueblo Brugo y Pueblo Liebig, se realice un Censo Provincial de Poblaci\u00f3n entre los meses de abril y septiembre de 2018, a fin de determinar, a partir de los resultados obtenidos, si la poblaci\u00f3n alcanza o supera los 1.500 habitantes para su categorizaci\u00f3n como Municipio.<br \/>Las tareas desarrolladas por el personal del organismo para llevar adelante los mencionados operativos fueron las siguientes: tareas pre censales de conteo de viviendas, actualizaci\u00f3n, confecci\u00f3n e impresi\u00f3n de los planos, para que los censistas se ubiquen durante el trabajo de campo; desarrollo del software inform\u00e1tico para el procesamiento de la informaci\u00f3n recabada; difusi\u00f3n del operativo donde tambi\u00e9n particip\u00f3 Prensa del Ministerio de Gobierno, capacitaci\u00f3n de los censistas; colaboraci\u00f3n como parte de la estructura censal en coordinaci\u00f3n, cart\u00f3grafos, auxiliares y recepcionistas; carga y procesamiento de los datos; presentaci\u00f3n de los resultados en formato de publicaci\u00f3n impresa.<br \/>Las Juntas de Gobierno estuvieron a cargo la selecci\u00f3n de los censistas. Representantes del Ministerio de Gobierno estuvieron presentes apoyando la difusi\u00f3n y el desarrollo de los operativos .<\/p>\n<p>[\/et_pb_text][et_pb_text admin_label=\u00bbTexto\u00bb _builder_version=\u00bb4.16&#8243; background_size=\u00bbinitial\u00bb background_position=\u00bbtop_left\u00bb background_repeat=\u00bbrepeat\u00bb global_colors_info=\u00bb{}\u00bb]<\/p>\n<table style=\"height: 219px; width: 581px;\" width=\"578\">\n<tbody>\n<tr>\n<td style=\"width: 145.469px; text-align: center;\" rowspan=\"2\"><strong>Junta de Gobierno<\/strong><\/td>\n<td style=\"width: 88.0781px; text-align: center;\" rowspan=\"2\"><strong>\u00a0Viviendas<\/strong><\/td>\n<td style=\"width: 82.125px; text-align: center;\" rowspan=\"2\"><strong>Hogares<\/strong><\/td>\n<td style=\"width: 237.328px; text-align: center;\" colspan=\"3\"><strong>Poblaci\u00f3n<\/strong><\/td>\n<\/tr>\n<tr>\n<td style=\"width: 76.8438px; text-align: center;\"><strong>Varones<\/strong><\/td>\n<td style=\"width: 80.2188px; text-align: center;\"><strong>Mujeres<\/strong><\/td>\n<td style=\"width: 68.2656px; text-align: center;\"><strong>Total<\/strong><\/td>\n<\/tr>\n<tr>\n<td style=\"width: 145.469px;\">Aldea Brasilera\u00a0<\/td>\n<td style=\"width: 88.0781px;\">806<\/td>\n<td style=\"width: 82.125px;\">695<\/td>\n<td style=\"width: 76.8438px;\">1.267<\/td>\n<td style=\"width: 80.2188px;\">1.336<\/td>\n<td style=\"width: 68.2656px;\">2.603<\/td>\n<\/tr>\n<tr>\n<td style=\"width: 145.469px;\">Aldea Maria Luisa<\/td>\n<td style=\"width: 88.0781px;\">519<\/td>\n<td style=\"width: 82.125px;\">492<\/td>\n<td style=\"width: 76.8438px;\">976<\/td>\n<td style=\"width: 80.2188px;\">902<\/td>\n<td style=\"width: 68.2656px;\">1.878<\/td>\n<\/tr>\n<tr>\n<td style=\"width: 145.469px;\">El Pingo<\/td>\n<td style=\"width: 88.0781px;\">424<\/td>\n<td style=\"width: 82.125px;\">387<\/td>\n<td style=\"width: 76.8438px;\">751<\/td>\n<td style=\"width: 80.2188px;\">768<\/td>\n<td style=\"width: 68.2656px;\">1.519<\/td>\n<\/tr>\n<tr>\n<td style=\"width: 145.469px;\">Pueblo Brugo<\/td>\n<td style=\"width: 88.0781px;\">407<\/td>\n<td style=\"width: 82.125px;\">363<\/td>\n<td style=\"width: 76.8438px;\">889<\/td>\n<td style=\"width: 80.2188px;\">771<\/td>\n<td style=\"width: 68.2656px;\">1.660<\/td>\n<\/tr>\n<tr>\n<td style=\"width: 145.469px;\">Pueblo Liebig<\/td>\n<td style=\"width: 88.0781px;\">522<\/td>\n<td style=\"width: 82.125px;\">536<\/td>\n<td style=\"width: 76.8438px;\">1.064<\/td>\n<td style=\"width: 80.2188px;\">1.034<\/td>\n<td style=\"width: 68.2656px;\">2.098<\/td>\n<\/tr>\n<\/tbody>\n<\/table>\n<p>[\/et_pb_text][\/et_pb_column_inner][\/et_pb_row_inner][\/et_pb_column][\/et_pb_section]<\/p>\n","protected":false},"excerpt":{"rendered":"<p>Censos a MunicipiosLa Direcci\u00f3n General de Estad\u00edstica y Censos de la Provincia de Entre R\u00edos presenta los resultados de los Censos Provinciales de Poblaci\u00f3n y conteo de Viviendas y Hogares de las Juntas de Gobiernos de la provincia en el marco del Decreto 501\/18 de fecha 22\/06\/2018, del Ministerio de Gobierno y Justicia, por el [&hellip;]<\/p>\n","protected":false},"author":1,"featured_media":0,"parent":0,"menu_order":0,"comment_status":"closed","ping_status":"closed","template":"","meta":{"_et_pb_use_builder":"on","_et_pb_old_content":"","_et_gb_content_width":"","footnotes":""},"_links":{"self":[{"href":"https:\/\/www.entrerios.gov.ar\/dgec\/wp-json\/wp\/v2\/pages\/214231"}],"collection":[{"href":"https:\/\/www.entrerios.gov.ar\/dgec\/wp-json\/wp\/v2\/pages"}],"about":[{"href":"https:\/\/www.entrerios.gov.ar\/dgec\/wp-json\/wp\/v2\/types\/page"}],"author":[{"embeddable":true,"href":"https:\/\/www.entrerios.gov.ar\/dgec\/wp-json\/wp\/v2\/users\/1"}],"replies":[{"embeddable":true,"href":"https:\/\/www.entrerios.gov.ar\/dgec\/wp-json\/wp\/v2\/comments?post=214231"}],"version-history":[{"count":7,"href":"https:\/\/www.entrerios.gov.ar\/dgec\/wp-json\/wp\/v2\/pages\/214231\/revisions"}],"predecessor-version":[{"id":217014,"href":"https:\/\/www.entrerios.gov.ar\/dgec\/wp-json\/wp\/v2\/pages\/214231\/revisions\/217014"}],"wp:attachment":[{"href":"https:\/\/www.entrerios.gov.ar\/dgec\/wp-json\/wp\/v2\/media?parent=214231"}],"curies":[{"name":"wp","href":"https:\/\/api.w.org\/{rel}","templated":true}]}}