{"id":217410,"date":"2024-07-12T18:29:19","date_gmt":"2024-07-12T15:29:19","guid":{"rendered":"https:\/\/www.entrerios.gov.ar\/dgec\/?page_id=217410"},"modified":"2024-11-27T17:13:18","modified_gmt":"2024-11-27T14:13:18","slug":"vivienda","status":"publish","type":"page","link":"https:\/\/www.entrerios.gov.ar\/dgec\/vivienda\/","title":{"rendered":"Vivienda"},"content":{"rendered":"<p>[et_pb_section fb_built=\u00bb1&#8243; admin_label=\u00bbsection\u00bb _builder_version=\u00bb4.16&#8243; da_disable_devices=\u00bboff|off|off\u00bb global_colors_info=\u00bb{}\u00bb da_is_popup=\u00bboff\u00bb da_exit_intent=\u00bboff\u00bb da_has_close=\u00bbon\u00bb da_alt_close=\u00bboff\u00bb da_dark_close=\u00bboff\u00bb da_not_modal=\u00bbon\u00bb da_is_singular=\u00bboff\u00bb da_with_loader=\u00bboff\u00bb da_has_shadow=\u00bbon\u00bb][et_pb_row admin_label=\u00bbrow\u00bb _builder_version=\u00bb4.16&#8243; background_size=\u00bbinitial\u00bb background_position=\u00bbtop_left\u00bb background_repeat=\u00bbrepeat\u00bb global_colors_info=\u00bb{}\u00bb][et_pb_column type=\u00bb4_4&#8243; _builder_version=\u00bb4.16&#8243; custom_padding=\u00bb|||\u00bb global_colors_info=\u00bb{}\u00bb custom_padding__hover=\u00bb|||\u00bb][\/et_pb_column][\/et_pb_row][\/et_pb_section][et_pb_section fb_built=\u00bb1&#8243; specialty=\u00bbon\u00bb custom_padding_last_edited=\u00bbon|desktop\u00bb parallax_method_1=\u00bboff\u00bb parallax_method_2=\u00bboff\u00bb admin_label=\u00bbsection\u00bb module_class=\u00bb et_pb_specialty_fullwidth\u00bb _builder_version=\u00bb4.16&#8243; inner_width=\u00bb89%\u00bb inner_width_tablet=\u00bb80%\u00bb inner_width_phone=\u00bb\u00bb inner_width_last_edited=\u00bbon|desktop\u00bb inner_max_width=\u00bb89%\u00bb inner_max_width_tablet=\u00bb80%\u00bb inner_max_width_phone=\u00bb\u00bb inner_max_width_last_edited=\u00bbon|desktop\u00bb custom_padding_tablet=\u00bb50px|0|50px|0&#8243; custom_padding_phone=\u00bb\u00bb da_disable_devices=\u00bboff|off|off\u00bb transparent_background=\u00bboff\u00bb padding_mobile=\u00bboff\u00bb make_fullwidth=\u00bbon\u00bb use_custom_width=\u00bboff\u00bb width_unit=\u00bboff\u00bb custom_width_px=\u00bb1080px\u00bb custom_width_percent=\u00bb80%\u00bb global_colors_info=\u00bb{}\u00bb da_is_popup=\u00bboff\u00bb da_exit_intent=\u00bboff\u00bb da_has_close=\u00bbon\u00bb da_alt_close=\u00bboff\u00bb da_dark_close=\u00bboff\u00bb da_not_modal=\u00bbon\u00bb da_is_singular=\u00bboff\u00bb da_with_loader=\u00bboff\u00bb da_has_shadow=\u00bbon\u00bb][et_pb_column type=\u00bb1_2&#8243; _builder_version=\u00bb4.16&#8243; custom_padding=\u00bb|||\u00bb global_colors_info=\u00bb{}\u00bb custom_padding__hover=\u00bb|||\u00bb][et_pb_text admin_label=\u00bbTexto\u00bb _builder_version=\u00bb4.27.3&#8243; background_size=\u00bbinitial\u00bb background_position=\u00bbtop_left\u00bb background_repeat=\u00bbrepeat\u00bb use_border_color=\u00bboff\u00bb border_color=\u00bb#ffffff\u00bb border_style=\u00bbsolid\u00bb inline_fonts=\u00bbOpen Sans Light\u00bb global_colors_info=\u00bb{}\u00bb]<\/p>\n<h1 style=\"font-size: 50px;\">INFORMES VIVIENDAS Y HOGARES<\/h1>\n<p>[\/et_pb_text][\/et_pb_column][et_pb_column type=\u00bb1_2&#8243; specialty_columns=\u00bb2&#8243; _builder_version=\u00bb4.16&#8243; custom_padding=\u00bb|||\u00bb global_colors_info=\u00bb{}\u00bb custom_padding__hover=\u00bb|||\u00bb][et_pb_row_inner padding_mobile=\u00bboff\u00bb column_padding_mobile=\u00bboff\u00bb admin_label=\u00bbFila\u00bb _builder_version=\u00bb4.16&#8243; global_colors_info=\u00bb{}\u00bb][et_pb_column_inner saved_specialty_column_type=\u00bb1_2&#8243; _builder_version=\u00bb4.16&#8243; custom_padding=\u00bb|||\u00bb global_colors_info=\u00bb{}\u00bb custom_padding__hover=\u00bb|||\u00bb][et_pb_text admin_label=\u00bbTexto\u00bb _builder_version=\u00bb4.27.3&#8243; background_size=\u00bbinitial\u00bb background_position=\u00bbtop_left\u00bb background_repeat=\u00bbrepeat\u00bb hover_enabled=\u00bb0&#8243; use_border_color=\u00bboff\u00bb border_style=\u00bbsolid\u00bb global_colors_info=\u00bb{}\u00bb sticky_enabled=\u00bb0&#8243;]<\/p>\n<p>Con informaci\u00f3n\u00a0 de los datos definitivos de las condiciones habitacionales de las viviendas y hogares particulares ocupadas del Censo Nacional de Poblaci\u00f3n, Hogares y Viviendas 2022 se presentan:<\/p>\n<p>&#8211; \u00a0los resultados de los tipos de viviendas en que habitaban los hogares particulares en 2010 y 2022; as\u00ed como tambi\u00e9n conceptos y datos que permiten caracterizar las condiciones de calidad material de las viviendas.<\/p>\n<p>&#8211; una s\u00edntesis a nivel provincial y departamental del estado de las viviendas entrerrianas en materia de saneamiento, agua, gas de red, electricidad, material predominante de los pisos, r\u00e9gimen de tenencia y tecnolog\u00eda. Se presenta acompa\u00f1ando el dato del Censo Nacional de Poblaci\u00f3n, Hogares y Viviendas 2010 para apreciar la evoluci\u00f3n.<\/p>\n<p>&nbsp;<\/p>\n<p>[\/et_pb_text][et_pb_accordion admin_label=\u00bbAcorde\u00f3n\u00bb _builder_version=\u00bb4.27.3&#8243; use_border_color=\u00bboff\u00bb border_color=\u00bb#ffffff\u00bb border_style=\u00bbsolid\u00bb global_colors_info=\u00bb{}\u00bb][et_pb_accordion_item title=\u00bbDescargue el Infome\u00bb open=\u00bbon\u00bb _builder_version=\u00bb4.27.3&#8243; use_border_color=\u00bboff\u00bb border_color=\u00bb#ffffff\u00bb border_width=\u00bb1px\u00bb border_style=\u00bbsolid\u00bb global_colors_info=\u00bb{}\u00bb]<\/p>\n<table class=\"responsive \">\n<tbody>\n<tr>\n<td align=\"center\" width=\"60\"><a href=\"https:\/\/www.entrerios.gov.ar\/dgec\/wp-content\/uploads\/2024\/11\/Entre-Rios-Condicion-material-de-las-viviendas-segun-Censos-2010-y-2022.pdf\"><img loading=\"lazy\" decoding=\"async\" class=\"wp-image-413 alignleft\" src=\"http:\/\/www.entrerios.gov.ar\/dgec\/wp-content\/uploads\/2017\/01\/logopdf.png\" alt=\"logopdf\" width=\"40\" height=\"49\" \/><\/a><\/td>\n<td width=\"530\">\n<h4><span style=\"font-family: 'Open Sans'; font-size: small; font-weight: 300;\">Condiciones materiales en que habitan los hogares particulares seg\u00fan Censos Nacionales 2010 y 2022.<\/span><\/h4>\n<\/td>\n<\/tr>\n<tr>\n<td align=\"center\" width=\"60\"><a href=\"https:\/\/www.entrerios.gov.ar\/dgec\/wp-content\/uploads\/2024\/07\/Indicadores-de-las-condiciones-habitacionales-de-las-viviendas-particulares-ocupadas-Censo-2022.pdf\"><img loading=\"lazy\" decoding=\"async\" class=\"wp-image-413 alignleft\" src=\"http:\/\/www.entrerios.gov.ar\/dgec\/wp-content\/uploads\/2017\/01\/logopdf.png\" alt=\"logopdf\" width=\"40\" height=\"49\" \/><\/a><\/td>\n<td width=\"530\">\n<h4><span style=\"font-family: 'Open Sans'; font-size: small; font-weight: 300;\">Indicadores de las condiciones habitacionales de las viviendas particulares ocupadas<\/span><\/h4>\n<\/td>\n<\/tr>\n<\/tbody>\n<\/table>\n<p>[\/et_pb_accordion_item][\/et_pb_accordion][\/et_pb_column_inner][\/et_pb_row_inner][\/et_pb_column][\/et_pb_section]<\/p>\n","protected":false},"excerpt":{"rendered":"<p>INFORMES VIVIENDAS Y HOGARESCon informaci\u00f3n\u00a0 de los datos definitivos de las condiciones habitacionales de las viviendas y hogares particulares ocupadas del Censo Nacional de Poblaci\u00f3n, Hogares y Viviendas 2022 se presentan: &#8211; \u00a0los resultados de los tipos de viviendas en que habitaban los hogares particulares en 2010 y 2022; as\u00ed como tambi\u00e9n conceptos y datos [&hellip;]<\/p>\n","protected":false},"author":1,"featured_media":0,"parent":0,"menu_order":0,"comment_status":"closed","ping_status":"closed","template":"","meta":{"_et_pb_use_builder":"on","_et_pb_old_content":"","_et_gb_content_width":"","footnotes":""},"_links":{"self":[{"href":"https:\/\/www.entrerios.gov.ar\/dgec\/wp-json\/wp\/v2\/pages\/217410"}],"collection":[{"href":"https:\/\/www.entrerios.gov.ar\/dgec\/wp-json\/wp\/v2\/pages"}],"about":[{"href":"https:\/\/www.entrerios.gov.ar\/dgec\/wp-json\/wp\/v2\/types\/page"}],"author":[{"embeddable":true,"href":"https:\/\/www.entrerios.gov.ar\/dgec\/wp-json\/wp\/v2\/users\/1"}],"replies":[{"embeddable":true,"href":"https:\/\/www.entrerios.gov.ar\/dgec\/wp-json\/wp\/v2\/comments?post=217410"}],"version-history":[{"count":5,"href":"https:\/\/www.entrerios.gov.ar\/dgec\/wp-json\/wp\/v2\/pages\/217410\/revisions"}],"predecessor-version":[{"id":219264,"href":"https:\/\/www.entrerios.gov.ar\/dgec\/wp-json\/wp\/v2\/pages\/217410\/revisions\/219264"}],"wp:attachment":[{"href":"https:\/\/www.entrerios.gov.ar\/dgec\/wp-json\/wp\/v2\/media?parent=217410"}],"curies":[{"name":"wp","href":"https:\/\/api.w.org\/{rel}","templated":true}]}}