{"id":217508,"date":"2024-07-16T16:52:32","date_gmt":"2024-07-16T13:52:32","guid":{"rendered":"https:\/\/www.entrerios.gov.ar\/dgec\/?page_id=217508"},"modified":"2024-07-17T15:39:17","modified_gmt":"2024-07-17T12:39:17","slug":"matrimonio","status":"publish","type":"page","link":"https:\/\/www.entrerios.gov.ar\/dgec\/matrimonio\/","title":{"rendered":"Matrimonio"},"content":{"rendered":"<p>[et_pb_section fb_built=\u00bb1&#8243; admin_label=\u00bbsection\u00bb _builder_version=\u00bb4.16&#8243; da_disable_devices=\u00bboff|off|off\u00bb global_colors_info=\u00bb{}\u00bb da_is_popup=\u00bboff\u00bb da_exit_intent=\u00bboff\u00bb da_has_close=\u00bbon\u00bb da_alt_close=\u00bboff\u00bb da_dark_close=\u00bboff\u00bb da_not_modal=\u00bbon\u00bb da_is_singular=\u00bboff\u00bb da_with_loader=\u00bboff\u00bb da_has_shadow=\u00bbon\u00bb][et_pb_row admin_label=\u00bbrow\u00bb _builder_version=\u00bb4.16&#8243; background_size=\u00bbinitial\u00bb background_position=\u00bbtop_left\u00bb background_repeat=\u00bbrepeat\u00bb global_colors_info=\u00bb{}\u00bb][et_pb_column type=\u00bb4_4&#8243; _builder_version=\u00bb4.16&#8243; custom_padding=\u00bb|||\u00bb global_colors_info=\u00bb{}\u00bb custom_padding__hover=\u00bb|||\u00bb][\/et_pb_column][\/et_pb_row][\/et_pb_section][et_pb_section fb_built=\u00bb1&#8243; specialty=\u00bbon\u00bb custom_padding_last_edited=\u00bbon|desktop\u00bb parallax_method_1=\u00bboff\u00bb parallax_method_2=\u00bboff\u00bb admin_label=\u00bbsection\u00bb module_class=\u00bb et_pb_specialty_fullwidth\u00bb _builder_version=\u00bb4.16&#8243; inner_width=\u00bb89%\u00bb inner_width_tablet=\u00bb80%\u00bb inner_width_phone=\u00bb\u00bb inner_width_last_edited=\u00bbon|desktop\u00bb inner_max_width=\u00bb89%\u00bb inner_max_width_tablet=\u00bb80%\u00bb inner_max_width_phone=\u00bb\u00bb inner_max_width_last_edited=\u00bbon|desktop\u00bb custom_padding_tablet=\u00bb50px|0|50px|0&#8243; custom_padding_phone=\u00bb\u00bb da_disable_devices=\u00bboff|off|off\u00bb transparent_background=\u00bboff\u00bb padding_mobile=\u00bboff\u00bb make_fullwidth=\u00bbon\u00bb use_custom_width=\u00bboff\u00bb width_unit=\u00bboff\u00bb custom_width_px=\u00bb1080px\u00bb custom_width_percent=\u00bb80%\u00bb global_colors_info=\u00bb{}\u00bb da_is_popup=\u00bboff\u00bb da_exit_intent=\u00bboff\u00bb da_has_close=\u00bbon\u00bb da_alt_close=\u00bboff\u00bb da_dark_close=\u00bboff\u00bb da_not_modal=\u00bbon\u00bb da_is_singular=\u00bboff\u00bb da_with_loader=\u00bboff\u00bb da_has_shadow=\u00bbon\u00bb][et_pb_column type=\u00bb1_2&#8243; _builder_version=\u00bb4.16&#8243; custom_padding=\u00bb|||\u00bb global_colors_info=\u00bb{}\u00bb custom_padding__hover=\u00bb|||\u00bb][et_pb_text admin_label=\u00bbTexto\u00bb _builder_version=\u00bb4.26.0&#8243; background_size=\u00bbinitial\u00bb background_position=\u00bbtop_left\u00bb background_repeat=\u00bbrepeat\u00bb use_border_color=\u00bboff\u00bb border_color=\u00bb#ffffff\u00bb border_style=\u00bbsolid\u00bb inline_fonts=\u00bbOpen Sans Light\u00bb global_colors_info=\u00bb{}\u00bb]<\/p>\n<h1 style=\"font-size: 50px;\">INFORME MATRIMONIO IGUALITARIO<\/h1>\n<p>[\/et_pb_text][\/et_pb_column][et_pb_column type=\u00bb1_2&#8243; specialty_columns=\u00bb2&#8243; _builder_version=\u00bb4.16&#8243; custom_padding=\u00bb|||\u00bb global_colors_info=\u00bb{}\u00bb custom_padding__hover=\u00bb|||\u00bb][et_pb_row_inner padding_mobile=\u00bboff\u00bb column_padding_mobile=\u00bboff\u00bb admin_label=\u00bbFila\u00bb _builder_version=\u00bb4.16&#8243; global_colors_info=\u00bb{}\u00bb][et_pb_column_inner saved_specialty_column_type=\u00bb1_2&#8243; _builder_version=\u00bb4.16&#8243; custom_padding=\u00bb|||\u00bb global_colors_info=\u00bb{}\u00bb custom_padding__hover=\u00bb|||\u00bb][et_pb_text admin_label=\u00bbTexto\u00bb _builder_version=\u00bb4.26.0&#8243; background_size=\u00bbinitial\u00bb background_position=\u00bbtop_left\u00bb background_repeat=\u00bbrepeat\u00bb hover_enabled=\u00bb0&#8243; use_border_color=\u00bboff\u00bb border_style=\u00bbsolid\u00bb global_colors_info=\u00bb{}\u00bb sticky_enabled=\u00bb0&#8243;]<\/p>\n<p>Con informaci\u00f3n\u00a0 del Direcci\u00f3n del Registro del Estado Civil y Capacidad de las Personas y con motivo de cumplirse 14 a\u00f1os de la sanci\u00f3n de la ley N\u00ba 26.618 de matrimonio igualitario se elabora una s\u00edntesis sobre datos de casamientos entre parejas del mismo sexo en Entre R\u00edos.<\/p>\n<p>[\/et_pb_text][et_pb_accordion admin_label=\u00bbAcorde\u00f3n\u00bb _builder_version=\u00bb4.26.0&#8243; use_border_color=\u00bboff\u00bb border_color=\u00bb#ffffff\u00bb border_style=\u00bbsolid\u00bb global_colors_info=\u00bb{}\u00bb][et_pb_accordion_item title=\u00bbDescargue el Infome\u00bb open=\u00bbon\u00bb _builder_version=\u00bb4.26.0&#8243; use_border_color=\u00bboff\u00bb border_color=\u00bb#ffffff\u00bb border_width=\u00bb1px\u00bb border_style=\u00bbsolid\u00bb global_colors_info=\u00bb{}\u00bb]<\/p>\n<table class=\"responsive \">\n<tbody>\n<tr>\n<td align=\"center\" width=\"60\"><a href=\"https:\/\/www.entrerios.gov.ar\/dgec\/wp-content\/uploads\/2024\/07\/Matrimonios-Igualitarios.pdf\"><img loading=\"lazy\" decoding=\"async\" class=\"wp-image-413 alignleft\" src=\"http:\/\/www.entrerios.gov.ar\/dgec\/wp-content\/uploads\/2017\/01\/logopdf.png\" alt=\"logopdf\" width=\"40\" height=\"49\" \/><\/a><\/td>\n<td width=\"530\">\n<h4><span style=\"font-family: 'Open Sans'; font-size: small; font-weight: 300;\">Matrimonios y uniones civiles entre parejas del mismo sexo en Entre R\u00edos, serie 2019-2023<\/span><\/h4>\n<\/td>\n<\/tr>\n<\/tbody>\n<\/table>\n<p>[\/et_pb_accordion_item][\/et_pb_accordion][\/et_pb_column_inner][\/et_pb_row_inner][\/et_pb_column][\/et_pb_section]<\/p>\n","protected":false},"excerpt":{"rendered":"<p>INFORME MATRIMONIO IGUALITARIOCon informaci\u00f3n\u00a0 del Direcci\u00f3n del Registro del Estado Civil y Capacidad de las Personas y con motivo de cumplirse 14 a\u00f1os de la sanci\u00f3n de la ley N\u00ba 26.618 de matrimonio igualitario se elabora una s\u00edntesis sobre datos de casamientos entre parejas del mismo sexo en Entre R\u00edos. Matrimonios y uniones civiles entre [&hellip;]<\/p>\n","protected":false},"author":1,"featured_media":0,"parent":0,"menu_order":0,"comment_status":"closed","ping_status":"closed","template":"","meta":{"_et_pb_use_builder":"on","_et_pb_old_content":"","_et_gb_content_width":"","footnotes":""},"_links":{"self":[{"href":"https:\/\/www.entrerios.gov.ar\/dgec\/wp-json\/wp\/v2\/pages\/217508"}],"collection":[{"href":"https:\/\/www.entrerios.gov.ar\/dgec\/wp-json\/wp\/v2\/pages"}],"about":[{"href":"https:\/\/www.entrerios.gov.ar\/dgec\/wp-json\/wp\/v2\/types\/page"}],"author":[{"embeddable":true,"href":"https:\/\/www.entrerios.gov.ar\/dgec\/wp-json\/wp\/v2\/users\/1"}],"replies":[{"embeddable":true,"href":"https:\/\/www.entrerios.gov.ar\/dgec\/wp-json\/wp\/v2\/comments?post=217508"}],"version-history":[{"count":7,"href":"https:\/\/www.entrerios.gov.ar\/dgec\/wp-json\/wp\/v2\/pages\/217508\/revisions"}],"predecessor-version":[{"id":217525,"href":"https:\/\/www.entrerios.gov.ar\/dgec\/wp-json\/wp\/v2\/pages\/217508\/revisions\/217525"}],"wp:attachment":[{"href":"https:\/\/www.entrerios.gov.ar\/dgec\/wp-json\/wp\/v2\/media?parent=217508"}],"curies":[{"name":"wp","href":"https:\/\/api.w.org\/{rel}","templated":true}]}}