{"id":217871,"date":"2024-08-16T15:56:17","date_gmt":"2024-08-16T12:56:17","guid":{"rendered":"https:\/\/www.entrerios.gov.ar\/dgec\/?page_id=217871"},"modified":"2026-04-22T15:38:56","modified_gmt":"2026-04-22T12:38:56","slug":"canasta-basica-cba","status":"publish","type":"page","link":"https:\/\/www.entrerios.gov.ar\/dgec\/canasta-basica-cba\/","title":{"rendered":"canasta basica CBA"},"content":{"rendered":"<p>[et_pb_section fb_built=\u00bb1&#8243; specialty=\u00bbon\u00bb custom_padding_last_edited=\u00bbon|desktop\u00bb parallax_method_1=\u00bboff\u00bb parallax_method_2=\u00bboff\u00bb module_class=\u00bb et_pb_specialty_fullwidth\u00bb _builder_version=\u00bb4.16&#8243; inner_width=\u00bb89%\u00bb inner_width_tablet=\u00bb80%\u00bb inner_width_phone=\u00bb80%\u00bb inner_width_last_edited=\u00bbon|desktop\u00bb inner_max_width=\u00bb89%\u00bb inner_max_width_tablet=\u00bb80%\u00bb inner_max_width_phone=\u00bb80%\u00bb inner_max_width_last_edited=\u00bbon|desktop\u00bb custom_padding_tablet=\u00bb50px|0|50px|0&#8243; custom_padding_phone=\u00bb\u00bb da_disable_devices=\u00bboff|off|off\u00bb padding_mobile=\u00bboff\u00bb make_fullwidth=\u00bbon\u00bb global_colors_info=\u00bb{}\u00bb da_is_popup=\u00bboff\u00bb da_exit_intent=\u00bboff\u00bb da_has_close=\u00bbon\u00bb da_alt_close=\u00bboff\u00bb da_dark_close=\u00bboff\u00bb da_not_modal=\u00bbon\u00bb da_is_singular=\u00bboff\u00bb da_with_loader=\u00bboff\u00bb da_has_shadow=\u00bbon\u00bb][et_pb_column type=\u00bb1_2&#8243; _builder_version=\u00bb4.16&#8243; custom_padding=\u00bb|||\u00bb global_colors_info=\u00bb{}\u00bb custom_padding__hover=\u00bb|||\u00bb][et_pb_text _builder_version=\u00bb4.27.4&#8243; background_size=\u00bbinitial\u00bb background_position=\u00bbtop_left\u00bb background_repeat=\u00bbrepeat\u00bb inline_fonts=\u00bbOpen Sans Light\u00bb global_colors_info=\u00bb{}\u00bb]<\/p>\n<h1><span style=\"font-family: 'Open Sans'; font-weight: 280;\"><span style=\"font-size: 60px;\">Canastas B\u00e1sicas de Paran\u00e1<\/span><\/span><\/h1>\n<p>[\/et_pb_text][et_pb_text _builder_version=\u00bb4.27.0&#8243; background_size=\u00bbinitial\u00bb background_position=\u00bbtop_left\u00bb background_repeat=\u00bbrepeat\u00bb global_colors_info=\u00bb{}\u00bb]<\/p>\n<p style=\"text-align: justify;\">Se presenta en esta secci\u00f3n la estimaci\u00f3n del valor en pesos de los \u00faltimos 12 meses de la Canasta B\u00e1sica Alimentaria (CBA) y la Canasta B\u00e1sica Total (CBT) para nuestra ciudad en base al relevamiento de precios que releva la Direcci\u00f3n para el \u00cdndice Autoponderado de Precios de Paran\u00e1.<br \/>\nLa CBA se determina en funci\u00f3n de los h\u00e1bitos de consumo de la poblaci\u00f3n teniendo en cuenta los requerimientos kilocal\u00f3ricos y proteicos indispensables para que un adulto equivalente (hombre entre 30 y 59 a\u00f1os) que cubra esas necesidades en un mes. Para determinar la CBT se ampl\u00eda la CBA considerando los bienes y servicios no alimentarios. La estimaci\u00f3n se obtiene mediante la aplicaci\u00f3n del coeficiente de Engel, definido como la relaci\u00f3n entre los gastos alimentarios y los gastos totales observados en la poblaci\u00f3n de referencia.<\/p>\n<p>[\/et_pb_text][\/et_pb_column][et_pb_column type=\u00bb1_2&#8243; specialty_columns=\u00bb2&#8243; _builder_version=\u00bb4.16&#8243; custom_padding=\u00bb|||\u00bb global_colors_info=\u00bb{}\u00bb custom_padding__hover=\u00bb|||\u00bb][et_pb_row_inner padding_mobile=\u00bboff\u00bb column_padding_mobile=\u00bboff\u00bb admin_label=\u00bbFila\u00bb _builder_version=\u00bb4.16&#8243; global_colors_info=\u00bb{}\u00bb][et_pb_column_inner saved_specialty_column_type=\u00bb1_2&#8243; _builder_version=\u00bb4.16&#8243; custom_padding=\u00bb|||\u00bb global_colors_info=\u00bb{}\u00bb custom_padding__hover=\u00bb|||\u00bb][et_pb_accordion _builder_version=\u00bb4.27.4&#8243; hover_enabled=\u00bb0&#8243; use_border_color=\u00bboff\u00bb global_colors_info=\u00bb{}\u00bb sticky_enabled=\u00bb0&#8243;][et_pb_accordion_item title=\u00bbCanasta B\u00e1sica Alimentaria (CBA) y Canasta B\u00e1sica Total (CBT) de la ciudad de Paran\u00e1 (\u00faltimo a\u00f1o)\u00bb open=\u00bbon\u00bb _builder_version=\u00bb4.27.4&#8243; hover_enabled=\u00bb0&#8243; global_colors_info=\u00bb{}\u00bb sticky_enabled=\u00bb0&#8243;]<a href=\"https:\/\/www.entrerios.gov.ar\/dgec\/wp-content\/uploads\/2026\/04\/canasta-CBA-y-CBT-Marzo26.xlsx\"><img loading=\"lazy\" decoding=\"async\" class=\"alignnone wp-image-413\" src=\"http:\/\/www.entrerios.gov.ar\/dgec\/wp-content\/uploads\/2017\/01\/logoxls.png\" alt=\"logoxls\" width=\"40\" height=\"49\" \/><\/a>[\/et_pb_accordion_item][\/et_pb_accordion][\/et_pb_column_inner][\/et_pb_row_inner][\/et_pb_column][\/et_pb_section]<\/p>\n","protected":false},"excerpt":{"rendered":"<p>Canastas B\u00e1sicas de Paran\u00e1 Se presenta en esta secci\u00f3n la estimaci\u00f3n del valor en pesos de los \u00faltimos 12 meses de la Canasta B\u00e1sica Alimentaria (CBA) y la Canasta B\u00e1sica Total (CBT) para nuestra ciudad en base al relevamiento de precios que releva la Direcci\u00f3n para el \u00cdndice Autoponderado de Precios de Paran\u00e1. La CBA [&hellip;]<\/p>\n","protected":false},"author":1,"featured_media":0,"parent":0,"menu_order":0,"comment_status":"closed","ping_status":"closed","template":"","meta":{"_et_pb_use_builder":"on","_et_pb_old_content":"","_et_gb_content_width":"","footnotes":""},"_links":{"self":[{"href":"https:\/\/www.entrerios.gov.ar\/dgec\/wp-json\/wp\/v2\/pages\/217871"}],"collection":[{"href":"https:\/\/www.entrerios.gov.ar\/dgec\/wp-json\/wp\/v2\/pages"}],"about":[{"href":"https:\/\/www.entrerios.gov.ar\/dgec\/wp-json\/wp\/v2\/types\/page"}],"author":[{"embeddable":true,"href":"https:\/\/www.entrerios.gov.ar\/dgec\/wp-json\/wp\/v2\/users\/1"}],"replies":[{"embeddable":true,"href":"https:\/\/www.entrerios.gov.ar\/dgec\/wp-json\/wp\/v2\/comments?post=217871"}],"version-history":[{"count":43,"href":"https:\/\/www.entrerios.gov.ar\/dgec\/wp-json\/wp\/v2\/pages\/217871\/revisions"}],"predecessor-version":[{"id":222410,"href":"https:\/\/www.entrerios.gov.ar\/dgec\/wp-json\/wp\/v2\/pages\/217871\/revisions\/222410"}],"wp:attachment":[{"href":"https:\/\/www.entrerios.gov.ar\/dgec\/wp-json\/wp\/v2\/media?parent=217871"}],"curies":[{"name":"wp","href":"https:\/\/api.w.org\/{rel}","templated":true}]}}