{"id":219004,"date":"2024-11-21T18:01:30","date_gmt":"2024-11-21T15:01:30","guid":{"rendered":"https:\/\/www.entrerios.gov.ar\/dgec\/?page_id=219004"},"modified":"2024-11-23T03:24:05","modified_gmt":"2024-11-23T00:24:05","slug":"form_postulate","status":"publish","type":"page","link":"https:\/\/www.entrerios.gov.ar\/dgec\/form_postulate\/","title":{"rendered":"Borrador autom\u00e1tico"},"content":{"rendered":"<p>[et_pb_section fb_built=\u00bb1&#8243; specialty=\u00bbon\u00bb custom_padding_last_edited=\u00bbon|desktop\u00bb admin_label=\u00bbSecci\u00f3n\u00bb _builder_version=\u00bb4.16&#8243; custom_padding_tablet=\u00bb50px|0|50px|0&#8243; custom_padding_phone=\u00bb50px|0|50px|0&#8243; da_disable_devices=\u00bboff|off|off\u00bb transparent_background=\u00bboff\u00bb padding_mobile=\u00bboff\u00bb make_fullwidth=\u00bboff\u00bb use_custom_width=\u00bboff\u00bb width_unit=\u00bboff\u00bb custom_width_px=\u00bb1080px\u00bb custom_width_percent=\u00bb80%\u00bb global_colors_info=\u00bb{}\u00bb da_is_popup=\u00bboff\u00bb da_exit_intent=\u00bboff\u00bb da_has_close=\u00bbon\u00bb da_alt_close=\u00bboff\u00bb da_dark_close=\u00bboff\u00bb da_not_modal=\u00bbon\u00bb da_is_singular=\u00bboff\u00bb da_with_loader=\u00bboff\u00bb da_has_shadow=\u00bbon\u00bb][et_pb_column type=\u00bb1_2&#8243; specialty_columns=\u00bb2&#8243; _builder_version=\u00bb4.16&#8243; custom_padding=\u00bb|||\u00bb global_colors_info=\u00bb{}\u00bb custom_padding__hover=\u00bb|||\u00bb][et_pb_row_inner padding_mobile=\u00bboff\u00bb column_padding_mobile=\u00bboff\u00bb admin_label=\u00bbFila\u00bb _builder_version=\u00bb4.27.3&#8243; global_colors_info=\u00bb{}\u00bb][et_pb_column_inner saved_specialty_column_type=\u00bb1_2&#8243; _builder_version=\u00bb4.16&#8243; custom_padding=\u00bb|||\u00bb global_colors_info=\u00bb{}\u00bb custom_padding__hover=\u00bb|||\u00bb][et_pb_text admin_label=\u00bbTexto\u00bb _builder_version=\u00bb4.27.3&#8243; text_line_height=\u00bb1em\u00bb header_line_height=\u00bb1.3em\u00bb background_size=\u00bbinitial\u00bb background_position=\u00bbtop_left\u00bb background_repeat=\u00bbrepeat\u00bb use_border_color=\u00bboff\u00bb border_color=\u00bb#ffffff\u00bb border_style=\u00bbsolid\u00bb global_colors_info=\u00bb{}\u00bb]<\/p>\n<h1><strong class=\"Estilo41\">Postulate a trabajar en la DGEyC.<br \/><\/strong><strong class=\"Estilo41\">Llen\u00e1 el formulario y envianos tu\u00a0 curriculum.<\/strong><\/h1>\n<p>[\/et_pb_text][et_pb_divider _builder_version=\u00bb4.27.3&#8243; _module_preset=\u00bbdefault\u00bb global_colors_info=\u00bb{}\u00bb][\/et_pb_divider][\/et_pb_column_inner][\/et_pb_row_inner][et_pb_row_inner padding_mobile=\u00bboff\u00bb column_padding_mobile=\u00bboff\u00bb admin_label=\u00bbFila\u00bb _builder_version=\u00bb4.27.3&#8243; custom_padding=\u00bb0px|0px|0px|2px\u00bb global_colors_info=\u00bb{}\u00bb][et_pb_column_inner saved_specialty_column_type=\u00bb1_2&#8243; _builder_version=\u00bb4.16&#8243; custom_padding=\u00bb|||\u00bb global_colors_info=\u00bb{}\u00bb custom_padding__hover=\u00bb|||\u00bb][et_pb_text admin_label=\u00bbTexto\u00bb _builder_version=\u00bb4.27.3&#8243; background_size=\u00bbinitial\u00bb background_position=\u00bbtop_left\u00bb background_repeat=\u00bbrepeat\u00bb use_border_color=\u00bboff\u00bb border_color=\u00bb#ffffff\u00bb border_style=\u00bbsolid\u00bb global_colors_info=\u00bb{}\u00bb]En particular, buscamos personal que tenga alguna experiencia en operativos\/encuestas y\/o se trate de estudiantes o graduados en carreras vinculadas a las \u00e1reas sociales y econ\u00f3micas.<\/p>\n<p>Los operativos que llevamos adelante son los siguientes:<\/p>\n<ul>\n<li>Encuesta Permanente de Hogares (EPH) Continua, en los aglomerados Paran\u00e1 y Concordia.<\/li>\n<li>Encuesta Permanente de Hogares (EPH) Resto Urbano Provincial (RUP), en Aldea Valle Mar\u00eda, General Ram\u00edrez, Basavilbaso, Chajar\u00ed, Concepci\u00f3n del Uruguay, Crespo, Federaci\u00f3n, Gualeguaych\u00fa, La Paz, Lucas Gonz\u00e1lez, San Jos\u00e9 y Santa Elena.<\/li>\n<li>\u00cdndice de Precios al Consumidor (IPC), en los aglomerados Paran\u00e1 y Concordia.<\/li>\n<li>Encuesta de Ocupaci\u00f3n Hotelera (EOH), en Gualeguaych\u00fa y Paran\u00e1.<\/li>\n<\/ul>\n<p>Los requisitos para postularse son:<\/p>\n<ul>\n<li>Secundario completo<\/li>\n<li>Conocimiento en ingreso de datos<\/li>\n<li>Buena presencia<\/li>\n<li>Disponibilidad horaria<\/li>\n<li>Responsabilidad<\/li>\n<\/ul>\n<p>Los beneficios que ofrecemos son:<\/p>\n<ul>\n<li>Contrato de locaci\u00f3n de obra por tiempo determinado como monotributista, con facturaci\u00f3n<\/li>\n<li>Capacitaci\u00f3n y manuales de instrucci\u00f3n<\/li>\n<li>Honorarios y movilidad mensual para puestos de: encuestador\/supervisor\/relevamiento de precios<\/li>\n<li>Disponibilidad en el manejo de horarios (no es trabajo de oficina diario)<\/li>\n<li>Adquirir experiencia en el trabajo en campo seg\u00fan el perfil solicitado en operativos nacionales\/provinciales<\/li>\n<\/ul>\n<p>Una vez recibida su informaci\u00f3n la DGEyC proceder\u00e1 a efectuar una selecci\u00f3n de postulantes. Si queda preseleccionado\/a nos comunicaremos con usted.[\/et_pb_text][\/et_pb_column_inner][\/et_pb_row_inner][\/et_pb_column][et_pb_column type=\u00bb1_2&#8243; _builder_version=\u00bb4.16&#8243; custom_padding=\u00bb|||\u00bb global_colors_info=\u00bb{}\u00bb custom_padding__hover=\u00bb|||\u00bb][et_pb_text admin_label=\u00bbTexto\u00bb _builder_version=\u00bb4.27.3&#8243; background_size=\u00bbinitial\u00bb background_position=\u00bbtop_left\u00bb background_repeat=\u00bbrepeat\u00bb hover_enabled=\u00bb0&#8243; use_border_color=\u00bboff\u00bb border_color=\u00bb#ffffff\u00bb border_style=\u00bbsolid\u00bb global_colors_info=\u00bb{}\u00bb sticky_enabled=\u00bb0&#8243;]<\/p>\n<h1 style=\"text-align: center;\"><span style=\"color: #339966;\">FORMULARIO<\/span><\/h1>\n<p>[\/et_pb_text][et_pb_code _builder_version=\u00bb4.27.3&#8243; _module_preset=\u00bbdefault\u00bb global_colors_info=\u00bb{}\u00bb]<div class=\"forminator-ui forminator-custom-form forminator-custom-form-219054 forminator-design--default  forminator_ajax\" data-forminator-render=\"0\" data-form=\"forminator-module-219054\" data-uid=\"6a03ac30dbfe8\"><br\/><\/div><form\n\t\t\t\tid=\"forminator-module-219054\"\n\t\t\t\tclass=\"forminator-ui forminator-custom-form forminator-custom-form-219054 forminator-design--default  forminator_ajax\"\n\t\t\t\tmethod=\"post\"\n\t\t\t\tdata-forminator-render=\"0\"\n\t\t\t\tdata-form-id=\"219054\"\n\t\t\t\tenctype=\"multipart\/form-data\" data-color-option=\"default\" data-design=\"default\" data-grid=\"open\" style=\"display: none;\"\n\t\t\t\tdata-uid=\"6a03ac30dbfe8\"\n\t\t\t><div role=\"alert\" aria-live=\"polite\" class=\"forminator-response-message forminator-error\" aria-hidden=\"true\"><\/div><div class=\"forminator-row\"><div id=\"name-1\" class=\"forminator-field-name forminator-col forminator-col-12 \"><div class=\"forminator-row forminator-no-margin\" data-multiple=\"true\"><div class=\"forminator-col forminator-col-md-6\"><div class=\"forminator-field\"><label for=\"forminator-field-first-name-1_6a03ac30dbfe8\" id=\"forminator-field-first-name-1_6a03ac30dbfe8-label\" class=\"forminator-label\">Primer Nombre <span class=\"forminator-required\">*<\/span><\/label><input type=\"text\" name=\"name-1-first-name\" placeholder=\"\" id=\"forminator-field-first-name-1_6a03ac30dbfe8\" class=\"forminator-input\" aria-required=\"true\" data-multi=\"1\" autocomplete=\"given-name\" value=\"\" \/><\/div><\/div><div class=\"forminator-col forminator-col-md-6\"><div class=\"forminator-field\"><label for=\"forminator-field-middle-name-1_6a03ac30dbfe8\" id=\"forminator-field-middle-name-1_6a03ac30dbfe8-label\" class=\"forminator-label\">Segundo Nombre<\/label><input type=\"text\" name=\"name-1-middle-name\" placeholder=\"\" id=\"forminator-field-middle-name-1_6a03ac30dbfe8\" class=\"forminator-input\" aria-required=\"false\" data-multi=\"1\" autocomplete=\"additional-name\" value=\"\" \/><\/div><\/div><div class=\"forminator-col forminator-col-md-6\"><div class=\"forminator-field\"><label for=\"forminator-field-last-name-1_6a03ac30dbfe8\" id=\"forminator-field-last-name-1_6a03ac30dbfe8-label\" class=\"forminator-label\">Apellido <span class=\"forminator-required\">*<\/span><\/label><input type=\"text\" name=\"name-1-last-name\" placeholder=\"\" id=\"forminator-field-last-name-1_6a03ac30dbfe8\" class=\"forminator-input\" aria-required=\"true\" data-multi=\"1\" autocomplete=\"family-name\" value=\"\" \/><\/div><\/div><\/div><\/div><\/div><div class=\"forminator-row\"><div id=\"email-1\" class=\"forminator-field-email forminator-col forminator-col-6 \"><div class=\"forminator-field\"><label for=\"forminator-field-email-1_6a03ac30dbfe8\" id=\"forminator-field-email-1_6a03ac30dbfe8-label\" class=\"forminator-label\">Direcci\u00f3n de Correo electr\u00f3nico <span class=\"forminator-required\">*<\/span><\/label><input type=\"email\" name=\"email-1\" value=\"\" placeholder=\"\" id=\"forminator-field-email-1_6a03ac30dbfe8\" class=\"forminator-input forminator-email--field\" data-required=\"1\" aria-required=\"true\" autocomplete=\"email\" \/><\/div><\/div><div id=\"phone-1\" class=\"forminator-field-phone forminator-col forminator-col-6 \"><div class=\"forminator-field\"><label for=\"forminator-field-phone-1_6a03ac30dbfe8\" id=\"forminator-field-phone-1_6a03ac30dbfe8-label\" class=\"forminator-label\">Tel\u00e9fono <span class=\"forminator-required\">*<\/span><\/label><input type=\"text\" name=\"phone-1\" value=\"\" placeholder=\"\" id=\"forminator-field-phone-1_6a03ac30dbfe8\" class=\"forminator-input forminator-field--phone\" data-required=\"1\" aria-required=\"true\" autocomplete=\"off\" data-national_mode=\"enabled\" data-country=\"ar\" data-validation=\"standard\" \/><\/div><\/div><\/div><div class=\"forminator-row\"><div id=\"select-1\" class=\"forminator-field-select forminator-col forminator-col-6 \"><div class=\"forminator-field\"><label for=\"forminator-form-219054__field--select-1_6a03ac30dbfe8\" id=\"forminator-form-219054__field--select-1_6a03ac30dbfe8-label\" class=\"forminator-label\">Departamento: <span class=\"forminator-required\">*<\/span><\/label><select  id=\"forminator-form-219054__field--select-1_6a03ac30dbfe8\" class=\"forminator-select--field forminator-select2 forminator-select2-multiple\" data-required=\"1\" name=\"select-1\" data-default-value=\"Seleccionar-un-Departamento...\" data-hidden-behavior=\"zero\" data-placeholder=\"Por favor, selecciona una opci\u00f3n\" data-search=\"false\" data-search-placeholder=\"Por favor, selecciona una opci\u00f3n\" data-checkbox=\"false\" data-allow-clear=\"false\" aria-labelledby=\"forminator-form-219054__field--select-1_6a03ac30dbfe8-label\"><option value=\"\"  >Por favor, selecciona una opci\u00f3n<\/option><option value=\"Seleccionar-un-Departamento...\" selected=\"selected\" data-calculation=\"0\">Seleccionar ...<\/option><option value=\"one\"  data-calculation=\"0\">Col\u00f3n<\/option><option value=\"two\"  data-calculation=\"0\">Concordia<\/option><option value=\"thre\"  data-calculation=\"0\">Diamante<\/option><option value=\"Federaci\u00f3n\"  data-calculation=\"0\">Federaci\u00f3n<\/option><option value=\"Federal\"  data-calculation=\"0\">Federal<\/option><option value=\"Feliciano\"  data-calculation=\"0\">Feliciano<\/option><option value=\"Gualeguay\"  data-calculation=\"0\">Gualeguay<\/option><option value=\"Gualeguaych\u00fa\"  data-calculation=\"0\">Gualeguaych\u00fa<\/option><option value=\"Islas-del-Ibicuy\"  data-calculation=\"0\">Islas del Ibicuy<\/option><option value=\"La-Paz\"  data-calculation=\"0\">La Paz<\/option><option value=\"Nogoy\u00e1\"  data-calculation=\"0\">Nogoy\u00e1<\/option><option value=\"Paran\u00e1\"  data-calculation=\"0\">Paran\u00e1<\/option><option value=\"San-Salvador\"  data-calculation=\"0\">San Salvador<\/option><option value=\"Tala\"  data-calculation=\"0\">Tala<\/option><option value=\"Uruguay\"  data-calculation=\"0\">Uruguay<\/option><option value=\"Victoria\"  data-calculation=\"0\">Victoria<\/option><option value=\"Villaguay\"  data-calculation=\"0\">Villaguay<\/option><\/select><\/div><\/div><div id=\"address-1\" class=\"forminator-field-address forminator-col forminator-col-6 \"><div class=\"forminator-row\" data-multiple=\"false\"><div id=\"address-1-city\" class=\"forminator-col forminator-col-12\"><div class=\"forminator-field\"><label for=\"forminator-field-address-1-city_6a03ac30dbfe8\" id=\"forminator-field-address-1-city_6a03ac30dbfe8-label\" class=\"forminator-label\">Ciudad<\/label><input type=\"text\" name=\"address-1-city\" placeholder=\"\" id=\"forminator-field-address-1-city_6a03ac30dbfe8\" class=\"forminator-input\" data-required=\"\" aria-required=\"false\" autocomplete=\"address-level2\" value=\"\" \/><\/div><\/div><\/div><\/div><\/div><div class=\"forminator-row\"><div id=\"radio-1\" class=\"forminator-field-radio forminator-col forminator-col-12 \"><div role=\"radiogroup\" class=\"forminator-field\" aria-labelledby=\"forminator-radiogroup-radio-1-6a03ac30dbfe8-label\"><span id=\"forminator-radiogroup-radio-1-6a03ac30dbfe8-label\" class=\"forminator-label\">\u00bfTiene experiencia previa en relevamientos de campo como censista o encuestador? <span class=\"forminator-required\">*<\/span><\/span><label id=\"forminator-field-radio-1-label-1\" for=\"forminator-field-radio-1-1-6a03ac30dbfe8\" class=\"forminator-radio forminator-radio-inline\" title=\"Si\"><input type=\"radio\" name=\"radio-1\" value=\"one\" id=\"forminator-field-radio-1-1-6a03ac30dbfe8\" aria-labelledby=\"forminator-field-radio-1-label-1\" data-calculation=\"0\"   data-hidden-behavior=\"zero\"\/><span class=\"forminator-radio-bullet\" aria-hidden=\"true\"><\/span><span class=\"forminator-radio-label\">Si<\/span><\/label><label id=\"forminator-field-radio-1-label-2\" for=\"forminator-field-radio-1-2-6a03ac30dbfe8\" class=\"forminator-radio forminator-radio-inline\" title=\"No\"><input type=\"radio\" name=\"radio-1\" value=\"two\" id=\"forminator-field-radio-1-2-6a03ac30dbfe8\" aria-labelledby=\"forminator-field-radio-1-label-2\" data-calculation=\"0\"   data-hidden-behavior=\"zero\"\/><span class=\"forminator-radio-bullet\" aria-hidden=\"true\"><\/span><span class=\"forminator-radio-label\">No<\/span><\/label><\/div><\/div><\/div><div class=\"forminator-row\"><div id=\"checkbox-1\" class=\"forminator-field-checkbox forminator-col forminator-col-12 \"><div role=\"group\" class=\"forminator-field required\" aria-labelledby=\"forminator-checkbox-group-forminator-field-checkbox-1-6a03ac30dbfe8-label\"><span id=\"forminator-checkbox-group-forminator-field-checkbox-1-6a03ac30dbfe8-label\" class=\"forminator-label\">\u00bfTiene disponibilidad horaria para trabajar de? <span class=\"forminator-required\">*<\/span><\/span><label id=\"forminator-field-checkbox-1-1-6a03ac30dbfe8-label\" for=\"forminator-field-checkbox-1-1-6a03ac30dbfe8\" class=\"forminator-checkbox forminator-checkbox-inline\" title=\"Ma\u00f1ana\"><input type=\"checkbox\" name=\"checkbox-1[]\" value=\"one\" id=\"forminator-field-checkbox-1-1-6a03ac30dbfe8\" aria-labelledby=\"forminator-field-checkbox-1-1-6a03ac30dbfe8-label\" data-calculation=\"0\"   data-hidden-behavior=\"zero\"\/><span class=\"forminator-checkbox-box\" aria-hidden=\"true\"><\/span><span class=\"forminator-checkbox-label\">Ma\u00f1ana<\/span><\/label><label id=\"forminator-field-checkbox-1-2-6a03ac30dbfe8-label\" for=\"forminator-field-checkbox-1-2-6a03ac30dbfe8\" class=\"forminator-checkbox forminator-checkbox-inline\" title=\"Tarde\"><input type=\"checkbox\" name=\"checkbox-1[]\" value=\"two\" id=\"forminator-field-checkbox-1-2-6a03ac30dbfe8\" aria-labelledby=\"forminator-field-checkbox-1-2-6a03ac30dbfe8-label\" data-calculation=\"0\"   data-hidden-behavior=\"zero\"\/><span class=\"forminator-checkbox-box\" aria-hidden=\"true\"><\/span><span class=\"forminator-checkbox-label\">Tarde<\/span><\/label><\/div><\/div><\/div><div class=\"forminator-row\"><div id=\"radio-3\" class=\"forminator-field-radio forminator-col forminator-col-12 \"><div role=\"radiogroup\" class=\"forminator-field\" aria-labelledby=\"forminator-radiogroup-radio-3-6a03ac30dbfe8-label\"><span id=\"forminator-radiogroup-radio-3-6a03ac30dbfe8-label\" class=\"forminator-label\">\u00bfTiene computadora con Internet? <span class=\"forminator-required\">*<\/span><\/span><label id=\"forminator-field-radio-3-label-1\" for=\"forminator-field-radio-3-1-6a03ac30dbfe8\" class=\"forminator-radio forminator-radio-inline\" title=\"Si\"><input type=\"radio\" name=\"radio-3\" value=\"one\" id=\"forminator-field-radio-3-1-6a03ac30dbfe8\" aria-labelledby=\"forminator-field-radio-3-label-1\" data-calculation=\"0\"   data-hidden-behavior=\"zero\"\/><span class=\"forminator-radio-bullet\" aria-hidden=\"true\"><\/span><span class=\"forminator-radio-label\">Si<\/span><\/label><label id=\"forminator-field-radio-3-label-2\" for=\"forminator-field-radio-3-2-6a03ac30dbfe8\" class=\"forminator-radio forminator-radio-inline\" title=\"No\"><input type=\"radio\" name=\"radio-3\" value=\"two\" id=\"forminator-field-radio-3-2-6a03ac30dbfe8\" aria-labelledby=\"forminator-field-radio-3-label-2\" data-calculation=\"0\"   data-hidden-behavior=\"zero\"\/><span class=\"forminator-radio-bullet\" aria-hidden=\"true\"><\/span><span class=\"forminator-radio-label\">No<\/span><\/label><\/div><\/div><\/div><div class=\"forminator-row\"><div id=\"radio-2\" class=\"forminator-field-radio forminator-col forminator-col-12 \"><div role=\"radiogroup\" class=\"forminator-field\" aria-labelledby=\"forminator-radiogroup-radio-2-6a03ac30dbfe8-label\"><span id=\"forminator-radiogroup-radio-2-6a03ac30dbfe8-label\" class=\"forminator-label\">\u00bfTiene movilidad propia (auto o moto)? <span class=\"forminator-required\">*<\/span><\/span><label id=\"forminator-field-radio-2-label-1\" for=\"forminator-field-radio-2-1-6a03ac30dbfe8\" class=\"forminator-radio forminator-radio-inline\" title=\"Si\"><input type=\"radio\" name=\"radio-2\" value=\"one\" id=\"forminator-field-radio-2-1-6a03ac30dbfe8\" aria-labelledby=\"forminator-field-radio-2-label-1\" data-calculation=\"0\"   data-hidden-behavior=\"zero\"\/><span class=\"forminator-radio-bullet\" aria-hidden=\"true\"><\/span><span class=\"forminator-radio-label\">Si<\/span><\/label><label id=\"forminator-field-radio-2-label-2\" for=\"forminator-field-radio-2-2-6a03ac30dbfe8\" class=\"forminator-radio forminator-radio-inline\" title=\"No\"><input type=\"radio\" name=\"radio-2\" value=\"two\" id=\"forminator-field-radio-2-2-6a03ac30dbfe8\" aria-labelledby=\"forminator-field-radio-2-label-2\" data-calculation=\"0\"   data-hidden-behavior=\"zero\"\/><span class=\"forminator-radio-bullet\" aria-hidden=\"true\"><\/span><span class=\"forminator-radio-label\">No<\/span><\/label><\/div><\/div><\/div><div class=\"forminator-row\"><div id=\"upload-1\" class=\"forminator-field-upload forminator-col forminator-col-12 \"><div class=\"forminator-field\"><label for=\"forminator-field-upload-1_6a03ac30dbfe8\" id=\"forminator-field-upload-1_6a03ac30dbfe8-label\" class=\"forminator-label\">Adjuntar obligatoriamente un archivo con su curriculum vitae (Formatos: PDF, DOC, DOCX, JPG, CDR) <span class=\"forminator-required\">*<\/span><\/label><div class=\"forminator-file-upload \" data-element=\"upload-1_6a03ac30dbfe8\"><input type=\"file\" name=\"upload-1\" id=\"forminator-field-upload-1_6a03ac30dbfe8\" class=\"forminator-input-file-required do-validate\" accept=\".jpg,.jpeg,.jpe,.png,.docx,.doc,.odt,.pdf,.rtf,.xla,.xls,.xlt,.xlw,.xlsx,.xps,.PDF,.DOC,.DOCX,.XLSX,.JPG,.CDR,.cdr\" tabindex=\"-1\"><button id=\"forminator-field-upload-1_6a03ac30dbfe8_button\" class=\"forminator-button forminator-button-upload\" data-id=\"forminator-field-upload-1_6a03ac30dbfe8\">Elegir archivo<\/button><span data-empty-text=\"Ning\u00fan archivo seleccionado\">Ning\u00fan archivo seleccionado<\/span><button class=\"forminator-button-delete\" style=\"display: none;\"><i class=\"forminator-icon-close\" aria-hidden=\"true\"><\/i><span class=\"forminator-screen-reader-only\">Eliminar el archivo subido<\/span><\/button><\/div><\/div><\/div><\/div><input type=\"hidden\" name=\"referer_url\" value=\"\" \/><div class=\"forminator-row forminator-row-last\"><div class=\"forminator-col\"><div class=\"forminator-field\"><button class=\"forminator-button forminator-button-submit\">Enviar formulario...<\/button><\/div><\/div><\/div><input type=\"hidden\" id=\"forminator_nonce\" name=\"forminator_nonce\" value=\"a62591d06a\" \/><input type=\"hidden\" name=\"_wp_http_referer\" value=\"\/dgec\/wp-json\/wp\/v2\/pages\/219004\" \/><input type=\"hidden\" name=\"form_id\" value=\"219054\"><input type=\"hidden\" name=\"page_id\" value=\"219004\"><input type=\"hidden\" name=\"form_type\" value=\"default\"><input type=\"hidden\" name=\"current_url\" value=\"https:\/\/www.entrerios.gov.ar\/dgec\/form_postulate\/\"><input type=\"hidden\" name=\"render_id\" value=\"0\"><input type=\"hidden\" name=\"action\" value=\"forminator_submit_form_custom-forms\"><\/form>[\/et_pb_code][\/et_pb_column][\/et_pb_section]<\/p>\n","protected":false},"excerpt":{"rendered":"<p>Postulate a trabajar en la DGEyC.Llen\u00e1 el formulario y envianos tu\u00a0 curriculum.En particular, buscamos personal que tenga alguna experiencia en operativos\/encuestas y\/o se trate de estudiantes o graduados en carreras vinculadas a las \u00e1reas sociales y econ\u00f3micas. Los operativos que llevamos adelante son los siguientes: Encuesta Permanente de Hogares (EPH) Continua, en los aglomerados Paran\u00e1 [&hellip;]<\/p>\n","protected":false},"author":1,"featured_media":0,"parent":0,"menu_order":0,"comment_status":"closed","ping_status":"closed","template":"","meta":{"_et_pb_use_builder":"on","_et_pb_old_content":"","_et_gb_content_width":"","footnotes":""},"_links":{"self":[{"href":"https:\/\/www.entrerios.gov.ar\/dgec\/wp-json\/wp\/v2\/pages\/219004"}],"collection":[{"href":"https:\/\/www.entrerios.gov.ar\/dgec\/wp-json\/wp\/v2\/pages"}],"about":[{"href":"https:\/\/www.entrerios.gov.ar\/dgec\/wp-json\/wp\/v2\/types\/page"}],"author":[{"embeddable":true,"href":"https:\/\/www.entrerios.gov.ar\/dgec\/wp-json\/wp\/v2\/users\/1"}],"replies":[{"embeddable":true,"href":"https:\/\/www.entrerios.gov.ar\/dgec\/wp-json\/wp\/v2\/comments?post=219004"}],"version-history":[{"count":17,"href":"https:\/\/www.entrerios.gov.ar\/dgec\/wp-json\/wp\/v2\/pages\/219004\/revisions"}],"predecessor-version":[{"id":219113,"href":"https:\/\/www.entrerios.gov.ar\/dgec\/wp-json\/wp\/v2\/pages\/219004\/revisions\/219113"}],"wp:attachment":[{"href":"https:\/\/www.entrerios.gov.ar\/dgec\/wp-json\/wp\/v2\/media?parent=219004"}],"curies":[{"name":"wp","href":"https:\/\/api.w.org\/{rel}","templated":true}]}}