{"id":220084,"date":"2025-01-24T15:27:42","date_gmt":"2025-01-24T12:27:42","guid":{"rendered":"https:\/\/www.entrerios.gov.ar\/dgec\/?page_id=220084"},"modified":"2025-04-01T19:29:14","modified_gmt":"2025-04-01T16:29:14","slug":"ingresos","status":"publish","type":"page","link":"https:\/\/www.entrerios.gov.ar\/dgec\/ingresos\/","title":{"rendered":"Ingresos"},"content":{"rendered":"<p>[et_pb_section fb_built=\u00bb1&#8243; _builder_version=\u00bb4.27.4&#8243; _module_preset=\u00bbdefault\u00bb da_disable_devices=\u00bboff|off|off\u00bb global_colors_info=\u00bb{}\u00bb da_is_popup=\u00bboff\u00bb da_exit_intent=\u00bboff\u00bb da_has_close=\u00bbon\u00bb da_alt_close=\u00bboff\u00bb da_dark_close=\u00bboff\u00bb da_not_modal=\u00bbon\u00bb da_is_singular=\u00bboff\u00bb da_with_loader=\u00bboff\u00bb da_has_shadow=\u00bbon\u00bb][et_pb_row column_structure=\u00bb1_2,1_2&#8243; _builder_version=\u00bb4.27.4&#8243; _module_preset=\u00bbdefault\u00bb global_colors_info=\u00bb{}\u00bb][et_pb_column type=\u00bb1_2&#8243; _builder_version=\u00bb4.27.4&#8243; _module_preset=\u00bbdefault\u00bb global_colors_info=\u00bb{}\u00bb][et_pb_text _builder_version=\u00bb4.27.4&#8243; _module_preset=\u00bbdefault\u00bb global_colors_info=\u00bb{}\u00bb]<\/p>\n<h1><\/h1>\n<h1><span style=\"font-family: 'Open Sans'; font-weight: 300;\"><span style=\"font-size: 50px;\">Ingresos<\/span><\/span><\/h1>\n<p>&nbsp;<br \/>\n[\/et_pb_text][\/et_pb_column][et_pb_column type=\u00bb1_2&#8243; _builder_version=\u00bb4.27.4&#8243; _module_preset=\u00bbdefault\u00bb global_colors_info=\u00bb{}\u00bb][et_pb_divider show_divider=\u00bboff\u00bb _builder_version=\u00bb4.27.4&#8243; _module_preset=\u00bbdefault\u00bb global_colors_info=\u00bb{}\u00bb][\/et_pb_divider][et_pb_divider show_divider=\u00bboff\u00bb _builder_version=\u00bb4.27.4&#8243; _module_preset=\u00bbdefault\u00bb global_colors_info=\u00bb{}\u00bb][\/et_pb_divider][et_pb_text _builder_version=\u00bb4.27.4&#8243; _module_preset=\u00bbdefault\u00bb hover_enabled=\u00bb0&#8243; global_colors_info=\u00bb{}\u00bb sticky_enabled=\u00bb0&#8243;]En esta Secci\u00f3n se incorporan estad\u00edsticas sobre el ingreso monetario de las personas y los hogares a partir de datos de la Encuesta Permenete de Hogares (EPH) y otras fuentes.<br \/>\n[\/et_pb_text][\/et_pb_column][\/et_pb_row][\/et_pb_section][et_pb_section fb_built=\u00bb1&#8243; custom_padding_last_edited=\u00bbon|desktop\u00bb admin_label=\u00bbsection\u00bb _builder_version=\u00bb4.16&#8243; custom_padding_tablet=\u00bb50px|0|50px|0&#8243; custom_padding_phone=\u00bb\u00bb da_disable_devices=\u00bboff|off|off\u00bb padding_mobile=\u00bboff\u00bb global_colors_info=\u00bb{}\u00bb da_is_popup=\u00bboff\u00bb da_exit_intent=\u00bboff\u00bb da_has_close=\u00bbon\u00bb da_alt_close=\u00bboff\u00bb da_dark_close=\u00bboff\u00bb da_not_modal=\u00bbon\u00bb da_is_singular=\u00bboff\u00bb da_with_loader=\u00bboff\u00bb da_has_shadow=\u00bbon\u00bb][et_pb_row column_structure=\u00bb3_4,1_4&#8243; padding_mobile=\u00bboff\u00bb column_padding_mobile=\u00bbon\u00bb admin_label=\u00bbrow\u00bb _builder_version=\u00bb4.16&#8243; background_size=\u00bbinitial\u00bb background_position=\u00bbtop_left\u00bb background_repeat=\u00bbrepeat\u00bb global_colors_info=\u00bb{}\u00bb][et_pb_column type=\u00bb3_4&#8243; _builder_version=\u00bb4.16&#8243; custom_padding=\u00bb|||\u00bb global_colors_info=\u00bb{}\u00bb custom_padding__hover=\u00bb|||\u00bb][et_pb_tabs admin_label=\u00bbPesta\u00f1as\u00bb _builder_version=\u00bb4.27.4&#8243; background_size=\u00bbinitial\u00bb background_position=\u00bbtop_left\u00bb background_repeat=\u00bbrepeat\u00bb hover_enabled=\u00bb0&#8243; global_colors_info=\u00bb{}\u00bb sticky_enabled=\u00bb0&#8243;][et_pb_tab title=\u00bbAGLOMERADO GRAN PARAN\u00c1\u00bb _builder_version=\u00bb4.27.0&#8243; body_font=\u00bb||||\u00bb body_line_height=\u00bb2em\u00bb tab_font=\u00bb||||\u00bb tab_line_height=\u00bb2em\u00bb background_size=\u00bbinitial\u00bb background_position=\u00bbtop_left\u00bb background_repeat=\u00bbrepeat\u00bb body_line_height_tablet=\u00bb2em\u00bb body_line_height_phone=\u00bb2em\u00bb tab_line_height_tablet=\u00bb2em\u00bb tab_line_height_phone=\u00bb2em\u00bb inline_fonts=\u00bbOpen Sans Light\u00bb global_colors_info=\u00bb{}\u00bb]<\/p>\n<table class=\"responsive \">\n<tbody>\n<tr>\n<td align=\"center\" width=\"60\"><a href=\"https:\/\/www.entrerios.gov.ar\/dgec\/wp-content\/uploads\/2024\/10\/brecha_ing_pna.xlsx\"><img loading=\"lazy\" decoding=\"async\" class=\"alignleft wp-image-413\" src=\"http:\/\/www.entrerios.gov.ar\/dgec\/wp-content\/uploads\/2017\/01\/logoxls.png\" alt=\"logoxls\" width=\"40\" height=\"49\" \/><\/a><\/td>\n<td width=\"530\">\n<h4><span style=\"font-family: 'Open Sans'; font-size: small; font-weight: 300;\">Brecha de ingresos por promedio del ingreso per c\u00e1pita familiar de la poblaci\u00f3n<\/span><\/h4>\n<\/td>\n<\/tr>\n<tr>\n<td align=\"center\" width=\"60\"><a href=\"https:\/\/www.entrerios.gov.ar\/dgec\/wp-content\/uploads\/2024\/10\/ehp_ingreso_pna1_.xlsx\"><img loading=\"lazy\" decoding=\"async\" class=\"alignleft wp-image-413\" src=\"http:\/\/www.entrerios.gov.ar\/dgec\/wp-content\/uploads\/2017\/01\/logoxls.png\" alt=\"logoxls\" width=\"40\" height=\"49\" \/><\/a><\/td>\n<td width=\"530\">\n<h4><span style=\"font-family: 'Open Sans'; font-size: small; font-weight: 300;\">Poblaci\u00f3n seg\u00fan escala de ingreso per c\u00e1pita familiar<\/span><\/h4>\n<\/td>\n<\/tr>\n<tr>\n<td align=\"center\" width=\"60\"><a href=\"https:\/\/www.entrerios.gov.ar\/dgec\/wp-content\/uploads\/2024\/10\/eph_ingreso_pna_2.xlsx\"><img loading=\"lazy\" decoding=\"async\" class=\"alignleft wp-image-413\" src=\"http:\/\/www.entrerios.gov.ar\/dgec\/wp-content\/uploads\/2017\/01\/logoxls.png\" alt=\"logoxls\" width=\"40\" height=\"49\" \/><\/a><\/td>\n<td width=\"530\">\n<h4><span style=\"font-family: 'Open Sans'; font-size: small; font-weight: 300;\">Poblaci\u00f3n total seg\u00fan escala de ingreso individual<\/span><\/h4>\n<\/td>\n<\/tr>\n<tr>\n<td align=\"center\" width=\"60\"><a href=\"https:\/\/www.entrerios.gov.ar\/dgec\/wp-content\/uploads\/2024\/10\/eph_ingreso_pna_3.xlsx\"><img loading=\"lazy\" decoding=\"async\" class=\"alignleft wp-image-413\" src=\"http:\/\/www.entrerios.gov.ar\/dgec\/wp-content\/uploads\/2017\/01\/logoxls.png\" alt=\"logoxls\" width=\"40\" height=\"49\" \/><\/a><\/td>\n<td width=\"530\">\n<h4><span style=\"font-family: 'Open Sans'; font-size: small; font-weight: 300;\">Poblaci\u00f3n ocupada seg\u00fan ingreso de la ocupaci\u00f3n principal<\/span><\/h4>\n<\/td>\n<\/tr>\n<tr>\n<td align=\"center\" width=\"60\"><a href=\"https:\/\/www.entrerios.gov.ar\/dgec\/wp-content\/uploads\/2024\/10\/eph_ingreso_pna_4.xlsx\"><img loading=\"lazy\" decoding=\"async\" class=\"alignleft wp-image-413\" src=\"http:\/\/www.entrerios.gov.ar\/dgec\/wp-content\/uploads\/2017\/01\/logoxls.png\" alt=\"logoxls\" width=\"40\" height=\"49\" \/><\/a><\/td>\n<td width=\"530\">\n<h4><span style=\"font-family: 'Open Sans'; font-size: small; font-weight: 300;\">Hogares seg\u00fan escala de ingreso per c\u00e1pita familiar<\/span><\/h4>\n<\/td>\n<\/tr>\n<tr>\n<td align=\"center\" width=\"60\"><a href=\"https:\/\/www.entrerios.gov.ar\/dgec\/wp-content\/uploads\/2024\/10\/eph_ingreso_pna_5.xlsx\"><img loading=\"lazy\" decoding=\"async\" class=\"alignleft wp-image-413\" src=\"http:\/\/www.entrerios.gov.ar\/dgec\/wp-content\/uploads\/2017\/01\/logoxls.png\" alt=\"logoxls\" width=\"40\" height=\"49\" \/><\/a><\/td>\n<td width=\"530\">\n<h4><span style=\"font-family: 'Open Sans'; font-size: small; font-weight: 300;\">Hogares seg\u00fan escala de ingreso total familiar<\/span><\/h4>\n<\/td>\n<\/tr>\n<\/tbody>\n<\/table>\n<p>[\/et_pb_tab][et_pb_tab title=\u00bbAGLOMERADO CONCORDIA\u00bb _builder_version=\u00bb4.27.0&#8243; body_font=\u00bb||||\u00bb body_line_height=\u00bb2em\u00bb tab_font=\u00bb||||\u00bb tab_line_height=\u00bb2em\u00bb background_size=\u00bbinitial\u00bb background_position=\u00bbtop_left\u00bb background_repeat=\u00bbrepeat\u00bb body_line_height_tablet=\u00bb2em\u00bb body_line_height_phone=\u00bb2em\u00bb tab_line_height_tablet=\u00bb2em\u00bb tab_line_height_phone=\u00bb2em\u00bb inline_fonts=\u00bbOpen Sans Light\u00bb global_colors_info=\u00bb{}\u00bb]<\/p>\n<table class=\"responsive \">\n<tbody>\n<tr>\n<td align=\"center\" width=\"60\"><a href=\"https:\/\/www.entrerios.gov.ar\/dgec\/wp-content\/uploads\/2024\/10\/brecha_ing_cdia.xlsx\"><img loading=\"lazy\" decoding=\"async\" class=\"alignleft wp-image-413\" src=\"http:\/\/www.entrerios.gov.ar\/dgec\/wp-content\/uploads\/2017\/01\/logoxls.png\" alt=\"logoxls\" width=\"40\" height=\"49\" \/><\/a><\/td>\n<td width=\"530\">\n<h4><span style=\"font-family: 'Open Sans'; font-size: small; font-weight: 300;\">Brecha de ingresos por promedio del ingreso per c\u00e1pita familiar de la poblaci\u00f3n. <\/span><\/h4>\n<\/td>\n<\/tr>\n<tr>\n<td align=\"center\" width=\"60\"><a href=\"https:\/\/www.entrerios.gov.ar\/dgec\/wp-content\/uploads\/2024\/10\/eph_ingreso_cdia_1.xlsx\"><img loading=\"lazy\" decoding=\"async\" class=\"alignleft wp-image-413\" src=\"http:\/\/www.entrerios.gov.ar\/dgec\/wp-content\/uploads\/2017\/01\/logoxls.png\" alt=\"logoxls\" width=\"40\" height=\"49\" \/><\/a><\/td>\n<td width=\"530\">\n<h4><span style=\"font-family: 'Open Sans'; font-size: small; font-weight: 300;\">Poblaci\u00f3n total seg\u00fan escala de ingreso individual<\/span><\/h4>\n<\/td>\n<\/tr>\n<tr>\n<td align=\"center\" width=\"60\"><a href=\"https:\/\/www.entrerios.gov.ar\/dgec\/wp-content\/uploads\/2024\/10\/eph_ingreso_cdia_2.xlsx\"><img loading=\"lazy\" decoding=\"async\" class=\"alignleft wp-image-413\" src=\"http:\/\/www.entrerios.gov.ar\/dgec\/wp-content\/uploads\/2017\/01\/logoxls.png\" alt=\"logoxls\" width=\"40\" height=\"49\" \/><\/a><\/td>\n<td width=\"530\">\n<h4><span style=\"font-family: 'Open Sans'; font-size: small; font-weight: 300;\">Poblaci\u00f3n ocupada seg\u00fan ingreso de la ocupaci\u00f3n principal<\/span><\/h4>\n<\/td>\n<\/tr>\n<tr>\n<td align=\"center\" width=\"60\"><a href=\"https:\/\/www.entrerios.gov.ar\/dgec\/wp-content\/uploads\/2024\/10\/eph_ingreso_cdia_3.xlsx\"><img loading=\"lazy\" decoding=\"async\" class=\"alignleft wp-image-413\" src=\"http:\/\/www.entrerios.gov.ar\/dgec\/wp-content\/uploads\/2017\/01\/logoxls.png\" alt=\"logoxls\" width=\"40\" height=\"49\" \/><\/a><\/td>\n<td width=\"530\">\n<h4><span style=\"font-family: 'Open Sans'; font-size: small; font-weight: 300;\">Poblaci\u00f3n seg\u00fan escala de ingreso per c\u00e1pita familiar<\/span><\/h4>\n<\/td>\n<\/tr>\n<tr>\n<td align=\"center\" width=\"60\"><a href=\"https:\/\/www.entrerios.gov.ar\/dgec\/wp-content\/uploads\/2024\/10\/eph_ingreso_cdia_4.xlsx\"><img loading=\"lazy\" decoding=\"async\" class=\"alignleft wp-image-413\" src=\"http:\/\/www.entrerios.gov.ar\/dgec\/wp-content\/uploads\/2017\/01\/logoxls.png\" alt=\"logoxls\" width=\"40\" height=\"49\" \/><\/a><\/td>\n<td width=\"530\">\n<h4><span style=\"font-family: 'Open Sans'; font-size: small; font-weight: 300;\">Hogares seg\u00fan escala de ingreso per c\u00e1pita familiar<\/span><\/h4>\n<\/td>\n<\/tr>\n<tr>\n<td align=\"center\" width=\"60\"><a href=\"https:\/\/www.entrerios.gov.ar\/dgec\/wp-content\/uploads\/2024\/10\/eph_ingreso_cdia_5.xlsx\"><img loading=\"lazy\" decoding=\"async\" class=\"alignleft wp-image-413\" src=\"http:\/\/www.entrerios.gov.ar\/dgec\/wp-content\/uploads\/2017\/01\/logoxls.png\" alt=\"logoxls\" width=\"40\" height=\"49\" \/><\/a><\/td>\n<td width=\"530\">\n<h4><span style=\"font-family: 'Open Sans'; font-size: small; font-weight: 300;\">Hogares seg\u00fan escala de ingreso total familiar.<\/span><\/h4>\n<\/td>\n<\/tr>\n<\/tbody>\n<\/table>\n<p>[\/et_pb_tab][et_pb_tab title=\u00bbPROVINCIA DE ENTRE R\u00cdOS\u00bb _builder_version=\u00bb4.27.4&#8243; body_font=\u00bb||||\u00bb body_line_height=\u00bb2em\u00bb tab_font=\u00bb||||\u00bb tab_line_height=\u00bb2em\u00bb background_size=\u00bbinitial\u00bb background_position=\u00bbtop_left\u00bb background_repeat=\u00bbrepeat\u00bb hover_enabled=\u00bb0&#8243; body_line_height_tablet=\u00bb2em\u00bb body_line_height_phone=\u00bb2em\u00bb tab_line_height_tablet=\u00bb2em\u00bb tab_line_height_phone=\u00bb2em\u00bb inline_fonts=\u00bbOpen Sans Light\u00bb global_colors_info=\u00bb{}\u00bb sticky_enabled=\u00bb0&#8243;]<\/p>\n<table class=\"responsive \">\n<tbody>\n<tr>\n<td align=\"center\" width=\"60\"><a href=\"https:\/\/www.entrerios.gov.ar\/dgec\/wp-content\/uploads\/2025\/04\/ERhogaresRecibenAyudaMonetaria.xlsx\"><img loading=\"lazy\" decoding=\"async\" class=\"wp-image-413 alignleft\" src=\"http:\/\/www.entrerios.gov.ar\/dgec\/wp-content\/uploads\/2017\/01\/logoxls.png\" alt=\"logoxls\" width=\"40\" height=\"49\" \/><\/a><\/td>\n<td width=\"530\">\n<h4><span style=\"font-family: 'Open Sans'; font-size: small; font-weight: 300;\">Porcentaje de hogares que reciben ayuda monetaria y o en especies.\u00a0<\/span><\/h4>\n<\/td>\n<\/tr>\n<tr>\n<td align=\"center\" width=\"60\"><a href=\"https:\/\/www.entrerios.gov.ar\/dgec\/wp-content\/uploads\/2025\/03\/ehp_ingreso_er_1.xlsx\"><img loading=\"lazy\" decoding=\"async\" class=\"wp-image-413 alignleft\" src=\"http:\/\/www.entrerios.gov.ar\/dgec\/wp-content\/uploads\/2017\/01\/logoxls.png\" alt=\"logoxls\" width=\"40\" height=\"49\" \/><\/a><\/td>\n<td width=\"530\">\n<h4><span style=\"font-family: 'Open Sans'; font-size: small; font-weight: 300;\">Poblaci\u00f3n total y masa de los ingresos laborales y no laborales individuales<\/span><\/h4>\n<\/td>\n<\/tr>\n<tr>\n<td align=\"center\" width=\"60\"><a href=\"https:\/\/www.entrerios.gov.ar\/dgec\/wp-content\/uploads\/2025\/03\/eph_ingreso_er_2.xlsx\"><img loading=\"lazy\" decoding=\"async\" class=\"wp-image-413 alignleft\" src=\"http:\/\/www.entrerios.gov.ar\/dgec\/wp-content\/uploads\/2017\/01\/logoxls.png\" alt=\"logoxls\" width=\"40\" height=\"49\" \/><\/a><\/td>\n<td width=\"530\">\n<h4><span style=\"font-family: 'Open Sans'; font-size: small; font-weight: 300;\">Poblaci\u00f3n ocupada seg\u00fan ingreso de la ocupaci\u00f3n principal<\/span><\/h4>\n<\/td>\n<\/tr>\n<tr>\n<td align=\"center\" width=\"60\"><a href=\"https:\/\/www.entrerios.gov.ar\/dgec\/wp-content\/uploads\/2025\/03\/eph_ingreso_er_3.xlsx\"><img loading=\"lazy\" decoding=\"async\" class=\"wp-image-413 alignleft\" src=\"http:\/\/www.entrerios.gov.ar\/dgec\/wp-content\/uploads\/2017\/01\/logoxls.png\" alt=\"logoxls\" width=\"40\" height=\"49\" \/><\/a><\/td>\n<td width=\"530\">\n<h4><span style=\"font-family: 'Open Sans'; font-size: small; font-weight: 300;\"> Poblaci\u00f3n, ingreso total y media del ingreso total individual<\/span><\/h4>\n<\/td>\n<\/tr>\n<tr>\n<td align=\"center\" width=\"60\"><a href=\"https:\/\/www.entrerios.gov.ar\/dgec\/wp-content\/uploads\/2025\/03\/eph_ingreso_er_4.xlsx\"><img loading=\"lazy\" decoding=\"async\" class=\"wp-image-413 alignleft\" src=\"http:\/\/www.entrerios.gov.ar\/dgec\/wp-content\/uploads\/2017\/01\/logoxls.png\" alt=\"logoxls\" width=\"40\" height=\"49\" \/><\/a><\/td>\n<td width=\"530\">\n<h4><span style=\"font-family: 'Open Sans'; font-size: small; font-weight: 300;\"> Hogares, ingreso total y media del ingreso total familiar<\/span><\/h4>\n<\/td>\n<\/tr>\n<tr>\n<td align=\"center\" width=\"60\"><a href=\"https:\/\/www.entrerios.gov.ar\/dgec\/wp-content\/uploads\/2025\/03\/eph_ingreso_er_5.xlsx\"><img loading=\"lazy\" decoding=\"async\" class=\"wp-image-413 alignleft\" src=\"http:\/\/www.entrerios.gov.ar\/dgec\/wp-content\/uploads\/2017\/01\/logoxls.png\" alt=\"logoxls\" width=\"40\" height=\"49\" \/><\/a><\/td>\n<td width=\"530\">\n<h4><span style=\"font-family: 'Open Sans'; font-size: small; font-weight: 300;\"> Poblaci\u00f3n, ingreso total, media y mediana del ingreso per c\u00e1pita familiar <\/span><\/h4>\n<\/td>\n<\/tr>\n<tr>\n<td align=\"center\" width=\"60\"><a href=\"https:\/\/www.entrerios.gov.ar\/dgec\/wp-content\/uploads\/2025\/03\/eph_ingreso_er_6.xlsx\"><img loading=\"lazy\" decoding=\"async\" class=\"wp-image-413 alignleft\" src=\"http:\/\/www.entrerios.gov.ar\/dgec\/wp-content\/uploads\/2017\/01\/logoxls.png\" alt=\"logoxls\" width=\"40\" height=\"49\" \/><\/a><\/td>\n<td width=\"530\">\n<h4><span style=\"font-family: 'Open Sans'; font-size: small; font-weight: 300;\">Coeficiente de Gini del ingreso per c\u00e1pita familiar de las personas <\/span><\/h4>\n<\/td>\n<\/tr>\n<tr>\n<td align=\"center\" width=\"60\"><a href=\"https:\/\/www.entrerios.gov.ar\/dgec\/wp-content\/uploads\/2025\/03\/eph_ingreso_er_7.xlsx\"><img loading=\"lazy\" decoding=\"async\" class=\"wp-image-413 alignleft\" src=\"http:\/\/www.entrerios.gov.ar\/dgec\/wp-content\/uploads\/2017\/01\/logoxls.png\" alt=\"logoxls\" width=\"40\" height=\"49\" \/><\/a><\/td>\n<td width=\"530\">\n<h4><span style=\"font-family: 'Open Sans'; font-size: small; font-weight: 300;\">Brechas de g\u00e9nero de la media y la mediana del ingreso total individual<\/span><\/h4>\n<\/td>\n<\/tr>\n<tr>\n<td align=\"center\" width=\"60\"><a href=\"https:\/\/www.entrerios.gov.ar\/dgec\/wp-content\/uploads\/2025\/03\/eph_ingreso_er_8.xlsx\"><img loading=\"lazy\" decoding=\"async\" class=\"wp-image-413 alignleft\" src=\"http:\/\/www.entrerios.gov.ar\/dgec\/wp-content\/uploads\/2017\/01\/logoxls.png\" alt=\"logoxls\" width=\"40\" height=\"49\" \/><\/a><\/td>\n<td width=\"530\">\n<h4><span style=\"font-family: 'Open Sans'; font-size: small; font-weight: 300;\"> Poblaci\u00f3n asalariada y brecha del ingreso de la ocupaci\u00f3n principal seg\u00fan tenencia de descuento jubilatorio<\/span><\/h4>\n<\/td>\n<\/tr>\n<tr>\n<td align=\"center\" width=\"60\"><a href=\"https:\/\/www.entrerios.gov.ar\/dgec\/wp-content\/uploads\/2025\/03\/Hogares-media-del-ingreso-per-cApita-familiar-y-tamano-promedio-del-hogar.xlsx\"><img loading=\"lazy\" decoding=\"async\" class=\"wp-image-413 alignleft\" src=\"http:\/\/www.entrerios.gov.ar\/dgec\/wp-content\/uploads\/2017\/01\/logoxls.png\" alt=\"logoxls\" width=\"40\" height=\"49\" \/><\/a><\/td>\n<td width=\"530\">\n<h4><span style=\"font-family: 'Open Sans'; font-size: small; font-weight: 300;\"> Entre R\u00edos. Hogares, media del ingreso per c\u00e1pita familiar y tama\u00f1o promedio del hogar.<\/span><\/h4>\n<\/td>\n<\/tr>\n<\/tbody>\n<\/table>\n<p>[\/et_pb_tab][\/et_pb_tabs][\/et_pb_column][et_pb_column type=\u00bb1_4&#8243; _builder_version=\u00bb4.16&#8243; custom_padding=\u00bb|||\u00bb global_colors_info=\u00bb{}\u00bb custom_padding__hover=\u00bb|||\u00bb][et_pb_divider show_divider=\u00bboff\u00bb _builder_version=\u00bb4.27.4&#8243; _module_preset=\u00bbdefault\u00bb global_colors_info=\u00bb{}\u00bb][\/et_pb_divider][et_pb_text admin_label=\u00bbTexto\u00bb _builder_version=\u00bb4.16&#8243; header_font_size=\u00bb40px\u00bb background_size=\u00bbinitial\u00bb background_position=\u00bbtop_left\u00bb background_repeat=\u00bbrepeat\u00bb global_colors_info=\u00bb{}\u00bb]<\/p>\n<h4><a href=\"http:\/\/www.entrerios.gov.ar\/dgec\/wp-content\/uploads\/2017\/04\/eph_metodologia_15.pdf\"><img loading=\"lazy\" decoding=\"async\" class=\"wp-image-413 alignleft\" src=\"https:\/\/www.entrerios.gov.ar\/dgec\/wp-content\/uploads\/2017\/01\/logopdf.png\" alt=\"\" width=\"40\" height=\"49\" \/><\/a><\/h4>\n<h4><span style=\"font-family: 'Open Sans'; font-size: small; font-weight: 300;\">Metodolog\u00eda de ponderaci\u00f3n de la muestra y tratamiento de valores faltantes en las variables de ingreso<\/span><\/h4>\n<p>[\/et_pb_text][\/et_pb_column][\/et_pb_row][\/et_pb_section]<\/p>\n","protected":false},"excerpt":{"rendered":"<p>Ingresos &nbsp; En esta Secci\u00f3n se incorporan estad\u00edsticas sobre el ingreso monetario de las personas y los hogares a partir de datos de la Encuesta Permenete de Hogares (EPH) y otras fuentes. Brecha de ingresos por promedio del ingreso per c\u00e1pita familiar de la poblaci\u00f3n Poblaci\u00f3n seg\u00fan escala de ingreso per c\u00e1pita familiar Poblaci\u00f3n total [&hellip;]<\/p>\n","protected":false},"author":1,"featured_media":0,"parent":0,"menu_order":0,"comment_status":"closed","ping_status":"closed","template":"","meta":{"_et_pb_use_builder":"on","_et_pb_old_content":"","_et_gb_content_width":"","footnotes":""},"_links":{"self":[{"href":"https:\/\/www.entrerios.gov.ar\/dgec\/wp-json\/wp\/v2\/pages\/220084"}],"collection":[{"href":"https:\/\/www.entrerios.gov.ar\/dgec\/wp-json\/wp\/v2\/pages"}],"about":[{"href":"https:\/\/www.entrerios.gov.ar\/dgec\/wp-json\/wp\/v2\/types\/page"}],"author":[{"embeddable":true,"href":"https:\/\/www.entrerios.gov.ar\/dgec\/wp-json\/wp\/v2\/users\/1"}],"replies":[{"embeddable":true,"href":"https:\/\/www.entrerios.gov.ar\/dgec\/wp-json\/wp\/v2\/comments?post=220084"}],"version-history":[{"count":19,"href":"https:\/\/www.entrerios.gov.ar\/dgec\/wp-json\/wp\/v2\/pages\/220084\/revisions"}],"predecessor-version":[{"id":220574,"href":"https:\/\/www.entrerios.gov.ar\/dgec\/wp-json\/wp\/v2\/pages\/220084\/revisions\/220574"}],"wp:attachment":[{"href":"https:\/\/www.entrerios.gov.ar\/dgec\/wp-json\/wp\/v2\/media?parent=220084"}],"curies":[{"name":"wp","href":"https:\/\/api.w.org\/{rel}","templated":true}]}}