{"id":234,"date":"2017-02-15T00:24:49","date_gmt":"2017-02-15T00:24:49","guid":{"rendered":"http:\/\/localhost\/?page_id=234"},"modified":"2024-01-30T20:52:27","modified_gmt":"2024-01-30T17:52:27","slug":"autoridades","status":"publish","type":"page","link":"https:\/\/www.entrerios.gov.ar\/dgec\/autoridades\/","title":{"rendered":"Autoridades"},"content":{"rendered":"<p>[et_pb_section fb_built=\u00bb1&#8243; custom_padding_last_edited=\u00bbon|desktop\u00bb admin_label=\u00bbsection\u00bb _builder_version=\u00bb3.22&#8243; min_height=\u00bb257.8px\u00bb custom_padding_tablet=\u00bb50px|0|50px|0&#8243; custom_padding_phone=\u00bb\u00bb da_disable_devices=\u00bboff|off|off\u00bb padding_mobile=\u00bboff\u00bb global_colors_info=\u00bb{}\u00bb da_is_popup=\u00bboff\u00bb da_exit_intent=\u00bboff\u00bb da_has_close=\u00bbon\u00bb da_alt_close=\u00bboff\u00bb da_dark_close=\u00bboff\u00bb da_not_modal=\u00bbon\u00bb da_is_singular=\u00bboff\u00bb da_with_loader=\u00bboff\u00bb da_has_shadow=\u00bbon\u00bb][et_pb_row _builder_version=\u00bb4.14.7&#8243; _module_preset=\u00bbdefault\u00bb global_colors_info=\u00bb{}\u00bb][et_pb_column type=\u00bb4_4&#8243; _builder_version=\u00bb4.14.7&#8243; _module_preset=\u00bbdefault\u00bb global_colors_info=\u00bb{}\u00bb][et_pb_image src=\u00bbhttps:\/\/www.entrerios.gov.ar\/dgec\/wp-content\/uploads\/2024\/01\/Directora-General-01-scaled.jpg\u00bb title_text=\u00bbDirectora General 01&#8243; _builder_version=\u00bb4.14.7&#8243; _module_preset=\u00bbdefault\u00bb global_colors_info=\u00bb{}\u00bb][\/et_pb_image][et_pb_testimonial quote_icon=\u00bboff\u00bb _builder_version=\u00bb4.14.7&#8243; _module_preset=\u00bbdefault\u00bb global_colors_info=\u00bb{}\u00bb]<\/p>\n<p style=\"text-align: center;\">Arq. ANDREA CARINA COTTONARO<\/p>\n<p style=\"text-align: center;\">Directora General<\/p>\n<p>[\/et_pb_testimonial][\/et_pb_column][\/et_pb_row][\/et_pb_section][et_pb_section fb_built=\u00bb1&#8243; fullwidth=\u00bbon\u00bb custom_padding_last_edited=\u00bbon|desktop\u00bb admin_label=\u00bbsection\u00bb _builder_version=\u00bb4.14.7&#8243; background_color=\u00bbrgba(1,132,80,0.83)\u00bb custom_padding_tablet=\u00bb50px|0|50px|0&#8243; custom_padding_phone=\u00bb\u00bb da_disable_devices=\u00bboff|off|off\u00bb padding_mobile=\u00bboff\u00bb global_colors_info=\u00bb{}\u00bb da_is_popup=\u00bboff\u00bb da_exit_intent=\u00bboff\u00bb da_has_close=\u00bbon\u00bb da_alt_close=\u00bboff\u00bb da_dark_close=\u00bboff\u00bb da_not_modal=\u00bbon\u00bb da_is_singular=\u00bboff\u00bb da_with_loader=\u00bboff\u00bb da_has_shadow=\u00bbon\u00bb][et_pb_fullwidth_slider _builder_version=\u00bb4.14.7&#8243; parallax=\u00bbon\u00bb width=\u00bb100%\u00bb max_width=\u00bb100%\u00bb module_alignment=\u00bbcenter\u00bb content_width=\u00bb100%\u00bb min_height=\u00bb350px\u00bb height=\u00bb350px\u00bb max_height=\u00bb350px\u00bb custom_padding=\u00bb|||\u00bb custom_padding_tablet=\u00bb|||\u00bb custom_padding_phone=\u00bb|||\u00bb hover_enabled=\u00bb0&#8243; box_shadow_style=\u00bbpreset6&#8243; box_shadow_blur=\u00bb10px\u00bb box_shadow_color=\u00bbrgba(0,0,0,0.1)\u00bb show_inner_shadow=\u00bbon\u00bb global_colors_info=\u00bb{}\u00bb button_text_size__hover_enabled=\u00bboff\u00bb button_one_text_size__hover_enabled=\u00bboff\u00bb button_two_text_size__hover_enabled=\u00bboff\u00bb button_text_color__hover_enabled=\u00bboff\u00bb button_one_text_color__hover_enabled=\u00bboff\u00bb button_two_text_color__hover_enabled=\u00bboff\u00bb button_border_width__hover_enabled=\u00bboff\u00bb button_one_border_width__hover_enabled=\u00bboff\u00bb button_two_border_width__hover_enabled=\u00bboff\u00bb button_border_color__hover_enabled=\u00bboff\u00bb button_one_border_color__hover_enabled=\u00bboff\u00bb button_two_border_color__hover_enabled=\u00bboff\u00bb button_border_radius__hover_enabled=\u00bboff\u00bb button_one_border_radius__hover_enabled=\u00bboff\u00bb button_two_border_radius__hover_enabled=\u00bboff\u00bb button_letter_spacing__hover_enabled=\u00bboff\u00bb button_one_letter_spacing__hover_enabled=\u00bboff\u00bb button_two_letter_spacing__hover_enabled=\u00bboff\u00bb button_bg_color__hover_enabled=\u00bboff\u00bb button_one_bg_color__hover_enabled=\u00bboff\u00bb button_two_bg_color__hover_enabled=\u00bboff\u00bb sticky_enabled=\u00bb0&#8243;][et_pb_slide heading=\u00bbMISI\u00d3N DEL ORGANISMO\u00bb use_bg_overlay=\u00bboff\u00bb use_text_overlay=\u00bboff\u00bb _builder_version=\u00bb4.14.7&#8243; header_font=\u00bb||||\u00bb body_font=\u00bb||||\u00bb background_color=\u00bb#9d9c9c\u00bb button_icon_placement=\u00bbright\u00bb button_on_hover=\u00bbon\u00bb width=\u00bb100%\u00bb max_width=\u00bb100%\u00bb inline_fonts=\u00bbOpen Sans Light\u00bb global_colors_info=\u00bb{}\u00bb button_text_size__hover_enabled=\u00bboff\u00bb button_one_text_size__hover_enabled=\u00bboff\u00bb button_two_text_size__hover_enabled=\u00bboff\u00bb button_text_color__hover_enabled=\u00bboff\u00bb button_one_text_color__hover_enabled=\u00bboff\u00bb button_two_text_color__hover_enabled=\u00bboff\u00bb button_border_width__hover_enabled=\u00bboff\u00bb button_one_border_width__hover_enabled=\u00bboff\u00bb button_two_border_width__hover_enabled=\u00bboff\u00bb button_border_color__hover_enabled=\u00bboff\u00bb button_one_border_color__hover_enabled=\u00bboff\u00bb button_two_border_color__hover_enabled=\u00bboff\u00bb button_border_radius__hover_enabled=\u00bboff\u00bb button_one_border_radius__hover_enabled=\u00bboff\u00bb button_two_border_radius__hover_enabled=\u00bboff\u00bb button_letter_spacing__hover_enabled=\u00bboff\u00bb button_one_letter_spacing__hover_enabled=\u00bboff\u00bb button_two_letter_spacing__hover_enabled=\u00bboff\u00bb button_bg_color__hover_enabled=\u00bboff\u00bb button_one_bg_color__hover_enabled=\u00bboff\u00bb button_two_bg_color__hover_enabled=\u00bboff\u00bb sticky_transition=\u00bbon\u00bb]<\/p>\n<h3><span style=\"font-size: 32; font-weight: 300; font-family: 'Open Sans';\">\u201cProveer informaci\u00f3n estad\u00edstica oficial al Sector P\u00fablico, al Sector Privado y a los Ciudadanos; a fin de evaluar pol\u00edticas p\u00fablicas, tomar decisiones econ\u00f3micas y elaborar estudios cient\u00edficos\u00bb.<\/span><\/h3>\n<p>[\/et_pb_slide][\/et_pb_fullwidth_slider][\/et_pb_section][et_pb_section fb_built=\u00bb1&#8243; inner_shadow=\u00bbon\u00bb admin_label=\u00bbsection\u00bb _builder_version=\u00bb3.22&#8243; background_color=\u00bb#f7f7f7&#8243; custom_padding=\u00bb0px|0px|61px|0px\u00bb da_disable_devices=\u00bboff|off|off\u00bb global_colors_info=\u00bb{}\u00bb da_is_popup=\u00bboff\u00bb da_exit_intent=\u00bboff\u00bb da_has_close=\u00bbon\u00bb da_alt_close=\u00bboff\u00bb da_dark_close=\u00bboff\u00bb da_not_modal=\u00bbon\u00bb da_is_singular=\u00bboff\u00bb da_with_loader=\u00bboff\u00bb da_has_shadow=\u00bbon\u00bb][et_pb_row padding_mobile=\u00bboff\u00bb column_padding_mobile=\u00bbon\u00bb admin_label=\u00bbrow\u00bb _builder_version=\u00bb3.25&#8243; background_size=\u00bbinitial\u00bb background_position=\u00bbtop_left\u00bb background_repeat=\u00bbrepeat\u00bb global_colors_info=\u00bb{}\u00bb][et_pb_column type=\u00bb4_4&#8243; _builder_version=\u00bb3.25&#8243; custom_padding=\u00bb|||\u00bb global_colors_info=\u00bb{}\u00bb custom_padding__hover=\u00bb|||\u00bb][et_pb_text _builder_version=\u00bb4.14.7&#8243; background_size=\u00bbinitial\u00bb background_position=\u00bbtop_left\u00bb background_repeat=\u00bbrepeat\u00bb global_colors_info=\u00bb{}\u00bb]<\/p>\n<h1><\/h1>\n<h1>FUNCIONES PRINCIPALES<\/h1>\n<p>\u2022 Planificar, integrar, normar, coordinar y racionalizar las actividades estad\u00edsticas de los servicios que integran el Sistema Estad\u00edstico Provincial.<br \/>\n\u2022 Confeccionar el Programa Estad\u00edstico, bas\u00e1ndose en las necesidades de informaci\u00f3n formuladas por el Gobierno de la Provincia, el INDEC sin perjuicio de tener en cuenta los requerimientos que pueden plantear otras entidades p\u00fablicas y privadas.<br \/>\n\u2022 Actuar como ente observador y supervisor de la informaci\u00f3n estad\u00edstica provincial existente o en ejecuci\u00f3n en el Sistema Estad\u00edstico Provincial, tendiendo a mejorar la calidad de la misma a trav\u00e9s de la superaci\u00f3n y de las metodolog\u00edas en uso, la normatizaci\u00f3n de las definiciones b\u00e1sicas empleadas, la modernizaci\u00f3n de los mecanismos habituales de procesamiento, como as\u00ed tambi\u00e9n la coordinaci\u00f3n de las actividades estad\u00edsticas con el fin de evitar duplicaciones y la reuni\u00f3n de datos innecesarios.<br \/>\n\u2022 Dirigir y supervisar las Operaciones Censales (generales o particulares, ya sean espor\u00e1dicas o peri\u00f3dicas) que ordene realizar el Gobierno de la Provincia o de la Naci\u00f3n.<br \/>\n\u2022 Realizar las investigaciones y estudios que permitan informar a los organismos del Gobierno en las tareas de confeccionar o realizar sus planes, proyectar reformas legislativas, aplicar normas vigentes de manera eficaz y todo aquello que convenga efectuar por su inter\u00e9s pr\u00e1ctico y cient\u00edfico.<br \/>\n\u2022 Fomentar el canje de publicaciones estad\u00edsticas a nivel provincial, nacional e internacional y mantener el Servicio de Biblioteca.<br \/>\n\u2022 Promover reuniones, seminarios y talleres de actividad de car\u00e1cter provinciales o interprovincial que tengan por objeto el tratamiento de cuestiones estad\u00edsticas.<br \/>\n\u2022 Promover la creaci\u00f3n de nuevos Servicios Estad\u00edsticos en la provincia y recomendar a las autoridades competentes, la supresi\u00f3n de los que estime innecesarios.<br \/>\n\u2022 Celebrar acuerdos o convenios de car\u00e1cter estad\u00edstico con entidades p\u00fablicas y privadas, provinciales o nacionales, contundentes a la elevaci\u00f3n del Nivel Cient\u00edfico de la actividad estad\u00edstica dentro de la Provincia.<br \/>\n\u2022 Unificar los aspectos t\u00e9cnicos de capacitaci\u00f3n, elaboraci\u00f3n y publicaci\u00f3n de datos estad\u00edsticos en la Jurisdicci\u00f3n Provincial.[\/et_pb_text][\/et_pb_column][\/et_pb_row][\/et_pb_section]<\/p>\n","protected":false},"excerpt":{"rendered":"<p>Arq. ANDREA CARINA COTTONARO Directora General\u201cProveer informaci\u00f3n estad\u00edstica oficial al Sector P\u00fablico, al Sector Privado y a los Ciudadanos; a fin de evaluar pol\u00edticas p\u00fablicas, tomar decisiones econ\u00f3micas y elaborar estudios cient\u00edficos\u00bb. FUNCIONES PRINCIPALES \u2022 Planificar, integrar, normar, coordinar y racionalizar las actividades estad\u00edsticas de los servicios que integran el Sistema Estad\u00edstico Provincial. \u2022 Confeccionar [&hellip;]<\/p>\n","protected":false},"author":1,"featured_media":0,"parent":0,"menu_order":0,"comment_status":"closed","ping_status":"closed","template":"","meta":{"_et_pb_use_builder":"on","_et_pb_old_content":"","_et_gb_content_width":"","footnotes":""},"_links":{"self":[{"href":"https:\/\/www.entrerios.gov.ar\/dgec\/wp-json\/wp\/v2\/pages\/234"}],"collection":[{"href":"https:\/\/www.entrerios.gov.ar\/dgec\/wp-json\/wp\/v2\/pages"}],"about":[{"href":"https:\/\/www.entrerios.gov.ar\/dgec\/wp-json\/wp\/v2\/types\/page"}],"author":[{"embeddable":true,"href":"https:\/\/www.entrerios.gov.ar\/dgec\/wp-json\/wp\/v2\/users\/1"}],"replies":[{"embeddable":true,"href":"https:\/\/www.entrerios.gov.ar\/dgec\/wp-json\/wp\/v2\/comments?post=234"}],"version-history":[{"count":45,"href":"https:\/\/www.entrerios.gov.ar\/dgec\/wp-json\/wp\/v2\/pages\/234\/revisions"}],"predecessor-version":[{"id":215479,"href":"https:\/\/www.entrerios.gov.ar\/dgec\/wp-json\/wp\/v2\/pages\/234\/revisions\/215479"}],"wp:attachment":[{"href":"https:\/\/www.entrerios.gov.ar\/dgec\/wp-json\/wp\/v2\/media?parent=234"}],"curies":[{"name":"wp","href":"https:\/\/api.w.org\/{rel}","templated":true}]}}