{"id":2407,"date":"2017-06-07T13:15:58","date_gmt":"2017-06-07T13:15:58","guid":{"rendered":"https:\/\/www.entrerios.gov.ar\/dgec\/?page_id=2407"},"modified":"2026-04-08T18:56:46","modified_gmt":"2026-04-08T15:56:46","slug":"condicion-de-vida","status":"publish","type":"page","link":"https:\/\/www.entrerios.gov.ar\/dgec\/condicion-de-vida\/","title":{"rendered":"Condicion de vida"},"content":{"rendered":"<p>[et_pb_section fb_built=\u00bb1&#8243; specialty=\u00bbon\u00bb parallax_method_1=\u00bboff\u00bb parallax_method_2=\u00bboff\u00bb admin_label=\u00bbsection\u00bb module_class=\u00bb et_pb_specialty_fullwidth\u00bb _builder_version=\u00bb4.16&#8243; inner_width=\u00bb89%\u00bb inner_width_tablet=\u00bb80%\u00bb inner_width_phone=\u00bb\u00bb inner_width_last_edited=\u00bbon|desktop\u00bb inner_max_width=\u00bb89%\u00bb inner_max_width_tablet=\u00bb80%\u00bb inner_max_width_phone=\u00bb\u00bb inner_max_width_last_edited=\u00bbon|desktop\u00bb custom_padding=\u00bb101.031px|0px|0px|0px\u00bb da_disable_devices=\u00bboff|off|off\u00bb make_fullwidth=\u00bbon\u00bb global_colors_info=\u00bb{}\u00bb da_is_popup=\u00bboff\u00bb da_exit_intent=\u00bboff\u00bb da_has_close=\u00bbon\u00bb da_alt_close=\u00bboff\u00bb da_dark_close=\u00bboff\u00bb da_not_modal=\u00bbon\u00bb da_is_singular=\u00bboff\u00bb da_with_loader=\u00bboff\u00bb da_has_shadow=\u00bbon\u00bb][et_pb_column type=\u00bb1_2&#8243; _builder_version=\u00bb4.16&#8243; custom_padding=\u00bb|||\u00bb global_colors_info=\u00bb{}\u00bb custom_padding__hover=\u00bb|||\u00bb][et_pb_text _builder_version=\u00bb4.16&#8243; background_size=\u00bbinitial\u00bb background_position=\u00bbtop_left\u00bb background_repeat=\u00bbrepeat\u00bb inline_fonts=\u00bbOpen Sans Light\u00bb global_colors_info=\u00bb{}\u00bb]<\/p>\n<h1><span style=\"font-family: 'Open Sans'; font-weight: 300;\"><span style=\"font-size: 50px;\">Condiciones de vida<\/span><span style=\"font-size: 70px;\"><br \/>\n<\/span><em><span style=\"font-size: 70px;\"><br \/>\n<\/span><\/em><\/span><\/h1>\n<p>[\/et_pb_text][et_pb_text _builder_version=\u00bb4.27.4&#8243; background_size=\u00bbinitial\u00bb background_position=\u00bbtop_left\u00bb background_repeat=\u00bbrepeat\u00bb use_border_color=\u00bboff\u00bb border_color=\u00bb#ffffff\u00bb border_style=\u00bbsolid\u00bb global_colors_info=\u00bb{}\u00bb]<\/p>\n<p><strong>Aglomerados urbanos Concordia y Gran Paran\u00e1. Hogares y Poblaci\u00f3n bajo la L\u00ednea de Pobreza (LP) y bajo la L\u00ednea de Indigencia (LI). 2\u00ba semestre de 2025. <span style=\"color: #ff0000;\">(\u00daltimo dato)<\/span><\/strong><\/p>\n<table width=\"483\">\n<tbody>\n<tr>\n<td width=\"128\"><\/td>\n<td width=\"83\"><\/td>\n<td width=\"90\"><\/td>\n<td width=\"9\"><\/td>\n<td width=\"83\"><\/td>\n<td width=\"90\"><\/td>\n<\/tr>\n<tr>\n<td rowspan=\"2\" width=\"128\">Aglomerado urbano<\/td>\n<td colspan=\"2\" width=\"173\">Pobreza<\/td>\n<td width=\"9\"><\/td>\n<td colspan=\"2\" width=\"173\">Indigencia<\/td>\n<\/tr>\n<tr>\n<td width=\"83\">Hogares (%)<\/td>\n<td width=\"90\">Personas (%)<\/td>\n<td width=\"9\"><\/td>\n<td width=\"83\">Hogares (%)<\/td>\n<td width=\"90\">Personas (%)<\/td>\n<\/tr>\n<tr>\n<td width=\"128\"><\/td>\n<td width=\"83\"><\/td>\n<td width=\"90\"><\/td>\n<td width=\"9\"><\/td>\n<td width=\"83\"><\/td>\n<td width=\"90\"><\/td>\n<\/tr>\n<tr>\n<td width=\"128\">Concordia<\/td>\n<td width=\"83\">39,3<\/td>\n<td width=\"90\">49,9<\/td>\n<td width=\"9\"><\/td>\n<td width=\"83\">9,8<\/td>\n<td width=\"90\">13,6<\/td>\n<\/tr>\n<tr>\n<td width=\"128\">Gran Paran\u00e1<\/td>\n<td width=\"83\">21,7<\/td>\n<td width=\"90\">31,1<\/td>\n<td width=\"9\"><\/td>\n<td width=\"83\">6,2<\/td>\n<td width=\"90\">8,8<\/td>\n<\/tr>\n<tr>\n<td width=\"128\"><\/td>\n<td width=\"83\"><\/td>\n<td width=\"90\"><\/td>\n<td width=\"9\"><\/td>\n<td width=\"83\"><\/td>\n<td width=\"90\"><\/td>\n<\/tr>\n<tr>\n<td colspan=\"2\" width=\"212\"><\/td>\n<td width=\"90\"><\/td>\n<td width=\"9\"><\/td>\n<td width=\"83\"><\/td>\n<td width=\"90\"><\/td>\n<\/tr>\n<tr>\n<td width=\"128\">Fuente:<\/td>\n<td width=\"83\"><\/td>\n<td width=\"90\"><\/td>\n<td width=\"9\"><\/td>\n<td width=\"83\"><\/td>\n<td width=\"90\"><\/td>\n<\/tr>\n<tr>\n<td colspan=\"6\" width=\"483\">INDEC, Encuesta Permanente de Hogares.<\/td>\n<\/tr>\n<\/tbody>\n<\/table>\n<p>[\/et_pb_text][\/et_pb_column][et_pb_column type=\u00bb1_2&#8243; specialty_columns=\u00bb2&#8243; _builder_version=\u00bb4.16&#8243; custom_padding=\u00bb|||\u00bb global_colors_info=\u00bb{}\u00bb custom_padding__hover=\u00bb|||\u00bb][et_pb_row_inner padding_mobile=\u00bboff\u00bb column_padding_mobile=\u00bboff\u00bb admin_label=\u00bbFila\u00bb _builder_version=\u00bb4.16&#8243; global_colors_info=\u00bb{}\u00bb][et_pb_column_inner saved_specialty_column_type=\u00bb1_2&#8243; _builder_version=\u00bb4.16&#8243; custom_padding=\u00bb|||\u00bb global_colors_info=\u00bb{}\u00bb custom_padding__hover=\u00bb|||\u00bb][et_pb_text _builder_version=\u00bb4.27.4&#8243; background_size=\u00bbinitial\u00bb background_position=\u00bbtop_left\u00bb background_repeat=\u00bbrepeat\u00bb global_colors_info=\u00bb{}\u00bb]En esta secci\u00f3n se presenta informaci\u00f3n de pobreza medida por 3 m\u00e9todos diferentes: 1- Las lineas de pobreza (LP) calculadas por el m\u00e9todo indirecto del ingreso monetario de los hogares comparado con las canastas b\u00e1sicas (utilizando datos de la Encuesta Permanente de Hogares); 2- Las necesidades b\u00e1sicas insatisfechas NBI o m\u00e9todo directo (utilizando datos de los censos 2010 y 2022) y finalmente:  3- El \u00edndice de privaci\u00f3n material de los hogares o IPMH que es un m\u00e9todo combinado entre el indirecto y el directo. Dependiendo el m\u00e9todo se presenta informaci\u00f3n por aglomerado, departamento o total provincia.[\/et_pb_text][et_pb_tabs _builder_version=\u00bb4.27.4&#8243; _module_preset=\u00bbdefault\u00bb hover_enabled=\u00bb0&#8243; global_colors_info=\u00bb{}\u00bb sticky_enabled=\u00bb0&#8243;][et_pb_tab title=\u00bbLP (Muestral)\u00bb _builder_version=\u00bb4.27.4&#8243; _module_preset=\u00bbdefault\u00bb hover_enabled=\u00bb0&#8243; global_colors_info=\u00bb{}\u00bb sticky_enabled=\u00bb0&#8243;]<\/p>\n<table class=\"responsive \">\n<tbody>\n<tr>\n<td align=\"center\" width:=\"\" 60=\"\"><a href=\"https:\/\/www.entrerios.gov.ar\/dgec\/wp-content\/uploads\/2026\/04\/Poblacion-Hogares-y-Personas-Pobreza-e-Indigencia-al-2\u00b0-Sem-2025.xlsx\"><img loading=\"lazy\" decoding=\"async\" class=\"alignleft wp-image-413\" src=\"http:\/\/www.entrerios.gov.ar\/dgec\/wp-content\/uploads\/2017\/01\/logoxls.png\" alt=\"logoxls\" width=\"40\" height=\"49\" \/><\/a><\/td>\n<td width=\"530\">\n<h1><span style=\"font-family: 'Open Sans'; font-size: small; font-weight: 300;\">Pobreza e indigencia en 31 aglomerados urbanos, aglomerados del Interior,Regi\u00f3nPampeana, Concordia y Gran Paran\u00e1 (valores absolutos). 1\u00ba Semestre de 2018 &#8211; 2\u00ba Semestre 2025<\/span><\/h1>\n<\/td>\n<\/tr>\n<tr>\n<td align=\"center\" width:=\"\" 60=\"\"><a href=\"https:\/\/www.entrerios.gov.ar\/dgec\/wp-content\/uploads\/2026\/04\/Serie-Pobreza-Indigencia-2\u00b0-Semestre-2025.xlsx\"><img loading=\"lazy\" decoding=\"async\" class=\"alignleft wp-image-413\" src=\"http:\/\/www.entrerios.gov.ar\/dgec\/wp-content\/uploads\/2017\/01\/logoxls.png\" alt=\"logoxls\" width=\"40\" height=\"49\" \/><\/a><\/td>\n<td width=\"530\">\n<h1><span style=\"font-family: 'Open Sans'; font-size: small; font-weight: 300;\">Pobreza e indigencia en 31 aglomerados urbanos, Regi\u00f3n Pampeana, Concordia y Gran Paran\u00e1 (porcentajes). Serie 2\u00ba Semestre 2016 &#8211; 2\u00ba Semestre 2025. <span style=\"color: #ff0000;\"><\/span><\/span><\/h1>\n<\/td>\n<\/tr>\n<tr>\n<td align=\"center\" width:=\"\" 60=\"\"><a href=\"https:\/\/www.entrerios.gov.ar\/dgec\/wp-content\/uploads\/2026\/04\/evolucion-indicadores-Ingresos.xlsx\"><img loading=\"lazy\" decoding=\"async\" class=\"alignleft wp-image-413\" src=\"http:\/\/www.entrerios.gov.ar\/dgec\/wp-content\/uploads\/2017\/01\/logoxls.png\" alt=\"logoxls\" width=\"40\" height=\"49\" \/><\/a><\/td>\n<td width=\"530\">\n<h1><span style=\"font-family: 'Open Sans'; font-size: small; font-weight: 300;\">Evoluci\u00f3n de indicadores seleccionados. Aglomerados Concordia y Gran Paran\u00e1. Primer semestre 2024- Segundo semestre 2025. <span style=\"color: #ff0000;\"><\/span> <\/span><\/h1>\n<\/td>\n<\/tr>\n<tr>\n<td align=\"center\" width:=\"\" 60=\"\"><a href=\"https:\/\/www.entrerios.gov.ar\/dgec\/wp-content\/uploads\/2025\/11\/Er.-Estrategia-HOGAR-EPH-RUP.xlsx\"><img loading=\"lazy\" decoding=\"async\" class=\"alignleft wp-image-413\" src=\"http:\/\/www.entrerios.gov.ar\/dgec\/wp-content\/uploads\/2017\/01\/logoxls.png\" alt=\"logoxls\" width=\"40\" height=\"49\" \/><\/a><\/td>\n<td width=\"530\">\n<h1><span style=\"font-family: 'Open Sans'; font-size: small; font-weight: 300;\">sEntre R\u00edos. Estrategias predominantes de manutenci\u00f3n de los hogares. 3\u00b0 Trimestre 2021-2024.<\/span><\/h1>\n<\/td>\n<\/tr>\n<tr>\n<td align=\"center\" width:=\"\" 60=\"\"><a href=\"https:\/\/www.entrerios.gov.ar\/dgec\/wp-content\/uploads\/2025\/10\/ER-GP-y-Cdia-Personas-en-Basurales-Zonas-Inundables-y-Villa-.xlsx\"><img loading=\"lazy\" decoding=\"async\" class=\"alignleft wp-image-413\" src=\"http:\/\/www.entrerios.gov.ar\/dgec\/wp-content\/uploads\/2017\/01\/logoxls.png\" alt=\"logoxls\" width=\"40\" height=\"49\" \/><\/a><\/td>\n<td width=\"530\">\n<h1><span style=\"font-family: 'Open Sans'; font-size: small; font-weight: 300;\">Hogares y Personas urbanas que habitan cerca de basurales, zonas inundables y en villa. Tercer Trimestre 2023-2024.<span style=\"color: #ff0000;\"><\/span><\/span><\/h1>\n<\/td>\n<\/tr>\n<tr>\n<td align=\"center\" width:=\"\" 60=\"\"><a href=\"https:\/\/www.entrerios.gov.ar\/dgec\/wp-content\/uploads\/2025\/11\/ERhogaresRecibenAyudaMonetaria.xlsx\"><img loading=\"lazy\" decoding=\"async\" class=\"alignleft wp-image-413\" src=\"http:\/\/www.entrerios.gov.ar\/dgec\/wp-content\/uploads\/2017\/01\/logoxls.png\" alt=\"logoxls\" width=\"40\" height=\"49\" \/><\/a><\/td>\n<td width=\"530\">\n<h1><span style=\"font-family: 'Open Sans'; font-size: small; font-weight: 300;\">Porcentaje de hogares que reciben ayuda monetaria y o en especies. Entre R\u00edos. Terceros trimestres. A\u00f1os 2018-2024.<span style=\"color: #ff0000;\"><\/span><\/span><\/h1>\n<\/td>\n<\/tr>\n<\/tbody>\n<\/table>\n<p>[\/et_pb_tab][et_pb_tab title=\u00bbNBI (Censal)\u00bb _builder_version=\u00bb4.27.4&#8243; _module_preset=\u00bbdefault\u00bb global_colors_info=\u00bb{}\u00bb]<\/p>\n<table class=\"responsive \">\n<tbody>\n<tr>\n<td align=\"center\" width=\"60\"><a href=\"https:\/\/www.entrerios.gov.ar\/dgec\/wp-content\/uploads\/2024\/11\/Entre-Rios-Total-de-hogares-particulares-y-su-poblacion-y-hogares-y-poblacion-con-NBI.xlsx\"><img loading=\"lazy\" decoding=\"async\" class=\"wp-image-413 alignleft\" src=\"http:\/\/www.entrerios.gov.ar\/dgec\/wp-content\/uploads\/2017\/01\/logoxls.png\" alt=\"logoxls\" width=\"40\" height=\"49\" \/><\/a><\/td>\n<td width=\"530\">\n<h1><span style=\"font-family: 'Open Sans'; font-size: small; font-weight: 300;\">Entre R\u00edos. Total de hogares particulares y poblaci\u00f3n que habita en ellos y hogares y poblaci\u00f3n con Necesidades B\u00e1sicas Insatisfechas (NBI), seg\u00fan departamentos. A\u00f1o 2022.<\/span><\/h1>\n<\/td>\n<\/tr>\n<tr>\n<td align=\"center\" width=\"60\"><a href=\"https:\/\/www.entrerios.gov.ar\/dgec\/wp-content\/uploads\/2017\/06\/1-Entre-R\u00edos-Hogares-y-Pob-Total-y-con-NBI-segun-deptos-A\u00f1os-2001-y-2010.xlsx\"><img loading=\"lazy\" decoding=\"async\" class=\"wp-image-413 alignleft\" src=\"http:\/\/www.entrerios.gov.ar\/dgec\/wp-content\/uploads\/2017\/01\/logoxls.png\" alt=\"logoxls\" width=\"40\" height=\"49\" \/><\/a><\/td>\n<td width=\"530\">\n<h1><span style=\"font-family: 'Open Sans'; font-size: small; font-weight: 300;\">Entre R\u00edos. Total de Hogares particulares y de Poblaci\u00f3n y Hogares y Poblaci\u00f3n con Necesidades B\u00e1sicas Insatisfechas (NBI), seg\u00fan departamentos. A\u00f1os 2001 y 2010<\/span><\/h1>\n<\/td>\n<\/tr>\n<\/tbody>\n<\/table>\n<p>[\/et_pb_tab][et_pb_tab title=\u00bbIPMH (Censal)\u00bb _builder_version=\u00bb4.27.4&#8243; _module_preset=\u00bbdefault\u00bb global_colors_info=\u00bb{}\u00bb]<\/p>\n<table class=\"responsive \">\n<tbody>\n<tr>\n<td align=\"center\" width=\"60\"><a href=\"https:\/\/www.entrerios.gov.ar\/dgec\/wp-content\/uploads\/2025\/08\/11-ER-Hogares-particulares-y-poblacion-censada-en-ellos-por-IPMH-segun-departamentos-Anos-2001-y-2022.xlsx\"><img loading=\"lazy\" decoding=\"async\" class=\"wp-image-413 alignleft\" src=\"http:\/\/www.entrerios.gov.ar\/dgec\/wp-content\/uploads\/2017\/01\/logoxls.png\" alt=\"logoxls\" width=\"40\" height=\"49\" \/><\/a><\/td>\n<td width=\"530\">\n<h1><span style=\"font-family: 'Open Sans'; font-size: small; font-weight: 300;\">Entre R\u00edos. Hogares particulares y poblaci\u00f3n censada en ellos por \u00cdndice de Privaci\u00f3n Material de los Hogares (IPMH), seg\u00fan departamentos. A\u00f1os 2001 y 2022.<\/span><\/h1>\n<\/td>\n<\/tr>\n<tr>\n<td align=\"center\" width=\"60\"><a href=\"https:\/\/www.entrerios.gov.ar\/dgec\/wp-content\/uploads\/2025\/08\/12-ER-Hogares-y-poblacion-por-IPMH-segun-departamentos-censos-2001-y-2022.xlsx\"><img loading=\"lazy\" decoding=\"async\" class=\"wp-image-413 alignleft\" src=\"http:\/\/www.entrerios.gov.ar\/dgec\/wp-content\/uploads\/2017\/01\/logoxls.png\" alt=\"logoxls\" width=\"40\" height=\"49\" \/><\/a><\/td>\n<td width=\"530\">\n<h1><span style=\"font-family: 'Open Sans'; font-size: small; font-weight: 300;\">Entre R\u00edos. Hogares particulares por Incidencia, Intensidad y Raz\u00f3n de Privaci\u00f3n Material de los Hogares (PMH), seg\u00fan departamentos. A\u00f1os 2001 y 2022.<\/span><\/h1>\n<\/td>\n<\/tr>\n<\/tbody>\n<\/table>\n<p>[\/et_pb_tab][et_pb_tab title=\u00bbOtros Indicadores (Censal)\u00bb _builder_version=\u00bb4.27.4&#8243; _module_preset=\u00bbdefault\u00bb global_colors_info=\u00bb{}\u00bb]<\/p>\n<table class=\"responsive \">\n<tbody>\n<tr>\n<td align=\"center\" width=\"60\"><a href=\"https:\/\/www.entrerios.gov.ar\/dgec\/wp-content\/uploads\/2024\/11\/Entre-Rios-Total-de-hogares-particulares-y-su-poblacion-por-disponibilidad-de-servicios-publicos.xlsx\"><img loading=\"lazy\" decoding=\"async\" class=\"wp-image-413 alignleft\" src=\"http:\/\/www.entrerios.gov.ar\/dgec\/wp-content\/uploads\/2017\/01\/logoxls.png\" alt=\"logoxls\" width=\"40\" height=\"49\" \/><\/a><\/td>\n<td width=\"530\">\n<h1><span style=\"font-family: 'Open Sans'; font-size: small; font-weight: 300;\">Entre R\u00edos. Total de hogares particulares y poblaci\u00f3n que habita en ellos por disponibilidad de servicios p\u00fablicos (agua de red, cloacas y gas de red) en las viviendas, seg\u00fan departamentos. A\u00f1o 2022.<\/span><\/h1>\n<\/td>\n<\/tr>\n<tr>\n<td align=\"center\" width=\"60\"><a href=\"https:\/\/www.entrerios.gov.ar\/dgec\/wp-content\/uploads\/2024\/11\/Entre-Rios-Total-de-hogares-particulares-por-regimen-de-tenencia-de-las-viviendas.xlsx\"><img loading=\"lazy\" decoding=\"async\" class=\"wp-image-413 alignleft\" src=\"http:\/\/www.entrerios.gov.ar\/dgec\/wp-content\/uploads\/2017\/01\/logoxls.png\" alt=\"logoxls\" width=\"40\" height=\"49\" \/><\/a><\/td>\n<td width=\"530\">\n<h1><span style=\"font-family: 'Open Sans'; font-size: small; font-weight: 300;\">Entre R\u00edos. Total de hogares particulares por r\u00e9gimen de tenencia de las viviendas, seg\u00fan departamentos. A\u00f1o 2022.<\/span><\/h1>\n<\/td>\n<\/tr>\n<tr>\n<td align=\"center\" width=\"60\"><a href=\"https:\/\/www.entrerios.gov.ar\/dgec\/wp-content\/uploads\/2024\/11\/Entre-Rios-Total-de-hogares-particulares-por-disponibilidad-y-procedencia-del-agua.xlsx\"><img loading=\"lazy\" decoding=\"async\" class=\"wp-image-413 alignleft\" src=\"http:\/\/www.entrerios.gov.ar\/dgec\/wp-content\/uploads\/2017\/01\/logoxls.png\" alt=\"logoxls\" width=\"40\" height=\"49\" \/><\/a><\/td>\n<td width=\"530\">\n<h1><span style=\"font-family: 'Open Sans'; font-size: small; font-weight: 300;\"> Entre R\u00edos. Total de hogares particulares por disponibilidad de agua en las viviendas y procedencia, seg\u00fan departamentos. A\u00f1o 2022.<\/span><\/h1>\n<\/td>\n<\/tr>\n<tr>\n<td align=\"center\" width=\"60\"><a href=\"https:\/\/www.entrerios.gov.ar\/dgec\/wp-content\/uploads\/2024\/11\/Entre-Rios-Total-de-hogares-particulares-por-condicion-de-saneamiento-en-las-viviendas.xlsx\"><img loading=\"lazy\" decoding=\"async\" class=\"wp-image-413 alignleft\" src=\"http:\/\/www.entrerios.gov.ar\/dgec\/wp-content\/uploads\/2017\/01\/logoxls.png\" alt=\"logoxls\" width=\"40\" height=\"49\" \/><\/a><\/td>\n<td width=\"530\">\n<h1><span style=\"font-family: 'Open Sans'; font-size: small; font-weight: 300;\"> Entre R\u00edos. Total de hogares particulares por condici\u00f3n de saneamiento en las viviendas, seg\u00fan departamentos. A\u00f1o 2022.<\/span><\/h1>\n<\/td>\n<\/tr>\n<tr>\n<td align=\"center\" width=\"60\"><a href=\"https:\/\/www.entrerios.gov.ar\/dgec\/wp-content\/uploads\/2024\/11\/Entre-Rios-Total-de-hogares-particulares-por-condicion-de-hacinamiento-en-las-viviendas.xlsx\"><img loading=\"lazy\" decoding=\"async\" class=\"wp-image-413 alignleft\" src=\"http:\/\/www.entrerios.gov.ar\/dgec\/wp-content\/uploads\/2017\/01\/logoxls.png\" alt=\"logoxls\" width=\"40\" height=\"49\" \/><\/a><\/td>\n<td width=\"530\">\n<h1><span style=\"font-family: 'Open Sans'; font-size: small; font-weight: 300;\">Entre R\u00edos. Total de hogares particulares por condici\u00f3n de hacinamiento en las viviendas, seg\u00fan departamentos. A\u00f1o 2022.<\/span><\/h1>\n<\/td>\n<\/tr>\n<tr>\n<td align=\"center\" width=\"60\"><a href=\"https:\/\/www.entrerios.gov.ar\/dgec\/wp-content\/uploads\/2024\/11\/Entre-Rios-Total-de-hogares-particulares-por-cobertura-de-salud-segun-departamentos.xlsx\"><img loading=\"lazy\" decoding=\"async\" class=\"wp-image-413 alignleft\" src=\"http:\/\/www.entrerios.gov.ar\/dgec\/wp-content\/uploads\/2017\/01\/logoxls.png\" alt=\"logoxls\" width=\"40\" height=\"49\" \/><\/a><\/td>\n<td width=\"530\">\n<h1><span style=\"font-family: 'Open Sans'; font-size: small; font-weight: 300;\">Entre R\u00edos. Poblaci\u00f3n total en viviendas particulares por cobertura de salud, seg\u00fan departamentos. A\u00f1o 2022.<\/span><\/h1>\n<\/td>\n<\/tr>\n<tr>\n<td align=\"center\" width=\"60\"><a href=\"https:\/\/www.entrerios.gov.ar\/dgec\/wp-content\/uploads\/2024\/11\/Entre-Rios-Total-de-hogares-particulares-por-clima-educativo.xlsx\"><img loading=\"lazy\" decoding=\"async\" class=\"wp-image-413 alignleft\" src=\"http:\/\/www.entrerios.gov.ar\/dgec\/wp-content\/uploads\/2017\/01\/logoxls.png\" alt=\"logoxls\" width=\"40\" height=\"49\" \/><\/a><\/td>\n<td width=\"530\">\n<h1><span style=\"font-family: 'Open Sans'; font-size: small; font-weight: 300;\">Entre R\u00edos. Total de hogares particulares por clima educativo, seg\u00fan departamentos. A\u00f1o 2022.<\/span><\/h1>\n<\/td>\n<\/tr>\n<tr>\n<td align=\"center\" width=\"60\"><a href=\"https:\/\/www.entrerios.gov.ar\/dgec\/wp-content\/uploads\/2024\/11\/Entre-Rios-Total-de-hogares-particulares-por-calidad-de-los-materiales-de-las-viviendas-.xlsx\"><img loading=\"lazy\" decoding=\"async\" class=\"wp-image-413 alignleft\" src=\"http:\/\/www.entrerios.gov.ar\/dgec\/wp-content\/uploads\/2017\/01\/logoxls.png\" alt=\"logoxls\" width=\"40\" height=\"49\" \/><\/a><\/td>\n<td width=\"530\">\n<h1><span style=\"font-family: 'Open Sans'; font-size: small; font-weight: 300;\">Entre R\u00edos. Total de hogares particulares por calidad de los materiales de las viviendas, seg\u00fan departamentos. A\u00f1o 2022.<\/span><\/h1>\n<\/td>\n<\/tr>\n<tr>\n<td align=\"center\" width=\"60\"><a href=\"https:\/\/www.entrerios.gov.ar\/dgec\/wp-content\/uploads\/2017\/06\/4-Entre-R\u00edos-Hogares-partic-y-poblac-x-carencias-de-h\u00e1bitat-segun-deptos-A\u00f1o-2010.xlsx\"><img loading=\"lazy\" decoding=\"async\" class=\"wp-image-413 alignleft\" src=\"http:\/\/www.entrerios.gov.ar\/dgec\/wp-content\/uploads\/2017\/01\/logoxls.png\" alt=\"logoxls\" width=\"40\" height=\"49\" \/><\/a><\/td>\n<td width=\"530\">\n<h1><span style=\"font-family: 'Open Sans'; font-size: small; font-weight: 300;\">Entre R\u00edos. Total de hogares particulares y poblaci\u00f3n que los integra, e indicadores seleccionados de carencias en su h\u00e1bitat. A\u00f1o 2010 (Censal)<\/span><\/h1>\n<\/td>\n<\/tr>\n<tr>\n<td align=\"center\" width=\"60\"><a href=\"https:\/\/www.entrerios.gov.ar\/dgec\/wp-content\/uploads\/2017\/06\/6-Entre-R\u00edos-Hogares-partic-x-tipo-y-sexo-del-jefe-A\u00f1os-2001-y-2010.xlsx\"><img loading=\"lazy\" decoding=\"async\" class=\"wp-image-413 alignleft\" src=\"http:\/\/www.entrerios.gov.ar\/dgec\/wp-content\/uploads\/2017\/01\/logoxls.png\" alt=\"logoxls\" width=\"40\" height=\"49\" \/><\/a><\/td>\n<td width=\"530\">\n<h1><span style=\"font-family: 'Open Sans'; font-size: small; font-weight: 300;\">Entre R\u00edos. Hogares particulares por tipo y sexo del jefe. A\u00f1os 2001 y 2010 (Censal)<\/span><\/h1>\n<\/td>\n<\/tr>\n<tr>\n<td align=\"center\" width=\"60\"><a href=\"https:\/\/www.entrerios.gov.ar\/dgec\/wp-content\/uploads\/2017\/06\/7-Entre-R\u00edos-Pob-de-14-y-a\u00f1os-x-condic-activ-economica-segun-sexo-y-depto-A\u00f1o-2010.xlsx\"><img loading=\"lazy\" decoding=\"async\" class=\"wp-image-413 alignleft\" src=\"http:\/\/www.entrerios.gov.ar\/dgec\/wp-content\/uploads\/2017\/01\/logoxls.png\" alt=\"logoxls\" width=\"40\" height=\"49\" \/><\/a><\/td>\n<td width=\"530\">\n<h1><span style=\"font-family: 'Open Sans'; font-size: small; font-weight: 300;\">Entre R\u00edos. Poblaci\u00f3n de 14 a\u00f1os y m\u00e1s en viviendas particulares por condici\u00f3n de actividad econ\u00f3mica, seg\u00fan sexo y departamento. A\u00f1o 2010 (Censal)<\/span><\/h1>\n<\/td>\n<\/tr>\n<tr>\n<td align=\"center\" width=\"60\"><a href=\"https:\/\/www.entrerios.gov.ar\/dgec\/wp-content\/uploads\/2017\/06\/8-Entre-R\u00edos-Jefes-de-hogar-x-condic-activ-economica-segun-sexo-y-depto-A\u00f1o-2010.xlsx\"><img loading=\"lazy\" decoding=\"async\" class=\"wp-image-413 alignleft\" src=\"http:\/\/www.entrerios.gov.ar\/dgec\/wp-content\/uploads\/2017\/01\/logoxls.png\" alt=\"logoxls\" width=\"40\" height=\"49\" \/><\/a><\/td>\n<td width=\"530\">\n<h1><span style=\"font-family: 'Open Sans'; font-size: small; font-weight: 300;\">Entre R\u00edos. Jefes de hogares particulares por condici\u00f3n de actividad econ\u00f3mica, seg\u00fan sexo y departamento. A\u00f1o 2010 (Censal)<\/span><\/h1>\n<\/td>\n<\/tr>\n<tr>\n<td align=\"center\" width=\"60\"><a href=\"https:\/\/www.entrerios.gov.ar\/dgec\/wp-content\/uploads\/2017\/06\/9-Entre-R\u00edos-Jefes-de-hogar-x-nivel-educat-alcanz-segun-sexo-y-depto-A\u00f1o-2010.xlsx\"><img loading=\"lazy\" decoding=\"async\" class=\"wp-image-413 alignleft\" src=\"http:\/\/www.entrerios.gov.ar\/dgec\/wp-content\/uploads\/2017\/01\/logoxls.png\" alt=\"logoxls\" width=\"40\" height=\"49\" \/><\/a><\/td>\n<td width=\"530\">\n<h1><span style=\"font-family: 'Open Sans'; font-size: small; font-weight: 300;\">Entre R\u00edos. Jefes de hogares particulares por m\u00e1ximo nivel educativo alcanzado, seg\u00fan sexo y departamento. A\u00f1o 2010 (Censal)<\/span><\/h1>\n<\/td>\n<\/tr>\n<\/tbody>\n<\/table>\n<p>[\/et_pb_tab][\/et_pb_tabs][\/et_pb_column_inner][\/et_pb_row_inner][\/et_pb_column][\/et_pb_section][et_pb_section fb_built=\u00bb1&#8243; _builder_version=\u00bb4.16&#8243; _module_preset=\u00bbdefault\u00bb da_disable_devices=\u00bboff|off|off\u00bb global_colors_info=\u00bb{}\u00bb da_is_popup=\u00bboff\u00bb da_exit_intent=\u00bboff\u00bb da_has_close=\u00bbon\u00bb da_alt_close=\u00bboff\u00bb da_dark_close=\u00bboff\u00bb da_not_modal=\u00bbon\u00bb da_is_singular=\u00bboff\u00bb da_with_loader=\u00bboff\u00bb da_has_shadow=\u00bbon\u00bb][et_pb_row _builder_version=\u00bb4.16&#8243; _module_preset=\u00bbdefault\u00bb global_colors_info=\u00bb{}\u00bb][et_pb_column type=\u00bb4_4&#8243; _builder_version=\u00bb4.16&#8243; _module_preset=\u00bbdefault\u00bb global_colors_info=\u00bb{}\u00bb][et_pb_divider show_divider=\u00bboff\u00bb _builder_version=\u00bb4.16&#8243; _module_preset=\u00bbdefault\u00bb global_colors_info=\u00bb{}\u00bb][\/et_pb_divider][et_pb_text _builder_version=\u00bb4.16&#8243; _module_preset=\u00bbdefault\u00bb global_colors_info=\u00bb{}\u00bb]<\/p>\n<h2>Indicadores de Bienestar en Argentina con enfoque de capacidades<\/h2>\n<p>[\/et_pb_text][et_pb_text _builder_version=\u00bb4.16&#8243; _module_preset=\u00bbdefault\u00bb global_colors_info=\u00bb{}\u00bb]<\/p>\n<p>A continuaci\u00f3n dispone de una plataforma de consulta que le brinda la posibilidad de realizar una selecci\u00f3n de indicadores a demanda y obtener resultados para descargar y graficar a trav\u00e9s de un aplicativo din\u00e1mico que se seguir\u00e1 actualizando en sucesivas etapas. La cobertura de los indicadores es a nivel del total del pa\u00eds y un an\u00e1lisis comparativo entre provincias.<br \/>Para aproximarse a la medici\u00f3n del bienestar, los indicadores est\u00e1n organizados en: Indicadores de Contexto, de Bienestar Actual, de Bienestar Futuro y de Sostenibilidad.<\/p>\n<p>[\/et_pb_text][et_pb_button button_url=\u00bbhttps:\/\/shiny.indec.gob.ar\/sies\/?_ga=2.57118250.189294083.1689690541-340375395.1674129544&#8243; url_new_window=\u00bbon\u00bb button_text=\u00bbPlataforma del Sistema Integrado de Estad\u00edsticas Sociales (SIES)\u00bb _builder_version=\u00bb4.16&#8243; _module_preset=\u00bbdefault\u00bb custom_button=\u00bbon\u00bb button_text_color=\u00bb#7CDA24&#8243; global_colors_info=\u00bb{}\u00bb][\/et_pb_button][et_pb_divider show_divider=\u00bboff\u00bb _builder_version=\u00bb4.16&#8243; _module_preset=\u00bbdefault\u00bb global_colors_info=\u00bb{}\u00bb][\/et_pb_divider][\/et_pb_column][\/et_pb_row][\/et_pb_section]<\/p>\n","protected":false},"excerpt":{"rendered":"<p>Condiciones de vida Aglomerados urbanos Concordia y Gran Paran\u00e1. Hogares y Poblaci\u00f3n bajo la L\u00ednea de Pobreza (LP) y bajo la L\u00ednea de Indigencia (LI). 2\u00ba semestre de 2025. (\u00daltimo dato) Aglomerado urbano Pobreza Indigencia Hogares (%) Personas (%) Hogares (%) Personas (%) Concordia 39,3 49,9 9,8 13,6 Gran Paran\u00e1 21,7 31,1 6,2 8,8 Fuente: [&hellip;]<\/p>\n","protected":false},"author":1,"featured_media":0,"parent":0,"menu_order":0,"comment_status":"closed","ping_status":"closed","template":"","meta":{"_et_pb_use_builder":"on","_et_pb_old_content":"","_et_gb_content_width":"","footnotes":""},"_links":{"self":[{"href":"https:\/\/www.entrerios.gov.ar\/dgec\/wp-json\/wp\/v2\/pages\/2407"}],"collection":[{"href":"https:\/\/www.entrerios.gov.ar\/dgec\/wp-json\/wp\/v2\/pages"}],"about":[{"href":"https:\/\/www.entrerios.gov.ar\/dgec\/wp-json\/wp\/v2\/types\/page"}],"author":[{"embeddable":true,"href":"https:\/\/www.entrerios.gov.ar\/dgec\/wp-json\/wp\/v2\/users\/1"}],"replies":[{"embeddable":true,"href":"https:\/\/www.entrerios.gov.ar\/dgec\/wp-json\/wp\/v2\/comments?post=2407"}],"version-history":[{"count":82,"href":"https:\/\/www.entrerios.gov.ar\/dgec\/wp-json\/wp\/v2\/pages\/2407\/revisions"}],"predecessor-version":[{"id":222398,"href":"https:\/\/www.entrerios.gov.ar\/dgec\/wp-json\/wp\/v2\/pages\/2407\/revisions\/222398"}],"wp:attachment":[{"href":"https:\/\/www.entrerios.gov.ar\/dgec\/wp-json\/wp\/v2\/media?parent=2407"}],"curies":[{"name":"wp","href":"https:\/\/api.w.org\/{rel}","templated":true}]}}