{"id":3112,"date":"2017-08-08T12:27:07","date_gmt":"2017-08-08T12:27:07","guid":{"rendered":"https:\/\/www.entrerios.gov.ar\/dgec\/?page_id=3112"},"modified":"2018-03-07T11:26:04","modified_gmt":"2018-03-07T11:26:04","slug":"buscador-cuadros-censo-2010","status":"publish","type":"page","link":"https:\/\/www.entrerios.gov.ar\/dgec\/buscador-cuadros-censo-2010\/","title":{"rendered":"Buscador Cuadros Censo 2010"},"content":{"rendered":"<p style=\"text-align: left;\"><b>Seleccione el \u00e1rea geogr\u00e1fica y tem\u00e1tica de su inter\u00e9s.<\/b><br \/>\n<b> Tenga en cuenta que los cuadros de las \u00e1reas de gobierno local (municipios y juntas de Gobierno) por fracci\u00f3n y radio censales los encontrar\u00e1 seleccionando el departamento\u00a0al que pertenecen.<\/b><\/p>\n<p style=\"text-align: left;\"><strong>Resultados:<\/strong><\/p>\n<p>[facetwp template=\u00bbresultados\u00bb]<\/p>\n","protected":false},"excerpt":{"rendered":"<p>Seleccione el \u00e1rea geogr\u00e1fica y tem\u00e1tica de su inter\u00e9s. Tenga en cuenta que los cuadros de las \u00e1reas de gobierno local (municipios y juntas de Gobierno) por fracci\u00f3n y radio censales los encontrar\u00e1 seleccionando el departamento\u00a0al que pertenecen. Resultados: [facetwp template=\u00bbresultados\u00bb]<\/p>\n","protected":false},"author":1,"featured_media":0,"parent":0,"menu_order":0,"comment_status":"closed","ping_status":"closed","template":"","meta":{"_et_pb_use_builder":"off","_et_pb_old_content":"<p style=\"text-align: left;\"><strong>Seleccione el area geografica y tematica de su interes.<\/strong><\/p><p style=\"text-align: left;\"><strong>Resultados:<\/strong><\/p><p>[facetwp template=\"resultados\"]<\/p>","_et_gb_content_width":"","footnotes":""},"_links":{"self":[{"href":"https:\/\/www.entrerios.gov.ar\/dgec\/wp-json\/wp\/v2\/pages\/3112"}],"collection":[{"href":"https:\/\/www.entrerios.gov.ar\/dgec\/wp-json\/wp\/v2\/pages"}],"about":[{"href":"https:\/\/www.entrerios.gov.ar\/dgec\/wp-json\/wp\/v2\/types\/page"}],"author":[{"embeddable":true,"href":"https:\/\/www.entrerios.gov.ar\/dgec\/wp-json\/wp\/v2\/users\/1"}],"replies":[{"embeddable":true,"href":"https:\/\/www.entrerios.gov.ar\/dgec\/wp-json\/wp\/v2\/comments?post=3112"}],"version-history":[{"count":0,"href":"https:\/\/www.entrerios.gov.ar\/dgec\/wp-json\/wp\/v2\/pages\/3112\/revisions"}],"wp:attachment":[{"href":"https:\/\/www.entrerios.gov.ar\/dgec\/wp-json\/wp\/v2\/media?parent=3112"}],"curies":[{"name":"wp","href":"https:\/\/api.w.org\/{rel}","templated":true}]}}