{"id":4708,"date":"2018-01-17T14:15:01","date_gmt":"2018-01-17T14:15:01","guid":{"rendered":"https:\/\/www.entrerios.gov.ar\/dgec\/?page_id=4708"},"modified":"2018-01-17T14:15:01","modified_gmt":"2018-01-17T14:15:01","slug":"departamentos-sistema-informaticos","status":"publish","type":"page","link":"https:\/\/www.entrerios.gov.ar\/dgec\/departamentos-sistema-informaticos\/","title":{"rendered":"Departamentos sistema informaticos"},"content":{"rendered":"<p>[et_pb_section bb_built=\u00bb1&#8243; admin_label=\u00bbsection\u00bb fullwidth=\u00bbon\u00bb specialty=\u00bboff\u00bb][et_pb_fullwidth_slider admin_label=\u00bbFullwidth Slider\u00bb show_arrows=\u00bbon\u00bb show_pagination=\u00bbon\u00bb auto=\u00bboff\u00bb parallax=\u00bbon\u00bb auto_ignore_hover=\u00bboff\u00bb parallax_method=\u00bboff\u00bb remove_inner_shadow=\u00bboff\u00bb background_position=\u00bbdefault\u00bb background_size=\u00bbdefault\u00bb hide_content_on_mobile=\u00bboff\u00bb hide_cta_on_mobile=\u00bboff\u00bb show_image_video_mobile=\u00bboff\u00bb custom_button=\u00bboff\u00bb button_letter_spacing=\u00bb0&#8243; button_use_icon=\u00bbdefault\u00bb button_icon_placement=\u00bbright\u00bb button_on_hover=\u00bbon\u00bb button_letter_spacing_hover=\u00bb0&#8243;] [et_pb_slide heading=\u00bbDepartamentos sistema inform\u00e1ticos\u00bb background_color=\u00bb#21a5c6&#8243; alignment=\u00bbcenter\u00bb background_layout=\u00bbdark\u00bb background_position=\u00bbdefault\u00bb background_size=\u00bbdefault\u00bb use_bg_overlay=\u00bboff\u00bb use_text_overlay=\u00bboff\u00bb allow_player_pause=\u00bboff\u00bb text_border_radius=\u00bb3&#8243; header_font_select=\u00bbdefault\u00bb header_font=\u00bb||||\u00bb body_font_select=\u00bbdefault\u00bb body_font=\u00bb||||\u00bb custom_button=\u00bboff\u00bb button_font_select=\u00bbdefault\u00bb button_font=\u00bb||||\u00bb button_use_icon=\u00bbdefault\u00bb button_icon_placement=\u00bbright\u00bb button_on_hover=\u00bbon\u00bb \/] [\/et_pb_fullwidth_slider][\/et_pb_section][et_pb_section bb_built=\u00bb1&#8243; admin_label=\u00bbsection\u00bb fullwidth=\u00bboff\u00bb specialty=\u00bboff\u00bb inner_shadow=\u00bboff\u00bb parallax=\u00bboff\u00bb][et_pb_row admin_label=\u00bbrow\u00bb][et_pb_column type=\u00bb4_4&#8243;][et_pb_text admin_label=\u00bbText\u00bb background_layout=\u00bblight\u00bb text_orientation=\u00bbleft\u00bb use_border_color=\u00bboff\u00bb border_color=\u00bb#ffffff\u00bb border_style=\u00bbsolid\u00bb]<\/p>\n<p><strong>Actividades<\/strong><\/p>\n<ol>\n<li>Dise\u00f1ar la estructura inform\u00e1tica de la Direcci\u00f3n.<\/li>\n<li>Dise\u00f1ar, desarrollar e implementar los sistemas inform\u00e1ticos necesarios para dar apoyo y soporte a las tareas estad\u00edsticas del Organismo.<\/li>\n<li>Realizar soporte t\u00e9cnico, atenci\u00f3n a los usuarios de internet y desarrollo de sistemas de informaci\u00f3n estad\u00edstica en diferentes entornos.<\/li>\n<li>Coordinar las pol\u00edticas de procesamiento de bases de datos, almacenamiento, respaldo, seguridad informatica, comunicaciones interconexi\u00f3n y consolidaci\u00f3n\u00a0 de la infraestructura informatica de la Direcci\u00f3n.<\/li>\n<li>\u00a0Realizar el asesoramiento en proyectos informaticos y modernizaci\u00f3n tecnol\u00f3gica y coordinar la asistencia tecnica en materia inform\u00e1tica con la Direcci\u00f3n General de inform\u00e1tica de la Provincia y el instituto Nacional.<\/li>\n<li>Desarrollar adem\u00e1s, todas las otras acciones que surjan de su funci\u00f3n, las complementarias de la misma, las necesarias para su administraci\u00f3n interna y las que fije el Director General.<\/li>\n<\/ol>\n<p>[\/et_pb_text][\/et_pb_column][\/et_pb_row][\/et_pb_section]<\/p>\n","protected":false},"excerpt":{"rendered":"<p>Actividades Dise\u00f1ar la estructura inform\u00e1tica de la Direcci\u00f3n. Dise\u00f1ar, desarrollar e implementar los sistemas inform\u00e1ticos necesarios para dar apoyo y soporte a las tareas estad\u00edsticas del Organismo. Realizar soporte t\u00e9cnico, atenci\u00f3n a los usuarios de internet y desarrollo de sistemas de informaci\u00f3n estad\u00edstica en diferentes entornos. Coordinar las pol\u00edticas de procesamiento de bases de datos, [&hellip;]<\/p>\n","protected":false},"author":1,"featured_media":0,"parent":0,"menu_order":0,"comment_status":"closed","ping_status":"closed","template":"","meta":{"_et_pb_use_builder":"on","_et_pb_old_content":"","_et_gb_content_width":"","footnotes":""},"_links":{"self":[{"href":"https:\/\/www.entrerios.gov.ar\/dgec\/wp-json\/wp\/v2\/pages\/4708"}],"collection":[{"href":"https:\/\/www.entrerios.gov.ar\/dgec\/wp-json\/wp\/v2\/pages"}],"about":[{"href":"https:\/\/www.entrerios.gov.ar\/dgec\/wp-json\/wp\/v2\/types\/page"}],"author":[{"embeddable":true,"href":"https:\/\/www.entrerios.gov.ar\/dgec\/wp-json\/wp\/v2\/users\/1"}],"replies":[{"embeddable":true,"href":"https:\/\/www.entrerios.gov.ar\/dgec\/wp-json\/wp\/v2\/comments?post=4708"}],"version-history":[{"count":0,"href":"https:\/\/www.entrerios.gov.ar\/dgec\/wp-json\/wp\/v2\/pages\/4708\/revisions"}],"wp:attachment":[{"href":"https:\/\/www.entrerios.gov.ar\/dgec\/wp-json\/wp\/v2\/media?parent=4708"}],"curies":[{"name":"wp","href":"https:\/\/api.w.org\/{rel}","templated":true}]}}