{"id":71,"date":"2017-01-30T01:50:07","date_gmt":"2017-01-30T01:50:07","guid":{"rendered":"http:\/\/localhost\/?page_id=71"},"modified":"2025-07-24T16:18:21","modified_gmt":"2025-07-24T13:18:21","slug":"seguridad-social","status":"publish","type":"page","link":"https:\/\/www.entrerios.gov.ar\/dgec\/seguridad-social\/","title":{"rendered":"Seguridad  Social"},"content":{"rendered":"<p>[et_pb_section fb_built=\u00bb1&#8243; specialty=\u00bbon\u00bb custom_padding_last_edited=\u00bbon|desktop\u00bb parallax_method_1=\u00bboff\u00bb parallax_method_2=\u00bboff\u00bb admin_label=\u00bbSecci\u00f3n\u00bb module_class=\u00bb et_pb_specialty_fullwidth\u00bb _builder_version=\u00bb4.16&#8243; inner_width=\u00bb89%\u00bb inner_width_tablet=\u00bb80%\u00bb inner_width_phone=\u00bb80%\u00bb inner_width_last_edited=\u00bbon|desktop\u00bb inner_max_width=\u00bb89%\u00bb inner_max_width_tablet=\u00bb80%\u00bb inner_max_width_phone=\u00bb80%\u00bb inner_max_width_last_edited=\u00bbon|desktop\u00bb custom_padding_tablet=\u00bb50px|0|50px|0&#8243; custom_padding_phone=\u00bb50px|0|50px|0&#8243; da_disable_devices=\u00bboff|off|off\u00bb transparent_background=\u00bboff\u00bb padding_mobile=\u00bboff\u00bb make_fullwidth=\u00bbon\u00bb use_custom_width=\u00bboff\u00bb width_unit=\u00bboff\u00bb custom_width_px=\u00bb1080px\u00bb custom_width_percent=\u00bb80%\u00bb global_colors_info=\u00bb{}\u00bb da_is_popup=\u00bboff\u00bb da_exit_intent=\u00bboff\u00bb da_has_close=\u00bbon\u00bb da_alt_close=\u00bboff\u00bb da_dark_close=\u00bboff\u00bb da_not_modal=\u00bbon\u00bb da_is_singular=\u00bboff\u00bb da_with_loader=\u00bboff\u00bb da_has_shadow=\u00bbon\u00bb][et_pb_column type=\u00bb1_2&#8243; _builder_version=\u00bb4.16&#8243; custom_padding=\u00bb|||\u00bb global_colors_info=\u00bb{}\u00bb custom_padding__hover=\u00bb|||\u00bb][et_pb_text admin_label=\u00bbTexto\u00bb _builder_version=\u00bb4.16&#8243; background_size=\u00bbinitial\u00bb background_position=\u00bbtop_left\u00bb background_repeat=\u00bbrepeat\u00bb use_border_color=\u00bboff\u00bb border_style=\u00bbsolid\u00bb inline_fonts=\u00bbOpen Sans Light\u00bb global_colors_info=\u00bb{}\u00bb]<\/p>\n<h1><span style=\"font-family: 'Open Sans'; font-weight: 300;\"><span style=\"font-size: 70px;\">Seguridad Social<br \/>\n<\/span><em><span style=\"font-size: 70px;\"><br \/>\n<\/span><\/em><\/span><\/h1>\n<p>[\/et_pb_text][et_pb_text admin_label=\u00bbTexto\u00bb _builder_version=\u00bb4.16&#8243; background_size=\u00bbinitial\u00bb background_position=\u00bbtop_left\u00bb background_repeat=\u00bbrepeat\u00bb use_border_color=\u00bboff\u00bb border_color=\u00bb#ffffff\u00bb border_style=\u00bbsolid\u00bb global_colors_info=\u00bb{}\u00bb]<\/p>\n<p><strong>Entre R\u00edos. <b>Poblaci\u00f3n en viviendas particulares que percibe jubilaci\u00f3n o pensi\u00f3n por sexo, seg\u00fan grupos de edad. A\u00f1o 2022<\/b><\/strong><\/p>\n<p>&nbsp;<\/p>\n<table style=\"width: 476px; height: 210px;\" border=\"0\" width=\"466\">\n<tbody>\n<tr style=\"height: 95px;\">\n<td style=\"width: 115px; height: 95px;\" align=\"center\"><strong>Grupos de edad<\/strong><\/td>\n<td style=\"width: 116px; text-align: center; height: 95px;\"><strong>Poblaci\u00f3n perceptora de jubilaci\u00f3n y\/o pensi\u00f3n<\/strong><\/td>\n<td style=\"width: 118px; text-align: center; height: 95px;\"><strong>Mujeres perceptoras de jubilaci\u00f3n y\/o pensi\u00f3n<\/strong><\/td>\n<td style=\"width: 127px; text-align: center; height: 95px;\"><strong>Varones perceptores de jubilaci\u00f3n y\/o pensi\u00f3n<\/strong><\/td>\n<\/tr>\n<tr style=\"height: 23px;\">\n<td style=\"width: 115px; height: 23px; text-align: center;\">Total<\/td>\n<td style=\"width: 116px; text-align: center;\" align=\"center\">280.702<\/td>\n<td style=\"width: 118px; text-align: center;\" align=\"center\">170.288<\/td>\n<td style=\"width: 127px; text-align: center;\" align=\"center\">110.414<\/td>\n<\/tr>\n<tr style=\"height: 23px;\">\n<td style=\"width: 115px; height: 23px;\" align=\"center\">0 a 54 a\u00f1os<\/td>\n<td style=\"width: 116px; height: 23px; text-align: center;\">22,6%<\/td>\n<td style=\"width: 118px; height: 23px; text-align: center;\">21,5%<\/td>\n<td style=\"width: 127px; text-align: center;\" align=\"right\">24,1%<\/td>\n<\/tr>\n<tr style=\"height: 23px;\">\n<td style=\"width: 115px; height: 23px;\" align=\"center\">55 a 64 a\u00f1os<\/td>\n<td style=\"width: 116px; height: 23px; text-align: center;\">20,4%<\/td>\n<td style=\"width: 118px; text-align: center;\" align=\"right\">22,5%<\/td>\n<td style=\"width: 127px; text-align: center;\" align=\"right\">17,1%<\/td>\n<\/tr>\n<tr style=\"height: 23px;\">\n<td style=\"width: 115px; height: 23px;\" align=\"center\">65 a 74 a\u00f1os<\/td>\n<td style=\"width: 116px; height: 23px; text-align: center;\">33,2%<\/td>\n<td style=\"width: 118px; text-align: center;\" align=\"right\">30,9%<\/td>\n<td style=\"width: 127px; text-align: center;\" align=\"right\">36,7%<\/td>\n<\/tr>\n<tr style=\"height: 23px;\">\n<td style=\"width: 115px; height: 23px;\" align=\"center\">75 y m\u00e1s a\u00f1os<\/td>\n<td style=\"width: 116px; height: 23px; text-align: center;\">23,9%<\/td>\n<td style=\"width: 118px; text-align: center;\" align=\"right\">25,1%<\/td>\n<td style=\"width: 127px; text-align: center;\" align=\"right\">22,1%<\/td>\n<\/tr>\n<\/tbody>\n<\/table>\n<p>&nbsp;<\/p>\n<p>Nota: incluye perceptores s\u00f3lo de jubilaci\u00f3n, s\u00f3lo de pensi\u00f3n por fallecimiento, de ambas categor\u00edas y pensiones de otro tipo.<br \/>Fuente: INDEC. Censo Nacional de Poblaci\u00f3n, Hogares y Viviendas 2022.<\/p>\n<p>[\/et_pb_text][\/et_pb_column][et_pb_column type=\u00bb1_2&#8243; specialty_columns=\u00bb2&#8243; _builder_version=\u00bb4.16&#8243; custom_padding=\u00bb|||\u00bb global_colors_info=\u00bb{}\u00bb custom_padding__hover=\u00bb|||\u00bb][et_pb_row_inner padding_mobile=\u00bboff\u00bb column_padding_mobile=\u00bboff\u00bb admin_label=\u00bbFila\u00bb _builder_version=\u00bb4.16&#8243; global_colors_info=\u00bb{}\u00bb][et_pb_column_inner saved_specialty_column_type=\u00bb1_2&#8243; _builder_version=\u00bb4.16&#8243; custom_padding=\u00bb|||\u00bb global_colors_info=\u00bb{}\u00bb custom_padding__hover=\u00bb|||\u00bb][et_pb_text admin_label=\u00bbTexto\u00bb _builder_version=\u00bb4.16&#8243; background_size=\u00bbinitial\u00bb background_position=\u00bbtop_left\u00bb background_repeat=\u00bbrepeat\u00bb use_border_color=\u00bboff\u00bb border_style=\u00bbsolid\u00bb global_colors_info=\u00bb{}\u00bb]En esta Secci\u00f3n se divulgan datos de la poblaci\u00f3n con alg\u00fan tipo de cobertura previsional y social, tanto del nivel provincial como del sistema nacional.<br \/>\nSe presenta informaci\u00f3n elaborada por la Caja de Jubilaciones y Pensiones de Entre R\u00edos y del Bolet\u00edn Estad\u00edstico de la Seguridad Social que publica el Ministerio de Trabajo, Empleo y Seguridad Social.<br \/>\n[\/et_pb_text][et_pb_accordion admin_label=\u00bbAcorde\u00f3n\u00bb _builder_version=\u00bb4.27.4&#8243; hover_enabled=\u00bb0&#8243; use_border_color=\u00bboff\u00bb border_color=\u00bb#ffffff\u00bb border_style=\u00bbsolid\u00bb global_colors_info=\u00bb{}\u00bb sticky_enabled=\u00bb0&#8243;][et_pb_accordion_item title=\u00bbPoblaci\u00f3n beneficiaria del sistema previsional provincial y haber promedio. \u00bb open=\u00bbon\u00bb _builder_version=\u00bb4.27.4&#8243; use_border_color=\u00bboff\u00bb border_color=\u00bb#ffffff\u00bb border_width=\u00bb1px\u00bb border_style=\u00bbsolid\u00bb global_colors_info=\u00bb{}\u00bb]<\/p>\n<p>&nbsp;<\/p>\n<p><a href=\"https:\/\/www.entrerios.gov.ar\/dgec\/wp-content\/uploads\/2025\/07\/SS1_-Benef-Sist-Prev-y-Haber-Promedio.xls\"><img loading=\"lazy\" decoding=\"async\" class=\"alignnone wp-image-413\" src=\"http:\/\/www.entrerios.gov.ar\/dgec\/wp-content\/uploads\/2017\/01\/logoxls.png\" alt=\"logoxls\" width=\"40\" height=\"49\" \/><\/a><\/p>\n<p>&nbsp;<\/p>\n<p>[\/et_pb_accordion_item][et_pb_accordion_item title=\u00bbTotal de beneficiarios y total de haberes del sistema previsional provincial, seg\u00fan departamentos. \u00bb _builder_version=\u00bb4.27.4&#8243; use_border_color=\u00bboff\u00bb border_color=\u00bb#ffffff\u00bb border_width=\u00bb1px\u00bb border_style=\u00bbsolid\u00bb global_colors_info=\u00bb{}\u00bb open=\u00bboff\u00bb]<a href=\"https:\/\/www.entrerios.gov.ar\/dgec\/wp-content\/uploads\/2025\/07\/SS2_-Benef-y-Haberes-x-dpto.xls\"><img loading=\"lazy\" decoding=\"async\" class=\"alignnone wp-image-412\" src=\"http:\/\/www.entrerios.gov.ar\/dgec\/wp-content\/uploads\/2017\/01\/logoxls.png\" alt=\"logoxls\" width=\"40\" height=\"49\"><\/a>[\/et_pb_accordion_item][et_pb_accordion_item title=\u00bbTotal de beneficiarios por sexo, total de haberes y haberes promedio del sistema previsional provincial, seg\u00fan escalafones principales y secundarios. \u00bb _builder_version=\u00bb4.27.4&#8243; use_border_color=\u00bboff\u00bb border_color=\u00bb#ffffff\u00bb border_width=\u00bb1px\u00bb border_style=\u00bbsolid\u00bb global_colors_info=\u00bb{}\u00bb open=\u00bboff\u00bb]<a href=\"https:\/\/www.entrerios.gov.ar\/dgec\/wp-content\/uploads\/2025\/07\/SS3_Benef-x-sexo-y-Haberes-Tot-y-Prom-Escalaf-Princip-y-Secund.xls\"><img loading=\"lazy\" decoding=\"async\" class=\"alignnone wp-image-413\" src=\"http:\/\/www.entrerios.gov.ar\/dgec\/wp-content\/uploads\/2017\/01\/logoxls.png\" alt=\"logoxls\" width=\"40\" height=\"49\"><\/a>[\/et_pb_accordion_item][et_pb_accordion_item title=\u00bb Sistema Previsional Provincial: total de beneficiarios y promedio de edad por tipo de beneficio y sexo. \u00bb _builder_version=\u00bb4.27.4&#8243; use_border_color=\u00bboff\u00bb border_color=\u00bb#ffffff\u00bb border_width=\u00bb1px\u00bb border_style=\u00bbsolid\u00bb global_colors_info=\u00bb{}\u00bb open=\u00bboff\u00bb]<a href=\"https:\/\/www.entrerios.gov.ar\/dgec\/wp-content\/uploads\/2025\/07\/SS4_-Benef-x-tipo-edad-sexo.xls\"><img loading=\"lazy\" decoding=\"async\" class=\"alignnone wp-image-413\" src=\"http:\/\/www.entrerios.gov.ar\/dgec\/wp-content\/uploads\/2017\/01\/logoxls.png\" alt=\"logoxls\" width=\"40\" height=\"49\"><\/a>[\/et_pb_accordion_item][et_pb_accordion_item title=\u00bbEntre R\u00edos. Total de Beneficiarios por Tipo de Beneficio, Total de Haberes y Haberes Promedio del Sistema Previsional Provincial, seg\u00fan Escalafones Principales. \u00bb _builder_version=\u00bb4.27.4&#8243; use_border_color=\u00bboff\u00bb border_color=\u00bb#ffffff\u00bb border_width=\u00bb1px\u00bb border_style=\u00bbsolid\u00bb global_colors_info=\u00bb{}\u00bb open=\u00bboff\u00bb]<\/p>\n<p><a href=\"https:\/\/www.entrerios.gov.ar\/dgec\/wp-content\/uploads\/2025\/07\/SS5_-Benef-y-Haberes-tot-y-prom-x-Escalaf-Principal.xls\"><img loading=\"lazy\" decoding=\"async\" class=\"alignnone wp-image-413\" src=\"http:\/\/www.entrerios.gov.ar\/dgec\/wp-content\/uploads\/2017\/01\/logoxls.png\" alt=\"logoxls\" width=\"40\" height=\"49\" \/><\/a><\/p>\n<p>[\/et_pb_accordion_item][et_pb_accordion_item title=\u00bbTotal Pa\u00eds y Entre R\u00edos. Beneficios y Haber Medio del Sistema Integrado Previsional Argentino (SIPA).\u00bb _builder_version=\u00bb4.27.4&#8243; hover_enabled=\u00bb0&#8243; use_border_color=\u00bboff\u00bb border_color=\u00bb#ffffff\u00bb border_width=\u00bb1px\u00bb border_style=\u00bbsolid\u00bb global_colors_info=\u00bb{}\u00bb open=\u00bboff\u00bb sticky_enabled=\u00bb0&#8243;]<\/p>\n<p><a href=\"https:\/\/www.entrerios.gov.ar\/dgec\/wp-content\/uploads\/2025\/07\/SS6-beneficiarios-prev-nac.xls\"><img loading=\"lazy\" decoding=\"async\" class=\"alignnone wp-image-413\" src=\"http:\/\/www.entrerios.gov.ar\/dgec\/wp-content\/uploads\/2017\/01\/logoxls.png\" alt=\"logoxls\" width=\"40\" height=\"49\" \/><\/a><\/p>\n<p>[\/et_pb_accordion_item][et_pb_accordion_item title=\u00bbTotal Pa\u00eds y Entre R\u00edos. Beneficios vigentes y haber medio previsional del Sistema Integrado Previsional Argentino (SIPA) por tipo de beneficio y sexo.\u00bb _builder_version=\u00bb4.27.4&#8243; hover_enabled=\u00bb0&#8243; use_border_color=\u00bboff\u00bb border_color=\u00bb#ffffff\u00bb border_width=\u00bb1px\u00bb border_style=\u00bbsolid\u00bb global_colors_info=\u00bb{}\u00bb open=\u00bboff\u00bb sticky_enabled=\u00bb0&#8243;]<a href=\"https:\/\/www.entrerios.gov.ar\/dgec\/wp-content\/uploads\/2025\/07\/SS7-Benef-y-hab-medio-SIPA-x-tipo-benef-y-sexo.xlsx\"><img loading=\"lazy\" decoding=\"async\" class=\"alignnone wp-image-413\" src=\"http:\/\/www.entrerios.gov.ar\/dgec\/wp-content\/uploads\/2017\/01\/logoxls.png\" alt=\"logoxls\" width=\"40\" height=\"49\" \/><\/a>[\/et_pb_accordion_item][et_pb_accordion_item title=\u00bbTotal Pa\u00eds y Entre R\u00edos. Pensiones no contributivas.\u00bb _builder_version=\u00bb4.27.4&#8243; use_border_color=\u00bboff\u00bb border_color=\u00bb#ffffff\u00bb border_width=\u00bb1px\u00bb border_style=\u00bbsolid\u00bb global_colors_info=\u00bb{}\u00bb open=\u00bboff\u00bb]<a href=\"https:\/\/www.entrerios.gov.ar\/dgec\/wp-content\/uploads\/2025\/07\/SS8-pais-er-pensiones-no-contributivas.xlsx\"><img loading=\"lazy\" decoding=\"async\" class=\"alignnone wp-image-413\" src=\"http:\/\/www.entrerios.gov.ar\/dgec\/wp-content\/uploads\/2017\/01\/logoxls.png\" alt=\"logoxls\" width=\"40\" height=\"49\" \/><\/a>[\/et_pb_accordion_item][et_pb_accordion_item title=\u00bbTotal Pa\u00eds y Entre R\u00edos. Pensiones nacionales no contributivas seg\u00fan tipo de beneficio y pensi\u00f3n universal para adulto mayor.\u00bb _builder_version=\u00bb4.27.4&#8243; use_border_color=\u00bboff\u00bb border_color=\u00bb#ffffff\u00bb border_width=\u00bb1px\u00bb border_style=\u00bbsolid\u00bb global_colors_info=\u00bb{}\u00bb open=\u00bboff\u00bb]<a href=\"https:\/\/www.entrerios.gov.ar\/dgec\/wp-content\/uploads\/2025\/07\/SS9-pensiones-no-cont-tipo-benef.xlsx\"><img loading=\"lazy\" decoding=\"async\" class=\"alignnone wp-image-413\" src=\"http:\/\/www.entrerios.gov.ar\/dgec\/wp-content\/uploads\/2017\/01\/logoxls.png\" alt=\"logoxls\" width=\"40\" height=\"49\"><\/a>[\/et_pb_accordion_item][et_pb_accordion_item title=\u00bbTotal Pa\u00eds y Entre R\u00edos. Beneficiarios de la prestaci\u00f3n por desempleo seg\u00fan sexo.\u00bb _builder_version=\u00bb4.27.4&#8243; use_border_color=\u00bboff\u00bb border_color=\u00bb#ffffff\u00bb border_width=\u00bb1px\u00bb border_style=\u00bbsolid\u00bb global_colors_info=\u00bb{}\u00bb open=\u00bboff\u00bb]<a href=\"https:\/\/www.entrerios.gov.ar\/dgec\/wp-content\/uploads\/2025\/07\/SS10-Benef-prest-x-desempleo-segun-sexo.xlsx\"><img loading=\"lazy\" decoding=\"async\" class=\"alignnone wp-image-413\" src=\"http:\/\/www.entrerios.gov.ar\/dgec\/wp-content\/uploads\/2017\/01\/logoxls.png\" alt=\"logoxls\" width=\"40\" height=\"49\"><\/a>[\/et_pb_accordion_item][et_pb_accordion_item title=\u00bbTotal Pa\u00eds y Entre R\u00edos. Trabajadores Cubiertos, Empleadores Asegurados y Masa Salarial del Sistema de Riesgos del Trabajo.\u00bb _builder_version=\u00bb4.27.4&#8243; use_border_color=\u00bboff\u00bb border_color=\u00bb#ffffff\u00bb border_width=\u00bb1px\u00bb border_style=\u00bbsolid\u00bb global_colors_info=\u00bb{}\u00bb open=\u00bboff\u00bb]<a href=\"https:\/\/www.entrerios.gov.ar\/dgec\/wp-content\/uploads\/2025\/07\/SS11-trabajadores-empl-masa-sist-riesgo.xls\"><img loading=\"lazy\" decoding=\"async\" class=\"alignnone wp-image-413\" src=\"http:\/\/www.entrerios.gov.ar\/dgec\/wp-content\/uploads\/2017\/01\/logoxls.png\" alt=\"logoxls\" width=\"40\" height=\"49\"><\/a>[\/et_pb_accordion_item][et_pb_accordion_item title=\u00bbTotal Pa\u00eds y Entre R\u00edos. Juicios por accidentes de trabajo seg\u00fan jurisdicci\u00f3n de radicaci\u00f3n.\u00bb _builder_version=\u00bb4.27.4&#8243; use_border_color=\u00bboff\u00bb border_color=\u00bb#ffffff\u00bb border_width=\u00bb1px\u00bb border_style=\u00bbsolid\u00bb global_colors_info=\u00bb{}\u00bb open=\u00bboff\u00bb]<a href=\"https:\/\/www.entrerios.gov.ar\/dgec\/wp-content\/uploads\/2025\/07\/SS12-Juicios-Acc-Trabajo.xlsx\"><img loading=\"lazy\" decoding=\"async\" class=\"alignnone wp-image-413\" src=\"http:\/\/www.entrerios.gov.ar\/dgec\/wp-content\/uploads\/2017\/01\/logoxls.png\" alt=\"logoxls\" width=\"40\" height=\"49\"><\/a>[\/et_pb_accordion_item][et_pb_accordion_item title=\u00bbTotal Pa\u00eds y Entre R\u00edos. Lesiones con mayor morbi-mortalidad y secuelas incapacitantes (Resoluci\u00f3n SRT N\u00ba 283\/02 y sus modificatorias) en el total del sistema de riesgos de trabajo.\u00bb _builder_version=\u00bb4.27.4&#8243; use_border_color=\u00bboff\u00bb border_color=\u00bb#ffffff\u00bb border_width=\u00bb1px\u00bb border_style=\u00bbsolid\u00bb global_colors_info=\u00bb{}\u00bb open=\u00bboff\u00bb]<a href=\"https:\/\/www.entrerios.gov.ar\/dgec\/wp-content\/uploads\/2025\/07\/SS13-Lesiones-incapac-Sist-Riesgos-Acc-Trabajo.xlsx\"><img loading=\"lazy\" decoding=\"async\" class=\"alignnone wp-image-413\" src=\"http:\/\/www.entrerios.gov.ar\/dgec\/wp-content\/uploads\/2017\/01\/logoxls.png\" alt=\"logoxls\" width=\"40\" height=\"49\"><\/a>[\/et_pb_accordion_item][et_pb_accordion_item title=\u00bbEntre R\u00edos. Poblaci\u00f3n total en viviendas particulares y por percepci\u00f3n de jubilaci\u00f3n o pensi\u00f3n, seg\u00fan sexo registrado al nacer y grupos quinquenales de edad. Valores absolutos y relativos. A\u00f1o 2022.\u00bb _builder_version=\u00bb4.24.2&#8243; use_border_color=\u00bboff\u00bb border_color=\u00bb#ffffff\u00bb border_width=\u00bb1px\u00bb border_style=\u00bbsolid\u00bb global_colors_info=\u00bb{}\u00bb open=\u00bboff\u00bb]<\/p>\n<p><a href=\"https:\/\/www.entrerios.gov.ar\/dgec\/wp-content\/uploads\/2024\/03\/SS14-ER-Pob-en-viv-part-x-percep-de-jub-o-pension-segun-sexo-y-grupos-edad-Censo-2022.xlsx\"><img loading=\"lazy\" decoding=\"async\" class=\"alignnone wp-image-413\" src=\"http:\/\/www.entrerios.gov.ar\/dgec\/wp-content\/uploads\/2017\/01\/logoxls.png\" alt=\"logoxls\" width=\"40\" height=\"49\" \/><\/a><\/p>\n<p>[\/et_pb_accordion_item][et_pb_accordion_item title=\u00bbEntre R\u00edos. Poblaci\u00f3n total en viviendas particulares y por percepci\u00f3n de jubilaci\u00f3n o pensi\u00f3n, seg\u00fan departamentos. Valores absolutos y relativos. A\u00f1o 2022.\u00bb _builder_version=\u00bb4.24.2&#8243; use_border_color=\u00bboff\u00bb border_color=\u00bb#ffffff\u00bb border_width=\u00bb1px\u00bb border_style=\u00bbsolid\u00bb global_colors_info=\u00bb{}\u00bb open=\u00bboff\u00bb]<a href=\"https:\/\/www.entrerios.gov.ar\/dgec\/wp-content\/uploads\/2024\/03\/SS15-ER-Pob-en-viv-part-x-percep-de-jub-o-pension-segun-deptos-Censo-2022.xlsx\"><img loading=\"lazy\" decoding=\"async\" class=\"alignnone wp-image-413\" src=\"http:\/\/www.entrerios.gov.ar\/dgec\/wp-content\/uploads\/2017\/01\/logoxls.png\" alt=\"logoxls\" width=\"40\" height=\"49\" \/><\/a>[\/et_pb_accordion_item][\/et_pb_accordion][\/et_pb_column_inner][\/et_pb_row_inner][\/et_pb_column][\/et_pb_section]<\/p>\n","protected":false},"excerpt":{"rendered":"<p>Seguridad Social Entre R\u00edos. Poblaci\u00f3n en viviendas particulares que percibe jubilaci\u00f3n o pensi\u00f3n por sexo, seg\u00fan grupos de edad. A\u00f1o 2022 &nbsp; Grupos de edad Poblaci\u00f3n perceptora de jubilaci\u00f3n y\/o pensi\u00f3n Mujeres perceptoras de jubilaci\u00f3n y\/o pensi\u00f3n Varones perceptores de jubilaci\u00f3n y\/o pensi\u00f3n Total 280.702 170.288 110.414 0 a 54 a\u00f1os 22,6% 21,5% 24,1% 55 [&hellip;]<\/p>\n","protected":false},"author":1,"featured_media":0,"parent":0,"menu_order":0,"comment_status":"closed","ping_status":"closed","template":"","meta":{"_et_pb_use_builder":"on","_et_pb_old_content":"","_et_gb_content_width":"","footnotes":""},"_links":{"self":[{"href":"https:\/\/www.entrerios.gov.ar\/dgec\/wp-json\/wp\/v2\/pages\/71"}],"collection":[{"href":"https:\/\/www.entrerios.gov.ar\/dgec\/wp-json\/wp\/v2\/pages"}],"about":[{"href":"https:\/\/www.entrerios.gov.ar\/dgec\/wp-json\/wp\/v2\/types\/page"}],"author":[{"embeddable":true,"href":"https:\/\/www.entrerios.gov.ar\/dgec\/wp-json\/wp\/v2\/users\/1"}],"replies":[{"embeddable":true,"href":"https:\/\/www.entrerios.gov.ar\/dgec\/wp-json\/wp\/v2\/comments?post=71"}],"version-history":[{"count":33,"href":"https:\/\/www.entrerios.gov.ar\/dgec\/wp-json\/wp\/v2\/pages\/71\/revisions"}],"predecessor-version":[{"id":221479,"href":"https:\/\/www.entrerios.gov.ar\/dgec\/wp-json\/wp\/v2\/pages\/71\/revisions\/221479"}],"wp:attachment":[{"href":"https:\/\/www.entrerios.gov.ar\/dgec\/wp-json\/wp\/v2\/media?parent=71"}],"curies":[{"name":"wp","href":"https:\/\/api.w.org\/{rel}","templated":true}]}}