{"id":85,"date":"2017-01-30T01:52:07","date_gmt":"2017-01-30T01:52:07","guid":{"rendered":"http:\/\/localhost\/?page_id=85"},"modified":"2026-04-07T14:38:10","modified_gmt":"2026-04-07T11:38:10","slug":"comercio-series","status":"publish","type":"page","link":"https:\/\/www.entrerios.gov.ar\/dgec\/comercio-series\/","title":{"rendered":"Comercio"},"content":{"rendered":"<p>[et_pb_section fb_built=\u00bb1&#8243; specialty=\u00bbon\u00bb custom_padding_last_edited=\u00bbon|desktop\u00bb parallax_method_1=\u00bboff\u00bb parallax_method_2=\u00bboff\u00bb admin_label=\u00bbsection\u00bb module_class=\u00bb et_pb_specialty_fullwidth\u00bb _builder_version=\u00bb4.16&#8243; inner_width=\u00bb89%\u00bb inner_width_tablet=\u00bb80%\u00bb inner_width_phone=\u00bb\u00bb inner_width_last_edited=\u00bbon|desktop\u00bb inner_max_width=\u00bb89%\u00bb inner_max_width_tablet=\u00bb80%\u00bb inner_max_width_phone=\u00bb\u00bb inner_max_width_last_edited=\u00bbon|desktop\u00bb custom_padding_tablet=\u00bb50px|0|50px|0&#8243; custom_padding_phone=\u00bb\u00bb da_disable_devices=\u00bboff|off|off\u00bb padding_mobile=\u00bboff\u00bb make_fullwidth=\u00bbon\u00bb global_colors_info=\u00bb{}\u00bb da_is_popup=\u00bboff\u00bb da_exit_intent=\u00bboff\u00bb da_has_close=\u00bbon\u00bb da_alt_close=\u00bboff\u00bb da_dark_close=\u00bboff\u00bb da_not_modal=\u00bbon\u00bb da_is_singular=\u00bboff\u00bb da_with_loader=\u00bboff\u00bb da_has_shadow=\u00bbon\u00bb][et_pb_column type=\u00bb1_2&#8243; _builder_version=\u00bb4.16&#8243; custom_padding=\u00bb|||\u00bb global_colors_info=\u00bb{}\u00bb custom_padding__hover=\u00bb|||\u00bb][et_pb_text admin_label=\u00bbTexto\u00bb _builder_version=\u00bb4.16&#8243; background_size=\u00bbinitial\u00bb background_position=\u00bbtop_left\u00bb background_repeat=\u00bbrepeat\u00bb inline_fonts=\u00bbOpen Sans Light\u00bb global_colors_info=\u00bb{}\u00bb]<\/p>\n<h1><span style=\"font-family: 'Open Sans'; font-weight: 300;\"><span style=\"font-size: 70px;\">Comercio<br \/>\n<\/span><em><span style=\"font-size: 70px;\"><br \/>\n<\/span><\/em><\/span><\/h1>\n<p>[\/et_pb_text][et_pb_text admin_label=\u00bbTexto\u00bb _builder_version=\u00bb4.27.4&#8243; background_size=\u00bbinitial\u00bb background_position=\u00bbtop_left\u00bb background_repeat=\u00bbrepeat\u00bb global_colors_info=\u00bb{}\u00bb]<\/p>\n<p>Recopilaci\u00f3n de series de distinta \u00edndole, relativas al comercio en la provincia de Entre R\u00edos. Se podr\u00e1n analizar aspectos de consumo tales como energ\u00eda, gas, ventas de combustibles, ventas en supermercados\u00a0 as\u00ed como otros tipos de indicadores, entre los que podemos encontrar: espectadores en salas de cine, patentamiento y transferencias de automotores.<\/p>\n<p>[\/et_pb_text][\/et_pb_column][et_pb_column type=\u00bb1_2&#8243; specialty_columns=\u00bb2&#8243; _builder_version=\u00bb4.16&#8243; custom_padding=\u00bb|||\u00bb global_colors_info=\u00bb{}\u00bb custom_padding__hover=\u00bb|||\u00bb][et_pb_row_inner padding_mobile=\u00bboff\u00bb column_padding_mobile=\u00bboff\u00bb admin_label=\u00bbFila\u00bb _builder_version=\u00bb4.16&#8243; global_colors_info=\u00bb{}\u00bb][et_pb_column_inner saved_specialty_column_type=\u00bb1_2&#8243; _builder_version=\u00bb4.16&#8243; custom_padding=\u00bb|||\u00bb global_colors_info=\u00bb{}\u00bb custom_padding__hover=\u00bb|||\u00bb][et_pb_accordion admin_label=\u00bbAcorde\u00f3n\u00bb _builder_version=\u00bb4.27.4&#8243; hover_enabled=\u00bb0&#8243; global_colors_info=\u00bb{}\u00bb sticky_enabled=\u00bb0&#8243;][et_pb_accordion_item title=\u00bbVentas en supermercados\u00bb open=\u00bbon\u00bb _builder_version=\u00bb4.27.4&#8243; global_colors_info=\u00bb{}\u00bb]Evoluci\u00f3n y variaci\u00f3n de las ventas totales de supermercados en la provincia de Entre R\u00edos, tomando en cuenta 5 cadenas de supermercado con 35 bocas de expendio.<\/p>\n<p><a href=\"https:\/\/www.entrerios.gov.ar\/dgec\/wp-content\/uploads\/2026\/01\/vts_super.xlsx\"><img loading=\"lazy\" decoding=\"async\" class=\"alignnone wp-image-413\" src=\"http:\/\/www.entrerios.gov.ar\/dgec\/wp-content\/uploads\/2017\/01\/logoxls.png\" alt=\"logoxls\" width=\"40\" height=\"49\" \/><\/a>[\/et_pb_accordion_item][et_pb_accordion_item title=\u00bbPatentamiento automotor\u00bb _builder_version=\u00bb4.27.4&#8243; global_colors_info=\u00bb{}\u00bb open=\u00bboff\u00bb]Serie desde enero 2011 de las inscripciones iniciales de automotores en Registros de la Propiedad Automotor de Entre R\u00edos.<\/p>\n<p><a href=\"https:\/\/www.entrerios.gov.ar\/dgec\/wp-content\/uploads\/2026\/01\/patente_auto.xlsx\"><img loading=\"lazy\" decoding=\"async\" class=\"alignnone wp-image-413\" src=\"http:\/\/www.entrerios.gov.ar\/dgec\/wp-content\/uploads\/2017\/01\/logoxls.png\" alt=\"logoxls\" width=\"40\" height=\"49\" \/><\/a>[\/et_pb_accordion_item][et_pb_accordion_item title=\u00bbTransferencia de automotores\u00bb _builder_version=\u00bb4.27.4&#8243; global_colors_info=\u00bb{}\u00bb open=\u00bboff\u00bb]<strong>\u00a0<\/strong>Serie desde enero 2011 de las transferencias de automotores realizadas en Registros de la Propiedad Automotor de Entre R\u00edos.<\/p>\n<p><a href=\"https:\/\/www.entrerios.gov.ar\/dgec\/wp-content\/uploads\/2026\/01\/transf_auto.xlsx\"><img loading=\"lazy\" decoding=\"async\" class=\"alignnone wp-image-413\" src=\"http:\/\/www.entrerios.gov.ar\/dgec\/wp-content\/uploads\/2017\/01\/logoxls.png\" alt=\"logoxls\" width=\"40\" height=\"49\" \/><\/a>[\/et_pb_accordion_item][et_pb_accordion_item title=\u00bbVentas de gasoil\u00bb _builder_version=\u00bb4.27.4&#8243; global_colors_info=\u00bb{}\u00bb open=\u00bboff\u00bb]Evoluci\u00f3n y variaciones de las ventas de Gasoil en la provincia de Entre R\u00edos, distinguiendo entre gasoil grado 2(com\u00fan) y gasoil grado 3(ultra).<\/p>\n<p><a href=\"https:\/\/www.entrerios.gov.ar\/dgec\/wp-content\/uploads\/2026\/01\/vta_gasoil.xlsx\"><img loading=\"lazy\" decoding=\"async\" class=\"alignnone wp-image-413\" src=\"http:\/\/www.entrerios.gov.ar\/dgec\/wp-content\/uploads\/2017\/01\/logoxls.png\" alt=\"logoxls\" width=\"40\" height=\"49\" \/><\/a>[\/et_pb_accordion_item][et_pb_accordion_item title=\u00bbVenta de nafta\u00bb _builder_version=\u00bb4.27.4&#8243; global_colors_info=\u00bb{}\u00bb open=\u00bboff\u00bb]Evoluci\u00f3n y variaciones de las ventas de Nafta en la provincia de Entre R\u00edos, distinguiendo entre Nafta grado 2(super) y Nafta grado 3(ultra).<\/p>\n<p><a href=\"https:\/\/www.entrerios.gov.ar\/dgec\/wp-content\/uploads\/2026\/01\/vta_nafta.xlsx\"><img loading=\"lazy\" decoding=\"async\" class=\"alignnone wp-image-413\" src=\"http:\/\/www.entrerios.gov.ar\/dgec\/wp-content\/uploads\/2017\/01\/logoxls.png\" alt=\"logoxls\" width=\"40\" height=\"49\" \/><\/a>[\/et_pb_accordion_item][et_pb_accordion_item title=\u00bbConsumo de electricidad\u00bb _builder_version=\u00bb4.27.4&#8243; global_colors_info=\u00bb{}\u00bb open=\u00bboff\u00bb]Evoluci\u00f3n y variaciones del Consumo de Energ\u00eda El\u00e9ctrica (en kwh) en la provincia de Entre R\u00edos, serie disponible desde enero 2011.<\/p>\n<p><a href=\"https:\/\/www.entrerios.gov.ar\/dgec\/wp-content\/uploads\/2026\/01\/energia.xlsx\"><img loading=\"lazy\" decoding=\"async\" class=\"alignnone wp-image-413\" src=\"http:\/\/www.entrerios.gov.ar\/dgec\/wp-content\/uploads\/2017\/01\/logoxls.png\" alt=\"logoxls\" width=\"40\" height=\"49\" \/><\/a>[\/et_pb_accordion_item][et_pb_accordion_item title=\u00bbConsumo de gas\u00bb _builder_version=\u00bb4.27.4&#8243; global_colors_info=\u00bb{}\u00bb open=\u00bboff\u00bb]Serie del Consumo de Gas en la provincia de Entre R\u00edos, desde enero de 2011 y sus variaciones.<\/p>\n<p><a href=\"https:\/\/www.entrerios.gov.ar\/dgec\/wp-content\/uploads\/2026\/01\/gas.xlsx\"><img loading=\"lazy\" decoding=\"async\" class=\"alignnone wp-image-413\" src=\"http:\/\/www.entrerios.gov.ar\/dgec\/wp-content\/uploads\/2017\/01\/logoxls.png\" alt=\"logoxls\" width=\"40\" height=\"49\" \/><\/a>[\/et_pb_accordion_item][et_pb_accordion_item title=\u00bbRelaci\u00f3n ente el precio de la pulpa especial y pollo fresco.\u00bb _builder_version=\u00bb4.27.4&#8243; hover_enabled=\u00bb0&#8243; global_colors_info=\u00bb{}\u00bb open=\u00bboff\u00bb sticky_enabled=\u00bb0&#8243;]Serie relaci\u00f3n entre el precio de la pulpa especial y el precio del pollo desde enero de 2015.<\/p>\n<p><a href=\"https:\/\/www.entrerios.gov.ar\/dgec\/wp-content\/uploads\/2026\/04\/precio-pulpa_pollo.xlsx\"><img loading=\"lazy\" decoding=\"async\" class=\"alignnone wp-image-413\" src=\"http:\/\/www.entrerios.gov.ar\/dgec\/wp-content\/uploads\/2017\/01\/logoxls.png\" alt=\"logoxls\" width=\"40\" height=\"49\" \/><\/a>[\/et_pb_accordion_item][\/et_pb_accordion][\/et_pb_column_inner][\/et_pb_row_inner][\/et_pb_column][\/et_pb_section][et_pb_section fb_built=\u00bb1&#8243; fullwidth=\u00bbon\u00bb admin_label=\u00bbsection\u00bb _builder_version=\u00bb4.16&#8243; da_disable_devices=\u00bboff|off|off\u00bb global_colors_info=\u00bb{}\u00bb da_is_popup=\u00bboff\u00bb da_exit_intent=\u00bboff\u00bb da_has_close=\u00bbon\u00bb da_alt_close=\u00bboff\u00bb da_dark_close=\u00bboff\u00bb da_not_modal=\u00bbon\u00bb da_is_singular=\u00bboff\u00bb da_with_loader=\u00bboff\u00bb da_has_shadow=\u00bbon\u00bb][\/et_pb_section]<\/p>\n","protected":false},"excerpt":{"rendered":"<p>Comercio Recopilaci\u00f3n de series de distinta \u00edndole, relativas al comercio en la provincia de Entre R\u00edos. Se podr\u00e1n analizar aspectos de consumo tales como energ\u00eda, gas, ventas de combustibles, ventas en supermercados\u00a0 as\u00ed como otros tipos de indicadores, entre los que podemos encontrar: espectadores en salas de cine, patentamiento y transferencias de automotores.Evoluci\u00f3n y variaci\u00f3n [&hellip;]<\/p>\n","protected":false},"author":1,"featured_media":0,"parent":0,"menu_order":0,"comment_status":"closed","ping_status":"closed","template":"","meta":{"_et_pb_use_builder":"on","_et_pb_old_content":"","_et_gb_content_width":"","footnotes":""},"_links":{"self":[{"href":"https:\/\/www.entrerios.gov.ar\/dgec\/wp-json\/wp\/v2\/pages\/85"}],"collection":[{"href":"https:\/\/www.entrerios.gov.ar\/dgec\/wp-json\/wp\/v2\/pages"}],"about":[{"href":"https:\/\/www.entrerios.gov.ar\/dgec\/wp-json\/wp\/v2\/types\/page"}],"author":[{"embeddable":true,"href":"https:\/\/www.entrerios.gov.ar\/dgec\/wp-json\/wp\/v2\/users\/1"}],"replies":[{"embeddable":true,"href":"https:\/\/www.entrerios.gov.ar\/dgec\/wp-json\/wp\/v2\/comments?post=85"}],"version-history":[{"count":121,"href":"https:\/\/www.entrerios.gov.ar\/dgec\/wp-json\/wp\/v2\/pages\/85\/revisions"}],"predecessor-version":[{"id":222319,"href":"https:\/\/www.entrerios.gov.ar\/dgec\/wp-json\/wp\/v2\/pages\/85\/revisions\/222319"}],"wp:attachment":[{"href":"https:\/\/www.entrerios.gov.ar\/dgec\/wp-json\/wp\/v2\/media?parent=85"}],"curies":[{"name":"wp","href":"https:\/\/api.w.org\/{rel}","templated":true}]}}